{"id":394,"date":"2025-10-15T02:23:15","date_gmt":"2025-10-15T02:23:15","guid":{"rendered":"https:\/\/sz-xtt.com\/product\/11dpl-i-server-motherboard\/"},"modified":"2025-10-16T07:57:07","modified_gmt":"2025-10-16T07:57:07","slug":"11dpl-i-server-motherboard","status":"publish","type":"product","link":"https:\/\/sz-xtt.com\/fr\/product\/11dpl-i-server-motherboard\/","title":{"rendered":"Carte m\u00e8re pour serveur 11DPL-I"},"content":{"rendered":"<h3>Caract\u00e9ristiques du produit<\/h3>\n<p>Prise en charge de deux processeurs : Compatible avec deux processeurs Intel ? Xeon ? Scalable-SP et 2nd Gen Scalable-SP, supportant jusqu'\u00e0 140W TDP.<\/p>\n<p>Capacit\u00e9 de m\u00e9moire \u00e9lev\u00e9e : Prend en charge la m\u00e9moire DDR4 ECC 2933\/2666\/2400\/2133 MHz, avec une capacit\u00e9 maximale de 2 To.<\/p>\n<p>Extension flexible : Offre 6 emplacements PCI-Express 3.0 (2 x16, 3 x8, 1 x4) et une interface M.2 pour l'extension SSD.<\/p>\n<p>Gestion compl\u00e8te : BMC ASPEED AST2500 int\u00e9gr\u00e9, prenant en charge IPMI 2.0 pour la gestion et la surveillance \u00e0 distance du syst\u00e8me.<\/p>\n<p>Connectivit\u00e9 r\u00e9seau : Deux ports Gigabit Ethernet garantissent un transfert de donn\u00e9es \u00e0 grande vitesse.<\/p>\n<h3>Sp\u00e9cifications des produits<\/h3>\n<p>Processeur : Prise en charge de deux processeurs Intel ? Xeon ? Scalable-SP et Intel ? Xeon ? Scalable-SP de 2e g\u00e9n\u00e9ration<\/p>\n<p>M\u00e9moire : 8 emplacements DDR4 DIMM, supportant jusqu'\u00e0 2 To de 3DS LRDIMM\/LRDIMM\/RDIMM\/NV-DIMM<\/p>\n<p>Interface de stockage : 10 ports SATA 3.0, supportant RAID 0, 1, 5, 10<\/p>\n<p>Emplacements d'extension : 2 emplacements PCIe 3.0 x16, 3 emplacements PCIe 3.0 x8, 1 emplacement PCIe 3.0 x4<\/p>\n<p>Mise en r\u00e9seau : Deux ports Gigabit Ethernet, aliment\u00e9s par le chipset Marvell 88E1512<\/p>\n<p>Gestion : BMC ASPEED AST2500 int\u00e9gr\u00e9, supportant IPMI 2.0<\/p>\n<p>Dimensions : 306,58 mm x 257,81 mm : 306,58 mm x 257,81 mm<\/p>\n<h3>Pourquoi nous choisir ?<\/h3>\n<p>Expertise dans l'industrie : Shenzhen Xintongtai Technology Co. est sp\u00e9cialis\u00e9e dans les serveurs et les accessoires depuis 2007 et poss\u00e8de une vaste exp\u00e9rience technique.<\/p>\n<p>Informations d\u00e9taill\u00e9es sur le produit : Nous fournissons des sp\u00e9cifications compl\u00e8tes et pr\u00e9cises sur les produits, afin de garantir que les clients comprennent parfaitement le produit.<\/p>\n<p>Une qualit\u00e9 de service exceptionnelle : Notre \u00e9quipe professionnelle de service \u00e0 la client\u00e8le offre des temps de r\u00e9ponse rapides et une assistance technique pour r\u00e9pondre aux besoins des clients.<\/p>\n<p>Disponibilit\u00e9 du stock : Nous disposons d'un stock important, ce qui garantit une livraison rapide et r\u00e9duit les d\u00e9lais d'attente des clients.<\/p>","protected":false},"excerpt":{"rendered":"<p><strong>Marque XTT<\/strong><\/p>\n<p><strong>Origine du produit CHINE<\/strong><\/p>\n<p><strong>D\u00e9lai de livraisonDans les 15 jours<\/strong><\/p>\n<p><strong>Capacit\u00e9 d'approvisionnement9999<\/strong><\/p>\n<p>Le XTT11DPL-i est une carte m\u00e8re de serveur haute performance prenant en charge deux processeurs Intel ? Xeon ? Scalable-SP et les processeurs Intel ? Xeon ? Scalable-SP de 2e g\u00e9n\u00e9ration. Bas\u00e9e sur le chipset Intel C621, la carte offre jusqu'\u00e0 2 To de m\u00e9moire DDR4 ECC et est con\u00e7ue pour une expansion PCI-Express flexible et une flexibilit\u00e9 d'E\/S, id\u00e9ale pour les plates-formes de serveurs haute performance.<\/p>","protected":false},"featured_media":702,"template":"","meta":[],"product_brand":[],"product_cat":[172],"product_tag":[177,178,179,173,174],"class_list":{"0":"post-394","1":"product","2":"type-product","3":"status-publish","4":"has-post-thumbnail","6":"product_cat-server-motherboard","7":"product_tag-1u-server-motherboard","8":"product_tag-am4-server-motherboard","9":"product_tag-intel-server-motherboard","10":"product_tag-motherboard-for-server-computer","11":"product_tag-server-pc-motherboard","13":"first","14":"instock","15":"shipping-taxable","16":"product-type-simple"},"_links":{"self":[{"href":"https:\/\/sz-xtt.com\/fr\/wp-json\/wp\/v2\/product\/394","targetHints":{"allow":["GET"]}}],"collection":[{"href":"https:\/\/sz-xtt.com\/fr\/wp-json\/wp\/v2\/product"}],"about":[{"href":"https:\/\/sz-xtt.com\/fr\/wp-json\/wp\/v2\/types\/product"}],"wp:featuredmedia":[{"embeddable":true,"href":"https:\/\/sz-xtt.com\/fr\/wp-json\/wp\/v2\/media\/702"}],"wp:attachment":[{"href":"https:\/\/sz-xtt.com\/fr\/wp-json\/wp\/v2\/media?parent=394"}],"wp:term":[{"taxonomy":"product_brand","embeddable":true,"href":"https:\/\/sz-xtt.com\/fr\/wp-json\/wp\/v2\/product_brand?post=394"},{"taxonomy":"product_cat","embeddable":true,"href":"https:\/\/sz-xtt.com\/fr\/wp-json\/wp\/v2\/product_cat?post=394"},{"taxonomy":"product_tag","embeddable":true,"href":"https:\/\/sz-xtt.com\/fr\/wp-json\/wp\/v2\/product_tag?post=394"}],"curies":[{"name":"wp","href":"https:\/\/api.w.org\/{rel}","templated":true}]}}