{"id":396,"date":"2025-10-15T02:23:16","date_gmt":"2025-10-15T02:23:16","guid":{"rendered":"https:\/\/sz-xtt.com\/product\/2seep-server-motherboard\/"},"modified":"2025-10-16T12:06:31","modified_gmt":"2025-10-16T12:06:31","slug":"2seep-server-motherboard","status":"publish","type":"product","link":"https:\/\/sz-xtt.com\/fr\/product\/2seep-server-motherboard\/","title":{"rendered":"Carte m\u00e8re pour serveur 2SEEP"},"content":{"rendered":"<h3>De puissantes performances<\/h3>\n<p>&nbsp;<\/p>\n<p>Prend en charge 1 processeur AMD EPYC 9004, avec un TDP allant jusqu'\u00e0 400 W, pour une puissance de calcul exceptionnelle.<\/p>\n<p>Prend en charge 12 emplacements de m\u00e9moire DDR5 avec des fr\u00e9quences allant jusqu'\u00e0 4800 MHz, ce qui repr\u00e9sente une augmentation de 50% de la bande passante de la m\u00e9moire par rapport aux g\u00e9n\u00e9rations pr\u00e9c\u00e9dentes.<\/p>\n<p>Configuration flexible et forte capacit\u00e9 d'extension<\/p>\n<p>Interfaces de stockage riches : prise en charge de 12 ports SATA 3.0 int\u00e9gr\u00e9s, 4 ports NVMe et 1 port M.2, offrant des configurations de stockage flexibles.<\/p>\n<p>\u00c9quip\u00e9 de 5 emplacements d'extension PCIe 5.0 standard, prenant en charge les connexions p\u00e9riph\u00e9riques \u00e0 grande vitesse.<\/p>\n<p>Les deux interfaces Ethernet gigabit int\u00e9gr\u00e9es garantissent une connectivit\u00e9 r\u00e9seau stable.<\/p>\n<p>Gestion intelligente stable et fiable<\/p>\n<p>Les composants cl\u00e9s du syst\u00e8me sont con\u00e7us avec des fonctions de redondance et de remplacement \u00e0 chaud, avec un retrait sans outil, ce qui am\u00e9liore l'efficacit\u00e9 de la maintenance et la disponibilit\u00e9 du syst\u00e8me.<\/p>\n<p>La puce de gestion intelligente int\u00e9gr\u00e9e prend en charge plusieurs protocoles de gestion tels que IPMI 2.0, Redfish et SNMP.<\/p>\n<p>Il prend en charge le KVM \u00e0 distance, les supports virtuels, la surveillance de l'\u00e9tat des composants cl\u00e9s et les alarmes anormales, ce qui garantit une gestion intelligente et un fonctionnement stable du syst\u00e8me.<\/p>\n<h3>Pourquoi nous choisir ?<\/h3>\n<p>Vaste exp\u00e9rience de l'industrie : La soci\u00e9t\u00e9 Shenzhen Xintongtai Technology Co. \u00e9tablie en 2007 est sp\u00e9cialis\u00e9e dans les serveurs et les accessoires et dispose d'une grande expertise technique.<\/p>\n<p>Informations de haute qualit\u00e9 sur les produits : Nous fournissons des informations compl\u00e8tes et pr\u00e9cises sur les produits, afin que les clients comprennent parfaitement leurs capacit\u00e9s.<\/p>\n<p>Un service d'excellente qualit\u00e9 : Notre \u00e9quipe professionnelle de service \u00e0 la client\u00e8le r\u00e9pond rapidement aux besoins des clients et offre une assistance technique compl\u00e8te.<\/p>\n<p>Disponibilit\u00e9 des stocks : Nous disposons d'un stock important, ce qui nous permet d'assurer une livraison rapide et de r\u00e9duire les d\u00e9lais d'attente pour les clients.<\/p>","protected":false},"excerpt":{"rendered":"<p><strong>Marque XTT<\/strong><\/p>\n<p><strong>Origine du produit CHINE<\/strong><\/p>\n<p><strong>D\u00e9lai de livraisonDans les 15 jours<\/strong><\/p>\n<p><strong>Capacit\u00e9 d'approvisionnement9999<\/strong><\/p>\n<p>La carte m\u00e8re ATX standard monosocket XTT2SEEP est bas\u00e9e sur le processeur AMD EPYC ? de 4\u00e8me g\u00e9n\u00e9ration, offrant des performances informatiques exceptionnelles, un large \u00e9ventail d'interfaces d'E\/S et un rapport co\u00fbt-efficacit\u00e9 remarquable. Elle est id\u00e9ale pour les applications telles que le cloud computing, la virtualisation, le stockage distribu\u00e9 et l'infrastructure hyperconverg\u00e9e.<\/p>","protected":false},"featured_media":700,"template":"","meta":[],"product_brand":[],"product_cat":[172],"product_tag":[177,178,179,182,181],"class_list":{"0":"post-396","1":"product","2":"type-product","3":"status-publish","4":"has-post-thumbnail","6":"product_cat-server-motherboard","7":"product_tag-1u-server-motherboard","8":"product_tag-am4-server-motherboard","9":"product_tag-intel-server-motherboard","10":"product_tag-server-computer-motherboard","11":"product_tag-server-motherboards","13":"first","14":"instock","15":"shipping-taxable","16":"product-type-simple"},"_links":{"self":[{"href":"https:\/\/sz-xtt.com\/fr\/wp-json\/wp\/v2\/product\/396","targetHints":{"allow":["GET"]}}],"collection":[{"href":"https:\/\/sz-xtt.com\/fr\/wp-json\/wp\/v2\/product"}],"about":[{"href":"https:\/\/sz-xtt.com\/fr\/wp-json\/wp\/v2\/types\/product"}],"wp:featuredmedia":[{"embeddable":true,"href":"https:\/\/sz-xtt.com\/fr\/wp-json\/wp\/v2\/media\/700"}],"wp:attachment":[{"href":"https:\/\/sz-xtt.com\/fr\/wp-json\/wp\/v2\/media?parent=396"}],"wp:term":[{"taxonomy":"product_brand","embeddable":true,"href":"https:\/\/sz-xtt.com\/fr\/wp-json\/wp\/v2\/product_brand?post=396"},{"taxonomy":"product_cat","embeddable":true,"href":"https:\/\/sz-xtt.com\/fr\/wp-json\/wp\/v2\/product_cat?post=396"},{"taxonomy":"product_tag","embeddable":true,"href":"https:\/\/sz-xtt.com\/fr\/wp-json\/wp\/v2\/product_tag?post=396"}],"curies":[{"name":"wp","href":"https:\/\/api.w.org\/{rel}","templated":true}]}}