{"id":399,"date":"2025-10-15T02:23:18","date_gmt":"2025-10-15T02:23:18","guid":{"rendered":"https:\/\/sz-xtt.com\/product\/173pac-mc-rugged-computer\/"},"modified":"2025-12-02T03:20:51","modified_gmt":"2025-12-02T03:20:51","slug":"173pac-mc-rugged-computer","status":"publish","type":"product","link":"https:\/\/sz-xtt.com\/fr\/product\/173pac-mc-rugged-computer\/","title":{"rendered":"173PAC-MC Ordinateur durci"},"content":{"rendered":"<h3>Caract\u00e9ristiques du produit<\/h3>\n<p>\u00c9cran haute r\u00e9solution<br \/>\nEquipped with a 17.3-inch LCD screen with a resolution of 1920*1080, providing a clear visual experience.<br \/>\nUne capacit\u00e9 de traitement puissante<br \/>\nPowered by the domestically produced Feiteng D2000 processor with 8 cores and a frequency range of 2.0~2.3GHz, ensuring smooth system operation.<br \/>\nRich Interface Configuration<br \/>\nOffers up to 7 serial ports and 6 USB 3.0 ports to meet various device connectivity needs.<\/p>\n<h3>Sp\u00e9cifications des produits<\/h3>\n<p>Display: 17.3-inch LCD screen, resolution 1920*1080<\/p>\n<p>CPU: Domestic Feiteng D2000, 8 cores, frequency 2.0~2.3GHz<\/p>\n<p>Memory: 16GB DDR4 2666, expandable up to 32GB<\/p>\n<p>Storage: Industrial-grade SSD, capacity optional<\/p>\n<p>LAN: 2 x Realtek RTL8111H network interfaces<\/p>\n<p>Power Supply: 300W industrial power supply<\/p>\n<p>Chassis Size: 450mm x 350mm x 240mm, weight &lt; 20KG<\/p>\n<h3>Pourquoi nous choisir ?<\/h3>\n<p>Historique de l'entreprise<br \/>\nFond\u00e9e en 2007, la soci\u00e9t\u00e9 Xintongtai Technology Co. se concentre sur la recherche, le d\u00e9veloppement et la production de serveurs et d'accessoires et b\u00e9n\u00e9ficie d'une vaste exp\u00e9rience dans ce domaine.<br \/>\nInformations sur les produits professionnels<br \/>\nNous fournissons des informations d\u00e9taill\u00e9es sur les produits afin que les clients aient acc\u00e8s \u00e0 des donn\u00e9es compl\u00e8tes pour prendre des d\u00e9cisions \u00e9clair\u00e9es.<br \/>\nExcellent service \u00e0 la client\u00e8le<br \/>\nNotre engagement en faveur d'un service \u00e0 la client\u00e8le de haute qualit\u00e9 garantit que chaque client b\u00e9n\u00e9ficie d'une assistance opportune tout au long de son exp\u00e9rience d'achat et d'utilisation.<br \/>\nApprovisionnement en stock<br \/>\nNos produits sont g\u00e9n\u00e9ralement disponibles en stock, ce qui nous permet de r\u00e9pondre rapidement aux besoins des clients et de raccourcir les d\u00e9lais de livraison.<\/p>","protected":false},"excerpt":{"rendered":"<p><strong>Marque XTT<\/strong><\/p>\n<p><strong>Origine du produit CHINE<\/strong><\/p>\n<p><strong>D\u00e9lai de livraisonDans les 15 jours<\/strong><\/p>\n<p><strong>Capacit\u00e9 d'approvisionnement9999<\/strong><\/p>\n<p>This portable learning system is designed for industrial education and online learning environments, featuring a 17.3-inch LCD screen and high-performance processor to support simultaneous access for up to 24 users. Its powerful hardware configuration ensures excellent performance in various industrial applications.<\/p>","protected":false},"featured_media":653,"template":"","meta":[],"product_brand":[],"product_cat":[183],"product_tag":[185,186,184,187],"class_list":{"0":"post-399","1":"product","2":"type-product","3":"status-publish","4":"has-post-thumbnail","6":"product_cat-rugged-computer","7":"product_tag-best-rugged-computer","8":"product_tag-rugged-computer-case","9":"product_tag-rugged-laptop-computers","10":"product_tag-rugged-military-computer","12":"first","13":"instock","14":"featured","15":"shipping-taxable","16":"product-type-simple"},"_links":{"self":[{"href":"https:\/\/sz-xtt.com\/fr\/wp-json\/wp\/v2\/product\/399","targetHints":{"allow":["GET"]}}],"collection":[{"href":"https:\/\/sz-xtt.com\/fr\/wp-json\/wp\/v2\/product"}],"about":[{"href":"https:\/\/sz-xtt.com\/fr\/wp-json\/wp\/v2\/types\/product"}],"wp:featuredmedia":[{"embeddable":true,"href":"https:\/\/sz-xtt.com\/fr\/wp-json\/wp\/v2\/media\/653"}],"wp:attachment":[{"href":"https:\/\/sz-xtt.com\/fr\/wp-json\/wp\/v2\/media?parent=399"}],"wp:term":[{"taxonomy":"product_brand","embeddable":true,"href":"https:\/\/sz-xtt.com\/fr\/wp-json\/wp\/v2\/product_brand?post=399"},{"taxonomy":"product_cat","embeddable":true,"href":"https:\/\/sz-xtt.com\/fr\/wp-json\/wp\/v2\/product_cat?post=399"},{"taxonomy":"product_tag","embeddable":true,"href":"https:\/\/sz-xtt.com\/fr\/wp-json\/wp\/v2\/product_tag?post=399"}],"curies":[{"name":"wp","href":"https:\/\/api.w.org\/{rel}","templated":true}]}}