{"id":400,"date":"2025-10-15T02:23:18","date_gmt":"2025-10-15T02:23:18","guid":{"rendered":"https:\/\/sz-xtt.com\/product\/156pla-dl-rugged-computer\/"},"modified":"2025-10-16T03:50:57","modified_gmt":"2025-10-16T03:50:57","slug":"156pla-dl-rugged-computer","status":"publish","type":"product","link":"https:\/\/sz-xtt.com\/fr\/product\/156pla-dl-rugged-computer\/","title":{"rendered":"156PLA-DL Ordinateur durci"},"content":{"rendered":"<h3>Caract\u00e9ristiques du produit<\/h3>\n<p>\u00c9cran haute r\u00e9solution<br \/>\n\u00c9cran LED HD LCD de 15,6 pouces avec une r\u00e9solution de 1920*1080 et une luminosit\u00e9 allant jusqu'\u00e0 300cd\/m2, offrant une exp\u00e9rience visuelle claire.<br \/>\nUne capacit\u00e9 de traitement puissante<br \/>\n\u00c9quip\u00e9 de processeurs Intel Core 12 i5\/i7, supportant jusqu'\u00e0 64 Go de m\u00e9moire pour r\u00e9pondre aux diff\u00e9rents besoins informatiques.<br \/>\nConception durable<br \/>\nLe ch\u00e2ssis est fabriqu\u00e9 en alliage d'aluminium haute r\u00e9sistance et b\u00e9n\u00e9ficie d'un indice de protection IP54, ce qui lui permet de s'adapter \u00e0 des environnements de travail difficiles.<\/p>\n<h3>Sp\u00e9cifications des produits<\/h3>\n<p>Processeur : Intel Core 12 i5\/i7 (12500H\/12700H)<\/p>\n<p>M\u00e9moire : 2 x SO-DIMM DDR4 2400\/2666\/3200, support maximum 64GB<\/p>\n<p>Stockage : 2 x M.2 2280 NVMe, 1 x SATA3.0 (capacit\u00e9 en option)<\/p>\n<p>Affichage : NVIDIA RTX 3050, m\u00e9moire d\u00e9di\u00e9e de 6 Go GDDR5<\/p>\n<p>R\u00e9seau : Carte r\u00e9seau Intel i226-v 2.5G Gigabit, double r\u00e9seau en option<\/p>\n<p>Batterie : batterie haute performance de 12000mAh, endurance th\u00e9orique &lt;4 heures<\/p>\n<p>Dimensions du ch\u00e2ssis : 400 mm x 280 mm x 70 mm, poids 6,7 KG<\/p>\n<p>Protection contre l'eau et la poussi\u00e8re : IP54 (IP65 en option)<\/p>\n<h3>Pourquoi nous choisir ?<\/h3>\n<p>Historique de l'entreprise<br \/>\nFond\u00e9e en 2007, la soci\u00e9t\u00e9 Xintongtai Technology Co. se concentre sur la recherche, le d\u00e9veloppement et la production de serveurs et d'accessoires et b\u00e9n\u00e9ficie d'une vaste exp\u00e9rience dans ce domaine.<br \/>\nInformations sur les produits professionnels<br \/>\nNous fournissons des informations d\u00e9taill\u00e9es sur les produits afin que les clients aient acc\u00e8s \u00e0 des donn\u00e9es compl\u00e8tes pour prendre des d\u00e9cisions \u00e9clair\u00e9es.<br \/>\nExcellent service \u00e0 la client\u00e8le<br \/>\nNotre engagement en faveur d'un service \u00e0 la client\u00e8le de haute qualit\u00e9 garantit que chaque client b\u00e9n\u00e9ficie d'une assistance opportune tout au long de son exp\u00e9rience d'achat et d'utilisation.<br \/>\nApprovisionnement en stock<br \/>\nNos produits sont g\u00e9n\u00e9ralement disponibles en stock, ce qui nous permet de r\u00e9pondre rapidement aux besoins des clients et de raccourcir les d\u00e9lais de livraison.<\/p>","protected":false},"excerpt":{"rendered":"<p><strong>Marque XTT<\/strong><\/p>\n<p><strong>Origine du produit CHINE<\/strong><\/p>\n<p><strong>D\u00e9lai de livraisonDans les 15 jours<\/strong><\/p>\n<p><strong>Capacit\u00e9 d'approvisionnement9999<\/strong><\/p>\n<p>Ce produit est un ordinateur portable haute performance con\u00e7u pour les applications industrielles et \u00e9ducatives. \u00c9quip\u00e9 des derniers processeurs Intel Core 12 et d'une carte graphique NVIDIA RTX 3050, il garantit un traitement graphique et une puissance de calcul excellents. Son ch\u00e2ssis robuste et ses fonctions de protection lui permettent de s'adapter \u00e0 divers environnements difficiles.<\/p>","protected":false},"featured_media":659,"template":"","meta":[],"product_brand":[],"product_cat":[183],"product_tag":[190,188,184,189],"class_list":{"0":"post-400","1":"product","2":"type-product","3":"status-publish","4":"has-post-thumbnail","6":"product_cat-rugged-computer","7":"product_tag-industrial-rugged-computer","8":"product_tag-rugged-computer-laptop","9":"product_tag-rugged-laptop-computers","10":"product_tag-rugged-panel-computer","12":"first","13":"instock","14":"shipping-taxable","15":"product-type-simple"},"_links":{"self":[{"href":"https:\/\/sz-xtt.com\/fr\/wp-json\/wp\/v2\/product\/400","targetHints":{"allow":["GET"]}}],"collection":[{"href":"https:\/\/sz-xtt.com\/fr\/wp-json\/wp\/v2\/product"}],"about":[{"href":"https:\/\/sz-xtt.com\/fr\/wp-json\/wp\/v2\/types\/product"}],"wp:featuredmedia":[{"embeddable":true,"href":"https:\/\/sz-xtt.com\/fr\/wp-json\/wp\/v2\/media\/659"}],"wp:attachment":[{"href":"https:\/\/sz-xtt.com\/fr\/wp-json\/wp\/v2\/media?parent=400"}],"wp:term":[{"taxonomy":"product_brand","embeddable":true,"href":"https:\/\/sz-xtt.com\/fr\/wp-json\/wp\/v2\/product_brand?post=400"},{"taxonomy":"product_cat","embeddable":true,"href":"https:\/\/sz-xtt.com\/fr\/wp-json\/wp\/v2\/product_cat?post=400"},{"taxonomy":"product_tag","embeddable":true,"href":"https:\/\/sz-xtt.com\/fr\/wp-json\/wp\/v2\/product_tag?post=400"}],"curies":[{"name":"wp","href":"https:\/\/api.w.org\/{rel}","templated":true}]}}