{"id":401,"date":"2025-10-15T02:23:18","date_gmt":"2025-10-15T02:23:18","guid":{"rendered":"https:\/\/sz-xtt.com\/product\/156pla-iii-rugged-computer\/"},"modified":"2025-10-16T03:53:12","modified_gmt":"2025-10-16T03:53:12","slug":"ordinateur-durci-156pla-iii","status":"publish","type":"product","link":"https:\/\/sz-xtt.com\/fr\/product\/ordinateur-durci-156pla-iii\/","title":{"rendered":"Ordinateur durci 156PLA-III"},"content":{"rendered":"<h3>Caract\u00e9ristiques du produit<\/h3>\n<p>\u00c9cran haute r\u00e9solution<br \/>\n\u00c9cran LED IPS de 15,6 pouces avec une r\u00e9solution de 1920*1080 et une luminosit\u00e9 de 300cd\/m2, garantissant des couleurs \u00e9clatantes et de larges angles de vision.<br \/>\nUne capacit\u00e9 de traitement puissante<br \/>\n\u00c9quip\u00e9 de processeurs Intel Core 8-12 i3\/i5\/i7 et prenant en charge jusqu'\u00e0 64 Go de m\u00e9moire DDR4, il r\u00e9pond aux exigences des ordinateurs de haute performance.<br \/>\nDiverses possibilit\u00e9s d'extension<br \/>\nOffre un riche ensemble d'interfaces et d'options d'extension, y compris USB, RS232, GPS, et plus encore, prenant en charge divers sc\u00e9narios d'application.<\/p>\n<h3>Sp\u00e9cifications des produits<\/h3>\n<p>Processeur : Intel Core 8-12 i3\/i5\/i7<\/p>\n<p>M\u00e9moire : 2 x SO-DIMM DDR4, support maximum 64GB<\/p>\n<p>Stockage : 1 x M.2 2280 SSD (capacit\u00e9 en option), 1 x SATA3.0 2.5-inch hard drive slot (capacit\u00e9 en option)<\/p>\n<p>Affichage : Carte graphique NVIDIA Quadro, m\u00e9moire GDDR6 4GB\/8GB<\/p>\n<p>Alimentation \u00e9lectrique : Adaptateur d'alimentation industriel 19V\/7,9A, 150W<\/p>\n<p>R\u00e9seau : Carte r\u00e9seau Realtek 8111E 10\/100\/1000M, supporte le WIFI 802.11a\/b\/g\/n<\/p>\n<p>Batterie : batterie lithium intelligente de 12 000 mAh avec gestion de l'\u00e9nergie EC, autonomie th\u00e9orique de 120 heures<\/p>\n<p>Dimensions du ch\u00e2ssis : 420 mm x 306 mm x 135,4 mm (emballage compris), poids 15,3 KG<\/p>\n<p>Protection contre l'eau et la poussi\u00e8re : IP54 (IP65 en option)<\/p>\n<h3>Pourquoi nous choisir ?<\/h3>\n<p>Historique de l'entreprise<br \/>\nFond\u00e9e en 2007, la soci\u00e9t\u00e9 Xintongtai Technology Co. se concentre sur la recherche, le d\u00e9veloppement et la production d'ordinateurs industriels et d'accessoires et b\u00e9n\u00e9ficie d'une vaste exp\u00e9rience dans ce domaine.<br \/>\nInformations sur les produits professionnels<br \/>\nNous fournissons des informations d\u00e9taill\u00e9es sur les produits afin que les clients aient acc\u00e8s \u00e0 des donn\u00e9es compl\u00e8tes pour prendre des d\u00e9cisions \u00e9clair\u00e9es.<br \/>\nExcellent service \u00e0 la client\u00e8le<br \/>\nNotre engagement en faveur d'un service \u00e0 la client\u00e8le de haute qualit\u00e9 garantit que chaque client b\u00e9n\u00e9ficie d'une assistance opportune tout au long de son exp\u00e9rience d'achat et d'utilisation.<br \/>\nApprovisionnement en stock<br \/>\nNos produits sont g\u00e9n\u00e9ralement disponibles en stock, ce qui nous permet de r\u00e9pondre rapidement aux besoins des clients et de raccourcir les d\u00e9lais de livraison.<\/p>","protected":false},"excerpt":{"rendered":"<p><strong>Marque XTT<\/strong><\/p>\n<p><strong>Origine du produit CHINE<\/strong><\/p>\n<p><strong>D\u00e9lai de livraisonDans les 15 jours<\/strong><\/p>\n<p><strong>Capacit\u00e9 d'approvisionnement9999<\/strong><\/p>\n<p>Ce produit est un ordinateur portable industriel haute performance \u00e9quip\u00e9 de processeurs Intel Core 8-12 et de cartes graphiques NVIDIA Quadro. Il est con\u00e7u pour les utilisateurs qui ont besoin d'une capacit\u00e9 de traitement graphique robuste, avec un ch\u00e2ssis robuste et diverses options d'extension, ce qui le rend id\u00e9al pour diverses applications industrielles et d'ing\u00e9nierie.<\/p>","protected":false},"featured_media":661,"template":"","meta":[],"product_brand":[],"product_cat":[183],"product_tag":[185,190,186,184],"class_list":{"0":"post-401","1":"product","2":"type-product","3":"status-publish","4":"has-post-thumbnail","6":"product_cat-rugged-computer","7":"product_tag-best-rugged-computer","8":"product_tag-industrial-rugged-computer","9":"product_tag-rugged-computer-case","10":"product_tag-rugged-laptop-computers","12":"first","13":"instock","14":"shipping-taxable","15":"product-type-simple"},"_links":{"self":[{"href":"https:\/\/sz-xtt.com\/fr\/wp-json\/wp\/v2\/product\/401","targetHints":{"allow":["GET"]}}],"collection":[{"href":"https:\/\/sz-xtt.com\/fr\/wp-json\/wp\/v2\/product"}],"about":[{"href":"https:\/\/sz-xtt.com\/fr\/wp-json\/wp\/v2\/types\/product"}],"wp:featuredmedia":[{"embeddable":true,"href":"https:\/\/sz-xtt.com\/fr\/wp-json\/wp\/v2\/media\/661"}],"wp:attachment":[{"href":"https:\/\/sz-xtt.com\/fr\/wp-json\/wp\/v2\/media?parent=401"}],"wp:term":[{"taxonomy":"product_brand","embeddable":true,"href":"https:\/\/sz-xtt.com\/fr\/wp-json\/wp\/v2\/product_brand?post=401"},{"taxonomy":"product_cat","embeddable":true,"href":"https:\/\/sz-xtt.com\/fr\/wp-json\/wp\/v2\/product_cat?post=401"},{"taxonomy":"product_tag","embeddable":true,"href":"https:\/\/sz-xtt.com\/fr\/wp-json\/wp\/v2\/product_tag?post=401"}],"curies":[{"name":"wp","href":"https:\/\/api.w.org\/{rel}","templated":true}]}}