{"id":402,"date":"2025-10-15T02:23:18","date_gmt":"2025-10-15T02:23:18","guid":{"rendered":"https:\/\/sz-xtt.com\/product\/101pad-a-rugged-computer\/"},"modified":"2025-10-16T03:55:51","modified_gmt":"2025-10-16T03:55:51","slug":"101pad-a-rugged-computer","status":"publish","type":"product","link":"https:\/\/sz-xtt.com\/fr\/product\/101pad-a-rugged-computer\/","title":{"rendered":"101PAD-A Ordinateur durci"},"content":{"rendered":"<h3>Caract\u00e9ristiques du produit<\/h3>\n<p>\u00c9cran haute r\u00e9solution<br \/>\nLCD industriel de 10,1 pouces avec une r\u00e9solution de 1200*1920 et une luminosit\u00e9 de 300 nits, offrant une exp\u00e9rience visuelle claire.<br \/>\nConfiguration puissante de la m\u00e9moire<br \/>\n\u00c9quip\u00e9 d'une m\u00e9moire DDR4 de 8 Go, extensible jusqu'\u00e0 16 Go, il garantit des capacit\u00e9s multit\u00e2ches efficaces.<br \/>\nInterfaces riches et \u00e9volutives<br \/>\nOffre diverses interfaces d'E\/S, notamment des ports USB, HDMI et s\u00e9rie, permettant la connexion \u00e0 de multiples p\u00e9riph\u00e9riques externes.<\/p>\n<h3>Sp\u00e9cifications des produits<\/h3>\n<p>Processeur : Intel Core i5-7200U \/ Intel Core i5-10210U<\/p>\n<p>M\u00e9moire : DDR4 8GB, support maximum 16GB<\/p>\n<p>Stockage : 500GB SSD MSATA (capacit\u00e9 en option)<\/p>\n<p>\u00c9cran : LCD industriel de 10,1 pouces, r\u00e9solution 1200*1920, luminosit\u00e9 300 nits (haute luminosit\u00e9 en option)<\/p>\n<p>\u00c9cran tactile : \u00c9cran tactile capacitif \u00e0 10 points, \u00e9paisseur 1,1 mm<\/p>\n<p>Audio : Puce audio Realtek ALC662, haut-parleurs int\u00e9gr\u00e9s<\/p>\n<p>Interfaces : USB2.01, USB3.01, HDMI1.3*1, interfaces RS232\/422\/485 (en option)<\/p>\n<p>R\u00e9seau sans fil : Module WIFI bibande 802.11 b\/g\/n 2.4G\/5G<\/p>\n<p>Bluetooth : Prend en charge BT 4.0<\/p>\n<p>Alimentation \u00e9lectrique : 19V 4.7A<\/p>\n<p>Batterie : batterie au lithium de 8000mAh, temps de charge 3 heures<\/p>\n<p>Syst\u00e8me : Prend en charge WIN7\/WIN10\/LINUX<\/p>\n<p>Mat\u00e9riau du ch\u00e2ssis : Alliage d'aluminium usin\u00e9 CNC<\/p>\n<p>Dimensions\/Poids : 310mm x 210mm x 31mm (emballage compris), poids 1.0KG<\/p>\n<p>Temp\u00e9rature de fonctionnement : -20 C \u00e0 60 C<\/p>\n<p>Protection contre l'eau et la poussi\u00e8re : IP65<\/p>\n<h3>Pourquoi nous choisir ?<\/h3>\n<p>Historique de l'entreprise<br \/>\nFond\u00e9e en 2007, la soci\u00e9t\u00e9 Xintongtai Technology Co. se concentre sur la recherche, le d\u00e9veloppement et la production d'ordinateurs et d'accessoires de qualit\u00e9 industrielle et b\u00e9n\u00e9ficie d'une vaste exp\u00e9rience dans ce domaine.<br \/>\nInformations sur les produits professionnels<br \/>\nNous fournissons des informations d\u00e9taill\u00e9es sur les produits afin que les clients aient acc\u00e8s \u00e0 des donn\u00e9es compl\u00e8tes pour prendre des d\u00e9cisions \u00e9clair\u00e9es.<br \/>\nExcellent service \u00e0 la client\u00e8le<br \/>\nNotre engagement en faveur d'un service \u00e0 la client\u00e8le de haute qualit\u00e9 garantit que chaque client b\u00e9n\u00e9ficie d'une assistance opportune tout au long de son exp\u00e9rience d'achat et d'utilisation.<br \/>\nApprovisionnement en stock<br \/>\nNos produits sont g\u00e9n\u00e9ralement disponibles en stock, ce qui nous permet de r\u00e9pondre rapidement aux besoins des clients et de raccourcir les d\u00e9lais de livraison.<\/p>","protected":false},"excerpt":{"rendered":"<p><strong>Marque XTT<\/strong><\/p>\n<p><strong>Origine du produit CHINE<\/strong><\/p>\n<p><strong>D\u00e9lai de livraisonDans les 15 jours<\/strong><\/p>\n<p><strong>Capacit\u00e9 d'approvisionnement9999<\/strong><\/p>\n<p>Ce produit est un ordinateur industriel l\u00e9ger \u00e9quip\u00e9 d'un processeur Intel Core i5, con\u00e7u pour les applications mobiles et embarqu\u00e9es. Son \u00e9cran haute r\u00e9solution et ses interfaces multifonctionnelles le destinent \u00e0 divers secteurs d'activit\u00e9, notamment la vente au d\u00e9tail, la logistique et les soins de sant\u00e9.<\/p>","protected":false},"featured_media":666,"template":"","meta":[],"product_brand":[],"product_cat":[183],"product_tag":[190,186,188,191],"class_list":{"0":"post-402","1":"product","2":"type-product","3":"status-publish","4":"has-post-thumbnail","6":"product_cat-rugged-computer","7":"product_tag-industrial-rugged-computer","8":"product_tag-rugged-computer-case","9":"product_tag-rugged-computer-laptop","10":"product_tag-rugged-tablet-computer","12":"first","13":"instock","14":"shipping-taxable","15":"product-type-simple"},"_links":{"self":[{"href":"https:\/\/sz-xtt.com\/fr\/wp-json\/wp\/v2\/product\/402","targetHints":{"allow":["GET"]}}],"collection":[{"href":"https:\/\/sz-xtt.com\/fr\/wp-json\/wp\/v2\/product"}],"about":[{"href":"https:\/\/sz-xtt.com\/fr\/wp-json\/wp\/v2\/types\/product"}],"wp:featuredmedia":[{"embeddable":true,"href":"https:\/\/sz-xtt.com\/fr\/wp-json\/wp\/v2\/media\/666"}],"wp:attachment":[{"href":"https:\/\/sz-xtt.com\/fr\/wp-json\/wp\/v2\/media?parent=402"}],"wp:term":[{"taxonomy":"product_brand","embeddable":true,"href":"https:\/\/sz-xtt.com\/fr\/wp-json\/wp\/v2\/product_brand?post=402"},{"taxonomy":"product_cat","embeddable":true,"href":"https:\/\/sz-xtt.com\/fr\/wp-json\/wp\/v2\/product_cat?post=402"},{"taxonomy":"product_tag","embeddable":true,"href":"https:\/\/sz-xtt.com\/fr\/wp-json\/wp\/v2\/product_tag?post=402"}],"curies":[{"name":"wp","href":"https:\/\/api.w.org\/{rel}","templated":true}]}}