{"id":403,"date":"2025-10-15T02:23:18","date_gmt":"2025-10-15T02:23:18","guid":{"rendered":"https:\/\/sz-xtt.com\/product\/box6800pe-rugged-computer\/"},"modified":"2025-10-16T03:57:58","modified_gmt":"2025-10-16T03:57:58","slug":"box6800pe-rugged-computer","status":"publish","type":"product","link":"https:\/\/sz-xtt.com\/fr\/product\/box6800pe-rugged-computer\/","title":{"rendered":"BOX6800PE Ordinateur durci"},"content":{"rendered":"<h3>Caract\u00e9ristiques du produit<\/h3>\n<p>Une capacit\u00e9 de traitement puissante<br \/>\nPrend en charge les processeurs Intel i3, i5 et i7 pour r\u00e9pondre aux diff\u00e9rents besoins informatiques industriels.<br \/>\nOptions de stockage et de m\u00e9moire flexibles<br \/>\nOffre de multiples options de stockage, y compris SATA et mSATA, avec une m\u00e9moire extensible jusqu'\u00e0 32 Go pour r\u00e9pondre aux diff\u00e9rentes exigences des applications.<br \/>\nVari\u00e9t\u00e9 d'interfaces<br \/>\n\u00c9quip\u00e9 d'un riche ensemble d'interfaces d'E\/S, notamment des ports USB, HDMI et s\u00e9rie, adapt\u00e9 \u00e0 divers p\u00e9riph\u00e9riques et besoins d'extension.<\/p>\n<h3>Sp\u00e9cifications des produits<\/h3>\n<p>Processeur : Intel 6-9e g\u00e9n\u00e9ration Core i3, i5, i7<\/p>\n<p>M\u00e9moire : 2 x DDR4L SO-DIMM, support maximum 32GB<\/p>\n<p>Contr\u00f4leur graphique : Intel HD Graphics, supporte 1 x DVI-I, 1 x HDMI, 1 x VGA<\/p>\n<p>Audio : Puce Realtek ALC662, supporte Min-in\/Line-out<\/p>\n<p>R\u00e9seau : Intel I211 10\/100\/1000 Mbps, 6 ports RJ45<\/p>\n<p>Stockage : SATA II 2 x 2,5 disques durs (capacit\u00e9 en option), mSATA 1 x M.2 PCI-E slot (capacit\u00e9 en option)<\/p>\n<p>Fentes d'extension : 2 x MINIPCIE (pleine longueur), supporte 3G\/4G\/5G, Bluetooth, WIFI<\/p>\n<p>Alimentation : Tension d'entr\u00e9e 9-36V, 19V 6.32A 120W alimentation industrielle<\/p>\n<p>Interfaces en face avant : 1 x entr\u00e9e\/sortie ligne, 4 x DB9 COM (RS232), 4 x USB 3.0, 1 x HDMI<\/p>\n<p>Interfaces sur le panneau arri\u00e8re : 1 x DC (9-36V), 1 x VGA, 1 x DVI-I<\/p>\n<p>Temp\u00e9rature de fonctionnement : -20 C \u00e0 70 C, Temp\u00e9rature de stockage : -40 C \u00e0 80 C<\/p>\n<p>Dimensions\/poids : 269,2 x 234,6 x 160 mm, poids : 2,6 KG<\/p>\n<p>Syst\u00e8me : Prend en charge WIN7, WIN8, WIN10, LINUX<\/p>\n<h3>Pourquoi nous choisir ?<\/h3>\n<p>Historique de l'entreprise<br \/>\nFond\u00e9e en 2007, la soci\u00e9t\u00e9 Xintongtai Technology Co. se concentre sur la recherche, le d\u00e9veloppement et la production d'ordinateurs industriels et d'accessoires et b\u00e9n\u00e9ficie d'une vaste exp\u00e9rience dans ce domaine.<br \/>\nInformations sur les produits professionnels<br \/>\nNous fournissons des informations d\u00e9taill\u00e9es sur les produits afin que les clients aient acc\u00e8s \u00e0 des donn\u00e9es compl\u00e8tes pour prendre des d\u00e9cisions \u00e9clair\u00e9es.<br \/>\nExcellent service \u00e0 la client\u00e8le<br \/>\nNotre engagement en faveur d'un service \u00e0 la client\u00e8le de haute qualit\u00e9 garantit que chaque client b\u00e9n\u00e9ficie d'une assistance opportune tout au long de son exp\u00e9rience d'achat et d'utilisation.<br \/>\nApprovisionnement en stock<br \/>\nNos produits sont g\u00e9n\u00e9ralement disponibles en stock, ce qui nous permet de r\u00e9pondre rapidement aux besoins des clients et de raccourcir les d\u00e9lais de livraison.<\/p>","protected":false},"excerpt":{"rendered":"<p><strong>Marque XTT<\/strong><\/p>\n<p><strong>Origine du produit CHINE<\/strong><\/p>\n<p><strong>D\u00e9lai de livraisonDans les 15 jours<\/strong><\/p>\n<p><strong>Capacit\u00e9 d'approvisionnement9999<\/strong><\/p>\n<p>Ce produit est un ordinateur industriel de haute performance qui prend en charge les processeurs Intel de 6 \u00e0 9 g\u00e9n\u00e9rations, con\u00e7u sp\u00e9cifiquement pour les applications industrielles. Ses possibilit\u00e9s d'extension flexibles et sa construction robuste lui permettent de s'adapter \u00e0 divers environnements de travail exigeants.<\/p>\n<p>wEnvoyer un courriel<\/p>","protected":false},"featured_media":669,"template":"","meta":[],"product_brand":[],"product_cat":[183],"product_tag":[185,190,186,191],"class_list":{"0":"post-403","1":"product","2":"type-product","3":"status-publish","4":"has-post-thumbnail","6":"product_cat-rugged-computer","7":"product_tag-best-rugged-computer","8":"product_tag-industrial-rugged-computer","9":"product_tag-rugged-computer-case","10":"product_tag-rugged-tablet-computer","12":"first","13":"instock","14":"shipping-taxable","15":"product-type-simple"},"_links":{"self":[{"href":"https:\/\/sz-xtt.com\/fr\/wp-json\/wp\/v2\/product\/403","targetHints":{"allow":["GET"]}}],"collection":[{"href":"https:\/\/sz-xtt.com\/fr\/wp-json\/wp\/v2\/product"}],"about":[{"href":"https:\/\/sz-xtt.com\/fr\/wp-json\/wp\/v2\/types\/product"}],"wp:featuredmedia":[{"embeddable":true,"href":"https:\/\/sz-xtt.com\/fr\/wp-json\/wp\/v2\/media\/669"}],"wp:attachment":[{"href":"https:\/\/sz-xtt.com\/fr\/wp-json\/wp\/v2\/media?parent=403"}],"wp:term":[{"taxonomy":"product_brand","embeddable":true,"href":"https:\/\/sz-xtt.com\/fr\/wp-json\/wp\/v2\/product_brand?post=403"},{"taxonomy":"product_cat","embeddable":true,"href":"https:\/\/sz-xtt.com\/fr\/wp-json\/wp\/v2\/product_cat?post=403"},{"taxonomy":"product_tag","embeddable":true,"href":"https:\/\/sz-xtt.com\/fr\/wp-json\/wp\/v2\/product_tag?post=403"}],"curies":[{"name":"wp","href":"https:\/\/api.w.org\/{rel}","templated":true}]}}