{"id":406,"date":"2025-10-15T02:23:18","date_gmt":"2025-10-15T02:23:18","guid":{"rendered":"https:\/\/sz-xtt.com\/product\/156jg-rugged-computer\/"},"modified":"2025-10-16T04:13:42","modified_gmt":"2025-10-16T04:13:42","slug":"156jg-rugged-computer","status":"publish","type":"product","link":"https:\/\/sz-xtt.com\/fr\/product\/156jg-rugged-computer\/","title":{"rendered":"Ordinateur durci 156JG"},"content":{"rendered":"<h3>Caract\u00e9ristiques du produit<\/h3>\n<p>Conception durable : Le bo\u00eetier est \u00e9tanche \u00e0 la poussi\u00e8re, \u00e0 l'eau et aux chocs, ce qui garantit un fonctionnement stable dans des conditions extr\u00eames.<\/p>\n<p>Des performances puissantes : \u00c9quip\u00e9 de processeurs haute performance et d'une grande capacit\u00e9 de stockage pour r\u00e9pondre aux besoins informatiques les plus exigeants.<\/p>\n<p>Expansion flexible : Offre de multiples fentes d'extension, permettant aux utilisateurs de s'adapter \u00e0 leurs besoins.<\/p>\n<p>Refroidissement efficace : Le syst\u00e8me de refroidissement int\u00e9gr\u00e9 \u00e0 haut rendement garantit un fonctionnement continu dans des environnements \u00e0 haute temp\u00e9rature.<\/p>\n<p>ordinateurs portables robustes<\/p>\n<h3>Sp\u00e9cifications des produits<\/h3>\n<p>Processeur : Intel i7\/i9 ou AMD Ryzen<\/p>\n<p>M\u00e9moire : Prend en charge jusqu'\u00e0 64 Go de m\u00e9moire DDR4<\/p>\n<p>Stockage : 1TB SSD ou 2TB HDD en option<\/p>\n<p>Dimensions : 420mm x 300mm x 150mm<\/p>\n<p>Poids : Environ 8 kg<\/p>\n<p>sac \u00e0 dos pour ordinateur robuste<\/p>\n<h3>Pourquoi nous choisir ?<\/h3>\n<p>Historique de l'entreprise : Xintongtai a \u00e9t\u00e9 cr\u00e9\u00e9e en 2007 et s'est sp\u00e9cialis\u00e9e dans la recherche et la production de serveurs et d'accessoires, accumulant une riche exp\u00e9rience industrielle.<\/p>\n<p>Des produits de qualit\u00e9 : Nous fournissons des informations d\u00e9taill\u00e9es sur les produits, ce qui permet aux utilisateurs de choisir facilement l'ordinateur robuste qui leur convient.<\/p>\n<p>Excellent service : Notre \u00e9quipe de service client\u00e8le est professionnelle et efficace, pr\u00eate \u00e0 fournir une assistance technique et un service apr\u00e8s-vente \u00e0 tout moment.<\/p>\n<p>Approvisionnement en stock : Nous maintenons un stock important de produits pour une exp\u00e9dition rapide, garantissant ainsi la satisfaction des besoins des clients dans les d\u00e9lais impartis.<\/p>","protected":false},"excerpt":{"rendered":"<p><strong>Marque XTT<\/strong><\/p>\n<p><strong>Origine du produit CHINE<\/strong><\/p>\n<p><strong>D\u00e9lai de livraisonDans les 15 jours<\/strong><\/p>\n<p><strong>Capacit\u00e9 d'approvisionnement9999<\/strong><\/p>\n<p>Notre ordinateur robuste est con\u00e7u pour offrir des performances et une fiabilit\u00e9 exceptionnelles dans des environnements difficiles. Gr\u00e2ce \u00e0 des mat\u00e9riaux de haute qualit\u00e9 et \u00e0 une technologie avanc\u00e9e, ce produit convient \u00e0 diverses applications industrielles, notamment dans les secteurs de l'industrie, de l'arm\u00e9e et des transports.<\/p>","protected":false},"featured_media":680,"template":"","meta":[],"product_brand":[],"product_cat":[183],"product_tag":[188,187,189,191],"class_list":{"0":"post-406","1":"product","2":"type-product","3":"status-publish","4":"has-post-thumbnail","6":"product_cat-rugged-computer","7":"product_tag-rugged-computer-laptop","8":"product_tag-rugged-military-computer","9":"product_tag-rugged-panel-computer","10":"product_tag-rugged-tablet-computer","12":"first","13":"instock","14":"shipping-taxable","15":"product-type-simple"},"_links":{"self":[{"href":"https:\/\/sz-xtt.com\/fr\/wp-json\/wp\/v2\/product\/406","targetHints":{"allow":["GET"]}}],"collection":[{"href":"https:\/\/sz-xtt.com\/fr\/wp-json\/wp\/v2\/product"}],"about":[{"href":"https:\/\/sz-xtt.com\/fr\/wp-json\/wp\/v2\/types\/product"}],"wp:featuredmedia":[{"embeddable":true,"href":"https:\/\/sz-xtt.com\/fr\/wp-json\/wp\/v2\/media\/680"}],"wp:attachment":[{"href":"https:\/\/sz-xtt.com\/fr\/wp-json\/wp\/v2\/media?parent=406"}],"wp:term":[{"taxonomy":"product_brand","embeddable":true,"href":"https:\/\/sz-xtt.com\/fr\/wp-json\/wp\/v2\/product_brand?post=406"},{"taxonomy":"product_cat","embeddable":true,"href":"https:\/\/sz-xtt.com\/fr\/wp-json\/wp\/v2\/product_cat?post=406"},{"taxonomy":"product_tag","embeddable":true,"href":"https:\/\/sz-xtt.com\/fr\/wp-json\/wp\/v2\/product_tag?post=406"}],"curies":[{"name":"wp","href":"https:\/\/api.w.org\/{rel}","templated":true}]}}