{"id":417,"date":"2025-10-15T02:23:19","date_gmt":"2025-10-15T02:23:19","guid":{"rendered":"https:\/\/sz-xtt.com\/product\/xtt-09-cpu-cooler\/"},"modified":"2025-10-15T15:14:42","modified_gmt":"2025-10-15T15:14:42","slug":"xtt-09-cpu-cooler","status":"publish","type":"product","link":"https:\/\/sz-xtt.com\/fr\/product\/xtt-09-cpu-cooler\/","title":{"rendered":"Refroidisseur de CPU XTT-09"},"content":{"rendered":"<h3>Caract\u00e9ristiques du produit<\/h3>\n<p>Premium Material: Made from high thermal conductivity copper, ensuring rapid heat transfer and enhanced cooling efficiency.<\/p>\n<p>Enhanced Cooling Design: Optimized heat sink design increases surface area and improves airflow, further boosting cooling performance.<\/p>\n<p>Durable Construction: Robust structure ensures stability and reliability over extended periods of use.<\/p>\n<p>Easy Installation: Compatible with multiple CPU models, simplifying the installation process for user convenience.<\/p>\n<h3>Sp\u00e9cifications des produits<\/h3>\n<p>Mat\u00e9riau : Cuivre \u00e0 haute conductivit\u00e9 thermique<\/p>\n<p>Number of Heat Sinks: Multiple<\/p>\n<p>Dimensions : 150mm x 120mm x 160mm<\/p>\n<p>Poids : 800g<\/p>\n<p>Compatibilit\u00e9 : Compatible avec les processeurs Intel et AMD<\/p>\n<h3>Pourquoi nous choisir ?<\/h3>\n<p>Historique de l'entreprise : Xintongtai a \u00e9t\u00e9 cr\u00e9\u00e9e en 2007 et s'est sp\u00e9cialis\u00e9e dans la recherche et la production de serveurs et d'accessoires, accumulant une riche exp\u00e9rience industrielle.<\/p>\n<p>Des produits de qualit\u00e9 : Nous fournissons des informations d\u00e9taill\u00e9es sur les produits, ce qui permet aux utilisateurs de s\u00e9lectionner facilement le refroidisseur adapt\u00e9 \u00e0 leurs besoins.<\/p>\n<p>Excellent service : Notre \u00e9quipe de service client\u00e8le est professionnelle et efficace, pr\u00eate \u00e0 fournir une assistance technique et un service apr\u00e8s-vente \u00e0 tout moment.<\/p>\n<p>Approvisionnement en stock : Nous maintenons un stock important de produits pour une exp\u00e9dition rapide, garantissant ainsi la satisfaction des besoins des clients dans les d\u00e9lais impartis.<\/p>","protected":false},"excerpt":{"rendered":"<p><strong>Marque XTT<\/strong><\/p>\n<p><strong>Origine du produit CHINE<\/strong><\/p>\n<p><strong>D\u00e9lai de livraisonDans les 15 jours<\/strong><\/p>\n<p><strong>Capacit\u00e9 d'approvisionnement9999<\/strong><\/p>\n<p>Notre refroidisseur de CPU est dot\u00e9 d'un syst\u00e8me de refroidissement en cuivre efficace, sp\u00e9cialement con\u00e7u pour r\u00e9pondre aux exigences de l'informatique moderne \u00e0 haute performance. Ce refroidisseur abaisse efficacement la temp\u00e9rature du processeur, garantissant la stabilit\u00e9 du syst\u00e8me sous de fortes charges, ce qui le rend adapt\u00e9 aux jeux, au traitement graphique professionnel et au calcul de donn\u00e9es.<\/p>","protected":false},"featured_media":628,"template":"","meta":[],"product_brand":[],"product_cat":[198],"product_tag":[213,204,211,212,210],"class_list":{"0":"post-417","1":"product","2":"type-product","3":"status-publish","4":"has-post-thumbnail","6":"product_cat-cpu-cooler","7":"product_tag-am4-cpu-cooler","8":"product_tag-best-air-cooled-cpu-cooler","9":"product_tag-cpu-cooling-radiator","10":"product_tag-cpu-water-cooler-radeator","11":"product_tag-external-cpu-cooler","13":"first","14":"instock","15":"shipping-taxable","16":"product-type-simple"},"_links":{"self":[{"href":"https:\/\/sz-xtt.com\/fr\/wp-json\/wp\/v2\/product\/417","targetHints":{"allow":["GET"]}}],"collection":[{"href":"https:\/\/sz-xtt.com\/fr\/wp-json\/wp\/v2\/product"}],"about":[{"href":"https:\/\/sz-xtt.com\/fr\/wp-json\/wp\/v2\/types\/product"}],"wp:featuredmedia":[{"embeddable":true,"href":"https:\/\/sz-xtt.com\/fr\/wp-json\/wp\/v2\/media\/628"}],"wp:attachment":[{"href":"https:\/\/sz-xtt.com\/fr\/wp-json\/wp\/v2\/media?parent=417"}],"wp:term":[{"taxonomy":"product_brand","embeddable":true,"href":"https:\/\/sz-xtt.com\/fr\/wp-json\/wp\/v2\/product_brand?post=417"},{"taxonomy":"product_cat","embeddable":true,"href":"https:\/\/sz-xtt.com\/fr\/wp-json\/wp\/v2\/product_cat?post=417"},{"taxonomy":"product_tag","embeddable":true,"href":"https:\/\/sz-xtt.com\/fr\/wp-json\/wp\/v2\/product_tag?post=417"}],"curies":[{"name":"wp","href":"https:\/\/api.w.org\/{rel}","templated":true}]}}