{"id":418,"date":"2025-10-15T02:23:19","date_gmt":"2025-10-15T02:23:19","guid":{"rendered":"https:\/\/sz-xtt.com\/product\/xtt-10-cpu-cooler\/"},"modified":"2025-10-15T15:16:04","modified_gmt":"2025-10-15T15:16:04","slug":"xtt-10-cpu-cooler","status":"publish","type":"product","link":"https:\/\/sz-xtt.com\/fr\/product\/xtt-10-cpu-cooler\/","title":{"rendered":"Refroidisseur de CPU XTT-10"},"content":{"rendered":"<h3>Caract\u00e9ristiques du produit<\/h3>\n<p>High-Efficiency Materials: Made from premium copper and aluminum, providing exceptional thermal conductivity for rapid heat dissipation.<\/p>\n<p>Optimized Cooling Design: Multi-layer heat sink design increases surface area and enhances airflow, further improving cooling performance.<\/p>\n<p>Durable Construction: Robust structure ensures stability and reliability for extended use.<\/p>\n<p>Flexible Compatibility: Compatible with various CPU models and easy to install, catering to different types of users.<\/p>\n<h3>Sp\u00e9cifications des produits<\/h3>\n<p>Material: High thermal conductivity copper and aluminum<\/p>\n<p>Number of Heat Pipes: Multiple<\/p>\n<p>Dimensions: 160mm x 130mm x 160mm<\/p>\n<p>Weight: 900g<\/p>\n<p>Compatibilit\u00e9 : Compatible avec les processeurs Intel et AMD<\/p>\n<h3>Pourquoi nous choisir ?<\/h3>\n<p>Historique de l'entreprise : Xintongtai a \u00e9t\u00e9 cr\u00e9\u00e9e en 2007 et s'est sp\u00e9cialis\u00e9e dans la recherche et la production de serveurs et d'accessoires, accumulant une riche exp\u00e9rience industrielle.<\/p>\n<p>Des produits de qualit\u00e9 : Nous fournissons des informations d\u00e9taill\u00e9es sur les produits, ce qui permet aux utilisateurs de s\u00e9lectionner facilement le refroidisseur adapt\u00e9 \u00e0 leurs besoins.<\/p>\n<p>Excellent service : Notre \u00e9quipe de service client\u00e8le est professionnelle et efficace, pr\u00eate \u00e0 fournir une assistance technique et un service apr\u00e8s-vente \u00e0 tout moment.<\/p>\n<p>Approvisionnement en stock : Nous maintenons un stock important de produits pour une exp\u00e9dition rapide, garantissant ainsi la satisfaction des besoins des clients dans les d\u00e9lais impartis.<\/p>","protected":false},"excerpt":{"rendered":"<p><strong>Marque XTT<\/strong><\/p>\n<p><strong>Origine du produit CHINE<\/strong><\/p>\n<p><strong>D\u00e9lai de livraisonDans les 15 jours<\/strong><\/p>\n<p><strong>Capacit\u00e9 d'approvisionnement9999<\/strong><\/p>\n<p>Notre refroidisseur de CPU est dot\u00e9 d'un syst\u00e8me de refroidissement innovant, sp\u00e9cialement con\u00e7u pour les environnements informatiques de haute performance. Ce refroidisseur combine les avantages des dissipateurs thermiques en cuivre et en aluminium \u00e0 haute conductivit\u00e9, abaissant efficacement la temp\u00e9rature du CPU et garantissant la stabilit\u00e9 du syst\u00e8me sous de lourdes charges, ce qui le rend id\u00e9al pour les jeux, le traitement graphique et le calcul de donn\u00e9es.<\/p>","protected":false},"featured_media":631,"template":"","meta":[],"product_brand":[],"product_cat":[198],"product_tag":[213,211,212,202,205],"class_list":{"0":"post-418","1":"product","2":"type-product","3":"status-publish","4":"has-post-thumbnail","6":"product_cat-cpu-cooler","7":"product_tag-am4-cpu-cooler","8":"product_tag-cpu-cooling-radiator","9":"product_tag-cpu-water-cooler-radeator","10":"product_tag-cpu-water-cooling-parts","11":"product_tag-thermalright-cpu-cooler","13":"first","14":"instock","15":"shipping-taxable","16":"product-type-simple"},"_links":{"self":[{"href":"https:\/\/sz-xtt.com\/fr\/wp-json\/wp\/v2\/product\/418","targetHints":{"allow":["GET"]}}],"collection":[{"href":"https:\/\/sz-xtt.com\/fr\/wp-json\/wp\/v2\/product"}],"about":[{"href":"https:\/\/sz-xtt.com\/fr\/wp-json\/wp\/v2\/types\/product"}],"wp:featuredmedia":[{"embeddable":true,"href":"https:\/\/sz-xtt.com\/fr\/wp-json\/wp\/v2\/media\/631"}],"wp:attachment":[{"href":"https:\/\/sz-xtt.com\/fr\/wp-json\/wp\/v2\/media?parent=418"}],"wp:term":[{"taxonomy":"product_brand","embeddable":true,"href":"https:\/\/sz-xtt.com\/fr\/wp-json\/wp\/v2\/product_brand?post=418"},{"taxonomy":"product_cat","embeddable":true,"href":"https:\/\/sz-xtt.com\/fr\/wp-json\/wp\/v2\/product_cat?post=418"},{"taxonomy":"product_tag","embeddable":true,"href":"https:\/\/sz-xtt.com\/fr\/wp-json\/wp\/v2\/product_tag?post=418"}],"curies":[{"name":"wp","href":"https:\/\/api.w.org\/{rel}","templated":true}]}}