{"id":419,"date":"2025-10-15T02:23:19","date_gmt":"2025-10-15T02:23:19","guid":{"rendered":"https:\/\/sz-xtt.com\/product\/xtt-11-cpu-cooler\/"},"modified":"2025-10-15T15:18:00","modified_gmt":"2025-10-15T15:18:00","slug":"xtt-11-cpu-cooler","status":"publish","type":"product","link":"https:\/\/sz-xtt.com\/fr\/product\/xtt-11-cpu-cooler\/","title":{"rendered":"Refroidisseur de CPU XTT-11"},"content":{"rendered":"<h3>Caract\u00e9ristiques du produit<\/h3>\n<p>Dual Tower Design: The dual heat sink structure provides a larger cooling area, enhancing heat dissipation efficiency.<\/p>\n<p>High Thermal Conductivity Materials: Utilizes premium copper heat pipes to ensure rapid heat transfer, enhancing cooling performance.<\/p>\n<p>Black Coating: The heat sink surface features a black coating that improves thermal performance and aesthetics.<\/p>\n<p>Strong Compatibility: Compatible with various CPU models and easy to install, catering to different types of users.<\/p>\n<h3>Sp\u00e9cifications des produits<\/h3>\n<p>Material: High thermal conductivity copper and aluminum<\/p>\n<p>Number of Heat Pipes: Multiple<\/p>\n<p>Dimensions: 160mm x 130mm x 160mm<\/p>\n<p>Weight: 950g<\/p>\n<p>Compatibilit\u00e9 : Compatible avec les processeurs Intel et AMD<\/p>\n<h3>Pourquoi nous choisir ?<\/h3>\n<p>Historique de l'entreprise : Xintongtai a \u00e9t\u00e9 cr\u00e9\u00e9e en 2007 et s'est sp\u00e9cialis\u00e9e dans la recherche et la production de serveurs et d'accessoires, accumulant une riche exp\u00e9rience industrielle.<\/p>\n<p>Des produits de qualit\u00e9 : Nous fournissons des informations d\u00e9taill\u00e9es sur les produits, ce qui permet aux utilisateurs de s\u00e9lectionner facilement le refroidisseur adapt\u00e9 \u00e0 leurs besoins.<\/p>\n<p>Excellent service : Notre \u00e9quipe de service client\u00e8le est professionnelle et efficace, pr\u00eate \u00e0 fournir une assistance technique et un service apr\u00e8s-vente \u00e0 tout moment.<\/p>\n<p>Approvisionnement en stock : Nous maintenons un stock important de produits pour une exp\u00e9dition rapide, garantissant ainsi la satisfaction des besoins des clients dans les d\u00e9lais impartis.<\/p>","protected":false},"excerpt":{"rendered":"<p><strong>Marque XTT<\/strong><\/p>\n<p><strong>Origine du produit CHINE<\/strong><\/p>\n<p><strong>D\u00e9lai de livraisonDans les 15 jours<\/strong><\/p>\n<p><strong>Capacit\u00e9 d'approvisionnement9999<\/strong><\/p>\n<p>Notre refroidisseur de CPU \u00e0 double tour est dot\u00e9 d'un syst\u00e8me de refroidissement efficace, sp\u00e9cialement con\u00e7u pour les besoins des ordinateurs \u00e0 hautes performances. Gr\u00e2ce \u00e0 ses multiples caloducs et \u00e0 la disposition optimis\u00e9e de son dissipateur thermique, ce refroidisseur abaisse efficacement la temp\u00e9rature du processeur, garantissant ainsi un fonctionnement stable du syst\u00e8me, ce qui le rend id\u00e9al pour les jeux, le traitement graphique et le calcul de donn\u00e9es.<\/p>","protected":false},"featured_media":635,"template":"","meta":[],"product_brand":[],"product_cat":[198],"product_tag":[213,214,211,212,210],"class_list":{"0":"post-419","1":"product","2":"type-product","3":"status-publish","4":"has-post-thumbnail","6":"product_cat-cpu-cooler","7":"product_tag-am4-cpu-cooler","8":"product_tag-best-cpu-cooler-for-i9-13900k","9":"product_tag-cpu-cooling-radiator","10":"product_tag-cpu-water-cooler-radeator","11":"product_tag-external-cpu-cooler","13":"first","14":"instock","15":"shipping-taxable","16":"product-type-simple"},"_links":{"self":[{"href":"https:\/\/sz-xtt.com\/fr\/wp-json\/wp\/v2\/product\/419","targetHints":{"allow":["GET"]}}],"collection":[{"href":"https:\/\/sz-xtt.com\/fr\/wp-json\/wp\/v2\/product"}],"about":[{"href":"https:\/\/sz-xtt.com\/fr\/wp-json\/wp\/v2\/types\/product"}],"wp:featuredmedia":[{"embeddable":true,"href":"https:\/\/sz-xtt.com\/fr\/wp-json\/wp\/v2\/media\/635"}],"wp:attachment":[{"href":"https:\/\/sz-xtt.com\/fr\/wp-json\/wp\/v2\/media?parent=419"}],"wp:term":[{"taxonomy":"product_brand","embeddable":true,"href":"https:\/\/sz-xtt.com\/fr\/wp-json\/wp\/v2\/product_brand?post=419"},{"taxonomy":"product_cat","embeddable":true,"href":"https:\/\/sz-xtt.com\/fr\/wp-json\/wp\/v2\/product_cat?post=419"},{"taxonomy":"product_tag","embeddable":true,"href":"https:\/\/sz-xtt.com\/fr\/wp-json\/wp\/v2\/product_tag?post=419"}],"curies":[{"name":"wp","href":"https:\/\/api.w.org\/{rel}","templated":true}]}}