{"id":426,"date":"2025-10-15T02:23:20","date_gmt":"2025-10-15T02:23:20","guid":{"rendered":"https:\/\/sz-xtt.com\/product\/xtt-18-cpu-cooler\/"},"modified":"2025-10-15T14:55:39","modified_gmt":"2025-10-15T14:55:39","slug":"xtt-18-cpu-cooler","status":"publish","type":"product","link":"https:\/\/sz-xtt.com\/fr\/product\/xtt-18-cpu-cooler\/","title":{"rendered":"Refroidisseur de CPU XTT-18"},"content":{"rendered":"<h3>Caract\u00e9ristiques du produit<\/h3>\n<p>Conception de refroidissement efficace : Utilise plusieurs caloducs et des ailettes en aluminium pour am\u00e9liorer l'efficacit\u00e9 du transfert et de la dissipation de la chaleur.<\/p>\n<p>Mat\u00e9riaux durables : Fabriqu\u00e9s \u00e0 partir de mat\u00e9riaux m\u00e9talliques de haute qualit\u00e9, ils garantissent une fiabilit\u00e9 \u00e0 long terme.<\/p>\n<p>Compatibilit\u00e9 polyvalente : Compatible avec plusieurs marques et mod\u00e8les de processeurs, il r\u00e9pond aux divers besoins des utilisateurs.<\/p>\n<p>Installation facile : Conception bien pens\u00e9e avec des instructions d'installation d\u00e9taill\u00e9es pour une mise en place rapide par l'utilisateur.<\/p>\n<h3>Sp\u00e9cifications des produits<\/h3>\n<p>Mat\u00e9riau : Cuivre et aluminium<\/p>\n<p>Taille du ventilateur : Environ 92 mm (certains mod\u00e8les peuvent varier)<\/p>\n<p>Tension nominale : 12V<\/p>\n<p>Consommation \u00e9lectrique : Environ 4W<\/p>\n<h3>Pourquoi nous choisir ?<\/h3>\n<p>Historique de l'entreprise : Xintongtai est sp\u00e9cialis\u00e9e dans la recherche et la production de serveurs et d'accessoires et poss\u00e8de une vaste exp\u00e9rience dans ce domaine.<\/p>\n<p>Des produits de qualit\u00e9 : Nous fournissons des informations d\u00e9taill\u00e9es sur les produits, ce qui permet aux clients de s\u00e9lectionner facilement le bon composant de refroidisseur.<\/p>\n<p>Un excellent service : Notre \u00e9quipe de service client\u00e8le est professionnelle et efficace, pr\u00eate \u00e0 fournir une assistance technique \u00e0 tout moment.<\/p>\n<p>Approvisionnement en stock : Nous maintenons un stock important de produits pour une exp\u00e9dition rapide, garantissant ainsi la satisfaction des besoins des clients dans les d\u00e9lais impartis.<\/p>","protected":false},"excerpt":{"rendered":"<p><strong>Marque XTT<\/strong><\/p>\n<p><strong>Origine du produit CHINE<\/strong><\/p>\n<p><strong>D\u00e9lai de livraisonDans les 15 jours<\/strong><\/p>\n<p><strong>Capacit\u00e9 d'approvisionnement9999<\/strong><\/p>\n<p>Notre composant de refroidissement est con\u00e7u pour une dissipation efficace de la chaleur, garantissant des performances stables des ordinateurs soumis \u00e0 de fortes charges. Il combine des mat\u00e9riaux de refroidissement de haute qualit\u00e9 avec un ventilateur, adapt\u00e9 \u00e0 diff\u00e9rents types de CPU et de GPU.<\/p>","protected":false},"featured_media":587,"template":"","meta":[],"product_brand":[],"product_cat":[198],"product_tag":[209,203,218,217,201],"class_list":{"0":"post-426","1":"product","2":"type-product","3":"status-publish","4":"has-post-thumbnail","6":"product_cat-cpu-cooler","7":"product_tag-cooler-master-cpu-heatsink","8":"product_tag-cpu-cooler-white","9":"product_tag-cpu-cooling-fan-cooler-master","10":"product_tag-low-profile-cpu-cooler","11":"product_tag-water-cooling-for-cpu","13":"first","14":"instock","15":"shipping-taxable","16":"product-type-simple"},"_links":{"self":[{"href":"https:\/\/sz-xtt.com\/fr\/wp-json\/wp\/v2\/product\/426","targetHints":{"allow":["GET"]}}],"collection":[{"href":"https:\/\/sz-xtt.com\/fr\/wp-json\/wp\/v2\/product"}],"about":[{"href":"https:\/\/sz-xtt.com\/fr\/wp-json\/wp\/v2\/types\/product"}],"wp:featuredmedia":[{"embeddable":true,"href":"https:\/\/sz-xtt.com\/fr\/wp-json\/wp\/v2\/media\/587"}],"wp:attachment":[{"href":"https:\/\/sz-xtt.com\/fr\/wp-json\/wp\/v2\/media?parent=426"}],"wp:term":[{"taxonomy":"product_brand","embeddable":true,"href":"https:\/\/sz-xtt.com\/fr\/wp-json\/wp\/v2\/product_brand?post=426"},{"taxonomy":"product_cat","embeddable":true,"href":"https:\/\/sz-xtt.com\/fr\/wp-json\/wp\/v2\/product_cat?post=426"},{"taxonomy":"product_tag","embeddable":true,"href":"https:\/\/sz-xtt.com\/fr\/wp-json\/wp\/v2\/product_tag?post=426"}],"curies":[{"name":"wp","href":"https:\/\/api.w.org\/{rel}","templated":true}]}}