{"id":281,"date":"2025-10-15T02:22:59","date_gmt":"2025-10-15T02:22:59","guid":{"rendered":"https:\/\/sz-xtt.com\/product\/tg558v3-ai-server\/"},"modified":"2025-10-16T08:17:43","modified_gmt":"2025-10-16T08:17:43","slug":"tg558v3-ai-sunucusu","status":"publish","type":"product","link":"https:\/\/sz-xtt.com\/tr\/product\/tg558v3-ai-sunucusu\/","title":{"rendered":"TG558V3 AI sunucusu"},"content":{"rendered":"<h3>\u00dcst\u00fcn Performans ve Maliyet Etkinli\u011fi<\/h3>\n<p><strong>Y\u00fcksek Verimli \u0130\u015fleme Yetene\u011fi<\/strong><br \/>\nBu \u00fcr\u00fcn \u00e7ift Intel? Xeon? D\u00f6rd\u00fcnc\u00fc veya be\u015finci nesil \u00f6l\u00e7eklenebilir i\u015flemcileri destekler ve maksimum 385W TDP ile g\u00fc\u00e7l\u00fc bilgi i\u015flem performans\u0131 sunar. Y\u00fcksek y\u00fck ko\u015fullar\u0131nda bile ola\u011fan\u00fcst\u00fc performans sa\u011flayan 450W'a kadar g\u00fc\u00e7 t\u00fcketimini destekleyen 4 adet \u00e7ift geni\u015flikli, tam y\u00fckseklikte, tam uzunlukta GPU ile donat\u0131lm\u0131\u015ft\u0131r. Ayr\u0131ca, 5600MHz'e kadar frekanslara sahip DDR5 belle\u011fi destekleyerek veri i\u015fleme h\u0131z\u0131n\u0131 ve sistem yan\u0131t h\u0131z\u0131n\u0131 art\u0131rmak i\u00e7in bellek bant geni\u015fli\u011finde 75% art\u0131\u015f sa\u011flar.<\/p>\n<p><strong>Esnek Yap\u0131land\u0131rma ve G\u00fc\u00e7l\u00fc Geni\u015fletilebilirlik<\/strong><br \/>\n\u00c7ok Y\u00f6nl\u00fc Yap\u0131land\u0131rma Se\u00e7enekleri<br \/>\n\u00dcr\u00fcn, \u00e7e\u015fitli veri merkezi ve i\u015f istasyonu ortamlar\u0131na uyum sa\u011flayacak \u015fekilde hem rafa monte hem de kule konfig\u00fcrasyonlar\u0131nda mevcuttur. Hem y\u00fcksek kapasiteli hem de y\u00fcksek performansl\u0131 depolama ihtiya\u00e7lar\u0131n\u0131 kar\u015f\u0131lamak i\u00e7in iste\u011fe ba\u011fl\u0131 SAS\/SATA\/NVMe depolama yap\u0131land\u0131rmalar\u0131yla 12 adede kadar 3,5 in\u00e7 sabit s\u00fcr\u00fcc\u00fcy\u00fc destekler. Geni\u015fletme i\u00e7in, 7 standart PCIe 5.0 x16 yuvas\u0131 sunarak gelecekteki y\u00fckseltmeler i\u00e7in geni\u015f alan sa\u011flar.<\/p>\n<p><strong>\u0130stikrarl\u0131, G\u00fcvenilir ve Ak\u0131ll\u0131 Y\u00f6netim<\/strong><br \/>\nY\u00fcksek G\u00fcvenilirlikli Tasar\u0131m<br \/>\nTemel sistem bile\u015fenleri, bak\u0131m verimlili\u011fini ve sistem kullan\u0131labilirli\u011fini \u00f6nemli \u00f6l\u00e7\u00fcde art\u0131ran yedekli ve \u00e7al\u0131\u015f\u0131rken de\u011fi\u015ftirilebilir tasar\u0131mlara ve aletsiz kuruluma sahiptir. Entegre ak\u0131ll\u0131 y\u00f6netim \u00e7ipi, IPMI2.0, Redfish, SNMP ve di\u011fer y\u00f6netim protokollerini destekleyen a\u00e7\u0131k bir y\u00f6netim platformu sa\u011flayarak kapsaml\u0131 sistem izleme ve y\u00f6netimi sa\u011flar. Uzaktan KVM, sanal ortam, kritik bile\u015fen durumu izleme ve anomali uyar\u0131lar\u0131 gibi \u00f6zellikler kullan\u0131c\u0131lara kapsaml\u0131 uzaktan sistem d\u00fczeyinde y\u00f6netim yetenekleri sunar.<\/p>\n<h3>Teknik \u00d6zellikler<\/h3>\n<p>\u00dcr\u00fcn Form Fakt\u00f6r\u00fc: 4U Kule, hem rafa monte hem de kule konfig\u00fcrasyonlar\u0131n\u0131 destekler<\/p>\n<p>\u0130\u015flemci: 2 Intel'i destekler? Xeon mu? \u00d6l\u00e7eklenebilir i\u015flemciler (d\u00f6rd\u00fcnc\u00fc veya be\u015finci nesil), 385W'a kadar<\/p>\n<p>Yonga seti: Intel C741<\/p>\n<p>Bellek: 16 DDR5 bellek yuvas\u0131, 5600MHz'e kadar, RDIMM, 3DS RDIMM, maksimum 4TB belle\u011fi destekler<\/p>\n<p>Depolama Denetleyicisi: Entegre 6Gb\/s SATA denetleyici, iste\u011fe ba\u011fl\u0131 12Gb\/s SAS HBA ve 12Gb\/s SAS RAID kart\u0131<\/p>\n<p>Depolama: \u0130ste\u011fe ba\u011fl\u0131 SAS\/SATA\/NVMe ile 12 adede kadar 3,5 in\u00e7 sabit s\u00fcr\u00fcc\u00fcy\u00fc destekler, 2 M.2 (2280\/22110, PCIe 4.0 x4) destekler<\/p>\n<p>PCIe Geni\u015fletme: 4 PCIe 5.0 x16 \u00e7ift geni\u015flikli yuva, 2 PCIe 5.0 x16 tek geni\u015flikli yuva, 1 PCIe 5.0 x8 tek geni\u015flikli yuva dahil olmak \u00fczere 7 standart PCIe 5.0 geni\u015fletme yuvas\u0131<\/p>\n<p>GPU: 4 adede kadar tam y\u00fckseklikte, tam uzunlukta \u00e7ift geni\u015flikte GPU'yu destekler<\/p>\n<p>A\u011f: 1 x 1Gb RJ45 \u00f6zel y\u00f6netim portu, 2 x 1Gb RJ45 veri portu, LAN1 NCSI'yi destekler<\/p>\n<p>Y\u00f6netim: Entegre BMC y\u00f6netim \u00e7ipi AST2600, IPMI2.0, Redfish, SOL, KVM, sanal medya vb. destekler.<\/p>\n<p>G\u00fcvenlik: TPM g\u00fcvenlik mod\u00fcl\u00fcn\u00fc, kasa kapa\u011f\u0131 izinsiz giri\u015f alg\u0131lamas\u0131n\u0131, kilitlenebilir kasa \u00fcst kapa\u011f\u0131n\u0131 destekler<\/p>\n<p>Fanlar: Standart 4 sistem fan\u0131 (8038, 14000 RPM), iste\u011fe ba\u011fl\u0131 4 arka fan<\/p>\n<p>G\u00fc\u00e7 Kayna\u011f\u0131: 2 g\u00fc\u00e7 mod\u00fcl\u00fc ile yap\u0131land\u0131r\u0131labilir, 1+1 yedeklili\u011fi destekler, \u00e7al\u0131\u015f\u0131rken de\u011fi\u015ftirilebilir, 220V AC\/240V DC giri\u015f, iste\u011fe ba\u011fl\u0131 1600W\/2000W\/2400W\/2700W y\u00fcksek verimli platin g\u00fc\u00e7 kaynaklar\u0131<\/p>\n<p>I\/O Ba\u011flant\u0131 Noktalar\u0131: \u00d6n: 1 VGA, 2 USB 3.0; Arka: 1 VGA, 4 USB 3.0, 1 RJ45 y\u00f6netim portu, 1 COM, 2 x 1Gb RJ45 veri portu<\/p>\n<p>Optik S\u00fcr\u00fcc\u00fc: \u0130ste\u011fe ba\u011fl\u0131 dahili optik s\u00fcr\u00fcc\u00fc<\/p>\n<p>Rafa monte edilebilir: Aletsiz raf montaj raylar\u0131 desteklenir<\/p>\n<p>G\u00fcvenlik Paneli: Opsiyonel g\u00fcvenlik paneli<\/p>\n<p>Boyutlar: 437 x 175 x 683 mm (rafa monte yap\u0131land\u0131rma)<\/p>\n<p>S\u0131cakl\u0131k: \u00c7al\u0131\u015fma S\u0131cakl\u0131\u011f\u0131: 5oC - 35oC (do\u011frudan g\u00fcne\u015f \u0131\u015f\u0131\u011f\u0131 olmadan), Depolama S\u0131cakl\u0131\u011f\u0131: -40oC - 65oC<\/p>\n<p>Nem oran\u0131: \u00c7al\u0131\u015fma Ba\u011f\u0131l Nemi: 8% ila 90% (yo\u011fu\u015fmas\u0131z), Depolama Ba\u011f\u0131l Nemi: 5% ila 95% (yo\u011fu\u015fmas\u0131z)<\/p>\n<p>\u0130\u015fletim Sistemi Deste\u011fi: Microsoft Windows Server, Red Hat Enterprise Linux, SUSE Linux Enterprise Server, CentOS, Ubuntu, Oracle Linux, vb. destekler.<\/p>\n<h3>Neden Bizi Se\u00e7melisiniz<\/h3>\n<p>Shenzhen Xintongtai Technology Co, Ltd, 2007 y\u0131l\u0131nda kurulan, y\u00fcksek kaliteli sunucular ve aksesuarlar sa\u011flama konusunda uzmanla\u015fm\u0131\u015ft\u0131r. M\u00fc\u015fteri ihtiya\u00e7lar\u0131n\u0131 kar\u015f\u0131lamak i\u00e7in h\u0131zl\u0131 teslimat sa\u011flayan g\u00fc\u00e7l\u00fc bir envanter avantaj\u0131 sunuyoruz. M\u00fckemmel m\u00fc\u015fteri hizmetlerine olan ba\u011fl\u0131l\u0131\u011f\u0131m\u0131z, her m\u00fc\u015fterinin kapsaml\u0131 yard\u0131m ve destek almas\u0131n\u0131 garanti eden kapsaml\u0131 teknik destek ve sat\u0131\u015f sonras\u0131 hizmeti i\u00e7erir. Bizi tercih ederek g\u00fcvenilir \u00fcr\u00fcnlerden, esnek konfig\u00fcrasyonlardan ve ola\u011fan\u00fcst\u00fc bir hizmet deneyiminden yararlanacaks\u0131n\u0131z.<\/p>","protected":false},"excerpt":{"rendered":"<p><strong>Marka Intel<\/strong><\/p>\n<p><strong>\u00dcr\u00fcn men\u015feiABD<\/strong><\/p>\n<p><strong>Teslimat s\u00fcresi15 g\u00fcn i\u00e7inde<\/strong><\/p>\n<p><strong>Tedarik kapasitesi9999<\/strong><\/p>\n<p>558V3, 4 veya 5. nesil Intel \u00fczerine in\u015fa edilmi\u015f, 4 GPU'ya kadar destekleyen bir 4U kule GPU sunucusudur. Xeon? \u00d6l\u00e7eklenebilir i\u015flemciler. Y\u00fcksek maliyet etkinli\u011fi, g\u00fc\u00e7l\u00fc performans, m\u00fckemmel \u00f6l\u00e7eklenebilirlik ve y\u00fcksek g\u00fcvenilirlik sunar. Sunucu, \u00e7e\u015fitli GPU kartlar\u0131n\u0131 destekler ve hem rafa monte hem de kule formlar\u0131nda yap\u0131land\u0131r\u0131labilir, b\u00f6ylece farkl\u0131 m\u00fc\u015fteri ihtiya\u00e7lar\u0131n\u0131 kar\u015f\u0131lamak i\u00e7in esneklik sa\u011flar. Yapay zeka, modelleme ve sim\u00fclasyon ve grafik i\u015fleme gibi uygulamalar i\u00e7in en uygun donan\u0131m platformu olarak hizmet vermektedir.<\/p>","protected":false},"featured_media":744,"template":"","meta":[],"product_brand":[],"product_cat":[30],"product_tag":[32,38,37,33,31],"class_list":{"0":"post-281","1":"product","2":"type-product","3":"status-publish","4":"has-post-thumbnail","6":"product_cat-ai-server","7":"product_tag-2u-ai-server","8":"product_tag-ai-inference-server","9":"product_tag-ai-rack-server","10":"product_tag-gpu-ai-server","11":"product_tag-intel-ai-server","13":"first","14":"instock","15":"shipping-taxable","16":"product-type-simple"},"_links":{"self":[{"href":"https:\/\/sz-xtt.com\/tr\/wp-json\/wp\/v2\/product\/281","targetHints":{"allow":["GET"]}}],"collection":[{"href":"https:\/\/sz-xtt.com\/tr\/wp-json\/wp\/v2\/product"}],"about":[{"href":"https:\/\/sz-xtt.com\/tr\/wp-json\/wp\/v2\/types\/product"}],"wp:featuredmedia":[{"embeddable":true,"href":"https:\/\/sz-xtt.com\/tr\/wp-json\/wp\/v2\/media\/744"}],"wp:attachment":[{"href":"https:\/\/sz-xtt.com\/tr\/wp-json\/wp\/v2\/media?parent=281"}],"wp:term":[{"taxonomy":"product_brand","embeddable":true,"href":"https:\/\/sz-xtt.com\/tr\/wp-json\/wp\/v2\/product_brand?post=281"},{"taxonomy":"product_cat","embeddable":true,"href":"https:\/\/sz-xtt.com\/tr\/wp-json\/wp\/v2\/product_cat?post=281"},{"taxonomy":"product_tag","embeddable":true,"href":"https:\/\/sz-xtt.com\/tr\/wp-json\/wp\/v2\/product_tag?post=281"}],"curies":[{"name":"wp","href":"https:\/\/api.w.org\/{rel}","templated":true}]}}