{"id":286,"date":"2025-10-15T02:23:00","date_gmt":"2025-10-15T02:23:00","guid":{"rendered":"https:\/\/sz-xtt.com\/product\/tg657v2-l-ai-server\/"},"modified":"2025-10-15T09:02:10","modified_gmt":"2025-10-15T09:02:10","slug":"tg657v2-l-ai-sunucusu","status":"publish","type":"product","link":"https:\/\/sz-xtt.com\/tr\/product\/tg657v2-l-ai-sunucusu\/","title":{"rendered":"TG657V2-L AI sunucusu"},"content":{"rendered":"<h3>\u00dcr\u00fcn \u00d6zellikleri<\/h3>\n<h4>Ba\u011f\u0131ms\u0131z Kontroll\u00fc Yurti\u00e7i Platform<\/h4>\n<p>Tamamen Yerli Bile\u015fenler: Sunucumuz tamamen yerli Feiteng ARM i\u015flemcileri ve ilgili bile\u015fenleri kullanarak kapsaml\u0131 ba\u011f\u0131ms\u0131z kontrol ve ulusal bilgi g\u00fcvenli\u011fi gereksinimlerine uygunluk sa\u011flar.<\/p>\n<p>Yerli GPU Deste\u011fi: Xinchuang ve end\u00fcstri pazarlar\u0131 i\u00e7in birden fazla BMC \u00e7\u00f6z\u00fcm\u00fc ve ARMv8.2 mimarisi ile uyumlu, performans\u0131 \u00f6nemli \u00f6l\u00e7\u00fcde art\u0131ran tamamen yerli GPU kartlar\u0131n\u0131 ve \u00fcr\u00fcn yaz\u0131l\u0131m\u0131n\u0131 destekler.<\/p>\n<h4>Ye\u015fil Enerji Tasarrufu ve Verimli T\u00fcketim<\/h4>\n<p>S\u0131v\u0131 So\u011futma Teknolojisi: Feiteng S5000C-64 (2.5G) s\u0131v\u0131 so\u011futma i\u015flemcisi ile donat\u0131lm\u0131\u015f olup, hava so\u011futmal\u0131 i\u015flemcilere k\u0131yasla \u00f6nemli bir performans art\u0131\u015f\u0131 sa\u011flarken, sistem enerji verimlili\u011fini 20%'nin \u00fczerinde art\u0131r\u0131r.<\/p>\n<p>Ak\u0131ll\u0131 Fan Kontrol\u00fc: Fan h\u0131z\u0131n\u0131 temel bile\u015fenlerin s\u0131cakl\u0131\u011f\u0131na g\u00f6re ayarlayarak enerji tasarrufu sa\u011flarken g\u00fcr\u00fclt\u00fcy\u00fc azalt\u0131r ve genel sistem verimlili\u011fini art\u0131r\u0131r.<\/p>\n<p>Verimli So\u011futma: Verimli so\u011futma i\u00e7in d\u00fc\u015f\u00fck ak\u0131\u015fl\u0131 ve d\u00fc\u015f\u00fck diren\u00e7li tasar\u0131ma sahip 40 C s\u0131v\u0131 beslemesini destekler, veri merkezi enerji t\u00fcketimini ve karbon emisyonlar\u0131n\u0131 azalt\u0131r, ye\u015fil veri merkezi standartlar\u0131n\u0131 kar\u015f\u0131lar.<\/p>\n<h4>Ola\u011fan\u00fcst\u00fc Yapay Zeka Performans\u0131<\/h4>\n<p>G\u00fc\u00e7l\u00fc Hesaplama: 8-10 tam boy GPU kart\u0131n\u0131 (yerel PCIe GPU e\u011fitim kartlar\u0131) destekleyerek b\u00fcy\u00fck model e\u011fitimi ve \u00e7\u0131kar\u0131m gereksinimlerini kar\u015f\u0131lamak i\u00e7in ola\u011fan\u00fcst\u00fc yapay zeka bilgi i\u015flem g\u00fcc\u00fc sa\u011flar.<\/p>\n<p>Y\u00fcksek Verimli \u0130\u015flemciler: 2 adet Feiteng S5000C 64 \u00e7ekirdekli i\u015flemci ve maksimum 4000MHz bellek frekans\u0131na sahip 16 DDR5 bellek yuvas\u0131 ile donat\u0131lm\u0131\u015f olup ola\u011fan\u00fcst\u00fc bilgi i\u015flem performans\u0131 ve yan\u0131t verebilirlik sunar.<\/p>\n<h4>Esnek Yap\u0131land\u0131rma ve \u00d6zelle\u015ftirme<\/h4>\n<p>Mod\u00fcler Tasar\u0131m: Donan\u0131m mod\u00fcler ayr\u0131\u015ft\u0131rma tasar\u0131m\u0131, \u00e7e\u015fitli i\u015f ihtiya\u00e7lar\u0131n\u0131 kar\u015f\u0131layan ve ki\u015fiselle\u015ftirilmi\u015f \u00f6zelle\u015ftirmeyi destekleyen esnek bilgi i\u015flem, depolama ve a\u011f yap\u0131land\u0131rmas\u0131na olanak tan\u0131r.<\/p>\n<p>\u00c7e\u015fitli Depolama Se\u00e7enekleri: Farkl\u0131 veri depolama gereksinimlerini kar\u015f\u0131lamak i\u00e7in maksimum 24 U.2 NVMe yuvas\u0131 ile 3.5 veya 2.5 sabit disk mod\u00fcllerinin esnek yap\u0131land\u0131rmas\u0131n\u0131 destekler.<\/p>\n<p>Zengin Geni\u015fleme: 15 adede kadar standart PCIe Gen5 geni\u015fletme yuvas\u0131n\u0131 ve OCP NIC 3.0 a\u011f geni\u015fletmesini destekleyerek gelecekteki y\u00fckseltme ihtiya\u00e7lar\u0131n\u0131 kar\u015f\u0131lamak i\u00e7in birden fazla a\u011f yap\u0131land\u0131rma se\u00e7ene\u011fi sunar.<\/p>\n<p>Ak\u0131ll\u0131 Y\u00f6netim ile \u0130stikrarl\u0131 ve G\u00fcvenilir<\/p>\n<p>Yedekli Tasar\u0131m: Temel sistem bile\u015fenleri, aletsiz montaj ve demontaj\u0131 destekleyen, ar\u0131za bak\u0131m verimlili\u011fini ve sistem kullan\u0131labilirli\u011fini art\u0131ran yedekli ve \u00e7al\u0131\u015f\u0131rken de\u011fi\u015ftirilebilir tasar\u0131ma sahiptir.<\/p>\n<p>Ak\u0131ll\u0131 Y\u00f6netim: Entegre ak\u0131ll\u0131 y\u00f6netim \u00e7ipi, uzaktan KVM, sanal ortam, bile\u015fen durumu izleme ve kapsaml\u0131 uzaktan sistem d\u00fczeyinde ak\u0131ll\u0131 y\u00f6netim i\u00e7in anomali alarmlar\u0131 gibi \u00f6zelliklerle IPMI2.0, Redfish, SNMP ve di\u011fer y\u00f6netim protokollerini destekler.<\/p>\n<p>&nbsp;<\/p>\n<h3>Teknik \u00d6zellikler<\/h3>\n<p>CPU: 2 Feiteng S5000C-64C CPU, 64 FTC862 \u00e7ekirdek, ARMv8.2 uyumlu, 2.1GHz frekans, TDP 330W veya y\u00fcksek performansl\u0131 versiyon 2.5GHz, TDP 370W<\/p>\n<p>GPU Deste\u011fi: 8\/10 tam y\u00fckseklikte tam uzunlukta \u00e7ift geni\u015flikli (DW-FHFL) veya tek geni\u015flikli (SW-FHFL) GPU kartlar\u0131n\u0131 destekler<\/p>\n<p>Bellek: 16 DDR5 DIMM yuvas\u0131, 4000MHz'e kadar destekler, maksimum 1.0TB<\/p>\n<p>Depolama Denetleyicisi: Yerle\u015fik 6Gb\/s SATA denetleyici, 12Gb\/s SAS HBA ve RAID denetleyiciyi destekler, RAID0\/1\/10 ve RAID0\/1\/5\/6\/50\/60'\u0131 destekler<\/p>\n<p>PCIe Geni\u015fletme: Standart 12 PCIe Gen5 yuvas\u0131, 1 PCIe Gen4 yuvas\u0131, OCP 3.0 X8 yuvas\u0131<\/p>\n<p>Yerel Depolama: 24 adede kadar U.2 NVMe SSD, 8\/16\/24 2.5 sabit disk, 8\/12 3.5 sabit disk ve 2 M.2 SSD'yi destekler<\/p>\n<p>A\u011f: 1GbE RJ45 BMC IPMI y\u00f6netim portu, iste\u011fe ba\u011fl\u0131 4 adet 1GbE\/2 10GbE\/2 25GbE OCP3.0 a\u011f kart\u0131 veya PCIe standart a\u011f kartlar\u0131 ve 100\/200G NIC\/IB PCIe kartlar\u0131<\/p>\n<p>G\/\u00c7 Ba\u011flant\u0131 Noktalar\u0131: \u00d6n: 2 USB 3.0, 1 VGA portu; Arka: 1 seri port, 2 USB 3.0 portu, 1 VGA portu, 1 RJ45 y\u00f6netim portu<\/p>\n<p>Fanlar: \u00c7al\u0131\u015f\u0131rken de\u011fi\u015ftirilebilir 8 y\u00fcksek h\u0131zl\u0131 fan, N+1 yedeklilik<\/p>\n<p>G\u00fc\u00e7 Kayna\u011f\u0131: 1600W\/2000W\/2400W\/2700W g\u00fc\u00e7 se\u00e7enekleri ile 2-4 CRPS g\u00fc\u00e7 mod\u00fcl\u00fcn\u00fc, 1+1\/3+1\/2+2 yedeklili\u011fi destekler<\/p>\n<p>Y\u00f6netim \u00d6zellikleri: IPMI, SOL, IP \u00dczerinden KVM, sanal ortam, g\u00fc\u00e7 t\u00fcketimi kontrol\u00fc ve s\u0131z\u0131nt\u0131 tespitini destekler<\/p>\n<p>G\u00fcvenlik \u00d6zellikleri: S\u0131v\u0131 so\u011futma s\u0131z\u0131nt\u0131s\u0131 izleme bile\u015feni, kilitlenebilir kasa kapa\u011f\u0131, kasa izinsiz giri\u015f alg\u0131lama, anahtar kilitli \u00f6n panel, TCM<\/p>\n<p>Boyutlar: 4U rafa monte, 3,5 sabit disk kasas\u0131 boyutlar\u0131: 448x175x822mm, 2.5 sabit disk kasas\u0131 boyutlar\u0131: 448x175x772mm<\/p>\n<p>A\u011f\u0131rl\u0131k: Net a\u011f\u0131rl\u0131k yakla\u015f\u0131k 55kg, aksesuarlar ve ambalaj dahil yakla\u015f\u0131k 80kg<\/p>\n<p>S\u0131cakl\u0131k: Standart \u00e7al\u0131\u015fma s\u0131cakl\u0131\u011f\u0131 5oC - 35oC, geni\u015fletilmi\u015f \u00e7al\u0131\u015fma s\u0131cakl\u0131\u011f\u0131 5oC - 40oC, ta\u015f\u0131ma ve depolama s\u0131cakl\u0131\u011f\u0131 -40oC - 65oC<\/p>\n<p>Nem oran\u0131: \u00c7al\u0131\u015fma nemi 30% - 80%, depolama nemi 5% - 93%<\/p>\n<p>\u0130\u015fletim Sistemi Deste\u011fi: Kylin OS, OpenEuler OS, UOS ve di\u011fer a\u00e7\u0131k kaynakl\u0131 i\u015fletim sistemleri (\u00f6zel destek i\u00e7in l\u00fctfen sat\u0131\u015f departman\u0131na dan\u0131\u015f\u0131n)<\/p>\n<p>&nbsp;<\/p>\n<h3>Neden Bizi Se\u00e7melisiniz<\/h3>\n<p>Kapsaml\u0131 Yerli Kontrol: Tamamen yerli Feiteng ARM i\u015flemci ve bile\u015fenlere sahip sunucular\u0131m\u0131z, sistem kontrol\u00fcn\u00fc ve ulusal g\u00fcvenlik standartlar\u0131na uygunlu\u011fu sa\u011flar.<\/p>\n<p>\u00d6nde Gelen Ye\u015fil Enerji Tasarrufu Teknolojisi: Geli\u015fmi\u015f s\u0131v\u0131 so\u011futma teknolojisi ve ak\u0131ll\u0131 fan kontrol\u00fc performans\u0131 optimize ederken enerji verimlili\u011fini art\u0131r\u0131r, enerji t\u00fcketimini ve g\u00fcr\u00fclt\u00fcy\u00fc azalt\u0131r, daha ye\u015fil bir veri merkezine katk\u0131da bulunur.<\/p>\n<p>Ola\u011fan\u00fcst\u00fc Yapay Zeka Performans\u0131: Y\u00fcksek performansl\u0131 Feiteng S5000C i\u015flemciler ve GPU deste\u011fi ile donat\u0131lm\u0131\u015f sunucular\u0131m\u0131z, b\u00fcy\u00fck \u00f6l\u00e7ekli yapay zeka e\u011fitimi ve \u00e7\u0131kar\u0131m g\u00f6revlerinin \u00fcstesinden gelmede m\u00fckemmeldir.<\/p>\n<p>Esnek Yap\u0131land\u0131rma Se\u00e7enekleri: Mod\u00fcler tasar\u0131m ve \u00e7ok \u00e7e\u015fitli yap\u0131land\u0131rma se\u00e7enekleri, \u00e7e\u015fitli i\u015f ihtiya\u00e7lar\u0131n\u0131 ve gelecekteki y\u00fckseltmeleri kar\u015f\u0131lamak i\u00e7in \u00f6zel \u00e7\u00f6z\u00fcmler sa\u011flar.<\/p>\n<p>\u0130stikrarl\u0131 ve G\u00fcvenilir Y\u00f6netim: Yedekli tasar\u0131mlar ve ak\u0131ll\u0131 y\u00f6netim \u00f6zellikleri ile sunucular\u0131m\u0131z y\u00fcksek kararl\u0131l\u0131k ve verimlilik sa\u011flar, kesinti s\u00fcresini azalt\u0131r ve kapsaml\u0131 teknik destek sunar.<\/p>","protected":false},"excerpt":{"rendered":"<p><strong>Marka XTT<\/strong><\/p>\n<p><strong>\u00dcr\u00fcn men\u015fei \u00c7\u0130N<\/strong><\/p>\n<p><strong>Teslimat s\u00fcresi15 g\u00fcn i\u00e7inde<\/strong><\/p>\n<p><strong>Tedarik kapasitesi 9999<\/strong><\/p>\n<p>657V2-L sunucu, Phytium'un en yeni S5000C-64C sunucu i\u015fleme \u00e7ipi ve tamamen yerli \u00fcretim donan\u0131m bile\u015fenleri temel al\u0131narak geli\u015ftirilen amiral gemisi yapay zeka s\u0131v\u0131 so\u011futmal\u0131 bir sunucudur. B\u00fcy\u00fck model e\u011fitimi, \u00e7\u0131kar\u0131m, HPC ve render gibi uygulamalar i\u00e7in tasarlanm\u0131\u015ft\u0131r. En yeni FTC862 \u00e7ekirdek mimarisi \u00fczerine in\u015fa edilmi\u015f iki adet Phytium S5000C 64 \u00e7ekirdekli i\u015flemciye sahip olan sunucu, \u00f6nceki S2500 nesline k\u0131yasla en az iki kat daha fazla hesaplama performans\u0131 sunuyor. 8 ila 10 tam y\u00fckseklikte, tam uzunlukta GPU kart\u0131n\u0131 destekleyerek bilgi i\u015flem merkezlerinde, end\u00fcstri pazarlar\u0131nda ve internet sekt\u00f6rlerinde b\u00fcy\u00fck \u00f6l\u00e7ekli yapay zeka i\u015flemleri i\u00e7in \u00e7ok uygundur.<\/p>","protected":false},"featured_media":524,"template":"","meta":[],"product_brand":[],"product_cat":[30],"product_tag":[38,46,40,45,33],"class_list":{"0":"post-286","1":"product","2":"type-product","3":"status-publish","4":"has-post-thumbnail","6":"product_cat-ai-server","7":"product_tag-ai-inference-server","8":"product_tag-ai-media-server","9":"product_tag-ai-server-companies","10":"product_tag-china-ai-server","11":"product_tag-gpu-ai-server","13":"first","14":"instock","15":"shipping-taxable","16":"product-type-simple"},"_links":{"self":[{"href":"https:\/\/sz-xtt.com\/tr\/wp-json\/wp\/v2\/product\/286","targetHints":{"allow":["GET"]}}],"collection":[{"href":"https:\/\/sz-xtt.com\/tr\/wp-json\/wp\/v2\/product"}],"about":[{"href":"https:\/\/sz-xtt.com\/tr\/wp-json\/wp\/v2\/types\/product"}],"wp:featuredmedia":[{"embeddable":true,"href":"https:\/\/sz-xtt.com\/tr\/wp-json\/wp\/v2\/media\/524"}],"wp:attachment":[{"href":"https:\/\/sz-xtt.com\/tr\/wp-json\/wp\/v2\/media?parent=286"}],"wp:term":[{"taxonomy":"product_brand","embeddable":true,"href":"https:\/\/sz-xtt.com\/tr\/wp-json\/wp\/v2\/product_brand?post=286"},{"taxonomy":"product_cat","embeddable":true,"href":"https:\/\/sz-xtt.com\/tr\/wp-json\/wp\/v2\/product_cat?post=286"},{"taxonomy":"product_tag","embeddable":true,"href":"https:\/\/sz-xtt.com\/tr\/wp-json\/wp\/v2\/product_tag?post=286"}],"curies":[{"name":"wp","href":"https:\/\/api.w.org\/{rel}","templated":true}]}}