{"id":295,"date":"2025-10-15T02:23:01","date_gmt":"2025-10-15T02:23:01","guid":{"rendered":"https:\/\/sz-xtt.com\/product\/ts655v2-storage-server\/"},"modified":"2025-10-16T11:43:56","modified_gmt":"2025-10-16T11:43:56","slug":"ts655v2-storage-server","status":"publish","type":"product","link":"https:\/\/sz-xtt.com\/tr\/product\/ts655v2-storage-server\/","title":{"rendered":"TS655V2 depolama sunucusu"},"content":{"rendered":"<h3>Zorlu Uygulamalar i\u00e7in Ola\u011fan\u00fcst\u00fc Performans<\/h3>\n<p>Ola\u011fan\u00fcst\u00fc performans, esneklik ve g\u00fcvenilirlik sunmak \u00fczere tasarlanan bu 4U rafa monte sunucu, kritik uygulamalar ve b\u00fcy\u00fck \u00f6l\u00e7ekli depolama ihtiya\u00e7lar\u0131 i\u00e7in idealdir. Geli\u015fmi\u015f i\u015flem g\u00fcc\u00fc ve y\u00fcksek yo\u011funluklu depolama \u00f6zelliklerinden yararlanarak, bir dizi kurumsal ve veri yo\u011fun i\u015f y\u00fck\u00fcn\u00fc desteklemek i\u00e7in tasarlanm\u0131\u015ft\u0131r.<\/p>\n<h3>Temel \u00d6zellikler:<\/h3>\n<p>G\u00fc\u00e7l\u00fc \u0130\u015fleme:<\/p>\n<p>2 adede kadar \u00fc\u00e7\u00fcnc\u00fc nesil Intel? Xeon? \u00d6l\u00e7eklenebilir i\u015flemciler (Ice Lake serisi), etkileyici performans i\u00e7in 10nm teknolojisini ve yeni Sunny Cove mikro mimarisini kullan\u0131r.<\/p>\n<p>\u0130\u015flemci ba\u015f\u0131na 270W maksimum g\u00fc\u00e7 deste\u011fi, g\u00fc\u00e7l\u00fc hesaplama yetenekleri sa\u011flar.<\/p>\n<p>Y\u00fcksek H\u0131zl\u0131 Bellek:<\/p>\n<p>3200MHz'e kadar bellek frekans\u0131n\u0131 destekleyen 32 DDR4 bellek yuvas\u0131 ile donat\u0131lm\u0131\u015ft\u0131r.<\/p>\n<p>Geli\u015ftirilmi\u015f bellek bant geni\u015fli\u011fi, b\u00fcy\u00fck veri setlerinin ve zorlu uygulamalar\u0131n verimli bir \u015fekilde i\u015flenmesini sa\u011flar.<\/p>\n<p>B\u00fcy\u00fck Depolama Kapasitesi:<\/p>\n<p>\u00d6n taraf: 24 x 3,5\u2033 sabit s\u00fcr\u00fcc\u00fcy\u00fc destekleyerek b\u00fcy\u00fck miktarda veri i\u00e7in geni\u015f depolama alan\u0131 sa\u011flar.<\/p>\n<p>Arka k\u0131s\u0131m: 16 x 3,5\u2033 sabit s\u00fcr\u00fcc\u00fcye ve 2 x 2,5\u2033 sabit s\u00fcr\u00fcc\u00fcye kadar bar\u0131nd\u0131r\u0131r.<\/p>\n<p>Dahili: Y\u00fcksek h\u0131zl\u0131 depolama I\/O performans\u0131 i\u00e7in 4 x PCIe 4.0 U.2 NVMe SSD'ye kadar destekler.<\/p>\n<p>\u00d6l\u00e7eklenebilir Geni\u015fleme:<\/p>\n<p>\u0130\u015f ihtiya\u00e7lar\u0131na g\u00f6re esnek yap\u0131land\u0131rmaya olanak tan\u0131yan 10 adede kadar PCIe 4.0 geni\u015fletme yuvas\u0131 deste\u011fine sahip mod\u00fcler bir tasar\u0131ma sahiptir.<\/p>\n<p>6 tam y\u00fckseklikte, tam uzunlukta tek geni\u015flikte PCIe cihaz\u0131 ve kapsaml\u0131 I\/O se\u00e7enekleri i\u00e7in maksimum destek.<\/p>\n<p>Esnek A\u011f Olu\u015fturma:<\/p>\n<p>\u00c7ok y\u00f6nl\u00fc a\u011f yap\u0131land\u0131rmalar\u0131 i\u00e7in 4 x 1GbE, 2 x 10Gb SFP+, 4 x 10Gb SFP+ veya 2 x 25Gb SFP28 OCP NIC se\u00e7enekleriyle birlikte 1 x 1Gb RJ45 y\u00f6netim ba\u011flant\u0131 noktas\u0131 i\u00e7erir.<\/p>\n<p>G\u00fcvenilir Y\u00f6netim ve Bak\u0131m:<\/p>\n<p>Yedekli ve \u00e7al\u0131\u015f\u0131rken de\u011fi\u015ftirilebilir bile\u015fenler sistem g\u00fcvenilirli\u011fini art\u0131r\u0131r ve bak\u0131m\u0131 basitle\u015ftirir.<\/p>\n<p>Entegre BMC y\u00f6netim \u00e7ipi IPMI2.0, Redfish ve SNMP'yi destekleyerek bir dizi y\u00f6netim protokol\u00fc sunar.<\/p>\n<p>Kapsaml\u0131 sistem y\u00f6netimi i\u00e7in uzaktan KVM, sanal ortam, bile\u015fen durumu izleme ve uyar\u0131 bildirimleri i\u00e7erir.<\/p>\n<p>sunucu depolama<\/p>\n<h4>Neden Bizi Se\u00e7melisiniz:<\/h4>\n<p>\u00dcst\u00fcn Performans: Son teknoloji Intel? Xeon i\u015flemciler ve y\u00fcksek h\u0131zl\u0131 DDR4 bellek ile bu sunucu, karma\u015f\u0131k ve yo\u011fun veri gerektiren g\u00f6revler i\u00e7in ola\u011fan\u00fcst\u00fc performans sunar.<\/p>\n<p>Kapsaml\u0131 Depolama Se\u00e7enekleri: En fazla 44 x 3,5\u2033 sabit s\u00fcr\u00fcc\u00fcy\u00fc ve birden fazla NVMe SSD'yi destekleme \u00f6zelli\u011fi, geni\u015f depolama kapasitesi ve h\u0131zl\u0131 veri eri\u015fimi sa\u011flar.<\/p>\n<p>Y\u00fcksek Geni\u015fletilebilirlik: Esnek PCIe yuvalar\u0131 ve a\u011f se\u00e7enekleri, belirli operasyonel gereksinimleri kar\u015f\u0131lamak i\u00e7in kapsaml\u0131 \u00f6zelle\u015ftirme sa\u011flar.<\/p>\n<p>Sa\u011flam G\u00fcvenilirlik: Yedekli, \u00e7al\u0131\u015f\u0131rken de\u011fi\u015ftirilebilir bile\u015fenler ve geli\u015fmi\u015f y\u00f6netim \u00f6zellikleri, y\u00fcksek sistem kullan\u0131labilirli\u011fi ve bak\u0131m kolayl\u0131\u011f\u0131 sa\u011flar.<\/p>\n<p>Teknik \u00d6zellikler:<\/p>\n<p>\u0130\u015flemciler: 1\/2 Intel? Xeon mu? \u00d6l\u00e7eklenebilir i\u015flemciler (Ice Lake), 270W'a kadar<\/p>\n<p>Yonga seti: Intel C621A<\/p>\n<p>Bellek: 3200MHz'e kadar 32 DDR4 yuvas\u0131<\/p>\n<p>Depolama Denetleyicileri: Entegre 6Gb\/s SATA denetleyici; iste\u011fe ba\u011fl\u0131 12Gb\/s SAS HBA ve RAID denetleyiciler<\/p>\n<p>Yerel Depolama:<\/p>\n<p>\u00d6n taraf: 24 x 3,5\u2033 HDD'ye kadar<\/p>\n<p>Arka k\u0131s\u0131m: 16 x 3,5\u2033 HDD + 2 x 2,5\u2033 HDD'ye kadar<\/p>\n<p>Dahili: 4 x PCIe 4.0 U.2 NVMe SSD'ye kadar; 2 x M.2 (PCIe 3.0 x2); iste\u011fe ba\u011fl\u0131 SD mod\u00fcl\u00fc<\/p>\n<p>PCIe Geni\u015fletme: 10 adede kadar PCIe 4.0 yuvas\u0131<\/p>\n<p>GPU Deste\u011fi: 2 adede kadar tam y\u00fckseklikte, tam uzunlukta \u00e7ift geni\u015flikte GPU veya 8 adede kadar yar\u0131m y\u00fckseklikte, yar\u0131m uzunlukta tek geni\u015flikte GPU<\/p>\n<p>A\u011f: 1 x 1Gb RJ45 y\u00f6netim ba\u011flant\u0131 noktas\u0131; iste\u011fe ba\u011fl\u0131 4 x 1GbE, 2 x 10Gb SFP+, 4 x 10Gb SFP+, 2 x 25Gb SFP28 OCP NIC'ler<\/p>\n<p>Limanlar:<\/p>\n<p>\u00d6n: 1 x VGA, 2 x USB3.0, 1 x LCD Mini USB<\/p>\n<p>Arka: 1 x VGA, 2 x USB3.0, 1 x RJ45 y\u00f6netim, 1 x COM, 1 x OCP NIC 3.0 yuvas\u0131<\/p>\n<p>Y\u00f6netim Fonksiyonlar\u0131: BMC y\u00f6netim \u00e7ipi, IPMI2.0, Redfish, SOL, KVM, sanal medyay\u0131 destekler<\/p>\n<p>G\u00fcvenlik: \u0130ste\u011fe ba\u011fl\u0131 TPM\/TCM mod\u00fcl\u00fc, kasaya izinsiz giri\u015f alg\u0131lama, kilitlenebilir kapak<\/p>\n<p>G\u00fc\u00e7: 2 g\u00fc\u00e7 mod\u00fcl\u00fc ile yap\u0131land\u0131r\u0131labilir, 1+1 yedeklilik, \u00e7al\u0131\u015f\u0131rken de\u011fi\u015ftirilebilir; 220V AC\/240V DC\/336V DC\/-48V DC giri\u015f se\u00e7enekleri, 800W\/1300W\/1600W\/2000W<\/p>\n<p>Fanlar: N+1 yedekli, ak\u0131ll\u0131 h\u0131z kontroll\u00fc, \u00e7al\u0131\u015f\u0131rken de\u011fi\u015ftirilebilir 6 fan mod\u00fcl\u00fc<\/p>\n<p>Boyutlar: 4U rafa monte, 448mm x 175mm x 778mm (kulaklar olmadan 758mm)<\/p>\n<p>\u00c7al\u0131\u015fma S\u0131cakl\u0131\u011f\u0131: 5oC - 35oC<\/p>\n<p>\u00c7al\u0131\u015fma Nemi: 5% - 90%<\/p>\n<p>Desteklenen \u0130\u015fletim Sistemleri: Microsoft Windows Server, Microsoft Hyper-V Server, Red Hat Enterprise Linux, SUSE Linux Enterprise Server, CentOS, Ubuntu, Fedora, Solaris, Oracle Linux, FreeBSD, VMware ESXi, Citrix XenServer<\/p>","protected":false},"excerpt":{"rendered":"<p><strong>Marka XTT<\/strong><\/p>\n<p><strong>\u00dcr\u00fcn men\u015fei \u00c7\u0130N<\/strong><\/p>\n<p><strong>Teslimat s\u00fcresi15 g\u00fcn i\u00e7inde<\/strong><\/p>\n<p><strong>Tedarik kapasitesi9999<\/strong><\/p>\n<p>655V2 sunucusu, Zhongke Haiguang'\u0131n ikinci nesil \u201cDhyana\u201d \u00e7ekirdek serisi i\u015flemcileri kullan\u0131larak geli\u015ftirilen amiral gemisi 2U rafa monte \u00e7ift soketli bir depolama sunucusudur. Bu yerli \u00fcretim X86 mimarili \u00fcr\u00fcn, otonom kontrol sa\u011flar ve \u015fifreleme ve \u015fifre \u00e7\u00f6zme algoritmalar\u0131 ve g\u00fcvenlik kimlik do\u011frulama protokolleri gibi ulusal kriptografik standartlara uyan yerle\u015fik bir \u00f6zel g\u00fcvenlik i\u015flemcisine sahiptir. Yerel X86 mimarisi ile X86 ekosistemine sorunsuz bir \u015fekilde entegre olur. \u00dcr\u00fcn\u00fcn genel performans\u0131 m\u00fckemmeldir ve piyasadaki ana ak\u0131m yongalarla kar\u015f\u0131la\u015ft\u0131r\u0131labilir.<\/p>","protected":false},"featured_media":762,"template":"","meta":[],"product_brand":[],"product_cat":[51],"product_tag":[52,60,54,53,56],"class_list":{"0":"post-295","1":"product","2":"type-product","3":"status-publish","4":"has-post-thumbnail","6":"product_cat-storage-server","7":"product_tag-4u-storage-server","8":"product_tag-dedicated-storage-server","9":"product_tag-hp-storage-server","10":"product_tag-server-storage","11":"product_tag-storage-rack-server","13":"first","14":"instock","15":"shipping-taxable","16":"product-type-simple"},"_links":{"self":[{"href":"https:\/\/sz-xtt.com\/tr\/wp-json\/wp\/v2\/product\/295","targetHints":{"allow":["GET"]}}],"collection":[{"href":"https:\/\/sz-xtt.com\/tr\/wp-json\/wp\/v2\/product"}],"about":[{"href":"https:\/\/sz-xtt.com\/tr\/wp-json\/wp\/v2\/types\/product"}],"wp:featuredmedia":[{"embeddable":true,"href":"https:\/\/sz-xtt.com\/tr\/wp-json\/wp\/v2\/media\/762"}],"wp:attachment":[{"href":"https:\/\/sz-xtt.com\/tr\/wp-json\/wp\/v2\/media?parent=295"}],"wp:term":[{"taxonomy":"product_brand","embeddable":true,"href":"https:\/\/sz-xtt.com\/tr\/wp-json\/wp\/v2\/product_brand?post=295"},{"taxonomy":"product_cat","embeddable":true,"href":"https:\/\/sz-xtt.com\/tr\/wp-json\/wp\/v2\/product_cat?post=295"},{"taxonomy":"product_tag","embeddable":true,"href":"https:\/\/sz-xtt.com\/tr\/wp-json\/wp\/v2\/product_tag?post=295"}],"curies":[{"name":"wp","href":"https:\/\/api.w.org\/{rel}","templated":true}]}}