{"id":300,"date":"2025-10-15T02:23:01","date_gmt":"2025-10-15T02:23:01","guid":{"rendered":"https:\/\/sz-xtt.com\/product\/tu629v3-universal-type-server\/"},"modified":"2025-10-16T14:27:21","modified_gmt":"2025-10-16T14:27:21","slug":"tu629v3-universal-type-server","status":"publish","type":"product","link":"https:\/\/sz-xtt.com\/tr\/product\/tu629v3-universal-type-server\/","title":{"rendered":"TU629V3 evrensel tip sunucu"},"content":{"rendered":"<h3>\u00dcr\u00fcn \u00d6zellikleri<\/h3>\n<p><strong>Ultimate Performance to Meet Critical Application Needs<\/strong><\/p>\n<p>Processor Support: Equipped with dual AMD EPYC? 9004 series processors, each CPU can support up to 128 physical cores, doubling the core count from the previous generation.<\/p>\n<p>Interconnect: Utilizes 4 xGMI (Extreme General Purpose Interconnect) links to fully leverage<\/p>\n<p>CPU performance.<\/p>\n<p>Memory: Supports up to 24 DDR5 memory modules with a maximum frequency of 4800MT\/s, delivering exceptional memory bandwidth and capacity.<\/p>\n<p><strong>Flexible Configuration for Tailored Needs<\/strong><\/p>\n<p>Hardware Modularity: Features a decoupled hardware design, enabling flexible configuration for computing, storage, and networking to meet diverse business requirements.<\/p>\n<p>Storage Options: Supports up to 24 U.2 NVMe drives, with flexible storage configurations available.<\/p>\n<p>PCIe Expansion: Up to 10 standard PCIe expansion slots.<\/p>\n<p>Network Expansion: Supports OCP NIC 3.0 with optional expansion for 4 1GbE, 2 10Gb SFP+, 4 10Gb SFP+, or 2 25Gb SFP28 network cards.<\/p>\n<p><strong>Ak\u0131ll\u0131 Y\u00f6netim ile \u0130stikrarl\u0131 ve G\u00fcvenilir<\/strong><\/p>\n<p>Redundant Components: Features redundant and hot-swappable key components, with tool-less assembly for improved fault maintenance efficiency and system availability.<\/p>\n<p>Integrated Management: Includes an intelligent management chip offering an open management platform supporting IPMI 2.0, Redfish, SNMP, and various management protocols.<\/p>\n<p>Remote Management: Supports remote KVM, virtual media, key component status monitoring, and anomaly alerts, providing comprehensive remote system-level management.<\/p>\n<h3>Teknik \u00d6zellikler<\/h3>\n<p>Form Factor: 2U Rackmount<\/p>\n<p>\u0130\u015flemci:<\/p>\n<p>Supports dual AMD EPYC? 9004 series processors<\/p>\n<p>Each CPU supports up to 128 physical cores<\/p>\n<p>Maximum power: 400W<\/p>\n<p>4 xGMI interconnect links<\/p>\n<p>Haf\u0131za:<\/p>\n<p>24 DDR5 memory slots<\/p>\n<p>Maximum frequency: 4800MT\/s<\/p>\n<p>Supports RDIMM\/3DS RDIMM<\/p>\n<p>Depolama Denetleyicileri:<\/p>\n<p>Optional support for 12Gb\/s SAS HBA and 12Gb\/s SAS RAID cards<\/p>\n<p>Yerel Depolama:<\/p>\n<p>Front: Up to 12 x 3.5-inch or 24 x 2.5-inch drives<\/p>\n<p>Rear: Up to 4 x 2.5-inch drives<\/p>\n<p>Internal: Supports 2 x M.2 (2280\/22110, PCIe 3.0&#215;4)<\/p>\n<p>Up to 24 x U.2 NVMe drives<\/p>\n<p>PCIe Geni\u015fletme:<\/p>\n<p>Up to 10 standard PCIe expansion slots<\/p>\n<p>GPU Deste\u011fi:<\/p>\n<p>Up to 2 full-height, full-length dual-width GPUs<\/p>\n<p>Up to 4 full-height, full-length single-width GPUs<\/p>\n<p>Up to 8 half-height, half-length single-width GPUs<\/p>\n<p>\u015eebeke:<\/p>\n<p>1 x 1Gb RJ45 \u00f6zel y\u00f6netim ba\u011flant\u0131 noktas\u0131<\/p>\n<p>Optional OCP 3.0 network card with NCSI support, available configurations: 4 1GbE, 2 10Gb SFP+, 4 10Gb SFP+, 2 25Gb SFP28 or other standard-compliant cards<\/p>\n<p>I\/O Portlar\u0131:<\/p>\n<p>\u00d6n: 1 x VGA, 2 x USB 3.0<\/p>\n<p>Rear: 1 x VGA, 2 x USB 3.0, 1 x RJ45 management port, 1 x COM<\/p>\n<p>Management Functions:<\/p>\n<p>Integrated BMC management chip AST2600<\/p>\n<p>IPMI 2.0, Redfish, SOL, KVM, sanal medya deste\u011fi<\/p>\n<p>G\u00fcvenlik \u00d6zellikleri:<\/p>\n<p>Optional TPM security module<\/p>\n<p>\u015easi izinsiz giri\u015f tespiti (iste\u011fe ba\u011fl\u0131)<\/p>\n<p>Lockable chassis top cover (tool-less)<\/p>\n<p>BMC dual-flash redundancy<\/p>\n<p>G\u00fc\u00e7 Kayna\u011f\u0131:<\/p>\n<p>Configurable with 2 power modules<\/p>\n<p>Supports 1+1 redundancy and hot-swappable<\/p>\n<p>Optional high-efficiency platinum power supplies: 800W, 1300W, 1600W, 2000W, 2400W<\/p>\n<p>Input options: 220V AC \/ 240V DC<\/p>\n<p>So\u011futma:<\/p>\n<p>4 hot-swappable fans<\/p>\n<p>Supports N+1 redundancy<\/p>\n<p>Intelligent speed adjustment and anomaly alerts<\/p>\n<p>Boyutlar:<\/p>\n<p>Width: 448mm<\/p>\n<p>Height: 87mm<\/p>\n<p>Depth: 763mm (783mm including ears)<\/p>\n<p>S\u0131cakl\u0131k:<\/p>\n<p>\u00c7al\u0131\u015f\u0131r durumda: 5oC - 35oC (do\u011frudan g\u00fcne\u015f \u0131\u015f\u0131\u011f\u0131 olmadan)<\/p>\n<p>Depolama: -40oC - 65oC<\/p>\n<p>Nem oran\u0131:<\/p>\n<p>Operating Relative Humidity: 8% to 90% (non-condensing)<\/p>\n<p>Storage Relative Humidity: 5% to 95% (non-condensing)<\/p>\n<p>\u0130\u015fletim Sistemi Deste\u011fi:<\/p>\n<p>Microsoft Windows Server<\/p>\n<p>Red Hat Enterprise Linux<\/p>\n<p>SUSE Linux Enterprise Server<\/p>\n<p>Ubuntu<\/p>\n<p>Oracle Linux<\/p>\n<p>VMware ESXi<\/p>\n<p>Citrix XenServer<\/p>\n<h3>Neden Bizi Se\u00e7melisiniz?<\/h3>\n<p>Cutting-Edge Performance<\/p>\n<p>Advanced Processing Power: Dual AMD EPYC? 9004 series processors offer unprecedented core counts and interconnect speeds, delivering superior performance for demanding applications.<\/p>\n<p>Versatile and Flexible Configuration<\/p>\n<p>Modular Design: The decoupled hardware design allows for flexible configuration to meet diverse needs, including extensive storage and network expansion options.<\/p>\n<p>High Storage and Expansion Capacity<\/p>\n<p>Massive Storage: Accommodates up to 24 U.2 NVMe drives and supports various PCIe expansion options, making it ideal for large-scale data storage and high-performance applications.<\/p>\n<p>G\u00fcvenilir ve Ak\u0131ll\u0131 Y\u00f6netim<\/p>\n<p>Enhanced Reliability: Redundant and hot-swappable components, along with comprehensive remote management capabilities, ensure high availability and efficient maintenance.<\/p>","protected":false},"excerpt":{"rendered":"<p><strong>Marka AMD<\/strong><\/p>\n<p><strong>\u00dcr\u00fcn men\u015fei \u00c7\u0130N<\/strong><\/p>\n<p><strong>Teslimat s\u00fcresi15 g\u00fcn i\u00e7inde<\/strong><\/p>\n<p><strong>Tedarik kapasitesi9999<\/strong><\/p>\n<p>629V3 is a versatile 2U dual-processor general-purpose server, equipped with the latest AMD EPYC? 9004 series processors. This product features a modular design, allowing for flexible configuration based on business needs. It delivers outstanding computing performance and extensive expansion capabilities, achieving excellent cost-effectiveness and energy efficiency. It is suitable for applications such as cloud computing, virtualization, high-performance computing, and artificial intelligence.<\/p>","protected":false},"featured_media":897,"template":"","meta":[],"product_brand":[],"product_cat":[65],"product_tag":[69,66,67,68,70],"class_list":{"0":"post-300","1":"product","2":"type-product","3":"status-publish","4":"has-post-thumbnail","6":"product_cat-universal-type-server","7":"product_tag-amd-dedicated-server","8":"product_tag-amd-universal-type-server","9":"product_tag-low-power-computer-server","10":"product_tag-server-rack","11":"product_tag-server-wholesaler","13":"first","14":"instock","15":"shipping-taxable","16":"product-type-simple"},"_links":{"self":[{"href":"https:\/\/sz-xtt.com\/tr\/wp-json\/wp\/v2\/product\/300","targetHints":{"allow":["GET"]}}],"collection":[{"href":"https:\/\/sz-xtt.com\/tr\/wp-json\/wp\/v2\/product"}],"about":[{"href":"https:\/\/sz-xtt.com\/tr\/wp-json\/wp\/v2\/types\/product"}],"wp:featuredmedia":[{"embeddable":true,"href":"https:\/\/sz-xtt.com\/tr\/wp-json\/wp\/v2\/media\/897"}],"wp:attachment":[{"href":"https:\/\/sz-xtt.com\/tr\/wp-json\/wp\/v2\/media?parent=300"}],"wp:term":[{"taxonomy":"product_brand","embeddable":true,"href":"https:\/\/sz-xtt.com\/tr\/wp-json\/wp\/v2\/product_brand?post=300"},{"taxonomy":"product_cat","embeddable":true,"href":"https:\/\/sz-xtt.com\/tr\/wp-json\/wp\/v2\/product_cat?post=300"},{"taxonomy":"product_tag","embeddable":true,"href":"https:\/\/sz-xtt.com\/tr\/wp-json\/wp\/v2\/product_tag?post=300"}],"curies":[{"name":"wp","href":"https:\/\/api.w.org\/{rel}","templated":true}]}}