{"id":303,"date":"2025-10-15T02:23:01","date_gmt":"2025-10-15T02:23:01","guid":{"rendered":"https:\/\/sz-xtt.com\/product\/tu528v3-universal-type-server\/"},"modified":"2025-10-16T14:35:38","modified_gmt":"2025-10-16T14:35:38","slug":"tu528v3-universal-type-server","status":"publish","type":"product","link":"https:\/\/sz-xtt.com\/tr\/product\/tu528v3-universal-type-server\/","title":{"rendered":"TU528V3 evrensel tip sunucu"},"content":{"rendered":"<h3>\u00dcr\u00fcn \u00d6zellikleri<\/h3>\n<p>&nbsp;<\/p>\n<p>\u0130\u015flemci Deste\u011fi: 2 adet d\u00f6rd\u00fcnc\u00fc veya be\u015finci nesil Intel? Xeon? \u00d6l\u00e7eklenebilir i\u015flemciler, 385W TDP'ye kadar destekleyerek g\u00fc\u00e7l\u00fc hesaplama performans\u0131 sunar.<\/p>\n<p>Bellek: 5600MHz frekansa kadar 16 DDR5 bellek yuvas\u0131n\u0131 destekler ve bellek bant geni\u015fli\u011fini 75% art\u0131r\u0131r.<\/p>\n<p>E-ATX Tasar\u0131m: E-ATX standart kart \u00fczerine in\u015fa edilmi\u015ftir, ana ak\u0131m i\u015f y\u00fck\u00fc taleplerini m\u00fckemmel de\u011ferle kar\u015f\u0131lamak i\u00e7in performans ve maliyet etkinli\u011fini dengeler.<\/p>\n<p><strong>Esnek Yap\u0131land\u0131rma ve \u00dcst\u00fcn Geni\u015fleme<\/strong><\/p>\n<p>Depolama Se\u00e7enekleri: NVMe, SAS ve SATA yap\u0131land\u0131rmalar\u0131n\u0131 destekleyen, 3,5\u2033 ve 2,5\u2033 s\u00fcr\u00fcc\u00fclerle uyumlu esnek depolama mod\u00fcl\u00fc se\u00e7enekleri.<\/p>\n<p>NVMe Deste\u011fi: 6 adede kadar U.2 NVMe SSD bar\u0131nd\u0131rarak ana ak\u0131m uygulamalar\u0131n ihtiya\u00e7lar\u0131n\u0131 kar\u015f\u0131lamas\u0131n\u0131 sa\u011flar.<\/p>\n<p>PCIe Geni\u015fletme: Gelecekteki y\u00fckseltmeler i\u00e7in m\u00fckemmel geni\u015fletilebilirlik sa\u011flayan 6 adede kadar standart PCIe 5.0 geni\u015fletme yuvas\u0131 sunar.<\/p>\n<p><strong>Ak\u0131ll\u0131 Y\u00f6netim ile \u0130stikrarl\u0131 ve G\u00fcvenilir<\/strong><\/p>\n<p>Yedeklilik ve \u00c7al\u0131\u015f\u0131rken De\u011fi\u015ftirilebilirlik: T\u00fcm \u00f6nemli sistem bile\u015fenleri yedeklilik ve \u00e7al\u0131\u015f\u0131rken de\u011fi\u015ftirilebilirlik \u00f6zellikleriyle tasarlanm\u0131\u015ft\u0131r ve aletsiz tasar\u0131m, verimli ar\u0131za bak\u0131m\u0131 ve daha y\u00fcksek sistem kullan\u0131labilirli\u011fi sa\u011flar.<\/p>\n<p>Ak\u0131ll\u0131 Y\u00f6netim: Entegre y\u00f6netim \u00e7ipi IPMI 2.0, Redfish ve SNMP dahil olmak \u00fczere birden fazla protokol\u00fc destekleyerek a\u00e7\u0131k bir y\u00f6netim platformu sa\u011flar.<\/p>\n<p>Uzaktan Y\u00f6netim: Uzaktan KVM, sanal ortam, temel bile\u015fen durumu izleme ve anormal uyar\u0131lar\u0131 destekleyerek sistem genelinde kapsaml\u0131 ak\u0131ll\u0131 y\u00f6netim sunar.<\/p>\n<h3>Teknik \u00d6zellikler<\/h3>\n<p>Form Fakt\u00f6r\u00fc: 2U standart raf montaj\u0131<\/p>\n<p>\u0130\u015flemci:<\/p>\n<p>1 veya 2 adet d\u00f6rd\u00fcnc\u00fc veya be\u015finci nesil Intel Xeon \u00d6l\u00e7eklenebilir i\u015flemciyi destekler<\/p>\n<p>Maksimum TDP: 385W<\/p>\n<p>Yonga seti: Intel C741<\/p>\n<p>Haf\u0131za:<\/p>\n<p>16 DDR5 bellek yuvas\u0131 (1DPC)<\/p>\n<p>Maksimum frekans: 5600MHz<\/p>\n<p>Bellek t\u00fcrleri: RDIMM, 3DS RDIMM<\/p>\n<p>Maksimum kapasite: 4TB<\/p>\n<p>Depolama Denetleyicileri:<\/p>\n<p>Entegre 6Gb\/s SATA denetleyici<\/p>\n<p>\u0130ste\u011fe ba\u011fl\u0131 12Gb\/sn SAS HBA ve RAID denetleyicileri<\/p>\n<p>Yerel Depolama:<\/p>\n<p>\u00d6n taraf: 8 x 3,5 in\u00e7 se\u00e7ene\u011fi ile 12 x 3,5 in\u00e7 s\u00fcr\u00fcc\u00fcye kadar destekler<\/p>\n<p>Arka k\u0131s\u0131m: 2 x 2,5 in\u00e7 s\u00fcr\u00fcc\u00fcleri destekler<\/p>\n<p>Dahili: 2 x M.2 (PCIe 4.0 x4, 2280 &amp; 22110)<\/p>\n<p>Maksimum: 6 x U.2 NVMe SSD<\/p>\n<p>PCIe Geni\u015fletme:<\/p>\n<p>6 standart geni\u015fletme yuvas\u0131n\u0131 destekler (4 x16 ve 2 x8)<\/p>\n<p>\u015eebeke:<\/p>\n<p>1 x 1Gb RJ45 \u00f6zel y\u00f6netim ba\u011flant\u0131 noktas\u0131<\/p>\n<p>NCSI destekli 2 x 1Gb RJ45 veri ba\u011flant\u0131 noktas\u0131<\/p>\n<p>Limanlar:<\/p>\n<p>\u00d6n: 1 x VGA, 2 x USB 3.0<\/p>\n<p>Arka: 1 x VGA, 4 x USB 3.0, 1 x RJ45 y\u00f6netim portu, 1 x COM portu, 2 x 1Gb RJ45 veri portu<\/p>\n<p>Y\u00f6netim \u00d6zellikleri:<\/p>\n<p>Entegre BMC y\u00f6netim \u00e7ipi (AST2600)<\/p>\n<p>IPMI 2.0, Redfish, SOL, KVM, sanal medya deste\u011fi<\/p>\n<p>G\u00fcvenlik \u00d6zellikleri:<\/p>\n<p>\u0130ste\u011fe ba\u011fl\u0131 TPM\/TCM g\u00fcvenlik mod\u00fcl\u00fc<\/p>\n<p>\u015easi izinsiz giri\u015f tespiti<\/p>\n<p>Kilitlenebilir kasa \u00fcst kapa\u011f\u0131<\/p>\n<p>G\u00fc\u00e7 Kayna\u011f\u0131:<\/p>\n<p>2 g\u00fc\u00e7 mod\u00fcl\u00fc ile yap\u0131land\u0131r\u0131labilir (1+1 yedeklilik, \u00e7al\u0131\u015f\u0131rken de\u011fi\u015ftirilebilir)<\/p>\n<p>Giri\u015f se\u00e7enekleri: 220V AC, 240V DC<\/p>\n<p>G\u00fc\u00e7 de\u011ferleri: 800W veya 1300W Platin verimlilik<\/p>\n<p>So\u011futma Sistemi:<\/p>\n<p>N+1 yedekli, \u00e7al\u0131\u015f\u0131rken de\u011fi\u015ftirilebilir 4 fan mod\u00fcl\u00fcn\u00fc destekler<\/p>\n<p>Ak\u0131ll\u0131 fan h\u0131z\u0131 kontrol\u00fc ve anormal alarm \u00f6zellikleri<\/p>\n<p>\u015easi Boyutlar\u0131:<\/p>\n<p>Geni\u015flik: 448mm x Y\u00fckseklik: 87mm x Derinlik: 660mm (kulaklar dahil 680mm)<\/p>\n<p>S\u0131cakl\u0131k Aral\u0131\u011f\u0131:<\/p>\n<p>\u00c7al\u0131\u015fma s\u0131cakl\u0131\u011f\u0131: 5oC - 35oC (do\u011frudan g\u00fcne\u015f \u0131\u015f\u0131\u011f\u0131 olmadan)<\/p>\n<p>Depolama s\u0131cakl\u0131\u011f\u0131: -40oC - 65oC<\/p>\n<p>Nem Aral\u0131\u011f\u0131:<\/p>\n<p>\u00c7al\u0131\u015f\u0131r durumda: 8% ila 90% (yo\u011fu\u015fmas\u0131z)<\/p>\n<p>Depolama: 5% ila 95% (yo\u011fu\u015fmas\u0131z)<\/p>\n<p>\u0130\u015fletim Sistemi Deste\u011fi:<\/p>\n<p>Microsoft Windows Server<\/p>\n<p>Microsoft Hyper-V Sunucusu<\/p>\n<p>Red Hat Enterprise Linux<\/p>\n<p>SUSE Linux Enterprise Server<\/p>\n<p>CentOS<\/p>\n<p>Ubuntu<\/p>\n<p>Oracle Linux<\/p>\n<p>VMware ESXi<\/p>\n<p>Citrix XenServer<\/p>\n<h3>Neden Bizi Se\u00e7melisiniz?<\/h3>\n<p>Uygun Maliyetli Performans<\/p>\n<p>Dengeli Tasar\u0131m: G\u00fc\u00e7l\u00fc i\u015flem yetenekleri ve uygun maliyetli yap\u0131land\u0131rmay\u0131 bir araya getirerek \u00e7ok \u00e7e\u015fitli ana ak\u0131m uygulamalar i\u00e7in idealdir.<\/p>\n<p>Gelece\u011fe Y\u00f6nelik Geni\u015fleme<\/p>\n<p>\u00d6l\u00e7eklenebilirlik: PCIe 5.0 yuvalar\u0131 da dahil olmak \u00fczere esnek depolama ve geni\u015fletme se\u00e7enekleri sunarak sunucunun i\u015f ihtiya\u00e7lar\u0131n\u0131zla birlikte geli\u015fmesini sa\u011flar.<\/p>\n<p>G\u00fcvenilir \u00c7al\u0131\u015fma ve Geli\u015fmi\u015f Y\u00f6netim<\/p>\n<p>G\u00fcvenilirlik i\u00e7in \u00dcretildi: Yedekli g\u00fc\u00e7 kaynaklar\u0131, \u00e7al\u0131\u015f\u0131rken de\u011fi\u015ftirilebilir fanlar ve sa\u011flam sistem bile\u015fenleri istikrarl\u0131 \u00e7al\u0131\u015fma ve bak\u0131m kolayl\u0131\u011f\u0131 sa\u011flar.<\/p>\n<p>Ak\u0131ll\u0131 \u0130zleme: Kapsaml\u0131 uzaktan y\u00f6netim \u00f6zellikleri, kesinti s\u00fcresini en aza indirerek ve performans\u0131 optimize ederek sorunsuz sistem g\u00f6zetimi sa\u011flar.<\/p>\n<p>Son derece rekabet\u00e7i bir fiyata birinci s\u0131n\u0131f i\u015flevsellik sunmak i\u00e7in m\u00fckemmel bir \u015fekilde tasarlanm\u0131\u015f bu sunucu ile ola\u011fan\u00fcst\u00fc performans, \u00f6l\u00e7eklenebilirlik ve g\u00fcvenilirli\u011fi deneyimleyin.<\/p>","protected":false},"excerpt":{"rendered":"<p><strong>Marka Intel<\/strong><\/p>\n<p><strong>\u00dcr\u00fcn men\u015fei ABD<\/strong><\/p>\n<p><strong>Teslimat s\u00fcresi15 g\u00fcn i\u00e7inde<\/strong><\/p>\n<p><strong>Tedarik kapasitesi9999<\/strong><\/p>\n<p>XTT528V3, 4. veya 5. nesil Intel tabanl\u0131 \u00e7ok y\u00f6nl\u00fc bir 2U \u00e7ift soketli genel ama\u00e7l\u0131 sunucudur. Xeon? \u00d6l\u00e7eklenebilir i\u015flemcileri temel al\u0131r. Anakart, E-ATX standart form fakt\u00f6r\u00fcn\u00fc takip ederek ola\u011fan\u00fcst\u00fc bilgi i\u015flem performans\u0131 ve ola\u011fan\u00fcst\u00fc maliyet verimlili\u011fi sunar. Bu sunucu bulut bili\u015fim, sanalla\u015ft\u0131rma, da\u011f\u0131t\u0131lm\u0131\u015f depolama ve hiper birle\u015fik altyap\u0131 gibi uygulamalar i\u00e7in idealdir.<\/p>","protected":false},"featured_media":915,"template":"","meta":[],"product_brand":[],"product_cat":[65],"product_tag":[73,75,76,74,77],"class_list":{"0":"post-303","1":"product","2":"type-product","3":"status-publish","4":"has-post-thumbnail","6":"product_cat-universal-type-server","7":"product_tag-intel-egs-universal-type-server","8":"product_tag-intel-n100-plex-server","9":"product_tag-intel-nuc-server","10":"product_tag-intel-universal-type-server","11":"product_tag-server-company","13":"first","14":"instock","15":"shipping-taxable","16":"product-type-simple"},"_links":{"self":[{"href":"https:\/\/sz-xtt.com\/tr\/wp-json\/wp\/v2\/product\/303","targetHints":{"allow":["GET"]}}],"collection":[{"href":"https:\/\/sz-xtt.com\/tr\/wp-json\/wp\/v2\/product"}],"about":[{"href":"https:\/\/sz-xtt.com\/tr\/wp-json\/wp\/v2\/types\/product"}],"wp:featuredmedia":[{"embeddable":true,"href":"https:\/\/sz-xtt.com\/tr\/wp-json\/wp\/v2\/media\/915"}],"wp:attachment":[{"href":"https:\/\/sz-xtt.com\/tr\/wp-json\/wp\/v2\/media?parent=303"}],"wp:term":[{"taxonomy":"product_brand","embeddable":true,"href":"https:\/\/sz-xtt.com\/tr\/wp-json\/wp\/v2\/product_brand?post=303"},{"taxonomy":"product_cat","embeddable":true,"href":"https:\/\/sz-xtt.com\/tr\/wp-json\/wp\/v2\/product_cat?post=303"},{"taxonomy":"product_tag","embeddable":true,"href":"https:\/\/sz-xtt.com\/tr\/wp-json\/wp\/v2\/product_tag?post=303"}],"curies":[{"name":"wp","href":"https:\/\/api.w.org\/{rel}","templated":true}]}}