{"id":304,"date":"2025-10-15T02:23:01","date_gmt":"2025-10-15T02:23:01","guid":{"rendered":"https:\/\/sz-xtt.com\/product\/tu329v3-universal-type-server\/"},"modified":"2025-10-16T14:38:15","modified_gmt":"2025-10-16T14:38:15","slug":"tu329v3-universal-type-server","status":"publish","type":"product","link":"https:\/\/sz-xtt.com\/tr\/product\/tu329v3-universal-type-server\/","title":{"rendered":"TU329V3 evrensel tip sunucu"},"content":{"rendered":"<h3>\u00dcr\u00fcn \u00d6zellikleri<\/h3>\n<p><strong>Balanced Configuration with Exceptional Cost-Effectiveness<\/strong><\/p>\n<p>Processor: Supports a single AMD EPYC\u00a0 9004 series processor with up to 320W TDP, delivering powerful computational performance for a wide range of workloads.<\/p>\n<p>Memory: Supports 12 DDR5 memory slots with up to 4800MHz frequency, offering a 50% increase in memory bandwidth to meet demanding application requirements.<\/p>\n<p>ATX Standard Design: The server is built on the ATX standard board, balancing performance and cost, providing exceptional value while meeting mainstream workload needs.<\/p>\n<p><strong>Flexible Configuration and Expansion<\/strong><\/p>\n<p>Storage Options: Flexible storage module choices, compatible with 3.5&#8243; and 2.5&#8243; drives, and supporting NVMe, SAS, and SATA configurations.<\/p>\n<p>NVMe Support: Accommodates up to 4 U.2 NVMe SSDs to ensure it meets the needs of mainstream applications.<\/p>\n<p>PCIe Expansion: Offers up to 5 PCIe 5.0 x16 expansion slots, ensuring future-proof expansion options for various peripherals and high-speed upgrades.<\/p>\n<p><strong>Stability, Reliability, and Intelligent Management<\/strong><\/p>\n<p>Redundancy and Hot-Swappability: Key system components feature redundancy and hot-swap capabilities, ensuring high availability and ease of maintenance. Tool-less design enhances fault maintenance efficiency.<\/p>\n<p>Smart Management: The system integrates intelligent management chips, supporting IPMI 2.0, Redfish, and SNMP protocols for open, versatile management.<\/p>\n<p>Remote Management: Comprehensive remote system management includes KVM, virtual media, component status monitoring, and alert functions for reliable, real-time system oversight.<\/p>\n<h3>Teknik \u00d6zellikler<\/h3>\n<p>\u0130\u015flemci:<\/p>\n<p>Supports 1 AMD EPYC\u00a0 9004 series processor<\/p>\n<p>Maximum TDP: 320W<\/p>\n<p>Haf\u0131za:<\/p>\n<p>12 DDR5 memory slots (1DPC)<\/p>\n<p>Maximum frequency: 4800MHz<\/p>\n<p>Bellek t\u00fcrleri: RDIMM, 3DS RDIMM<\/p>\n<p>Maximum capacity: 3TB<\/p>\n<p>Depolama Denetleyicileri:<\/p>\n<p>Entegre 6Gb\/s SATA denetleyici<\/p>\n<p>\u0130ste\u011fe ba\u011fl\u0131 12Gb\/sn SAS HBA ve RAID denetleyicileri<\/p>\n<p>Yerel Depolama:<\/p>\n<p>\u00d6n taraf: 8 x 3,5 in\u00e7 se\u00e7ene\u011fi ile 12 x 3,5 in\u00e7 s\u00fcr\u00fcc\u00fcye kadar destekler<\/p>\n<p>Arka k\u0131s\u0131m: 2 x 2,5 in\u00e7 s\u00fcr\u00fcc\u00fcleri destekler<\/p>\n<p>Internal: 1 x M.2 (SATA 3.0 \/ PCIe 4.0 x4, 2280 &amp; 22110)<\/p>\n<p>Maximum: 4 x U.2 NVMe SSDs<\/p>\n<p>PCIe Geni\u015fletme:<\/p>\n<p>Supports 5 PCIe 5.0 x16 expansion slots<\/p>\n<p>\u015eebeke:<\/p>\n<p>1 x 1Gb RJ45 \u00f6zel y\u00f6netim ba\u011flant\u0131 noktas\u0131<\/p>\n<p>NCSI destekli 2 x 1Gb RJ45 veri ba\u011flant\u0131 noktas\u0131<\/p>\n<p>Limanlar:<\/p>\n<p>\u00d6n: 1 x VGA, 2 x USB 3.0<\/p>\n<p>Arka: 1 x VGA, 4 x USB 3.0, 1 x RJ45 y\u00f6netim portu, 1 x COM portu, 2 x 1Gb RJ45 veri portu<\/p>\n<p>Y\u00f6netim \u00d6zellikleri:<\/p>\n<p>Entegre BMC y\u00f6netim \u00e7ipi (AST2600)<\/p>\n<p>IPMI 2.0, Redfish, SOL, KVM, sanal medya deste\u011fi<\/p>\n<p>1Gbps RJ45 dedicated management port<\/p>\n<p>G\u00fcvenlik \u00d6zellikleri:<\/p>\n<p>\u0130ste\u011fe ba\u011fl\u0131 TPM\/TCM g\u00fcvenlik mod\u00fcl\u00fc<\/p>\n<p>\u015easi izinsiz giri\u015f tespiti<\/p>\n<p>Kilitlenebilir kasa \u00fcst kapa\u011f\u0131<\/p>\n<p>G\u00fc\u00e7 Kayna\u011f\u0131:<\/p>\n<p>2 g\u00fc\u00e7 mod\u00fcl\u00fc ile yap\u0131land\u0131r\u0131labilir (1+1 yedeklilik, \u00e7al\u0131\u015f\u0131rken de\u011fi\u015ftirilebilir)<\/p>\n<p>Giri\u015f se\u00e7enekleri: 220V AC, 240V DC<\/p>\n<p>G\u00fc\u00e7 de\u011ferleri: 800W veya 1300W Platin verimlilik<\/p>\n<p>So\u011futma Sistemi:<\/p>\n<p>Supports 3 hot-swappable fan modules with N+1 redundancy<\/p>\n<p>Ak\u0131ll\u0131 fan h\u0131z\u0131 kontrol\u00fc ve anormal alarm \u00f6zellikleri<\/p>\n<p>\u015easi Boyutlar\u0131:<\/p>\n<p>Geni\u015flik: 448mm x Y\u00fckseklik: 87mm x Derinlik: 660mm (kulaklar dahil 680mm)<\/p>\n<p>S\u0131cakl\u0131k Aral\u0131\u011f\u0131:<\/p>\n<p>\u00c7al\u0131\u015fma s\u0131cakl\u0131\u011f\u0131: 5oC - 35oC (do\u011frudan g\u00fcne\u015f \u0131\u015f\u0131\u011f\u0131 olmadan)<\/p>\n<p>Storage temperature: -40oC &#8211; 70oC<\/p>\n<p>Nem Aral\u0131\u011f\u0131:<\/p>\n<p>\u00c7al\u0131\u015f\u0131r durumda: 8% ila 90% (yo\u011fu\u015fmas\u0131z)<\/p>\n<p>Depolama: 5% ila 95% (yo\u011fu\u015fmas\u0131z)<\/p>\n<p>\u0130\u015fletim Sistemi Deste\u011fi:<\/p>\n<p>Microsoft Windows Server<\/p>\n<p>Microsoft Hyper-V Sunucusu<\/p>\n<p>Red Hat Enterprise Linux<\/p>\n<p>SUSE Linux Enterprise Server<\/p>\n<p>CentOS<\/p>\n<p>Ubuntu<\/p>\n<p>Oracle Linux<\/p>\n<p>VMware ESXi<\/p>\n<p>Citrix XenServer<\/p>\n<h3>Neden Bizi Se\u00e7melisiniz?<\/h3>\n<p>Uygun Maliyetli Performans<\/p>\n<p>High Value: Delivers powerful processing and memory capabilities at an affordable price, perfect for mainstream workloads.<\/p>\n<p>Scalable Expansion<\/p>\n<p>Future-Proof Design: With multiple PCIe 5.0 slots and flexible storage configurations, it adapts to growing data demands and changing business needs.<\/p>\n<p>Reliable Operation and Smart Management<\/p>\n<p>Fault-Tolerant Design: Redundant power, hot-swappable fans, and smart management features minimize downtime and improve serviceability.<\/p>\n<p>Intelligent Monitoring: Remote management tools ensure you can monitor and manage the system efficiently from anywhere.<\/p>","protected":false},"excerpt":{"rendered":"<p><strong>Marka AMD<\/strong><\/p>\n<p><strong>\u00dcr\u00fcn men\u015fei ABD<\/strong><\/p>\n<p><strong>Teslimat s\u00fcresi15 g\u00fcn i\u00e7inde<\/strong><\/p>\n<p><strong>Tedarik kapasitesi9999<\/strong><\/p>\n<p>XTT329V3 is a versatile 2U single-socket general-purpose server, powered by the 4th generation AMD EPYC? processor. The motherboard adopts the ATX standard form factor, providing excellent computing performance and exceptional cost-efficiency. This server is suitable for a wide range of applications, including cloud computing, virtualization, distributed storage, and hyper-converged infrastructure.<\/p>","protected":false},"featured_media":918,"template":"","meta":[],"product_brand":[],"product_cat":[65],"product_tag":[69,66,78,80,79],"class_list":{"0":"post-304","1":"product","2":"type-product","3":"status-publish","4":"has-post-thumbnail","6":"product_cat-universal-type-server","7":"product_tag-amd-dedicated-server","8":"product_tag-amd-universal-type-server","9":"product_tag-computer-server-rack-cabinet","10":"product_tag-server-brand","11":"product_tag-server-factory","13":"first","14":"instock","15":"shipping-taxable","16":"product-type-simple"},"_links":{"self":[{"href":"https:\/\/sz-xtt.com\/tr\/wp-json\/wp\/v2\/product\/304","targetHints":{"allow":["GET"]}}],"collection":[{"href":"https:\/\/sz-xtt.com\/tr\/wp-json\/wp\/v2\/product"}],"about":[{"href":"https:\/\/sz-xtt.com\/tr\/wp-json\/wp\/v2\/types\/product"}],"wp:featuredmedia":[{"embeddable":true,"href":"https:\/\/sz-xtt.com\/tr\/wp-json\/wp\/v2\/media\/918"}],"wp:attachment":[{"href":"https:\/\/sz-xtt.com\/tr\/wp-json\/wp\/v2\/media?parent=304"}],"wp:term":[{"taxonomy":"product_brand","embeddable":true,"href":"https:\/\/sz-xtt.com\/tr\/wp-json\/wp\/v2\/product_brand?post=304"},{"taxonomy":"product_cat","embeddable":true,"href":"https:\/\/sz-xtt.com\/tr\/wp-json\/wp\/v2\/product_cat?post=304"},{"taxonomy":"product_tag","embeddable":true,"href":"https:\/\/sz-xtt.com\/tr\/wp-json\/wp\/v2\/product_tag?post=304"}],"curies":[{"name":"wp","href":"https:\/\/api.w.org\/{rel}","templated":true}]}}