{"id":307,"date":"2025-10-15T02:23:02","date_gmt":"2025-10-15T02:23:02","guid":{"rendered":"https:\/\/sz-xtt.com\/product\/tu529v2-universal-type-server\/"},"modified":"2025-10-16T14:21:35","modified_gmt":"2025-10-16T14:21:35","slug":"tu529v2-evrensel-tip-sunucu","status":"publish","type":"product","link":"https:\/\/sz-xtt.com\/tr\/product\/tu529v2-evrensel-tip-sunucu\/","title":{"rendered":"TU529V2 evrensel tip sunucu"},"content":{"rendered":"<h3>\u00dcr\u00fcn \u00d6zellikleri<\/h3>\n<p><strong>Kritik Uygulamalar i\u00e7in Ola\u011fan\u00fcst\u00fc Performans<\/strong><\/p>\n<p>\u0130\u015flemci: 2 adede kadar AMD EPYC? 7002\/7003 serisi i\u015flemcileri destekler, her CPU 64 \u00e7ekirde\u011fe ve 128 i\u015f par\u00e7ac\u0131\u011f\u0131na kadar sa\u011flar ve CPU ba\u015f\u0131na maksimum 240W TDP sa\u011flar.<\/p>\n<p>Y\u00fcksek Ara Ba\u011flant\u0131 Verimlili\u011fi: Ola\u011fan\u00fcst\u00fc CPU hesaplama g\u00fcc\u00fc sa\u011flayan 4 xGMI ara ba\u011flant\u0131 ba\u011flant\u0131s\u0131na sahiptir.<\/p>\n<p>Bellek: Y\u00fcksek bellek bant geni\u015fli\u011fi i\u00e7in 3200 MHz frekans\u0131 ve 4 TB'a kadar bellek kapasitesini destekleyen 16 DDR4 bellek yuvas\u0131 ile donat\u0131lm\u0131\u015ft\u0131r ve bellek yo\u011fun i\u015f y\u00fcklerinin \u00fcstesinden gelmek i\u00e7in idealdir.<\/p>\n<p><strong>\u0130htiya\u00e7lar\u0131n\u0131z\u0131 Kar\u015f\u0131layacak Esnek Yap\u0131land\u0131rma<\/strong><\/p>\n<p>Depolama: Hem 3,5\u2033 hem de 2,5\u2033 s\u00fcr\u00fcc\u00fclerle uyumlu esnek depolama mod\u00fclleri sunar ve NVMe, SAS ve SATA yap\u0131land\u0131rmalar\u0131n\u0131 destekler.<\/p>\n<p>NVMe Deste\u011fi: 4 adede kadar U.2 NVMe s\u00fcr\u00fcc\u00fc bar\u0131nd\u0131rarak ana ak\u0131m uygulamalar i\u00e7in y\u00fcksek h\u0131zl\u0131 depolama se\u00e7enekleri sunar.<\/p>\n<p>PCIe Geni\u015fletme: 6 adede kadar PCIe yuvas\u0131n\u0131 destekleyerek kullan\u0131c\u0131lar\u0131n ek cihazlar eklemesine veya sistem \u00f6zelliklerini y\u00fckseltmesine olanak tan\u0131r.<\/p>\n<p><strong>Ak\u0131ll\u0131 Y\u00f6netim ile \u0130stikrarl\u0131 ve G\u00fcvenilir<\/strong><\/p>\n<p>Yedekli ve \u00c7al\u0131\u015f\u0131rken De\u011fi\u015ftirilebilir Tasar\u0131m: Temel sistem bile\u015fenleri, y\u00fcksek kullan\u0131labilirlik sa\u011flamak ve ar\u0131za s\u00fcresini en aza indirmek i\u00e7in yedeklilik ve \u00e7al\u0131\u015f\u0131rken de\u011fi\u015ftirilebilirlik i\u00e7in tasarlanm\u0131\u015ft\u0131r. Aletsiz demontaj, bak\u0131m verimlili\u011fini daha da art\u0131r\u0131r.<\/p>\n<p>Ak\u0131ll\u0131 Y\u00f6netim: IPMI2.0, Redfish ve SNMP gibi protokolleri destekleyen, ak\u0131ll\u0131 y\u00f6netim i\u00e7in a\u00e7\u0131k bir platform sunan bir BMC y\u00f6netim \u00e7ipi ile entegre edilmi\u015ftir.<\/p>\n<p>Uzaktan Y\u00f6netim: Kapsaml\u0131 uzaktan sistem y\u00f6netimi sa\u011flayan uzaktan KVM eri\u015fimi, sanal ortam, donan\u0131m durumu izleme ve ger\u00e7ek zamanl\u0131 uyar\u0131lar i\u00e7erir.<\/p>\n<p>&nbsp;<\/p>\n<h3>Teknik \u00d6zellikler<\/h3>\n<p>Form Fakt\u00f6r\u00fc:<\/p>\n<p>Standart 2U rafa monte kasa<\/p>\n<p>\u0130\u015flemci:<\/p>\n<p>2 adede kadar AMD EPYC Rome\/Milan i\u015flemciyi destekler<\/p>\n<p>Maksimum 240W g\u00fc\u00e7 t\u00fcketimi ile CPU ba\u015f\u0131na 64 \u00e7ekirde\u011fe kadar<\/p>\n<p>Geli\u015fmi\u015f CPU performans\u0131 i\u00e7in 4 xGMI ara ba\u011flant\u0131 ba\u011flant\u0131s\u0131<\/p>\n<p>Haf\u0131za:<\/p>\n<p>16 kanal halinde d\u00fczenlenmi\u015f 16 DDR4 bellek yuvas\u0131<\/p>\n<p>Maksimum 3200MHz bellek h\u0131z\u0131<\/p>\n<p>Toplam maksimum 4 TB kapasiteye sahip RDIMM\/LRDIMM deste\u011fi<\/p>\n<p>Depolama Denetleyicisi:<\/p>\n<p>Entegre 6Gb\/s SATA denetleyici<\/p>\n<p>\u0130ste\u011fe ba\u011fl\u0131 12Gb\/s SAS HBA ve 12Gb\/s SAS RAID kart\u0131 deste\u011fi<\/p>\n<p>Yerel Depolama:<\/p>\n<p>\u00d6n taraf: 12 x 3,5\u2033 SAS\/SATA s\u00fcr\u00fcc\u00fcye kadar destekler (iste\u011fe ba\u011fl\u0131 4 NVMe)<\/p>\n<p>Dahili: 1 x M.2 (PCIe 4.0 x4, 2280 &amp; 22110) destekler<\/p>\n<p>Arka k\u0131s\u0131m: 2 x 2,5\u2033 SAS\/SATA s\u00fcr\u00fcc\u00fcye kadar destekler<\/p>\n<p>PCIe Geni\u015fletme:<\/p>\n<p>6 adede kadar PCIe yuvas\u0131n\u0131 destekler (3 PCIe 4.0 x16 + 3 PCIe 4.0 x8)<\/p>\n<p>A\u011f olu\u015fturma:<\/p>\n<p>1 x 1Gb RJ45 \u00f6zel y\u00f6netim ba\u011flant\u0131 noktas\u0131<\/p>\n<p>2 x 1Gb RJ45 veri ba\u011flant\u0131 noktas\u0131, NCSI deste\u011fi<\/p>\n<p>I\/O Portlar\u0131:<\/p>\n<p>\u00d6n: 1 x VGA, 2 x USB 3.0<\/p>\n<p>Arka: 1 x VGA, 4 x USB 3.0, 1 x RJ45 y\u00f6netim portu, 1 x COM portu, 2 x 1Gb RJ45 veri portu<\/p>\n<p>Y\u00f6netim:<\/p>\n<p>Entegre BMC y\u00f6netim \u00e7ipi (AST2500)<\/p>\n<p>IPMI2.0, SOL, IP \u00fczerinden KVM, sanal ortam deste\u011fi<\/p>\n<p>G\u00fcvenlik:<\/p>\n<p>\u0130ste\u011fe ba\u011fl\u0131 TPM\/TCM g\u00fcvenlik mod\u00fclleri<\/p>\n<p>\u015easi izinsiz giri\u015f alg\u0131lama ve kilitlenebilir \u015fasi \u00fcst kapa\u011f\u0131 (aletsiz tasar\u0131m)<\/p>\n<p>G\u00fc\u00e7 Kayna\u011f\u0131:<\/p>\n<p>2 adede kadar g\u00fc\u00e7 mod\u00fcl\u00fc ile yap\u0131land\u0131r\u0131labilir, 1+1 yedeklili\u011fi ve \u00e7al\u0131\u015f\u0131rken de\u011fi\u015ftirmeyi destekler<\/p>\n<p>Giri\u015f se\u00e7enekleri: 220V AC, 240V DC<\/p>\n<p>G\u00fc\u00e7 se\u00e7enekleri: 550W, 800W, 1300W, 1600W<\/p>\n<p>So\u011futma:<\/p>\n<p>Standart yap\u0131land\u0131rma: 3 adet \u00e7al\u0131\u015f\u0131rken de\u011fi\u015ftirilebilir fan mod\u00fcl\u00fc, iste\u011fe ba\u011fl\u0131 olarak 4 fana y\u00fckseltilebilir<\/p>\n<p>N+1 yedeklili\u011fi, ak\u0131ll\u0131 h\u0131z kontrol\u00fcn\u00fc ve ar\u0131za uyar\u0131lar\u0131n\u0131 destekler<\/p>\n<p>\u015easi Boyutlar\u0131:<\/p>\n<p>2U rafa monte, 448mm (G) 87mm (Y) 660mm (D) (kulakl\u0131: 680mm)<\/p>\n<p>\u00c7al\u0131\u015fma S\u0131cakl\u0131\u011f\u0131:<\/p>\n<p>5oC - 35oC (do\u011frudan g\u00fcne\u015f \u0131\u015f\u0131\u011f\u0131 olmadan)<\/p>\n<p>Nem oran\u0131:<\/p>\n<p>\u00c7al\u0131\u015fma ba\u011f\u0131l nemi: 8% ila 90% yo\u011fu\u015fmas\u0131z<\/p>\n<p>Desteklenen \u0130\u015fletim Sistemleri:<\/p>\n<p>Microsoft Windows Server, Red Hat Enterprise Linux, SUSE Linux Enterprise Server, CentOS, Ubuntu, Oracle Linux, VMware ESXi, Citrix XenServer<\/p>\n<p>&nbsp;<\/p>\n<h3>Neden Bizi Se\u00e7melisiniz?<\/h3>\n<p>Zorlu Uygulamalar i\u00e7in Y\u00fcksek Performans<\/p>\n<p>CPU ba\u015f\u0131na 128 adede kadar i\u015f par\u00e7ac\u0131\u011f\u0131n\u0131 destekleyen g\u00fc\u00e7l\u00fc AMD EPYC i\u015flemcileri ile bu sunucu, en zorlu uygulamalar ve i\u015f y\u00fckleri i\u00e7in m\u00fckemmel performans sa\u011flar.<\/p>\n<p>Esnek, Mod\u00fcler Tasar\u0131m<\/p>\n<p>\u0130htiya\u00e7lar\u0131n\u0131z\u0131 tam olarak kar\u015f\u0131layan depolama ve PCIe yap\u0131land\u0131rmalar\u0131n\u0131 se\u00e7erek sunucunun farkl\u0131 i\u015f gereksinimlerine uyum sa\u011flamas\u0131n\u0131 sa\u011flay\u0131n.<\/p>\n<p>Ak\u0131ll\u0131, G\u00fcvenilir Y\u00f6netim<\/p>\n<p>Geli\u015fmi\u015f kontrol ve sistem g\u00fcvenilirli\u011fi i\u00e7in IP \u00fczerinden KVM ve ger\u00e7ek zamanl\u0131 uyar\u0131lar dahil olmak \u00fczere uzaktan y\u00f6netim ve izleme ara\u00e7lar\u0131yla donat\u0131lm\u0131\u015ft\u0131r.<\/p>","protected":false},"excerpt":{"rendered":"<p><strong>Marka AMD<\/strong><\/p>\n<p><strong>\u00dcr\u00fcn men\u015feiABD<\/strong><\/p>\n<p><strong>Teslimat s\u00fcresi15 g\u00fcn i\u00e7inde<\/strong><\/p>\n<p><strong>Tedarik kapasitesi9999<\/strong><\/p>\n<p>XTT529V2, 7002 ve 7003 serilerini destekleyen ikinci ve \u00fc\u00e7\u00fcnc\u00fc nesil AMD EPYC i\u015flemciler \u00fczerine in\u015fa edilmi\u015f \u00e7ok y\u00f6nl\u00fc bir 2U \u00e7ift soketli genel ama\u00e7l\u0131 sunucudur. M\u00fckemmel bilgi i\u015flem performans\u0131 ve ola\u011fan\u00fcst\u00fc maliyet etkinli\u011fi sunan bu sunucu, bulut bili\u015fim ve sanalla\u015ft\u0131rma gibi uygulamalar i\u00e7in idealdir.<\/p>","protected":false},"featured_media":888,"template":"","meta":[],"product_brand":[],"product_cat":[65],"product_tag":[66,77,68,82,72],"class_list":{"0":"post-307","1":"product","2":"type-product","3":"status-publish","4":"has-post-thumbnail","6":"product_cat-universal-type-server","7":"product_tag-amd-universal-type-server","8":"product_tag-server-company","9":"product_tag-server-rack","10":"product_tag-server-vs-desktop-computer","11":"product_tag-universal-server-rack-rails","13":"first","14":"instock","15":"shipping-taxable","16":"product-type-simple"},"_links":{"self":[{"href":"https:\/\/sz-xtt.com\/tr\/wp-json\/wp\/v2\/product\/307","targetHints":{"allow":["GET"]}}],"collection":[{"href":"https:\/\/sz-xtt.com\/tr\/wp-json\/wp\/v2\/product"}],"about":[{"href":"https:\/\/sz-xtt.com\/tr\/wp-json\/wp\/v2\/types\/product"}],"wp:featuredmedia":[{"embeddable":true,"href":"https:\/\/sz-xtt.com\/tr\/wp-json\/wp\/v2\/media\/888"}],"wp:attachment":[{"href":"https:\/\/sz-xtt.com\/tr\/wp-json\/wp\/v2\/media?parent=307"}],"wp:term":[{"taxonomy":"product_brand","embeddable":true,"href":"https:\/\/sz-xtt.com\/tr\/wp-json\/wp\/v2\/product_brand?post=307"},{"taxonomy":"product_cat","embeddable":true,"href":"https:\/\/sz-xtt.com\/tr\/wp-json\/wp\/v2\/product_cat?post=307"},{"taxonomy":"product_tag","embeddable":true,"href":"https:\/\/sz-xtt.com\/tr\/wp-json\/wp\/v2\/product_tag?post=307"}],"curies":[{"name":"wp","href":"https:\/\/api.w.org\/{rel}","templated":true}]}}