{"id":308,"date":"2025-10-15T02:23:02","date_gmt":"2025-10-15T02:23:02","guid":{"rendered":"https:\/\/sz-xtt.com\/product\/tu628v2-universal-type-server\/"},"modified":"2025-10-16T14:24:07","modified_gmt":"2025-10-16T14:24:07","slug":"tu628v2-universal-type-server","status":"publish","type":"product","link":"https:\/\/sz-xtt.com\/tr\/product\/tu628v2-universal-type-server\/","title":{"rendered":"TU628V2 evrensel tip sunucu"},"content":{"rendered":"<h3>\u00dcr\u00fcn \u00d6zellikleri<\/h3>\n<p><strong>Zorlu Uygulamalar i\u00e7in Ola\u011fan\u00fcst\u00fc Performans<\/strong><\/p>\n<p>\u0130\u015flemci: 1 veya 2 Intel'i destekler? Xeon? 8300, 6300, 5300 veya 4300 serisinden \u00f6l\u00e7eklenebilir i\u015flemcileri (Ice Lake), CPU ba\u015f\u0131na maksimum 270W TDP ile destekler.<\/p>\n<p>UPI Ara Ba\u011flant\u0131s\u0131: 11,2GT\/sn'ye varan h\u0131zlarda 3 UPI ba\u011flant\u0131s\u0131n\u0131 destekleyerek i\u015flemciler aras\u0131ndaki veri aktar\u0131m h\u0131zlar\u0131n\u0131 art\u0131r\u0131r.<\/p>\n<p>Bellek: Y\u00fcksek bellek bant geni\u015fli\u011fi ve kapasitesi sa\u011flayan 3200MHz'e kadar h\u0131z deste\u011fi ile 32 DDR4 bellek yuvas\u0131 sunar.<\/p>\n<p><strong>\u0130htiya\u00e7lar\u0131n\u0131z\u0131 Kar\u015f\u0131layacak Esnek Yap\u0131land\u0131rma<\/strong><\/p>\n<p>Depolama Se\u00e7enekleri: Esnek donan\u0131m mod\u00fcl\u00fc tasar\u0131m\u0131, 20 x 3,5\u2033 sabit s\u00fcr\u00fcc\u00fcy\u00fc veya 39 x 2,5\u2033 sabit s\u00fcr\u00fcc\u00fcy\u00fc destekler.<\/p>\n<p>PCIe Geni\u015fletme: 6 adede kadar tam y\u00fckseklikte, tam uzunlukta tek geni\u015flikte PCIe cihaz\u0131n\u0131 destekleyebilen 10 adede kadar PCIe 4.0 geni\u015fletme yuvas\u0131na sahiptir.<\/p>\n<p>A\u011f Geni\u015fletme: 4x1GbE, 2x10Gb SFP+, 4x10Gb SFP+ veya 2x25Gb SFP28 dahil olmak \u00fczere iste\u011fe ba\u011fl\u0131 a\u011f yap\u0131land\u0131rmalar\u0131na sahip OCP NIC 3.0'\u0131 destekler.<\/p>\n<p><strong>Ak\u0131ll\u0131 Y\u00f6netim ile \u0130stikrarl\u0131 ve G\u00fcvenilir<\/strong><\/p>\n<p>Yedekli ve \u00c7al\u0131\u015f\u0131rken De\u011fi\u015ftirilebilir Tasar\u0131m: Temel sistem bile\u015fenleri, bak\u0131m verimlili\u011fini ve sistem g\u00fcvenilirli\u011fini art\u0131racak \u015fekilde yedekli ve \u00e7al\u0131\u015f\u0131rken de\u011fi\u015ftirilebilir olarak tasarlanm\u0131\u015ft\u0131r.<\/p>\n<p>Ak\u0131ll\u0131 Y\u00f6netim: IPMI2.0, Redfish, SNMP ve di\u011fer y\u00f6netim protokollerini destekleyen bir BMC y\u00f6netim \u00e7ipi ile entegre edilmi\u015ftir.<\/p>\n<p>Uzaktan Y\u00f6netim: Kapsaml\u0131 uzaktan sistem y\u00f6netimi i\u00e7in uzaktan KVM eri\u015fimi, sanal ortam, donan\u0131m durumu izleme ve ger\u00e7ek zamanl\u0131 uyar\u0131lar i\u00e7erir.<\/p>\n<h3>Teknik \u00d6zellikler<\/h3>\n<p>Form Fakt\u00f6r\u00fc:<\/p>\n<p>2U rafa monte sunucu<\/p>\n<p>\u0130\u015flemci:<\/p>\n<p>1 veya 2 Intel'i destekler mi? Xeon mu? \u00d6l\u00e7eklenebilir i\u015flemciler (Ice Lake)<\/p>\n<p>CPU ba\u015f\u0131na 270W'a kadar<\/p>\n<p>11,2GT\/sn'ye varan h\u0131zlarda 3 adede kadar UPI ba\u011flant\u0131s\u0131<\/p>\n<p>Yonga seti:<\/p>\n<p>Intel C621A<\/p>\n<p>Haf\u0131za:<\/p>\n<p>16 kanal halinde d\u00fczenlenmi\u015f 32 DDR4 bellek yuvas\u0131<\/p>\n<p>Maksimum 3200MHz bellek h\u0131z\u0131<\/p>\n<p>Bellek t\u00fcrleri: RDIMM\/LRDIMM<\/p>\n<p>Maksimum bellek kapasitesi: 12TB<\/p>\n<p>Depolama Denetleyicisi:<\/p>\n<p>Entegre 6Gb\/s SATA denetleyici<\/p>\n<p>\u0130ste\u011fe ba\u011fl\u0131 12Gb\/s SAS HBA ve 12Gb\/s SAS RAID denetleyicisi<\/p>\n<p>Yerel Depolama:<\/p>\n<p>\u00d6n taraf: 12 x 3,5\u2033 veya 25 x 2,5\u2033 s\u00fcr\u00fcc\u00fcye kadar destekler<\/p>\n<p>Arka taraf: 4 x 3,5\u2033 + 4 x 2,5\u2033 s\u00fcr\u00fcc\u00fcye kadar veya 10 x 2,5\u2033 s\u00fcr\u00fcc\u00fcy\u00fc destekler<\/p>\n<p>Dahili: 4 x 3,5\u2033 s\u00fcr\u00fcc\u00fcleri destekler (2,5\u2033 s\u00fcr\u00fcc\u00fclerle uyumludur)<\/p>\n<p>M.2: 2 x M.2 (2280, PCIe 3.0 x2), iste\u011fe ba\u011fl\u0131 SD mod\u00fcl\u00fc (RAID1 \u00e7ift Micro SD) destekler<\/p>\n<p>PCIe Geni\u015fletme:<\/p>\n<p>10 adede kadar PCIe 4.0 geni\u015fletme yuvas\u0131n\u0131 destekler<\/p>\n<p>GPU Deste\u011fi:<\/p>\n<p>3 adede kadar \u00e7ift geni\u015flikli GPU'yu veya 8 adede kadar tek geni\u015flikli GPU'yu destekler<\/p>\n<p>A\u011f olu\u015fturma:<\/p>\n<p>1 x 1Gb RJ45 \u00f6zel y\u00f6netim ba\u011flant\u0131 noktas\u0131<\/p>\n<p>Konfig\u00fcrasyonlara sahip iste\u011fe ba\u011fl\u0131 OCP NIC 3.0: 4x1GbE, 2x10Gb SFP+, 4x10Gb SFP+, 2x25Gb SFP28<\/p>\n<p>I\/O Portlar\u0131:<\/p>\n<p>\u00d6n: 1 x VGA, 2 x USB 3.0, 1 x LCD Mini USB<\/p>\n<p>Arka: 1 x VGA, 2 x USB 3.0, 1 x RJ45 y\u00f6netim portu, 1 x COM portu, 1 x OCP NIC 3.0 yuvas\u0131<\/p>\n<p>Y\u00f6netim:<\/p>\n<p>Entegre BMC y\u00f6netim \u00e7ipi, IPMI2.0, SOL, KVM, sanal medyay\u0131 destekler<\/p>\n<p>1 x 1Gbps RJ45 \u00f6zel y\u00f6netim ba\u011flant\u0131 noktas\u0131, iste\u011fe ba\u011fl\u0131 LCD y\u00f6netim mod\u00fcl\u00fc sa\u011flar<\/p>\n<p>G\u00fcvenlik:<\/p>\n<p>\u0130ste\u011fe ba\u011fl\u0131 TPM\/TCM g\u00fcvenlik mod\u00fclleri<\/p>\n<p>Kasa izinsiz giri\u015f alg\u0131lama ve kilitlenebilir kasa \u00fcst kapa\u011f\u0131<\/p>\n<p>G\u00fc\u00e7 Kayna\u011f\u0131:<\/p>\n<p>2'ye kadar g\u00fc\u00e7 mod\u00fcl\u00fc ile yap\u0131land\u0131r\u0131labilir, 1+1 yedeklili\u011fi ve \u00e7al\u0131\u015f\u0131rken de\u011fi\u015ftirmeyi destekler<\/p>\n<p>Giri\u015f se\u00e7enekleri: 220V AC, 240V DC, 336V DC, -48V DC<\/p>\n<p>G\u00fc\u00e7 se\u00e7enekleri: 800W, 1300W, 1600W, 2000W (y\u00fcksek verimli platin)<\/p>\n<p>So\u011futma:<\/p>\n<p>4 \u00e7al\u0131\u015f\u0131rken de\u011fi\u015ftirilebilir fan mod\u00fcl\u00fc, 3+1 yedeklili\u011fi destekler<\/p>\n<p>Ak\u0131ll\u0131 h\u0131z kontrol\u00fc ve ar\u0131za uyar\u0131lar\u0131<\/p>\n<p>\u015easi Boyutlar\u0131:<\/p>\n<p>2U rafa monte, 447mm (G) 87mm (Y) 763mm (D) (kulakl\u0131: 783mm)<\/p>\n<p>\u00c7al\u0131\u015fma S\u0131cakl\u0131\u011f\u0131:<\/p>\n<p>5oC - 35oC (detayl\u0131 bilgi i\u00e7in l\u00fctfen sat\u0131\u015f personeline dan\u0131\u015f\u0131n\u0131z)<\/p>\n<p>\u00c7al\u0131\u015fma Nemi:<\/p>\n<p>0% - 90% ba\u011f\u0131l nem<\/p>\n<p>Desteklenen \u0130\u015fletim Sistemleri:<\/p>\n<p>Microsoft Windows Server, Microsoft Hyper-V Server, Red Hat Enterprise Linux, SUSE Linux Enterprise Server, CentOS, Ubuntu, Fedora, Solaris, Oracle Linux, FreeBSD, VMware ESXi, Citrix XenServer<\/p>\n<h3>Neden Bizi Se\u00e7melisiniz?<\/h3>\n<p>Geli\u015fmi\u015f \u00d6zelliklerle G\u00fc\u00e7l\u00fc Performans<\/p>\n<p>Intel ile mi? Xeon? \u00d6l\u00e7eklenebilir i\u015flemciler ve 32 adede kadar DDR4 bellek yuvas\u0131 ile bu sunucu, yo\u011fun uygulamalar\u0131 ve i\u015f y\u00fcklerini kolayl\u0131kla idare etmek i\u00e7in tasarlanm\u0131\u015ft\u0131r.<\/p>\n<p>Son Derece Yap\u0131land\u0131r\u0131labilir<\/p>\n<p>Esnek depolama ve PCIe se\u00e7enekleri, sunucuyu \u00f6zel ihtiya\u00e7lar\u0131n\u0131za g\u00f6re uyarlaman\u0131za olanak tan\u0131yarak \u00e7e\u015fitli i\u015f gereksinimlerine uyum sa\u011flamas\u0131n\u0131 sa\u011flar.<\/p>\n<p>G\u00fcvenilir ve Ak\u0131ll\u0131 Y\u00f6netim<\/p>\n<p>Geli\u015fmi\u015f y\u00f6netim ara\u00e7lar\u0131 ve yedekli tasar\u0131mla donat\u0131lan bu sunucu, kapsaml\u0131 uzaktan y\u00f6netim \u00f6zellikleriyle y\u00fcksek kullan\u0131labilirlik ve bak\u0131m kolayl\u0131\u011f\u0131 sa\u011flar.<\/p>","protected":false},"excerpt":{"rendered":"<p><strong>Marka Intel<\/strong><\/p>\n<p><strong>\u00dcr\u00fcn men\u015feiABD<\/strong><\/p>\n<p><strong>Teslimat s\u00fcresi15 g\u00fcn i\u00e7inde<\/strong><\/p>\n<p><strong>Tedarik kapasitesi9999<\/strong><\/p>\n<p>XTT628V2, Intel Xeon \u00d6l\u00e7eklenebilir i\u015flemcileri (Ice Lake-SP) kullanan ve bilgi i\u015flem, depolama ve a\u011f performans\u0131nda kapsaml\u0131 bir at\u0131l\u0131m ger\u00e7ekle\u015ftiren 2U \u00e7ift soketli genel ama\u00e7l\u0131 bir raf sunucusudur. Yenilik\u00e7i sunucu donan\u0131m\u0131 mod\u00fcler tasar\u0131m konsepti ve teknolojisine dayanan bu sunucu, depolama ve a\u011f kaynaklar\u0131n\u0131 tam olarak kullan\u0131r. Sunucu, i\u015f ihtiya\u00e7lar\u0131na g\u00f6re esnek yap\u0131land\u0131rma sunarak ola\u011fan\u00fcst\u00fc maliyet etkinli\u011fi ve enerji verimlili\u011fi sa\u011flar. \u0130nternet hizmetleri, bulut bili\u015fim, veritabanlar\u0131 ve b\u00fcy\u00fck veri uygulamalar\u0131 i\u00e7in yayg\u0131n olarak uygulanabilir.<\/p>","protected":false},"featured_media":892,"template":"","meta":[],"product_brand":[],"product_cat":[65],"product_tag":[75,76,74,83,80],"class_list":{"0":"post-308","1":"product","2":"type-product","3":"status-publish","4":"has-post-thumbnail","6":"product_cat-universal-type-server","7":"product_tag-intel-n100-plex-server","8":"product_tag-intel-nuc-server","9":"product_tag-intel-universal-type-server","10":"product_tag-intel-whitley-universal-type-server","11":"product_tag-server-brand","13":"first","14":"instock","15":"shipping-taxable","16":"product-type-simple"},"_links":{"self":[{"href":"https:\/\/sz-xtt.com\/tr\/wp-json\/wp\/v2\/product\/308","targetHints":{"allow":["GET"]}}],"collection":[{"href":"https:\/\/sz-xtt.com\/tr\/wp-json\/wp\/v2\/product"}],"about":[{"href":"https:\/\/sz-xtt.com\/tr\/wp-json\/wp\/v2\/types\/product"}],"wp:featuredmedia":[{"embeddable":true,"href":"https:\/\/sz-xtt.com\/tr\/wp-json\/wp\/v2\/media\/892"}],"wp:attachment":[{"href":"https:\/\/sz-xtt.com\/tr\/wp-json\/wp\/v2\/media?parent=308"}],"wp:term":[{"taxonomy":"product_brand","embeddable":true,"href":"https:\/\/sz-xtt.com\/tr\/wp-json\/wp\/v2\/product_brand?post=308"},{"taxonomy":"product_cat","embeddable":true,"href":"https:\/\/sz-xtt.com\/tr\/wp-json\/wp\/v2\/product_cat?post=308"},{"taxonomy":"product_tag","embeddable":true,"href":"https:\/\/sz-xtt.com\/tr\/wp-json\/wp\/v2\/product_tag?post=308"}],"curies":[{"name":"wp","href":"https:\/\/api.w.org\/{rel}","templated":true}]}}