{"id":309,"date":"2025-10-15T02:23:04","date_gmt":"2025-10-15T02:23:04","guid":{"rendered":"https:\/\/sz-xtt.com\/product\/tu625v2-universal-type-server\/"},"modified":"2025-10-16T14:00:54","modified_gmt":"2025-10-16T14:00:54","slug":"tu625v2-universal-type-server","status":"publish","type":"product","link":"https:\/\/sz-xtt.com\/tr\/product\/tu625v2-universal-type-server\/","title":{"rendered":"TU625V2 evrensel tip sunucu"},"content":{"rendered":"<h3>\u00dcr\u00fcn \u00d6zellikleri<\/h3>\n<p>Domestic Platform, Independently Controllable<\/p>\n<p>Full Domestic Production: Utilizes entirely domestic processors and components, ensuring complete control and independence.<\/p>\n<p>Domestic Firmware: Supports various BMC solutions for Xinxin and industry markets.<\/p>\n<p>X86 Architecture: Native X86 architecture provides excellent performance, easy platform migration, and strong application compatibility.<\/p>\n<p>Extreme Performance Meets Critical Application Needs<\/p>\n<p>Processor Support: Supports 1-2 Haiguang Dhyana 7000\/5000 series processors, up to 32 cores and 64 threads per CPU, with a maximum TDP of 280W.<\/p>\n<p>Memory Configuration: Supports 32 DDR4 DIMM slots with speeds up to 3200MHz, offering significant improvements in memory bandwidth and capacity.<\/p>\n<p>PCIe 4.0: Single CPU supports up to 128 PCIe lanes, greatly enhancing system expansion capabilities.<\/p>\n<p>\u0130htiyaca G\u00f6re Esnek Konfig\u00fcrasyon<\/p>\n<p>Hardware Modular Design: Allows flexible configuration of computing, storage, and networking to meet various business requirements.<\/p>\n<p>Storage Options: Supports up to 22 U.2 NVMe drive modules, with a front panel supporting up to 12 x 3.5&#8243; drives or 25 x 2.5&#8243; drives.<\/p>\n<p>PCIe Expansion: Supports up to 10 PCIe Gen4 expansion slots (customizable), with OCP NIC 3.0 network expansion providing various network configuration options.<\/p>\n<p>\u0130stikrarl\u0131 ve G\u00fcvenilir Ak\u0131ll\u0131 Y\u00f6netim<\/p>\n<p>Redundant Design: Key system components feature redundant, hot-swappable designs with tool-free installation, enhancing system availability and maintenance efficiency.<\/p>\n<p>Intelligent Management: Integrated BMC management chip supports IPMI2.0, Redfish, SNMP, and other management protocols, with remote KVM, virtual media, component status monitoring, and fault alerts, ensuring comprehensive remote system-level management.<\/p>\n<h3>Teknik \u00d6zellikler<\/h3>\n<p>Model: XTT625V2<\/p>\n<p>\u0130\u015flemci:<\/p>\n<p>1-2 Haiguang Dhyana 7200\/7300\/5200\/5300 serisi CPU'lar\u0131 destekler<\/p>\n<p>32 \u00e7ekirde\u011fe kadar, 64 i\u015f par\u00e7ac\u0131\u011f\u0131<\/p>\n<p>CPU ba\u015f\u0131na maksimum 280W TDP<\/p>\n<p>Yonga seti:<\/p>\n<p>NA<\/p>\n<p>Haf\u0131za:<\/p>\n<p>Supports 16 memory channels, 2 DIMMs per channel, totaling 32 DDR4 DIMM slots<\/p>\n<p>Bellek t\u00fcrleri: DDR4 ECC RDIMM'ler\/LRDIMM'ler<\/p>\n<p>Maksimum bellek h\u0131z\u0131: 3200MHz<\/p>\n<p>Maximum memory capacity: 4.0TB<\/p>\n<p>Depolama Denetleyicisi:<\/p>\n<p>Yerle\u015fik 6Gb\/s SATA denetleyici<\/p>\n<p>\u0130ste\u011fe ba\u011fl\u0131 12Gb\/s SAS HBA ve RAID 0\/1\/10, \u00f6nbellek s\u00fcper kapasit\u00f6r korumal\u0131 RAID 0\/1\/5\/6\/50\/60 dahil RAID se\u00e7enekleri<\/p>\n<p>Depolama:<\/p>\n<p>Front: Supports up to 12 x 3.5&#8243; drives or 25 x 2.5&#8243; drives, or up to 22 x U.2 NVMe (special configuration)<\/p>\n<p>Rear: Supports up to 6 x 2.5&#8243; drives (4 of which can support U.2 NVMe)<\/p>\n<p>Internal: Supports 2 x M.2 (2280)<\/p>\n<p>PCIe Geni\u015fletme:<\/p>\n<p>Standard configuration: up to 8 PCIe Gen4 expansion slots<\/p>\n<p>Custom configuration: up to 10 PCIe Gen4 expansion slots<\/p>\n<p>1 x standard OCP 3.0 X8 slot (supports Multi Host\/NCSI)<\/p>\n<p>GPU Deste\u011fi:<\/p>\n<p>Supports up to 2 full-height, full-length dual-width GPUs (PCIe Gen4 X16 DW-FHFL)<\/p>\n<p>Supports up to 4 full-height, full-length single-width GPUs (PCIe Gen4 X16 SW-FHFL)<\/p>\n<p>A\u011f olu\u015fturma:<\/p>\n<p>Integrated 1 x 1GbE RJ45 BMC management port<\/p>\n<p>Optional network configurations: 2 x 1GbE, 4 x 1GbE, 2 x 10GbE, 2 x 25GbE OCP3.0 NIC or PCIe network cards<\/p>\n<p>Y\u00f6netim:<\/p>\n<p>Supports BMC management card with IPMI, SOL, KVM Over IP, virtual media<\/p>\n<p>G\u00fcvenlik:<\/p>\n<p>\u0130ste\u011fe ba\u011fl\u0131 kasa izinsiz giri\u015f alg\u0131lama<\/p>\n<p>\u00d6zel anahtarla kilitlenebilir \u00f6n panel<\/p>\n<p>Kilitlenebilir kasa \u00fcst kapa\u011f\u0131 (standart)<\/p>\n<p>\u0130ste\u011fe ba\u011fl\u0131 TPM\/TCM mod\u00fclleri<\/p>\n<p>G\u00fc\u00e7 Kayna\u011f\u0131:<\/p>\n<p>Supports 1-2 CRPS power modules, with 1+1 redundancy and hot-swapping<\/p>\n<p>Giri\u015f se\u00e7enekleri: 220V AC, 240V DC, 336V DC, -48V DC<\/p>\n<p>G\u00fc\u00e7 se\u00e7enekleri: 550W, 800W, 1300W<\/p>\n<p>Limanlar:<\/p>\n<p>\u00d6n: 1 x VGA, 2 x USB 3.0<\/p>\n<p>Rear: 1 x VGA, 2 x USB 3.0, 1 x COM port, 1 x RJ45 1GbE management port<\/p>\n<p>Boyutlar:<\/p>\n<p>Rackmount 2U, 447mm (W) 87mm (H) 763mm (D) (with ears: 783mm)<\/p>\n<p>A\u011f\u0131rl\u0131k:<\/p>\n<p>Net weight approximately 35KG, gross weight including accessories and packaging approximately 42KG (varies with configuration)<\/p>\n<p>S\u0131cakl\u0131k:<\/p>\n<p>Standart \u00e7al\u0131\u015fma s\u0131cakl\u0131\u011f\u0131: 5oC - 35oC (do\u011frudan g\u00fcne\u015f \u0131\u015f\u0131\u011f\u0131 yok)<\/p>\n<p>Geni\u015fletilmi\u015f \u00e7al\u0131\u015fma s\u0131cakl\u0131\u011f\u0131: 5oC - 40oC (\u00f6zel konfig\u00fcrasyonlar)<\/p>\n<p>Depolama s\u0131cakl\u0131\u011f\u0131: -40oC - 65oC<\/p>\n<p>Nem oran\u0131:<\/p>\n<p>\u00c7al\u0131\u015fma nemi: 30% - 80% (yo\u011fu\u015fmas\u0131z)<\/p>\n<p>Depolama nemi: 5% - 90% (yo\u011fu\u015fmas\u0131z)<\/p>\n<p>Desteklenen \u0130\u015fletim Sistemleri:<\/p>\n<p>Zhongbiao Kirin, Red Hat Enterprise Linux, SLES, CentOS, QEMU-Xen, vSphere, QEMU-KVM, Ubuntu, VMware ESXi 6.0<\/p>\n<h3>Neden Bizi Se\u00e7melisiniz?<\/h3>\n<p>Domestic Advantage<\/p>\n<p>Utilizes entirely domestic processors and components, ensuring independence and suitability for national strategic needs.<\/p>\n<p>Outstanding Performance<\/p>\n<p>High-performance Haiguang processors and large-capacity DDR4 memory configurations meet demanding computing needs and high bandwidth requirements.<\/p>\n<p>Flexible Configuration<\/p>\n<p>Modular hardware design and extensive storage and expansion options meet various business scenarios.<\/p>\n<p>Stable and Reliable Management<\/p>\n<p>Redundant design and intelligent management features provide high availability and comprehensive remote management capabilities.<\/p>","protected":false},"excerpt":{"rendered":"<p><strong>Marka XTT<\/strong><\/p>\n<p><strong>\u00dcr\u00fcn men\u015fei \u00c7\u0130N<\/strong><\/p>\n<p><strong>Teslimat s\u00fcresi15 g\u00fcn i\u00e7inde<\/strong><\/p>\n<p><strong>Tedarik kapasitesi9999<\/strong><\/p>\n<p>XTT625V2 is a flagship 2U dual-socket general-purpose rack server developed based on the &#8220;Dhyana&#8221; core series processors from Zhongke Haiguang. It is a domestically controlled X86 architecture product that includes a dedicated security processor, complying with national encryption algorithms and security authentication protocols. With its native X86 architecture, it integrates seamlessly into the X86 ecosystem. The server offers excellent overall performance, comparable to mainstream chips in the market.<\/p>","protected":false},"featured_media":846,"template":"","meta":[],"product_brand":[],"product_cat":[65],"product_tag":[81,80,85,84,72],"class_list":{"0":"post-309","1":"product","2":"type-product","3":"status-publish","4":"has-post-thumbnail","6":"product_cat-universal-type-server","7":"product_tag-best-computer-for-plex-server","8":"product_tag-server-brand","9":"product_tag-server-manufacturer","10":"product_tag-universal-device-server","11":"product_tag-universal-server-rack-rails","13":"first","14":"instock","15":"shipping-taxable","16":"product-type-simple"},"_links":{"self":[{"href":"https:\/\/sz-xtt.com\/tr\/wp-json\/wp\/v2\/product\/309","targetHints":{"allow":["GET"]}}],"collection":[{"href":"https:\/\/sz-xtt.com\/tr\/wp-json\/wp\/v2\/product"}],"about":[{"href":"https:\/\/sz-xtt.com\/tr\/wp-json\/wp\/v2\/types\/product"}],"wp:featuredmedia":[{"embeddable":true,"href":"https:\/\/sz-xtt.com\/tr\/wp-json\/wp\/v2\/media\/846"}],"wp:attachment":[{"href":"https:\/\/sz-xtt.com\/tr\/wp-json\/wp\/v2\/media?parent=309"}],"wp:term":[{"taxonomy":"product_brand","embeddable":true,"href":"https:\/\/sz-xtt.com\/tr\/wp-json\/wp\/v2\/product_brand?post=309"},{"taxonomy":"product_cat","embeddable":true,"href":"https:\/\/sz-xtt.com\/tr\/wp-json\/wp\/v2\/product_cat?post=309"},{"taxonomy":"product_tag","embeddable":true,"href":"https:\/\/sz-xtt.com\/tr\/wp-json\/wp\/v2\/product_tag?post=309"}],"curies":[{"name":"wp","href":"https:\/\/api.w.org\/{rel}","templated":true}]}}