{"id":310,"date":"2025-10-15T02:23:04","date_gmt":"2025-10-15T02:23:04","guid":{"rendered":"https:\/\/sz-xtt.com\/product\/tu525v2-universal-type-server\/"},"modified":"2025-10-16T14:03:42","modified_gmt":"2025-10-16T14:03:42","slug":"tu525v2-universal-type-server","status":"publish","type":"product","link":"https:\/\/sz-xtt.com\/tr\/product\/tu525v2-universal-type-server\/","title":{"rendered":"TU525V2 evrensel tip sunucu"},"content":{"rendered":"<h3>Neden Bizi Se\u00e7melisiniz<\/h3>\n<p><strong>Tam Kontroll\u00fc Yurti\u00e7i Platform<\/strong><\/p>\n<p>Tam Ba\u011f\u0131ms\u0131zl\u0131k: Sunucumuz tamamen yerli i\u015flemciler ve bile\u015fenler kullanarak tam kontrol ve yerel d\u00fczenlemelere uygunluk sa\u011flar.<\/p>\n<p>\u00d6zelle\u015ftirilmi\u015f \u00dcr\u00fcn Yaz\u0131l\u0131m\u0131: Xinxin ve end\u00fcstri pazarlar\u0131 i\u00e7in \u00e7e\u015fitli BMC gereksinimlerini destekleyen, sistem uyumlulu\u011funu ve performans\u0131n\u0131 art\u0131ran yerel \u00fcr\u00fcn yaz\u0131l\u0131m\u0131 \u00e7\u00f6z\u00fcmleri sunuyoruz.<\/p>\n<p>Kan\u0131tlanm\u0131\u015f Mimari: Yerel X86 mimarisi ola\u011fan\u00fcst\u00fc performans ve kolay platform ge\u00e7i\u015fi sunarak geni\u015f uygulama uyumlulu\u011fu sa\u011flar.<\/p>\n<p><strong>Kritik Uygulama \u0130htiya\u00e7lar\u0131n\u0131 Kar\u015f\u0131lamak i\u00e7in Ola\u011fan\u00fcst\u00fc Performans<\/strong><\/p>\n<p>Geli\u015fmi\u015f \u0130\u015flemciler: 32 \u00e7ekirde\u011fe ve 64 i\u015f par\u00e7ac\u0131\u011f\u0131na kadar 1-2 Haiguang Dhyana 7000\/5000 serisi i\u015flemciyi destekler ve zorlu i\u015f y\u00fcklerini kolayl\u0131kla y\u00f6netir.<\/p>\n<p>Y\u00fcksek Kapasiteli Bellek: 3200 MHz'e kadar h\u0131zlara sahip 2 TB'a kadar DDR4 bellek, yo\u011fun veri gerektiren uygulamalar i\u00e7in yeterli kapasite ve y\u00fcksek performans sa\u011flar.<\/p>\n<p>Geli\u015fmi\u015f Geni\u015fleme: CPU ba\u015f\u0131na 128 adede kadar PCIe \u015feridi ile PCIe 4.0 deste\u011fi, \u00f6nemli sistem geni\u015fletme ve y\u00fckseltme olanaklar\u0131 sunar.<\/p>\n<p><strong>\u0130htiyaca G\u00f6re Esnek Konfig\u00fcrasyon<\/strong><\/p>\n<p>Mod\u00fcler Tasar\u0131m: Bilgi i\u015flem, depolama ve a\u011f ileti\u015fimi i\u00e7in esnek bir donan\u0131m mod\u00fcler tasar\u0131m\u0131na sahiptir ve farkl\u0131 i\u015f gereksinimlerini kar\u015f\u0131lamak i\u00e7in yap\u0131land\u0131rmalar\u0131 uyarlaman\u0131za olanak tan\u0131r.<\/p>\n<p>\u00c7ok Y\u00f6nl\u00fc Depolama Se\u00e7enekleri: 4 adede kadar U.2 NVMe s\u00fcr\u00fcc\u00fcs\u00fcn\u00fc ve 12 x 3,5\u2033 s\u00fcr\u00fcc\u00fcye veya 25 x 2,5\u2033 s\u00fcr\u00fcc\u00fcye kadar \u00e7e\u015fitli depolama yap\u0131land\u0131rmalar\u0131n\u0131 destekler.<\/p>\n<p>\u00d6l\u00e7eklenebilir Geni\u015fleme: 6 adede kadar PCIe Gen4 geni\u015fletme yuvas\u0131 ile donat\u0131lm\u0131\u015f olup, gelece\u011fe d\u00f6n\u00fck ve yeni teknolojilere uyarlanabilirlik sa\u011flar.<\/p>\n<p><strong>\u0130stikrarl\u0131 ve G\u00fcvenilir Ak\u0131ll\u0131 Y\u00f6netim<\/strong><\/p>\n<p>Yedekli Bile\u015fenler: \u00d6nemli sistem par\u00e7alar\u0131, h\u0131zl\u0131 bak\u0131m ve y\u00fcksek sistem kullan\u0131labilirli\u011fi i\u00e7in aletsiz kurulumun yan\u0131 s\u0131ra yedeklilik ve \u00e7al\u0131\u015f\u0131rken de\u011fi\u015ftirilebilirlik ile tasarlanm\u0131\u015ft\u0131r.<\/p>\n<p>Kapsaml\u0131 Y\u00f6netim: Entegre BMC y\u00f6netim \u00e7ipi, IPMI2.0, Redfish ve SNMP dahil olmak \u00fczere \u00e7oklu y\u00f6netim protokollerini destekleyerek sa\u011flam uzaktan sistem y\u00f6netimi \u00f6zellikleri sa\u011flar.<\/p>\n<p>&nbsp;<\/p>\n<h3>Teknik \u00d6zellikler<\/h3>\n<p>Model XTT525V2<\/p>\n<p>\u0130\u015flemci:<\/p>\n<p>1-2 Haiguang Dhyana 7200\/7300\/5200\/5300 serisi CPU'lar\u0131 destekler<\/p>\n<p>32 \u00e7ekirde\u011fe kadar, 64 i\u015f par\u00e7ac\u0131\u011f\u0131<\/p>\n<p>CPU ba\u015f\u0131na maksimum 280W TDP<\/p>\n<p>Yonga seti:<\/p>\n<p>NA<\/p>\n<p>Haf\u0131za:<\/p>\n<p>Her kanal\u0131n 1 DIMM'i destekledi\u011fi, toplam 16 DDR4 DIMM yuvas\u0131na sahip 16 bellek kanal\u0131n\u0131 destekler<\/p>\n<p>Bellek t\u00fcrleri: DDR4 ECC RDIMM'ler\/LRDIMM'ler<\/p>\n<p>Maksimum bellek h\u0131z\u0131: 3200MHz<\/p>\n<p>Maksimum bellek kapasitesi: 2.0TB<\/p>\n<p>Depolama Denetleyicisi:<\/p>\n<p>Yerle\u015fik 6Gb\/s SATA denetleyici<\/p>\n<p>\u0130ste\u011fe ba\u011fl\u0131 12Gb\/s SAS HBA ve RAID 0\/1\/10, \u00f6nbellek s\u00fcper kapasit\u00f6r korumal\u0131 RAID 0\/1\/5\/6\/50\/60 dahil RAID se\u00e7enekleri<\/p>\n<p>Depolama:<\/p>\n<p>\u00d6n taraf: 12 x 3,5\u2033 s\u00fcr\u00fcc\u00fcye, 25 x 2,5\u2033 s\u00fcr\u00fcc\u00fcye veya 4 x U.2 NVMe'ye (\u00f6zel yap\u0131land\u0131rma) kadar destekler<\/p>\n<p>Arka k\u0131s\u0131m: 2 x 2,5\u2033 s\u00fcr\u00fcc\u00fcleri destekler<\/p>\n<p>Dahili: 1 x M.2 (2280\/22110) destekler<\/p>\n<p>PCIe Geni\u015fletme:<\/p>\n<p>Maksimum 6 yar\u0131m y\u00fckseklikte standart PCIe Gen4 geni\u015fletme yuvas\u0131<\/p>\n<p>PCIe Gen4 X16: 3 yuva<\/p>\n<p>PCIe Gen4 X8: 3 yuva<\/p>\n<p>GPU Deste\u011fi:<\/p>\n<p>3 adede kadar yar\u0131m y\u00fckseklikte, yar\u0131m uzunlukta tek geni\u015flikte GPU'yu destekler (tipik olarak \u00e7\u0131kar\u0131m kartlar\u0131)<\/p>\n<p>A\u011f olu\u015fturma:<\/p>\n<p>IPMI i\u00e7in entegre 1 x 1GbE RJ45<\/p>\n<p>\u0130\u015f a\u011f\u0131 i\u00e7in entegre 2 x 1GbE RJ45<\/p>\n<p>\u0130ste\u011fe ba\u011fl\u0131 a\u011f yap\u0131land\u0131rmalar\u0131: 2 x 1GbE, 4 x 1GbE, 2 x 10GbE, 2 x 25GbE standart a\u011f kartlar\u0131<\/p>\n<p>Y\u00f6netim:<\/p>\n<p>Yerle\u015fik iBMC y\u00f6netim mod\u00fcl\u00fc IPMI, SOL, IP \u00dczerinden KVM, sanal medyay\u0131 destekler<\/p>\n<p>G\u00fcvenlik:<\/p>\n<p>\u0130ste\u011fe ba\u011fl\u0131 kasa izinsiz giri\u015f alg\u0131lama<\/p>\n<p>\u00d6zel anahtarla kilitlenebilir \u00f6n panel<\/p>\n<p>Kilitlenebilir kasa \u00fcst kapa\u011f\u0131 (standart)<\/p>\n<p>\u0130ste\u011fe ba\u011fl\u0131 TPM\/TCM mod\u00fclleri<\/p>\n<p>G\u00fc\u00e7 Kayna\u011f\u0131:<\/p>\n<p>1+1 yedekli ve \u00e7al\u0131\u015f\u0131rken de\u011fi\u015ftirilebilir 1-2 CRPS g\u00fc\u00e7 mod\u00fcl\u00fcn\u00fc destekler<\/p>\n<p>Giri\u015f se\u00e7enekleri: 220V AC, 240V DC, 336V DC, -48V DC<\/p>\n<p>G\u00fc\u00e7 se\u00e7enekleri: 550W, 800W, 1300W<\/p>\n<p>Limanlar:<\/p>\n<p>\u00d6n: 1 x VGA, 2 x USB 3.0<\/p>\n<p>Arka: 1 x VGA, 4 x USB 3.0, 1 x COM portu, 1 x RJ45 1GbE y\u00f6netim portu, 2 x RJ45 1GbE veri portu<\/p>\n<p>Boyutlar:<\/p>\n<p>Rafa Montaj 2U, 447mm (G) 87mm (Y) 650mm (D) (kulakl\u0131: 670mm)<\/p>\n<p>A\u011f\u0131rl\u0131k:<\/p>\n<p>Net a\u011f\u0131rl\u0131k yakla\u015f\u0131k 28KG, aksesuarlar ve ambalaj dahil br\u00fct a\u011f\u0131rl\u0131k yakla\u015f\u0131k 35KG (konfig\u00fcrasyona g\u00f6re de\u011fi\u015fir)<\/p>\n<p>S\u0131cakl\u0131k:<\/p>\n<p>Standart \u00e7al\u0131\u015fma s\u0131cakl\u0131\u011f\u0131: 5oC - 35oC (do\u011frudan g\u00fcne\u015f \u0131\u015f\u0131\u011f\u0131 yok)<\/p>\n<p>Geni\u015fletilmi\u015f \u00e7al\u0131\u015fma s\u0131cakl\u0131\u011f\u0131: 5oC - 40oC (\u00f6zel konfig\u00fcrasyonlar)<\/p>\n<p>Depolama s\u0131cakl\u0131\u011f\u0131: -40oC - 65oC<\/p>\n<p>Nem oran\u0131:<\/p>\n<p>\u00c7al\u0131\u015fma nemi: 30% - 80% (yo\u011fu\u015fmas\u0131z)<\/p>\n<p>Depolama nemi: 5% - 90% (yo\u011fu\u015fmas\u0131z)<\/p>\n<p>Desteklenen \u0130\u015fletim Sistemleri:<\/p>\n<p>Zhongbiao Kirin, Red Hat Enterprise Linux, SLES, CentOS, QEMU-Xen, vSphere, QEMU-KVM, Ubuntu, VMware ESXi 6.0<\/p>","protected":false},"excerpt":{"rendered":"<p><strong>Marka XTT<\/strong><\/p>\n<p><strong>\u00dcr\u00fcn men\u015fei \u00c7\u0130N<\/strong><\/p>\n<p><strong>Teslimat s\u00fcresi15 g\u00fcn i\u00e7inde<\/strong><\/p>\n<p><strong>Tedarik kapasitesi9999<\/strong><\/p>\n<p>XTT525V2 (eski ad\u0131yla XTT625MSV2), Zhongke Haiguang'\u0131n \u201cDhyana\u201d \u00e7ekirdek serisi i\u015flemcilerine dayal\u0131 olarak geli\u015ftirilen amiral gemisi 2U \u00e7ift soketli genel ama\u00e7l\u0131 bir raf sunucusudur. Ulusal \u015fifreleme algoritmalar\u0131 ve g\u00fcvenlik kimlik do\u011frulama protokolleriyle uyumlu, \u00f6zel bir g\u00fcvenlik i\u015flemcisine sahip, yerel olarak kontrol edilen bir X86 mimarisi \u00fcr\u00fcn\u00fcd\u00fcr. Yerel bir X86 mimarisine sahip olan bu \u00fcr\u00fcn, X86 ekosistemine sorunsuz bir \u015fekilde entegre olur. Sunucu, piyasadaki ana ak\u0131m \u00e7iplerle kar\u015f\u0131la\u015ft\u0131r\u0131labilir m\u00fckemmel bir genel performans sunar.<\/p>","protected":false},"featured_media":855,"template":"","meta":[],"product_brand":[],"product_cat":[65],"product_tag":[78,80,85,84,72],"class_list":{"0":"post-310","1":"product","2":"type-product","3":"status-publish","4":"has-post-thumbnail","6":"product_cat-universal-type-server","7":"product_tag-computer-server-rack-cabinet","8":"product_tag-server-brand","9":"product_tag-server-manufacturer","10":"product_tag-universal-device-server","11":"product_tag-universal-server-rack-rails","13":"first","14":"instock","15":"shipping-taxable","16":"product-type-simple"},"_links":{"self":[{"href":"https:\/\/sz-xtt.com\/tr\/wp-json\/wp\/v2\/product\/310","targetHints":{"allow":["GET"]}}],"collection":[{"href":"https:\/\/sz-xtt.com\/tr\/wp-json\/wp\/v2\/product"}],"about":[{"href":"https:\/\/sz-xtt.com\/tr\/wp-json\/wp\/v2\/types\/product"}],"wp:featuredmedia":[{"embeddable":true,"href":"https:\/\/sz-xtt.com\/tr\/wp-json\/wp\/v2\/media\/855"}],"wp:attachment":[{"href":"https:\/\/sz-xtt.com\/tr\/wp-json\/wp\/v2\/media?parent=310"}],"wp:term":[{"taxonomy":"product_brand","embeddable":true,"href":"https:\/\/sz-xtt.com\/tr\/wp-json\/wp\/v2\/product_brand?post=310"},{"taxonomy":"product_cat","embeddable":true,"href":"https:\/\/sz-xtt.com\/tr\/wp-json\/wp\/v2\/product_cat?post=310"},{"taxonomy":"product_tag","embeddable":true,"href":"https:\/\/sz-xtt.com\/tr\/wp-json\/wp\/v2\/product_tag?post=310"}],"curies":[{"name":"wp","href":"https:\/\/api.w.org\/{rel}","templated":true}]}}