{"id":314,"date":"2025-10-15T02:23:04","date_gmt":"2025-10-15T02:23:04","guid":{"rendered":"https:\/\/sz-xtt.com\/product\/tc327-universal-type-server\/"},"modified":"2025-10-16T14:13:15","modified_gmt":"2025-10-16T14:13:15","slug":"tc327-universal-type-server","status":"publish","type":"product","link":"https:\/\/sz-xtt.com\/tr\/product\/tc327-universal-type-server\/","title":{"rendered":"TC327 evrensel tip sunucu"},"content":{"rendered":"<h3>\u00dcr\u00fcn Detaylar\u0131: XTT327 Sunucu<\/h3>\n<p><strong>Ola\u011fan\u00fcst\u00fc Yurti\u00e7i Performans<\/strong><br \/>\nXTT327 sunucusu, ARMv8.0 mimarisini temel alan ve 64 FTC-662 tescilli i\u015flem \u00e7ekirde\u011fine sahip tek bir Phytium FT-2000+\/64 i\u015flemci ile donat\u0131lm\u0131\u015ft\u0131r. 16nm s\u00fcreci ve 2.2GHz saat h\u0131z\u0131 ile 100W gibi d\u00fc\u015f\u00fck bir g\u00fc\u00e7 t\u00fcketiminde \u00e7al\u0131\u015f\u0131r. Karma\u015f\u0131k i\u015f y\u00fcklerini kald\u0131rabilen bu sunucu, ERP destek sistemleri, y\u00fcksek performansl\u0131 veritaban\u0131 sistemleri, sanalla\u015ft\u0131rma ve b\u00fcy\u00fck veri analizi i\u00e7in idealdir. Ayr\u0131ca maksimum 1 TB bellek kapasitesine sahip 8 DDR4 2666MHz bellek denetleyicisi i\u00e7erir ve a\u011f\u0131r veri i\u015fleme g\u00f6revleri alt\u0131nda bile verimli \u00e7al\u0131\u015fma sa\u011flar.<\/p>\n<p><strong>Esnek Geni\u015fletilebilirlik<\/strong><br \/>\nXTT327 sunucu, 12 adede kadar \u00f6ne monte edilmi\u015f 3,5 in\u00e7 sabit s\u00fcr\u00fcc\u00fcy\u00fc veya 25 adede kadar 2,5 in\u00e7 sabit s\u00fcr\u00fcc\u00fcy\u00fc destekleyerek ola\u011fan\u00fcst\u00fc geni\u015fletilebilirlik se\u00e7enekleri sunar. Ayr\u0131ca 2 dahili M.2 SSD'yi ve iste\u011fe ba\u011fl\u0131 2 ek 2,5 in\u00e7 sabit s\u00fcr\u00fcc\u00fcy\u00fc destekler. A\u011f ba\u011flant\u0131s\u0131 i\u00e7in 4 dahili 1GbE a\u011f aray\u00fcz\u00fcne sahiptir ve veri merkezleri ve kurumsal uygulamalar i\u00e7in bant geni\u015fli\u011fi gereksinimlerini kar\u015f\u0131layan \u00e7e\u015fitli a\u011f geni\u015fletme kartlar\u0131n\u0131 destekler. Ayr\u0131ca, \u00e7e\u015fitli i\u015f ortamlar\u0131na uyacak \u015fekilde 7 adede kadar yar\u0131 y\u00fckseklikte, yar\u0131 uzunlukta PCIe cihaz\u0131 bar\u0131nd\u0131ran 7 PCIe 3.0 geni\u015fletme yuvas\u0131 ile donat\u0131lm\u0131\u015ft\u0131r.<\/p>\n<p><strong>Otonom ve G\u00fcvenli<\/strong><br \/>\nKal\u0131c\u0131 ARM V8 mimarisi yetkilendirmesine sahip ilk yerli sunucu olan XTT327, kendi kendini kontrol eden bir g\u00fcvenlik platformu mimarisi (PSPA) sa\u011flar ve ARM Trustzone teknolojisini destekler. SM2, SM3 ve SM4 kriptografik algoritmalar i\u00e7in donan\u0131m h\u0131zland\u0131rmas\u0131 i\u00e7erir ve bellek \u015fifrelemesini ve \u00e7ip \u00fczerinde g\u00fcvenli kal\u0131c\u0131 depolamay\u0131 destekler. Bu \u00f6zellikler, i\u015fletmeler i\u00e7in g\u00fcvenilir ve g\u00fcvenli bir bilgi i\u015flem ortam\u0131 sa\u011flar.<\/p>\n<h3>\u00dcr\u00fcn \u00d6zellikleri<\/h3>\n<p>\u0130\u015flemci: 1 Phytium FT-2000+\/64 CPU, 2.2GHz saat h\u0131z\u0131, 64 \u00e7ekirdek, TDP 100W<\/p>\n<p>Bellek: 8 DDR4 DIMM yuvas\u0131, mod\u00fcl ba\u015f\u0131na 8GB ila 128GB'\u0131 destekler, toplam bellek kapasitesi 1TB'a kadar<\/p>\n<p>Depolama: Entegre 6Gb\/s SATA denetleyici, 12 adede kadar 3,5 in\u00e7 veya 25 adede kadar 2,5 in\u00e7 \u00e7al\u0131\u015f\u0131rken de\u011fi\u015ftirilebilir sabit s\u00fcr\u00fcc\u00fcy\u00fc destekler; 2 dahili M.2 SSD ve 2 ek 2,5 in\u00e7 sabit s\u00fcr\u00fcc\u00fcy\u00fc destekler (iste\u011fe ba\u011fl\u0131)<\/p>\n<p>Geni\u015fleme: 7 adede kadar PCIe 3.0 geni\u015fletme yuvas\u0131<\/p>\n<p>A\u011f: 4 dahili 1GbE a\u011f aray\u00fcz\u00fc, \u00e7e\u015fitli a\u011f geni\u015fletme kartlar\u0131n\u0131 destekler<\/p>\n<p>Y\u00f6netim: Yerle\u015fik BMC y\u00f6netim mod\u00fcl\u00fc, IPMI2.0, IP \u00dczerinden KVM, SOL, SNMP ve di\u011fer uzaktan y\u00f6netim i\u015flevlerini destekler<\/p>\n<p>G\u00fc\u00e7 Kayna\u011f\u0131: \u0130ste\u011fe ba\u011fl\u0131 550W\/800W g\u00fc\u00e7 kaynaklar\u0131, 1+1 yedeklili\u011fi destekler, \u00e7al\u0131\u015f\u0131rken de\u011fi\u015ftirilebilir<\/p>\n<p>Boyutlar: 2U rafa monte, 447mm (G) 87mm (Y) 670mm (D)<\/p>\n<p>\u0130\u015fletim Sistemi: Kylin OS, UOS'u destekler<\/p>\n<p>bilgisayar sunucu raf dolab\u0131<\/p>\n<h2>Neden Bizi Se\u00e7melisiniz<\/h2>\n<p>\u015eirket Ge\u00e7mi\u015fi: Biz Shenzhen Xintongtai Technology Co, Ltd, 2007 y\u0131l\u0131nda kurulan, sunucular ve aksesuarlar konusunda uzmanla\u015fm\u0131\u015f, profesyonel \u00fcr\u00fcnler ve \u00e7\u00f6z\u00fcmler sunuyoruz.<\/p>\n<p>Zengin Envanter: M\u00fc\u015fteri ihtiya\u00e7lar\u0131na h\u0131zl\u0131 yan\u0131t verebilmek ve zaman\u0131nda teslimat sa\u011flayarak tedarik zincirindeki gecikmeleri \u00f6nlemek i\u00e7in \u00f6nemli miktarda stokta \u00fcr\u00fcn bulunduruyoruz.<\/p>\n<p>M\u00fckemmel Hizmet: Servis ekibimiz deneyimlidir ve m\u00fc\u015fteri memnuniyetini sa\u011flamak i\u00e7in 7\/24 teknik destek ve kapsaml\u0131 sat\u0131\u015f sonras\u0131 hizmet sunar.<\/p>\n<p>Kaliteli \u00dcr\u00fcn Bilgileri: \u00dcr\u00fcn dok\u00fcmantasyonumuz eksiksiz ve do\u011frudur, m\u00fc\u015fterilerin \u00fcr\u00fcnleri daha iyi anlamas\u0131na ve kullanmas\u0131na yard\u0131mc\u0131 olur ve tam teknik destek sa\u011flar.<\/p>","protected":false},"excerpt":{"rendered":"<p><strong>Marka XTT<\/strong><\/p>\n<p><strong>\u00dcr\u00fcn men\u015fei \u00c7\u0130N<\/strong><\/p>\n<p><strong>Teslimat s\u00fcresi15 g\u00fcn i\u00e7inde<\/strong><\/p>\n<p><strong>Tedarik kapasitesi9999<\/strong><\/p>\n<p>XTT327, y\u00fcksek performansl\u0131 bilgi i\u015flem ve \u00fcst d\u00fczey sunucu uygulamalar\u0131 i\u00e7in tasarlanm\u0131\u015f 64 \u00e7ekirdekli bir i\u015flemciye sahip FT-2000+\/64 platformunu temel alan tek soketli bir sunucudur. Devlet kurumlar\u0131n\u0131 ve ulusal altyap\u0131 i\u00e7in kritik \u00f6neme sahip b\u00fcy\u00fck ve orta \u00f6l\u00e7ekli i\u015fletmeleri hedeflemektedir. Sunucu, y\u00fcksek yerelle\u015ftirme oran\u0131 ve \u00fcst\u00fcn g\u00fcvenlik ile X86 platformuyla kar\u015f\u0131la\u015ft\u0131r\u0131labilir bilgi i\u015flem g\u00fcc\u00fc ve geni\u015fletilebilirlik sunar. \u201cD\u00f6rt 9\u2019un\u201d y\u00fcksek g\u00fcvenilirli\u011fi ile s\u00fcrekli i\u015f operasyonlar\u0131 sa\u011flar ve ERP ofis destek sistemleri, y\u00fcksek performansl\u0131 veritaban\u0131 sistemleri, sanalla\u015ft\u0131rma ve b\u00fcy\u00fck veri analizi ortamlar\u0131 i\u00e7in uygun hale getirir.<\/p>","protected":false},"featured_media":874,"template":"","meta":[],"product_brand":[],"product_cat":[65],"product_tag":[88,78,80,85,87],"class_list":{"0":"post-314","1":"product","2":"type-product","3":"status-publish","4":"has-post-thumbnail","6":"product_cat-universal-type-server","7":"product_tag-computer-server-rack","8":"product_tag-computer-server-rack-cabinet","9":"product_tag-server-brand","10":"product_tag-server-manufacturer","11":"product_tag-universal-server-rails","13":"first","14":"instock","15":"shipping-taxable","16":"product-type-simple"},"_links":{"self":[{"href":"https:\/\/sz-xtt.com\/tr\/wp-json\/wp\/v2\/product\/314","targetHints":{"allow":["GET"]}}],"collection":[{"href":"https:\/\/sz-xtt.com\/tr\/wp-json\/wp\/v2\/product"}],"about":[{"href":"https:\/\/sz-xtt.com\/tr\/wp-json\/wp\/v2\/types\/product"}],"wp:featuredmedia":[{"embeddable":true,"href":"https:\/\/sz-xtt.com\/tr\/wp-json\/wp\/v2\/media\/874"}],"wp:attachment":[{"href":"https:\/\/sz-xtt.com\/tr\/wp-json\/wp\/v2\/media?parent=314"}],"wp:term":[{"taxonomy":"product_brand","embeddable":true,"href":"https:\/\/sz-xtt.com\/tr\/wp-json\/wp\/v2\/product_brand?post=314"},{"taxonomy":"product_cat","embeddable":true,"href":"https:\/\/sz-xtt.com\/tr\/wp-json\/wp\/v2\/product_cat?post=314"},{"taxonomy":"product_tag","embeddable":true,"href":"https:\/\/sz-xtt.com\/tr\/wp-json\/wp\/v2\/product_tag?post=314"}],"curies":[{"name":"wp","href":"https:\/\/api.w.org\/{rel}","templated":true}]}}