{"id":315,"date":"2025-10-15T02:23:04","date_gmt":"2025-10-15T02:23:04","guid":{"rendered":"https:\/\/sz-xtt.com\/product\/tu625universal-type-server\/"},"modified":"2025-10-16T13:58:31","modified_gmt":"2025-10-16T13:58:31","slug":"tu625-universal-type-server","status":"publish","type":"product","link":"https:\/\/sz-xtt.com\/tr\/product\/tu625-universal-type-server\/","title":{"rendered":"TU625 evrensel tip sunucu"},"content":{"rendered":"<h3>\u00dcr\u00fcn Detaylar\u0131: XTT625 Sunucu<\/h3>\n<p><strong>Kapsaml\u0131 Performans Geli\u015ftirme<\/strong><br \/>\nXTT625 sunucu, 1-2 Huiguang 7100\/7200\/5100\/5200 CPU'yu destekleyerek y\u00fcksek performansl\u0131 bilgi i\u015flem yetenekleri sa\u011flar. Maksimum 4,0 TB bellek kapasitesiyle 32 adede kadar DDR4 bellek yuvas\u0131na sahiptir ve \u00e7ok \u00e7e\u015fitli uygulamalar i\u00e7in \u00f6l\u00e7eklenebilir performans sa\u011flar. Sunucu, hem yerel hem de evrensel BMC ve BIOS \u00e7\u00f6z\u00fcmlerini destekleyerek \u00e7e\u015fitli pazar ihtiya\u00e7lar\u0131 i\u00e7in esneklik sunar.<\/p>\n<p><strong>\u0130\u00e7 G\u00fcvenlik ve Kontrol<\/strong><br \/>\nXTT625 sunucu, g\u00f6m\u00fcl\u00fc \u00f6zel bir g\u00fcvenlik i\u015flemcisi ve standart \u015fifreleme ve \u015fifre \u00e7\u00f6zme algoritmalar\u0131 ve g\u00fcvenlik sertifikasyon protokolleri dahil olmak \u00fczere \u00c7in'in ulusal \u015fifreleme algoritmalar\u0131na uygunluk ile g\u00fcvenli\u011fi art\u0131r\u0131r. Yerle\u015fik Boot ROM, geleneksel TPM mekanizmalar\u0131na k\u0131yasla daha y\u00fcksek d\u00fczeyde g\u00fcvenlik sa\u011flayarak \u00fcr\u00fcn yaz\u0131l\u0131m\u0131n\u0131, \u00e7ekirdekleri, belle\u011fi ve sanal makineleri izinsiz giri\u015flere ve sald\u0131r\u0131lara kar\u015f\u0131 korur. Entegre bellek denetleyicisi, PCIe denetleyicisi ve g\u00fcney k\u00f6pr\u00fcs\u00fc birle\u015fik bir SOC \u00e7\u00f6z\u00fcm\u00fcnde sistem yo\u011funlu\u011funu art\u0131r\u0131r ve maliyetleri d\u00fc\u015f\u00fcr\u00fcr.<\/p>\n<p><strong>Y\u00fcksek Performans ve Geni\u015fletilebilirlik<\/strong><br \/>\nY\u00fcksek Hesaplama G\u00fcc\u00fc: 32 adede kadar y\u00fcksek performansl\u0131 x86 \u00e7ekirde\u011fi ve 64 i\u015f par\u00e7ac\u0131\u011f\u0131 ile donat\u0131lan sunucu, maksimum 180W g\u00fc\u00e7 t\u00fcketimi ile \u00fcst\u00fcn performans sunar. En yeni Intel ve AMD \u00fcr\u00fcnlerine k\u0131yasla teknik nesil fark\u0131 olmadan m\u00fckemmel bir fiyat-performans oran\u0131 sunar.<\/p>\n<p>Y\u00fcksek Bellek Bant Geni\u015fli\u011fi: Sunucu, her biri 2666MHz'de 2 DIMM'i destekleyen 8 DDR4 bellek kanal\u0131na sahiptir ve \u00e7ift i\u015flemcili yap\u0131land\u0131rmalarda 32 DIMM'e kadar maksimum 4 TB bellek kapasitesi sa\u011flar.<\/p>\n<p>Y\u00fcksek IO Bant Geni\u015fli\u011fi: \u0130\u015flemci ba\u015f\u0131na 128 adede kadar PCIe 3.0 kanal\u0131n\u0131 destekler. Y\u00fcksek h\u0131zl\u0131 IO kanallar\u0131 \u00e7e\u015fitli protokolleri destekleyerek sistem tasar\u0131m\u0131 esnekli\u011fini ve geni\u015fletilebilirli\u011fi art\u0131r\u0131r.<\/p>\n<p><strong>Geli\u015ftirilmi\u015f Yurti\u00e7i \u00dcr\u00fcn Ekosistemi<\/strong><br \/>\nXTT625 sunucu, x86 ekosistemine sorunsuz bir \u015fekilde entegre olan yerel x86 mimarisini temel al\u0131r. Geni\u015f uygulama kapsam\u0131, kolay ge\u00e7i\u015f ve m\u00fckemmel uyumluluk sunarak \u00e7e\u015fitli kurumsal ortamlar i\u00e7in ideal bir se\u00e7imdir.<\/p>\n<h3>Teknik \u00d6zellikler<\/h3>\n<p>Model XTT625<\/p>\n<p>\u0130\u015flemci: 1-2 Huiguang Dhyana 7100\/5100\/7200\/5200 serisi CPU'yu destekler, 32 \u00e7ekirde\u011fe kadar, 64 i\u015f par\u00e7ac\u0131\u011f\u0131, TDP 90-225W<\/p>\n<p>Bellek: 32 DDR4 DIMM yuvas\u0131, 16 bellek kanal\u0131<\/p>\n<p>Mod\u00fcl ba\u015f\u0131na 8GB ila 128GB destekler<\/p>\n<p>Bellek frekanslar\u0131: 1866\/2133\/2400\/2666 MHz<\/p>\n<p>Maksimum sistem belle\u011fi kapasitesi: 4.0TB<\/p>\n<p>Depolama:<\/p>\n<p>Entegre 6Gb\/s SATA denetleyici<\/p>\n<p>12Gb\/s SAS HBA ve RAID denetleyicisi i\u00e7in iste\u011fe ba\u011fl\u0131 destek<\/p>\n<p>Konfig\u00fcrasyonlar: 16 adede kadar 3,5 in\u00e7 + 2 adet 2,5 in\u00e7 sabit s\u00fcr\u00fcc\u00fc veya 27 adet 2,5 in\u00e7 sabit s\u00fcr\u00fcc\u00fc veya 4 adet 2,5 in\u00e7 NVMe SSD<\/p>\n<p>2 dahili PCIe M.2 yuvas\u0131n\u0131 destekler (80\/110mm)<\/p>\n<p>PCI-E Geni\u015fletme: 8 adede kadar PCIe 3.0 geni\u015fletme yuvas\u0131<\/p>\n<p>\u015eebeke:<\/p>\n<p>Entegre 2 adet 1GbE ba\u011flant\u0131 noktas\u0131<\/p>\n<p>\u0130ste\u011fe ba\u011fl\u0131 a\u011f kartlar\u0131: 2x1GbE, 4x1GbE, 2x10GbE, 4x10GbE, 2x25GbE, 2x40GbE<\/p>\n<p>Y\u00f6netim: Yerle\u015fik BMC y\u00f6netim mod\u00fcl\u00fc, IPMI2.0, IP \u00dczerinden KVM, SOL, SNMP, vb. destekler.<\/p>\n<p>G\u00fcvenlik: \u0130ste\u011fe ba\u011fl\u0131 TPM\/TCM g\u00fcvenlik mod\u00fcl\u00fc, kasa izinsiz giri\u015f alg\u0131lama, kilitlenebilir kasa kapa\u011f\u0131<\/p>\n<p>G\u00fc\u00e7 Kayna\u011f\u0131:<\/p>\n<p>1 veya 2 g\u00fc\u00e7 mod\u00fcl\u00fc<\/p>\n<p>1+1 yedeklili\u011fi destekler, \u00e7al\u0131\u015f\u0131rken de\u011fi\u015ftirilebilir<\/p>\n<p>\u0130ste\u011fe ba\u011fl\u0131 g\u00fc\u00e7 de\u011ferleri: 550W, 800W, 1300W<\/p>\n<p>Limanlar:<\/p>\n<p>\u00d6n: 1 VGA, 2 USB 3.0<\/p>\n<p>Arka: 1 VGA, 2 USB 3.0, 1 RJ45 y\u00f6netim portu, 2 RJ45 Ethernet portu<\/p>\n<p>Sistem Fanlar\u0131: 4 adet 8038 sistem fan\u0131, N+1 yedeklilik, \u00e7al\u0131\u015f\u0131rken de\u011fi\u015ftirilebilir<\/p>\n<p>Boyutlar: 2U rafa monte, 447mm (G) 87mm (Y) 808mm (D) (kulaklar hari\u00e7: 788mm)<\/p>\n<p>S\u0131cakl\u0131k:<\/p>\n<p>\u00c7al\u0131\u015f\u0131r durumda: 5oC - 35oC (do\u011frudan g\u00fcne\u015f \u0131\u015f\u0131\u011f\u0131 olmadan)<\/p>\n<p>Geni\u015fletilmi\u015f \u00e7al\u0131\u015fma: 5oC - 40oC (s\u0131n\u0131rl\u0131 konfig\u00fcrasyonlar)<\/p>\n<p>Depolama: -40oC - 65oC<\/p>\n<p>Nem oran\u0131:<\/p>\n<p>\u00c7al\u0131\u015f\u0131r durumda: 10% - 80% (yo\u011fu\u015fmas\u0131z)<\/p>\n<p>Depolama: 5% - 95% (yo\u011fu\u015fmas\u0131z)<\/p>\n<p>\u0130\u015fletim Sistemleri: Kylin OS, Red Hat Enterprise Linux, SLES, CentOS, QEMU Xen, vSphere, QEMU-KVM, Ubuntu, VMware ESXi 6.0<\/p>\n<h3>Neden Bizi Se\u00e7melisiniz<\/h3>\n<p>\u015eirket Ge\u00e7mi\u015fi: Shenzhen Xintongtai Technology Co, Ltd, 2007 y\u0131l\u0131nda kurulan, sunucular ve aksesuarlar konusunda uzmanla\u015fm\u0131\u015f, ihtiya\u00e7lar\u0131n\u0131za g\u00f6re uyarlanm\u0131\u015f profesyonel \u00fcr\u00fcnler ve \u00e7\u00f6z\u00fcmler sunmaktad\u0131r.<\/p>\n<p>Zengin Envanter: M\u00fc\u015fteri taleplerine h\u0131zl\u0131 yan\u0131t verilmesini ve zaman\u0131nda teslimat yap\u0131lmas\u0131n\u0131 sa\u011flayan, teslim s\u00fcrelerini ve tedarik zinciri risklerini azaltan \u00f6nemli miktarda stokta \u00fcr\u00fcn bulunduruyoruz.<\/p>\n<p>M\u00fckemmel Hizmet: Deneyimli servis ekibimiz 7\/24 teknik destek ve kapsaml\u0131 sat\u0131\u015f sonras\u0131 hizmet sunarak m\u00fc\u015fteri memnuniyetini ve her t\u00fcrl\u00fc sorunun h\u0131zl\u0131 bir \u015fekilde \u00e7\u00f6z\u00fclmesini garanti eder.<\/p>\n<p>Kaliteli \u00dcr\u00fcn Bilgileri: M\u00fc\u015fterilerimizin bilin\u00e7li kararlar almalar\u0131na ve \u00fcr\u00fcnlerimizi etkin bir \u015fekilde kullanmalar\u0131na yard\u0131mc\u0131 olmak i\u00e7in teknik uzmanl\u0131\u011f\u0131m\u0131zla desteklenen ayr\u0131nt\u0131l\u0131 ve do\u011fru \u00fcr\u00fcn belgeleri sunuyoruz.<\/p>","protected":false},"excerpt":{"rendered":"<p><strong>Marka XTT<\/strong><\/p>\n<p><strong>\u00dcr\u00fcn men\u015fei \u00c7\u0130N<\/strong><\/p>\n<p><strong>Teslimat s\u00fcresi15 g\u00fcn i\u00e7inde<\/strong><\/p>\n<p><strong>Tedarik kapasitesi9999<\/strong><\/p>\n<p>XTT625, Zhongke Haiguang'\u0131n \u201cDhyana\u201d ( ) \u00e7ekirdek serisi i\u015flemcileri (7100\/5100\/7200\/5200) temel al\u0131narak geli\u015ftirilen 2U rafa monte \u00e7ift soketli bir sunucudur. Ba\u011f\u0131ms\u0131z kontrol gereksinimlerini kar\u015f\u0131layan, \u00c7in'in ulusal \u015fifreleme algoritmalar\u0131 ve g\u00fcvenlik sertifikasyon protokolleriyle uyumlu \u00f6zel bir g\u00fcvenlik i\u015flemcisine sahip, yerli \u00fcretim bir X86 mimarisi \u00fcr\u00fcn\u00fcd\u00fcr. Yerel X86 mimarisi ile sunucu, X86 ekosistemine sorunsuz bir \u015fekilde entegre olur. \u00dcr\u00fcn, piyasadaki ana ak\u0131m yongalarla kar\u015f\u0131la\u015ft\u0131r\u0131labilir m\u00fckemmel bir genel performans sunar.<\/p>","protected":false},"featured_media":843,"template":"","meta":[],"product_brand":[],"product_cat":[65],"product_tag":[81,77,89,84,87],"class_list":{"0":"post-315","1":"product","2":"type-product","3":"status-publish","4":"has-post-thumbnail","6":"product_cat-universal-type-server","7":"product_tag-best-computer-for-plex-server","8":"product_tag-server-company","9":"product_tag-server-vendor","10":"product_tag-universal-device-server","11":"product_tag-universal-server-rails","13":"first","14":"instock","15":"shipping-taxable","16":"product-type-simple"},"_links":{"self":[{"href":"https:\/\/sz-xtt.com\/tr\/wp-json\/wp\/v2\/product\/315","targetHints":{"allow":["GET"]}}],"collection":[{"href":"https:\/\/sz-xtt.com\/tr\/wp-json\/wp\/v2\/product"}],"about":[{"href":"https:\/\/sz-xtt.com\/tr\/wp-json\/wp\/v2\/types\/product"}],"wp:featuredmedia":[{"embeddable":true,"href":"https:\/\/sz-xtt.com\/tr\/wp-json\/wp\/v2\/media\/843"}],"wp:attachment":[{"href":"https:\/\/sz-xtt.com\/tr\/wp-json\/wp\/v2\/media?parent=315"}],"wp:term":[{"taxonomy":"product_brand","embeddable":true,"href":"https:\/\/sz-xtt.com\/tr\/wp-json\/wp\/v2\/product_brand?post=315"},{"taxonomy":"product_cat","embeddable":true,"href":"https:\/\/sz-xtt.com\/tr\/wp-json\/wp\/v2\/product_cat?post=315"},{"taxonomy":"product_tag","embeddable":true,"href":"https:\/\/sz-xtt.com\/tr\/wp-json\/wp\/v2\/product_tag?post=315"}],"curies":[{"name":"wp","href":"https:\/\/api.w.org\/{rel}","templated":true}]}}