{"id":316,"date":"2025-10-15T02:23:05","date_gmt":"2025-10-15T02:23:05","guid":{"rendered":"https:\/\/sz-xtt.com\/product\/tu858universal-type-server\/"},"modified":"2025-10-16T12:10:14","modified_gmt":"2025-10-16T12:10:14","slug":"tu858universal-type-server","status":"publish","type":"product","link":"https:\/\/sz-xtt.com\/tr\/product\/tu858universal-type-server\/","title":{"rendered":"TU858evrensel tip sunucu"},"content":{"rendered":"<h3>\u00dcr\u00fcn Detaylar\u0131: XTT858 Sunucu<\/h3>\n<p><strong>Kapsaml\u0131 Performans Geli\u015ftirme<\/strong><br \/>\nXTT858 sunucu 4 adede kadar Intel? Xeon? \u00d6l\u00e7eklenebilir i\u015flemcileri (Skylake &amp; Cascade Lake) 3 adede kadar UPI veri yolu ve maksimum 10,4GT\/s h\u0131z ile destekleyerek CPU'lar aras\u0131nda tam \u00e7apraz \u00e7ubuk ba\u011flant\u0131s\u0131 sa\u011flar. Maksimum 18,0 TB bellek kapasitesi sa\u011flayan 48 adede kadar DDR4 bellek mod\u00fcl\u00fcn\u00fc destekler. Bu y\u00fcksek performans seviyesi, veritabanlar\u0131, ERP sistemleri, y\u00fcksek performansl\u0131 paralel hesaplama ve sanalla\u015ft\u0131rma gibi karma\u015f\u0131k i\u015f y\u00fcklerinin \u00fcstesinden gelmek i\u00e7in idealdir.<\/p>\n<p><strong>M\u00fckemmel Geni\u015fletilebilirlik<\/strong><br \/>\nDepolama Geni\u015fletme: 24 adede kadar 3,5 in\u00e7 sabit s\u00fcr\u00fcc\u00fcy\u00fc veya 50 adede kadar 2,5 in\u00e7 sabit s\u00fcr\u00fcc\u00fcy\u00fc destekler ve 2 M.2 SSD ve 2 SATA DOM i\u00e7in alan i\u00e7erir.<\/p>\n<p>A\u011f Geni\u015fletme: 2x1GbE, 4x1GbE, 2x10GbE, 4x10GbE, 2x25GbE ve 2x40GbE dahil olmak \u00fczere iste\u011fe ba\u011fl\u0131 a\u011f kartlar\u0131 ile \u00f6zel NIC MEZZ kart yuvalar\u0131na sahiptir.<\/p>\n<p>PCI-E Geni\u015fletme: 15 adede kadar PCIe 3.0 geni\u015fletme yuvas\u0131, 8 adede kadar tam y\u00fckseklikte tam uzunlukta PCIe cihaz\u0131n\u0131 ve 7 adede kadar tam y\u00fckseklikte yar\u0131m uzunlukta PCIe cihaz\u0131n\u0131 destekler. Ayr\u0131ca 4 adede kadar tam y\u00fckseklikte tam uzunlukta \u00e7ift yuval\u0131 GPU h\u0131zland\u0131rma kart\u0131n\u0131 bar\u0131nd\u0131rabilir.<\/p>\n<p><strong>Sa\u011flam RAS \u00d6zellikleri<\/strong><br \/>\nXTT858 sunucusu, y\u00fcksek g\u00fcvenilirlik ve kullan\u0131labilirlik sa\u011flamak i\u00e7in \u00e7e\u015fitli RAS (G\u00fcvenilirlik, Kullan\u0131labilirlik ve Hizmet Verilebilirlik) \u00f6zellikleri i\u00e7erir:<\/p>\n<p>Intel RAS Deste\u011fi: Intel'in Standart ve Geli\u015fmi\u015f RAS \u00f6zelliklerini tam olarak destekler.<\/p>\n<p>Yedeklilik: Sabit s\u00fcr\u00fcc\u00fcler, g\u00fc\u00e7 kaynaklar\u0131, fanlar ve PCIe geni\u015fletme kartlar\u0131 i\u00e7in \u00e7al\u0131\u015f\u0131rken de\u011fi\u015ftirilebilir destek ile yedekli g\u00fc\u00e7 ve fan sistemleri i\u00e7erir.<\/p>\n<p>Kullan\u0131m Kolayl\u0131\u011f\u0131: Kritik bile\u015fenlerin aletsiz \u00e7\u0131kar\u0131lmas\u0131n\u0131 sa\u011flayarak servis kolayl\u0131\u011f\u0131n\u0131 art\u0131r\u0131r.<\/p>\n<p>&nbsp;<\/p>\n<h3>Teknik \u00d6zellikler<\/h3>\n<p>Model XTT858<\/p>\n<p>\u0130\u015flemci:<\/p>\n<p>2 veya 4 adede kadar birinci nesil Intel? Xeon? \u00d6l\u00e7eklenebilir i\u015flemcileri (5100\/6100\/8100 serisi) veya ikinci nesil Intel? Xeon mu? \u00d6l\u00e7eklenebilir i\u015flemciler (5200\/6200\/8200 serisi)<\/p>\n<p>TDP: 85-205W, Crossbar ara ba\u011flant\u0131 ile<\/p>\n<p>Yonga seti: Intel mi? C621<\/p>\n<p>Haf\u0131za:<\/p>\n<p>48 DDR4 DIMM yuvas\u0131, 24 bellek kanal\u0131<\/p>\n<p>2933MT\/sn'ye varan h\u0131zlarda 48 adede kadar DDR4 RDIMM\/LRDIMM\/NVDIMM'i destekler<\/p>\n<p>2666MT\/sn'ye kadar h\u0131zlara sahip 24 adede kadar Intel DCPMM'yi destekler<\/p>\n<p>Mod\u00fcl kapasiteleri: 8GB, 16GB, 32GB, 64GB, 128GB, 256GB, 512GB<\/p>\n<p>Maksimum sistem belle\u011fi: 18.0TB (belirli CPU modelleri ve Intel DCPMM gerektirir)<\/p>\n<p>Depolama:<\/p>\n<p>Entegre 6Gb\/s SATA denetleyici<\/p>\n<p>12Gb\/s SAS HBA ve RAID denetleyicisi i\u00e7in iste\u011fe ba\u011fl\u0131 destek<\/p>\n<p>Konfig\u00fcrasyonlar: 24 adede kadar 3,5 in\u00e7 sabit s\u00fcr\u00fcc\u00fc, 50 adet 2,5 in\u00e7 sabit s\u00fcr\u00fcc\u00fc veya 16 adet 2,5 in\u00e7 NVMe SSD (14 adet \u00e7al\u0131\u015f\u0131rken de\u011fi\u015ftirilebilir + 2 adet \u00e7al\u0131\u015f\u0131rken de\u011fi\u015ftirilemez)<\/p>\n<p>2 dahili PCIe M.2 yuvas\u0131 (80\/110mm), 2 SATA DOM, 1 Micro SD kart\u0131 destekler<\/p>\n<p>PCI-E Geni\u015fleme:<\/p>\n<p>15 adede kadar PCIe 3.0 geni\u015fletme yuvas\u0131<\/p>\n<p>4 adede kadar 300W GPU kart\u0131n\u0131 destekler (tam y\u00fckseklikte tam uzunlukta \u00e7ift yuval\u0131)<\/p>\n<p>6 adede kadar 75W GPU kart\u0131n\u0131 destekler (4 tam y\u00fckseklikte tam uzunluk + 2 yar\u0131m y\u00fckseklikte yar\u0131m uzunluk)<\/p>\n<p>\u015eebeke:<\/p>\n<p>Entegre 2 adet 1GbE ba\u011flant\u0131 noktas\u0131<\/p>\n<p>\u0130ste\u011fe ba\u011fl\u0131 a\u011f kartlar\u0131: 2x1GbE, 4x1GbE, 2x10GbE, 4x10GbE, 2x25GbE, 2x40GbE<\/p>\n<p>Y\u00f6netim:<\/p>\n<p>Uzaktan y\u00f6netimi destekleyen yerle\u015fik BMC y\u00f6netim mod\u00fcl\u00fc, IPMI2.0, IP \u00dczerinden KVM, SOL, SNMP, vb.<\/p>\n<p>E\u015fzamanl\u0131 da\u011f\u0131t\u0131m veya zamanlanm\u0131\u015f g\u00f6revler, sunucu kaynaklar\u0131n\u0131 izleme ve toplu g\u00fcnl\u00fck toplama i\u00e7in fabrika y\u00f6netim yaz\u0131l\u0131m\u0131<\/p>\n<p>Geli\u015fmi\u015f uzaktan y\u00f6netim i\u00e7in veri merkezi y\u00f6netim platformu<\/p>\n<p>\u0130ste\u011fe ba\u011fl\u0131 LCD y\u00f6netim mod\u00fcl\u00fc<\/p>\n<p>G\u00fcvenlik:<\/p>\n<p>\u0130ste\u011fe ba\u011fl\u0131 TPM\/TCM g\u00fcvenlik mod\u00fcl\u00fc<\/p>\n<p>\u015easi izinsiz giri\u015f tespiti<\/p>\n<p>Kilitlenebilir kasa kapa\u011f\u0131<\/p>\n<p>G\u00fc\u00e7 Kayna\u011f\u0131:<\/p>\n<p>1+1, 2+1, 2+2, 3+1 yedeklili\u011fi destekleyen ve \u00e7al\u0131\u015f\u0131rken de\u011fi\u015ftirilebilir 2, 3 veya 4 g\u00fc\u00e7 mod\u00fcl\u00fc<\/p>\n<p>\u0130ste\u011fe ba\u011fl\u0131 g\u00fc\u00e7 de\u011ferleri: 800W, 1300W, 1600W<\/p>\n<p>Giri\u015f se\u00e7enekleri: 220V AC, 240V DC, 336V DC, -48V DC<\/p>\n<p>Limanlar:<\/p>\n<p>\u00d6n: 1 D-Sub VGA, 2 USB 3.0, 1 LCD MiniUSB<\/p>\n<p>Arka: 1 D-Sub VGA, 4 USB 3.0, 1 RJ45 y\u00f6netim portu, 2 RJ45 Ethernet portu<\/p>\n<p>Sistem Fanlar\u0131: N+1 yedekli ve \u00e7al\u0131\u015f\u0131rken de\u011fi\u015ftirilebilir destekli 8 adet 8038 sistem fan\u0131<\/p>\n<p>Boyutlar: 4U rafa monte, 448mm (G) 175mm (Y) 840mm (D) (kulaklar hari\u00e7: 820mm)<\/p>\n<p>A\u011f\u0131rl\u0131k: Yakla\u015f\u0131k 45 kg net a\u011f\u0131rl\u0131k; raylar, aksesuarlar ve ambalajla birlikte 70 kg<\/p>\n<p>S\u0131cakl\u0131k:<\/p>\n<p>\u00c7al\u0131\u015f\u0131r durumda: 5oC - 35oC (do\u011frudan g\u00fcne\u015f \u0131\u015f\u0131\u011f\u0131 olmadan)<\/p>\n<p>Geni\u015fletilmi\u015f \u00e7al\u0131\u015fma: 5oC - 40oC (s\u0131n\u0131rl\u0131 konfig\u00fcrasyonlar)<\/p>\n<p>Depolama: -40oC - 65oC<\/p>\n<p>Nem oran\u0131:<\/p>\n<p>\u00c7al\u0131\u015f\u0131r durumda: 10% - 80% (yo\u011fu\u015fmas\u0131z)<\/p>\n<p>Depolama: 5% - 95% (yo\u011fu\u015fmas\u0131z)<\/p>\n<p>\u0130\u015fletim Sistemleri: Microsoft Windows Server, Microsoft Hyper-V Server, Red Hat Enterprise Linux, SUSE Linux Enterprise Server, CentOS, Ubuntu, Fedora, Solaris, Oracle Linux, FreeBSD, VMware ESXi, Citrix Xen Server<\/p>\n<p>&nbsp;<\/p>\n<h3>Neden Bizi Se\u00e7melisiniz<\/h3>\n<p>\u015eirket Ge\u00e7mi\u015fi: Shenzhen Xintongtai Technology Co, Ltd, 2007 y\u0131l\u0131nda kurulan, sunucular ve aksesuarlar konusunda uzmanla\u015fm\u0131\u015f, uzman \u00e7\u00f6z\u00fcmler ve ihtiya\u00e7lar\u0131n\u0131za g\u00f6re uyarlanm\u0131\u015f \u00fcr\u00fcnler sunmaktad\u0131r.<\/p>\n<p>Zengin Envanter: Taleplerinizi verimli bir \u015fekilde kar\u015f\u0131lamak i\u00e7in h\u0131zl\u0131 yan\u0131t s\u00fcreleri ve zaman\u0131nda teslimat sa\u011flayan \u00f6nemli bir stokta \u00fcr\u00fcn envanteri bulunduruyoruz.<\/p>\n<p>M\u00fckemmel Hizmet: \u00d6zel servis ekibimiz 7\/24 teknik destek ve kapsaml\u0131 sat\u0131\u015f sonras\u0131 hizmet sunarak m\u00fc\u015fteri memnuniyetini sa\u011flar ve sorunlar\u0131 derhal \u00e7\u00f6zer.<\/p>\n<p>Kaliteli \u00dcr\u00fcn Bilgileri: Teknik uzmanl\u0131\u011f\u0131m\u0131zla desteklenen, bilin\u00e7li kararlar vermenize ve \u00fcr\u00fcnlerimizi etkili bir \u015fekilde kullanman\u0131za yard\u0131mc\u0131 olan ayr\u0131nt\u0131l\u0131 ve do\u011fru \u00fcr\u00fcn bilgileri sunuyoruz.<\/p>\n<p>Xintongtai'yi se\u00e7mek, y\u00fcksek performansl\u0131 sunuculara, g\u00fcvenilir deste\u011fe ve ola\u011fan\u00fcst\u00fc hizmete eri\u015fimi garanti ederek size sorunsuz bir deneyim ve yat\u0131r\u0131m\u0131n\u0131z i\u00e7in m\u00fckemmel de\u011fer sa\u011flar.<\/p>","protected":false},"excerpt":{"rendered":"<p><strong>Marka XTT<\/strong><\/p>\n<p><strong>\u00dcr\u00fcn men\u015fei\u00c7\u0130N<\/strong><\/p>\n<p><strong>Teslimat s\u00fcresi15 g\u00fcn i\u00e7inde<\/strong><\/p>\n<p><strong>Tedarik kapasitesi9999<\/strong><\/p>\n<p>XTT858, en yeni sunucu tasar\u0131m konseptlerini ve teknolojilerini temel alan d\u00f6rt soketli bir sunucudur. En yeni Intel Xeon \u00f6l\u00e7eklenebilir i\u015flemcileri (Skylake &amp; Cascade Lake) kullanarak i\u015flemci performans\u0131, veri yolu bant geni\u015fli\u011fi ve bellek bant geni\u015fli\u011finde \u00f6nemli geli\u015fmeler sunar. Sunucu ayr\u0131ca PCIe deste\u011fi, depolama kapasitesi ve a\u011f geni\u015fletme i\u00e7in ola\u011fan\u00fcst\u00fc \u00f6zellikler sa\u011flayarak veritabanlar\u0131, ERP sistemleri, y\u00fcksek performansl\u0131 paralel bilgi i\u015flem ve sanalla\u015ft\u0131rma ortamlar\u0131 gibi \u00fcst d\u00fczey kurumsal uygulamalar i\u00e7in uygun hale getirir.<\/p>","protected":false},"featured_media":807,"template":"","meta":[],"product_brand":[],"product_cat":[65],"product_tag":[86,75,74,68,70],"class_list":{"0":"post-316","1":"product","2":"type-product","3":"status-publish","4":"has-post-thumbnail","6":"product_cat-universal-type-server","7":"product_tag-4u-universal-type-server","8":"product_tag-intel-n100-plex-server","9":"product_tag-intel-universal-type-server","10":"product_tag-server-rack","11":"product_tag-server-wholesaler","13":"first","14":"instock","15":"shipping-taxable","16":"product-type-simple"},"_links":{"self":[{"href":"https:\/\/sz-xtt.com\/tr\/wp-json\/wp\/v2\/product\/316","targetHints":{"allow":["GET"]}}],"collection":[{"href":"https:\/\/sz-xtt.com\/tr\/wp-json\/wp\/v2\/product"}],"about":[{"href":"https:\/\/sz-xtt.com\/tr\/wp-json\/wp\/v2\/types\/product"}],"wp:featuredmedia":[{"embeddable":true,"href":"https:\/\/sz-xtt.com\/tr\/wp-json\/wp\/v2\/media\/807"}],"wp:attachment":[{"href":"https:\/\/sz-xtt.com\/tr\/wp-json\/wp\/v2\/media?parent=316"}],"wp:term":[{"taxonomy":"product_brand","embeddable":true,"href":"https:\/\/sz-xtt.com\/tr\/wp-json\/wp\/v2\/product_brand?post=316"},{"taxonomy":"product_cat","embeddable":true,"href":"https:\/\/sz-xtt.com\/tr\/wp-json\/wp\/v2\/product_cat?post=316"},{"taxonomy":"product_tag","embeddable":true,"href":"https:\/\/sz-xtt.com\/tr\/wp-json\/wp\/v2\/product_tag?post=316"}],"curies":[{"name":"wp","href":"https:\/\/api.w.org\/{rel}","templated":true}]}}