{"id":317,"date":"2025-10-15T02:23:05","date_gmt":"2025-10-15T02:23:05","guid":{"rendered":"https:\/\/sz-xtt.com\/product\/tu628universal-type-server\/"},"modified":"2025-10-16T12:12:45","modified_gmt":"2025-10-16T12:12:45","slug":"tu628evrensel-tip-sunucu","status":"publish","type":"product","link":"https:\/\/sz-xtt.com\/tr\/product\/tu628evrensel-tip-sunucu\/","title":{"rendered":"TU628evrensel tip sunucu"},"content":{"rendered":"<h3>Kapsaml\u0131 Performans \u0130yile\u015ftirme<\/h3>\n<p>Intel Purley platformu \u00fczerine in\u015fa edilen XTT628 sunucu, Intel? Xeon? \u00c7ekirdek, frekans, \u00f6nbellek ve ara ba\u011flant\u0131 kanallar\u0131nda \u00f6nemli ilerlemelere sahip \u00f6l\u00e7eklenebilir i\u015flemcileri destekler. DDR4 bellek teknolojisiyle 9,0 TB'a kadar bellek kapasitesini destekleyerek, karma\u015f\u0131k veri i\u015flemeden y\u00fcksek talep g\u00f6ren sanal ortamlara kadar geni\u015f bir uygulama yelpazesini kar\u015f\u0131lamas\u0131n\u0131 sa\u011flar.<\/p>\n<h3>Temel \u00d6zellikler:<\/h3>\n<p>Geli\u015ftirilmi\u015f Performans: \u00dcst\u00fcn bilgi i\u015flem g\u00fcc\u00fc i\u00e7in Intel'in en yeni \u00d6l\u00e7eklenebilir i\u015flemcilerinden yararlan\u0131r.<\/p>\n<p>Y\u00fcksek Bellek Kapasitesi: \u00c7e\u015fitli uygulama ihtiya\u00e7lar\u0131na uyarlanabilen 9,0 TB'a kadar DDR4 belle\u011fi destekler.<\/p>\n<p>Ye\u015fil Enerji Verimlili\u011fi: Optimum enerji kullan\u0131m\u0131 i\u00e7in g\u00fc\u00e7 s\u0131n\u0131rlama ve HVDC teknolojisini uygulayarak i\u015fletme maliyetlerini d\u00fc\u015f\u00fcr\u00fcr.<\/p>\n<p>Intel evrensel tip sunucu<\/p>\n<h3>Detayl\u0131 \u00dcr\u00fcn \u00d6zellikleri<\/h3>\n<p>Model XTT628<\/p>\n<p>\u0130\u015flemciler:<\/p>\n<p>1\/2 Intel? Xeon \u00d6l\u00e7eklenebilir i\u015flemciler, 3100\/4100\/5100\/6100\/8100 serisi, TDP 205W<\/p>\n<p>1\/2 Intel? Xeon mu? \u00d6l\u00e7eklenebilir i\u015flemciler, 3200\/4200\/5200\/6200\/8200 serisi, TDP 205W<\/p>\n<p>Yonga seti: Intel C621<\/p>\n<p>Haf\u0131za:<\/p>\n<p>24 DDR4 DIMM yuvas\u0131, 12 bellek kanal\u0131<\/p>\n<p>2933MT\/sn'ye kadar DDR4 RDIMM'leri\/LRDIMM'leri\/NVDIMM'leri destekler<\/p>\n<p>2666MT\/sn'ye kadar Intel DCPMM'leri destekler<\/p>\n<p>Maksimum 9,0 TB sistem belle\u011fi (\u00f6zel CPU ve Intel DCPMM gerektirir)<\/p>\n<p>Depolama:<\/p>\n<p>Entegre 6Gb\/s SATA denetleyici<\/p>\n<p>\u0130ste\u011fe ba\u011fl\u0131 12Gb\/sn SAS HBA ve RAID denetleyicileri<\/p>\n<p>16 x 3,5 + 2 x 2,5 veya 31 x 2,5 SAS\/SATA\/SSD s\u00fcr\u00fcc\u00fc ile yap\u0131land\u0131r\u0131labilir<\/p>\n<p>16 x 2,5 NVMe SSD'ye kadar destekler<\/p>\n<p>1 PCIe M.2 (80\/110mm), 2 SATA DOM i\u00e7erir<\/p>\n<p>PCI-E Geni\u015fleme: 10 adede kadar PCI Express 3.0 yuvas\u0131<\/p>\n<p>GPU: 2 tam y\u00fckseklikte, tam uzunlukta \u00e7ift geni\u015flikte GPU'yu destekler<\/p>\n<p>\u015eebeke:<\/p>\n<p>Entegre 2 x 1GbE<\/p>\n<p>\u0130ste\u011fe ba\u011fl\u0131 a\u011f kartlar\u0131: 2x1GbE\/4x1GbE\/2x10GbE\/4x10GbE\/2x25GbE\/2x40GbE<\/p>\n<p>Y\u00f6netim:<\/p>\n<p>IPMI2.0, IP \u00dczerinden KVM, SOL, SNMP'yi destekleyen yerle\u015fik BMC mod\u00fcl\u00fc<\/p>\n<p>Uzaktan ve toplu y\u00f6netim i\u00e7in geli\u015fmi\u015f y\u00f6netim yaz\u0131l\u0131m\u0131<\/p>\n<p>\u0130ste\u011fe ba\u011fl\u0131 LCD y\u00f6netim mod\u00fcl\u00fc<\/p>\n<p>G\u00fcvenlik: \u0130ste\u011fe ba\u011fl\u0131 TPM\/TCM mod\u00fcl\u00fc, \u015fasi izinsiz giri\u015f alg\u0131lama<\/p>\n<p>G\u00fc\u00e7:<\/p>\n<p>1\/2 g\u00fc\u00e7 mod\u00fcl\u00fc, 1+1 yedeklilik, \u00e7al\u0131\u015f\u0131rken de\u011fi\u015ftirilebilir<\/p>\n<p>Se\u00e7enekler: 220V AC\/240V DC\/336V DC\/-48V DC<\/p>\n<p>Se\u00e7enekler: 550W\/800W\/1300W\/1600W<\/p>\n<p>Limanlar:<\/p>\n<p>\u00d6n: 1 D-Sub VGA, 2 USB 3.0, 1 LCD MiniUSB<\/p>\n<p>Arka: 1 D-Sub VGA, 2 USB 3.0, 1 RJ45 y\u00f6netim portu, 2 RJ45 Ethernet portu<\/p>\n<p>Sistem Fanlar\u0131: 4 x 8038 veya 8056, N+1 yedekli, \u00e7al\u0131\u015f\u0131rken de\u011fi\u015ftirilebilir<\/p>\n<p>Boyutlar: 2U rafa monte, 447mm (G) x 87mm (Y) x 808mm (D) (kulaklar hari\u00e7: 788mm)<\/p>\n<p>A\u011f\u0131rl\u0131k: Yakla\u015f\u0131k net 32kg, raylar ve aksesuarlarla birlikte 40kg<\/p>\n<p>S\u0131cakl\u0131k:<\/p>\n<p>\u00c7al\u0131\u015f\u0131r durumda: 5 C ila 35 C (do\u011frudan g\u00fcne\u015f \u0131\u015f\u0131\u011f\u0131 yok)<\/p>\n<p>Uzat\u0131lm\u0131\u015f: 5 C ila 40 C (\u00f6zel yap\u0131land\u0131rma ile)<\/p>\n<p>Depolama\/Ta\u015f\u0131ma: -40 C ila 65 C<\/p>\n<p>Nem oran\u0131:<\/p>\n<p>\u00c7al\u0131\u015f\u0131r durumda: 10% ila 80% (yo\u011fu\u015fmas\u0131z)<\/p>\n<p>Depolama: 5% ila 95% (yo\u011fu\u015fmas\u0131z)<\/p>\n<p>Desteklenen \u0130\u015fletim Sistemleri:<\/p>\n<p>Microsoft Windows Server, Hyper-V Server<\/p>\n<p>Red Hat Enterprise Linux, SUSE Linux Enterprise Server<\/p>\n<p>CentOS, Ubuntu, Fedora, Solaris, Oracle Linux<\/p>\n<p>FreeBSD, VMware ESXi, Citrix XenServer<\/p>\n<h3>Neden Bizi Se\u00e7melisiniz?<\/h3>\n<p>K\u00f6kl\u00fc Uzmanl\u0131k: Shenzhen Xintongtai Technology Co, Ltd. 2007 y\u0131l\u0131ndan bu yana sunucu ve aksesuar pazar\u0131nda lider bir oyuncu olmu\u015ftur. Kapsaml\u0131 deneyimimiz, en kaliteli \u00fcr\u00fcnleri ve g\u00fcvenilir hizmeti garanti eder.<\/p>\n<p>Sunucular ve Aksesuarlarda Uzmanla\u015ft\u0131k: Yaln\u0131zca sunuculara ve aksesuarlara odaklanarak ihtiya\u00e7lar\u0131n\u0131za uygun en iyi \u00e7\u00f6z\u00fcmleri sunmam\u0131z\u0131 sa\u011fl\u0131yoruz.<\/p>\n<p>Kapsaml\u0131 \u00dcr\u00fcn Bilgileri: \u00dcr\u00fcn verilerimiz kapsaml\u0131 ve g\u00fcnceldir, bilin\u00e7li kararlar vermenizi sa\u011flar.<\/p>\n<p>M\u00fckemmel Hizmet: M\u00fc\u015fterilerimize \u00fcst\u00fcn hizmet ve destek sunmaya, her t\u00fcrl\u00fc sorunu derhal ve verimli bir \u015fekilde ele almaya kararl\u0131y\u0131z.<\/p>\n<p>Stokta Bulunabilirlik: Bak\u0131ml\u0131 envanterimiz, \u00fcr\u00fcnleri derhal tedarik edebilmemizi sa\u011flayarak teslim s\u00fcrelerini k\u0131salt\u0131r ve operasyonlar\u0131n\u0131z\u0131n sorunsuz \u00e7al\u0131\u015fmas\u0131n\u0131 sa\u011flar<\/p>","protected":false},"excerpt":{"rendered":"<p><strong>Marka XTT<\/strong><\/p>\n<p><strong>\u00dcr\u00fcn men\u015fei \u00c7\u0130N<\/strong><\/p>\n<p><strong>Teslimat s\u00fcresi15 g\u00fcn i\u00e7inde<\/strong><\/p>\n<p><strong>Tedarik kapasitesi9999<\/strong><\/p>\n<p>XTT628, kurumsal d\u00fczeydeki pazar taleplerini kar\u015f\u0131lamak i\u00e7in ba\u011f\u0131ms\u0131z olarak geli\u015ftirilen \u00e7ift soketli bir rafa monte sunucudur. Sunucu, \u0131s\u0131 da\u011f\u0131l\u0131m\u0131n\u0131 ve bak\u0131m\u0131 geli\u015ftiren, kararl\u0131l\u0131k ve g\u00fcvenilirlik sa\u011flayan mod\u00fcler bir tasar\u0131ma sahiptir. \u00c7ok y\u00f6nl\u00fcd\u00fcr ve b\u00fcy\u00fck veri analizi, sanalla\u015ft\u0131rma, hiper birle\u015fik bulut bili\u015fim ve k\u00fc\u00e7\u00fck ila orta \u00f6l\u00e7ekli veritabanlar\u0131 dahil olmak \u00fczere bir dizi uygulama i\u00e7in uygundur. \u00d6zellikle telekom\u00fcnikasyon, devlet ve internet sekt\u00f6rlerindeki m\u00fc\u015fteriler i\u00e7in \u00e7ok uygundur.<\/p>","protected":false},"featured_media":812,"template":"","meta":[],"product_brand":[],"product_cat":[65],"product_tag":[71,75,76,74,77],"class_list":{"0":"post-317","1":"product","2":"type-product","3":"status-publish","4":"has-post-thumbnail","6":"product_cat-universal-type-server","7":"product_tag-2u-universal-type-server","8":"product_tag-intel-n100-plex-server","9":"product_tag-intel-nuc-server","10":"product_tag-intel-universal-type-server","11":"product_tag-server-company","13":"first","14":"instock","15":"shipping-taxable","16":"product-type-simple"},"_links":{"self":[{"href":"https:\/\/sz-xtt.com\/tr\/wp-json\/wp\/v2\/product\/317","targetHints":{"allow":["GET"]}}],"collection":[{"href":"https:\/\/sz-xtt.com\/tr\/wp-json\/wp\/v2\/product"}],"about":[{"href":"https:\/\/sz-xtt.com\/tr\/wp-json\/wp\/v2\/types\/product"}],"wp:featuredmedia":[{"embeddable":true,"href":"https:\/\/sz-xtt.com\/tr\/wp-json\/wp\/v2\/media\/812"}],"wp:attachment":[{"href":"https:\/\/sz-xtt.com\/tr\/wp-json\/wp\/v2\/media?parent=317"}],"wp:term":[{"taxonomy":"product_brand","embeddable":true,"href":"https:\/\/sz-xtt.com\/tr\/wp-json\/wp\/v2\/product_brand?post=317"},{"taxonomy":"product_cat","embeddable":true,"href":"https:\/\/sz-xtt.com\/tr\/wp-json\/wp\/v2\/product_cat?post=317"},{"taxonomy":"product_tag","embeddable":true,"href":"https:\/\/sz-xtt.com\/tr\/wp-json\/wp\/v2\/product_tag?post=317"}],"curies":[{"name":"wp","href":"https:\/\/api.w.org\/{rel}","templated":true}]}}