{"id":318,"date":"2025-10-15T02:23:05","date_gmt":"2025-10-15T02:23:05","guid":{"rendered":"https:\/\/sz-xtt.com\/product\/tu618-universal-type-server\/"},"modified":"2025-10-16T14:40:22","modified_gmt":"2025-10-16T14:40:22","slug":"tu618-universal-type-server","status":"publish","type":"product","link":"https:\/\/sz-xtt.com\/tr\/product\/tu618-universal-type-server\/","title":{"rendered":"TU618 evrensel tip sunucu"},"content":{"rendered":"<h3>Powerful Performance and High Storage Capacity<\/h3>\n<p>The XTT618 server excels in performance and storage, supporting Intel? Xeon? Scalable processors and featuring 24 DDR4 memory slots with a maximum capacity of 9.0TB. It offers flexible storage configurations, including support for up to 4 x 3.5-inch or 10 x 2.5-inch hot-swappable SAS\/SATA drives, or 10 x 2.5-inch NVMe SSDs. The combination of 205W CPUs, low-latency NVMe drives, and high-power GPUs enhances overall performance, making it ideal for demanding applications.<\/p>\n<h3>Temel \u00d6zellikler:<\/h3>\n<p>High Performance: Equipped with Intel? Xeon? Scalable processors and 205W CPUs for exceptional computing power.<\/p>\n<p>Large Memory Capacity: Supports up to 9.0TB of DDR4 memory, adaptable to various applications.<\/p>\n<p>Flexible Storage: Configurable with up to 10 NVMe SSDs or 4 x 3.5-inch and 10 x 2.5-inch SAS\/SATA drives for extensive storage options.<\/p>\n<p>Intel evrensel tip sunucu<\/p>\n<h3>Detayl\u0131 \u00dcr\u00fcn \u00d6zellikleri<\/h3>\n<p>Model: XTT618<\/p>\n<p>\u0130\u015flemciler:<\/p>\n<p>1\/2 Intel? Xeon Scalable processors, 3100\/4100\/5100\/6100\/8100 series, TDP 205W<\/p>\n<p>1\/2 Intel? Xeon\u00a0 Scalable processors, 3200\/4200\/5200\/6200\/8200 series, TDP 205W<\/p>\n<p>Yonga seti: Intel C621<\/p>\n<p>Haf\u0131za:<\/p>\n<p>24 DDR4 DIMM yuvas\u0131, 12 bellek kanal\u0131<\/p>\n<p>2933MT\/sn'ye kadar DDR4 RDIMM'leri\/LRDIMM'leri\/NVDIMM'leri destekler<\/p>\n<p>2666MT\/sn'ye kadar Intel DCPMM'leri destekler<\/p>\n<p>Maksimum 9,0 TB sistem belle\u011fi (\u00f6zel CPU ve Intel DCPMM gerektirir)<\/p>\n<p>Depolama:<\/p>\n<p>Entegre 6Gb\/s SATA denetleyici<\/p>\n<p>\u0130ste\u011fe ba\u011fl\u0131 12Gb\/sn SAS HBA ve RAID denetleyicileri<\/p>\n<p>Configurable with up to 4 x 3.5 SAS\/SATA drives or 10 x 2.5 SAS\/SATA\/SSD drives<\/p>\n<p>Supports up to 10 x 2.5 NVMe SSDs<\/p>\n<p>1 PCIe M.2 (80\/110mm), 2 SATA DOM i\u00e7erir<\/p>\n<p>PCI-E Expansion: Up to 4 PCI Express 3.0 slots (including 2 dedicated slots)<\/p>\n<p>GPU: Supports 2 half-length single-width GPUs<\/p>\n<p>\u015eebeke:<\/p>\n<p>Entegre 2 x 1GbE<\/p>\n<p>\u0130ste\u011fe ba\u011fl\u0131 a\u011f kartlar\u0131: 2x1GbE\/4x1GbE\/2x10GbE\/4x10GbE\/2x25GbE\/2x40GbE<\/p>\n<p>Y\u00f6netim:<\/p>\n<p>IPMI2.0, IP \u00dczerinden KVM, SOL, SNMP'yi destekleyen yerle\u015fik BMC mod\u00fcl\u00fc<\/p>\n<p>Uzaktan ve toplu y\u00f6netim i\u00e7in geli\u015fmi\u015f y\u00f6netim yaz\u0131l\u0131m\u0131<\/p>\n<p>\u0130ste\u011fe ba\u011fl\u0131 LCD y\u00f6netim mod\u00fcl\u00fc<\/p>\n<p>G\u00fcvenlik: \u0130ste\u011fe ba\u011fl\u0131 TPM\/TCM mod\u00fcl\u00fc, \u015fasi izinsiz giri\u015f alg\u0131lama<\/p>\n<p>G\u00fc\u00e7:<\/p>\n<p>1\/2 g\u00fc\u00e7 mod\u00fcl\u00fc, 1+1 yedeklilik, \u00e7al\u0131\u015f\u0131rken de\u011fi\u015ftirilebilir<\/p>\n<p>Se\u00e7enekler: 220V AC\/240V DC\/336V DC\/-48V DC<\/p>\n<p>Se\u00e7enekler: 550W\/800W\/1300W\/1600W<\/p>\n<p>Limanlar:<\/p>\n<p>Front: 1 D-Sub VGA, 2 USB 3.0, 1 LCD Mini USB<\/p>\n<p>Arka: 1 D-Sub VGA, 2 USB 3.0, 1 RJ45 y\u00f6netim portu, 2 RJ45 Ethernet portu<\/p>\n<p>System Fans: 7 x 4056, N+1 redundant, hot-swappable<\/p>\n<p>Dimensions: 1U rackmount, 436mm (W) x 43.6mm (H) x 808mm (D) (excluding ears: 788mm)<\/p>\n<p>Weight: Approximately 19KG net, 28KG with rails and accessories<\/p>\n<p>S\u0131cakl\u0131k:<\/p>\n<p>\u00c7al\u0131\u015f\u0131r durumda: 5 C ila 35 C (do\u011frudan g\u00fcne\u015f \u0131\u015f\u0131\u011f\u0131 yok)<\/p>\n<p>Uzat\u0131lm\u0131\u015f: 5 C ila 40 C (\u00f6zel yap\u0131land\u0131rma ile)<\/p>\n<p>Depolama\/Ta\u015f\u0131ma: -40 C ila 65 C<\/p>\n<p>Nem oran\u0131:<\/p>\n<p>\u00c7al\u0131\u015f\u0131r durumda: 10% ila 80% (yo\u011fu\u015fmas\u0131z)<\/p>\n<p>Depolama: 5% ila 95% (yo\u011fu\u015fmas\u0131z)<\/p>\n<p>Desteklenen \u0130\u015fletim Sistemleri:<\/p>\n<p>Microsoft Windows, Windows Server, Hyper-V Server<\/p>\n<p>Red Hat Enterprise Linux, SUSE Linux Enterprise Server<\/p>\n<p>CentOS, Ubuntu, Fedora, Solaris, Oracle Linux<\/p>\n<p>FreeBSD, VMware ESXi, Citrix XenServer<\/p>\n<h3>Neden Bizi Se\u00e7melisiniz?<\/h3>\n<p>Established Expertise: Shenzhen Xintongtai Technology Co., Ltd. has been a leader in the server and accessory market since 2007. Our long-standing experience ensures high-quality products and reliable service.<\/p>\n<p>Specialized Focus: We are dedicated to servers and accessories, allowing us to offer specialized solutions tailored to your needs.<\/p>\n<p>Comprehensive Product Information: Our detailed and accurate product information helps you make well-informed decisions.<\/p>\n<p>Excellent Service: We pride ourselves on delivering outstanding service, addressing your needs and concerns promptly and efficiently.<\/p>\n<p>In-Stock Availability: With a well-managed inventory, we ensure prompt availability and delivery of products, minimizing downtime and operational disruptions.<\/p>","protected":false},"excerpt":{"rendered":"<p>Marka Intel<\/p>\n<p>\u00dcr\u00fcn men\u015fei ABD<\/p>\n<p>Teslimat s\u00fcresi15 g\u00fcn i\u00e7inde<\/p>\n<p>Tedarik kapasitesi9999<\/p>\n<p>XTT618 is an independently developed 1U dual-socket rackmount server, designed for compact spaces with high density and flexible configuration. Featuring a modular design that enhances heat dissipation and maintenance, it offers stability and reliability. With its superior cost-performance ratio, it provides high-end product capabilities. This server is widely applicable for virtualization, databases, big data, and artificial intelligence workloads.<\/p>","protected":false},"featured_media":921,"template":"","meta":[],"product_brand":[],"product_cat":[65],"product_tag":[90,75,76,74,80],"class_list":{"0":"post-318","1":"product","2":"type-product","3":"status-publish","4":"has-post-thumbnail","6":"product_cat-universal-type-server","7":"product_tag-1u-universal-type-server","8":"product_tag-intel-n100-plex-server","9":"product_tag-intel-nuc-server","10":"product_tag-intel-universal-type-server","11":"product_tag-server-brand","13":"first","14":"instock","15":"shipping-taxable","16":"product-type-simple"},"_links":{"self":[{"href":"https:\/\/sz-xtt.com\/tr\/wp-json\/wp\/v2\/product\/318","targetHints":{"allow":["GET"]}}],"collection":[{"href":"https:\/\/sz-xtt.com\/tr\/wp-json\/wp\/v2\/product"}],"about":[{"href":"https:\/\/sz-xtt.com\/tr\/wp-json\/wp\/v2\/types\/product"}],"wp:featuredmedia":[{"embeddable":true,"href":"https:\/\/sz-xtt.com\/tr\/wp-json\/wp\/v2\/media\/921"}],"wp:attachment":[{"href":"https:\/\/sz-xtt.com\/tr\/wp-json\/wp\/v2\/media?parent=318"}],"wp:term":[{"taxonomy":"product_brand","embeddable":true,"href":"https:\/\/sz-xtt.com\/tr\/wp-json\/wp\/v2\/product_brand?post=318"},{"taxonomy":"product_cat","embeddable":true,"href":"https:\/\/sz-xtt.com\/tr\/wp-json\/wp\/v2\/product_cat?post=318"},{"taxonomy":"product_tag","embeddable":true,"href":"https:\/\/sz-xtt.com\/tr\/wp-json\/wp\/v2\/product_tag?post=318"}],"curies":[{"name":"wp","href":"https:\/\/api.w.org\/{rel}","templated":true}]}}