{"id":328,"date":"2025-10-15T02:23:06","date_gmt":"2025-10-15T02:23:06","guid":{"rendered":"https:\/\/sz-xtt.com\/product\/650ab-16-s-server-power-supply\/"},"modified":"2025-10-17T00:07:14","modified_gmt":"2025-10-17T00:07:14","slug":"650ab-16-s-server-power-supply","status":"publish","type":"product","link":"https:\/\/sz-xtt.com\/tr\/product\/650ab-16-s-server-power-supply\/","title":{"rendered":"650AB-16 S sunucu g\u00fc\u00e7 kayna\u011f\u0131"},"content":{"rendered":"<h3>\u00dcr\u00fcne Genel Bak\u0131\u015f<\/h3>\n<p>650AB-16 C, \u00f6zellikle sunucu sistemleri i\u00e7in tasarlanm\u0131\u015f y\u00fcksek performansl\u0131 650W yedekli bir g\u00fc\u00e7 kayna\u011f\u0131d\u0131r. 185 mm derinli\u011fe sahip bu g\u00fc\u00e7 kayna\u011f\u0131, 12V ve 12V bekleme \u00e7\u0131k\u0131\u015flar\u0131n\u0131 destekler ve \u00e7e\u015fitli \u00e7al\u0131\u015fma ortamlar\u0131nda istikrarl\u0131 performans sa\u011flamak i\u00e7in otomatik de\u011fi\u015fen giri\u015f voltaj\u0131 ve g\u00fc\u00e7 fakt\u00f6r\u00fc d\u00fczeltme \u00f6zelli\u011fine sahiptir.<\/p>\n<p><strong>Mekanik Tasar\u0131m<\/strong><br \/>\nG\u00fc\u00e7 kayna\u011f\u0131n\u0131n fiziksel boyutlar\u0131 39\/40mm x 73.5mm x 185mm'dir ve etkili \u0131s\u0131 da\u011f\u0131l\u0131m\u0131 sa\u011flamak i\u00e7in 40mm'lik bir fan ile donat\u0131lm\u0131\u015ft\u0131r. Sistemle kolay aray\u00fcz olu\u015fturmak i\u00e7in 2\u00d725 kart kenar\u0131 \u00e7\u0131k\u0131\u015f ba\u011flant\u0131s\u0131 kullan\u0131r. AC g\u00fcc\u00fc do\u011frudan g\u00fc\u00e7 kayna\u011f\u0131n\u0131n \u00f6n taraf\u0131na tak\u0131l\u0131r ve modern sunucu kurulum gereksinimlerini kar\u015f\u0131layan basit ve kullan\u0131\u015fl\u0131 bir tasar\u0131m sunar.<\/p>\n<p><strong>\u00c7\u0131k\u0131\u015f Ba\u011flant\u0131s\u0131 ve G\u00f6stergeler<\/strong><br \/>\n650AB-16 C, g\u00fc\u00e7 ve sinyal iletimi i\u00e7in bir kart kenar\u0131 \u00e7\u0131k\u0131\u015f ba\u011flant\u0131s\u0131 kullan\u0131r. G\u00fc\u00e7 kayna\u011f\u0131nda ger\u00e7ek zamanl\u0131 durum g\u00fcncellemeleri sa\u011flayan \u00e7ift renkli bir LED g\u00f6stergeye (kehribar ve ye\u015fil) sahiptir ve kullan\u0131c\u0131lar\u0131n \u00e7al\u0131\u015fma ko\u015fullar\u0131n\u0131 h\u0131zl\u0131 bir \u015fekilde de\u011ferlendirebilmelerini sa\u011flar. \u00d6rne\u011fin, \u00e7\u0131k\u0131\u015f normal oldu\u011funda g\u00f6sterge ye\u015fil yanar; AC g\u00fcc\u00fc olmad\u0131\u011f\u0131nda kapanarak sorun gidermeyi kolayla\u015ft\u0131r\u0131r.<\/p>\n<p><strong>S\u0131cakl\u0131k ve Akustik Gereksinimler<\/strong><br \/>\nBu g\u00fc\u00e7 kayna\u011f\u0131, y\u00fcksek s\u0131cakl\u0131kl\u0131 ortamlarda kararl\u0131l\u0131\u011f\u0131 korumak i\u00e7in tasarlanm\u0131\u015f maksimum 70 C \u00e7\u0131k\u0131\u015f hava s\u0131cakl\u0131\u011f\u0131 ile 0 C ila 50 C s\u0131cakl\u0131k aral\u0131\u011f\u0131nda \u00e7al\u0131\u015f\u0131r. \u00c7e\u015fitli y\u00fckler alt\u0131nda ses g\u00fcc\u00fc seviyesi standartlar\u0131n\u0131 kar\u015f\u0131lamak i\u00e7in de\u011fi\u015fken h\u0131zl\u0131 fanlar i\u00e7erir ve \u00e7al\u0131\u015fma s\u0131ras\u0131nda d\u00fc\u015f\u00fck g\u00fcr\u00fclt\u00fc seviyeleri sa\u011flar.<\/p>\n<p><strong>AC Giri\u015f Gereksinimleri<\/strong><br \/>\n650AB-16 C, 90VAC ila 264VAC'ye otomatik olarak uyum sa\u011flayarak k\u00fcresel pazar taleplerini kar\u015f\u0131layan geni\u015f bir AC giri\u015f voltaj aral\u0131\u011f\u0131n\u0131 destekler. Ayr\u0131ca, a\u015f\u0131r\u0131 voltaj korumas\u0131 (OVP) ve a\u015f\u0131r\u0131 ak\u0131m korumas\u0131 (OCP) dahil olmak \u00fczere \u00e7oklu koruma mekanizmalar\u0131na sahiptir ve ekipman i\u00e7in g\u00fcvenlik ve kararl\u0131l\u0131k sa\u011flar.<\/p>\n<p><strong>Verimlilik ve \u00c7evresel Hususlar<\/strong><br \/>\nBu \u00fcr\u00fcn, 100% y\u00fckte 91% verimlili\u011fe ula\u015farak farkl\u0131 y\u00fck ko\u015fullar\u0131nda end\u00fcstri standard\u0131nda verimlilik sa\u011flar. Energy Star gereklilikleriyle uyumlu olan 650AB-16 C, yaln\u0131zca enerji tasarrufu sa\u011flamakla kalmaz, ayn\u0131 zamanda s\u00fcrd\u00fcr\u00fclebilir kalk\u0131nma ilkelerine uygun olarak kullan\u0131c\u0131lar\u0131n i\u015fletme maliyetlerini azaltmas\u0131na da yard\u0131mc\u0131 olur.<\/p>\n<h3>Neden Bizi Se\u00e7melisiniz<\/h3>\n<p>G\u00fc\u00e7 kayna\u011f\u0131 end\u00fcstrisinde lider bir tedarik\u00e7i olan Xintongtai Company, kapsaml\u0131 tasar\u0131m ve \u00fcretim deneyimine sahiptir. Y\u00fcksek kaliteli \u00fcr\u00fcnler ve ola\u011fan\u00fcst\u00fc m\u00fc\u015fteri hizmetleri sunmay\u0131 taahh\u00fct ediyoruz. Teknik ekibimiz, her \u00fcr\u00fcn\u00fcn performans, g\u00fcvenilirlik ve g\u00fcvenlik a\u00e7\u0131s\u0131ndan \u00fcst\u00fcn olmas\u0131n\u0131 sa\u011flamak i\u00e7in s\u00fcrekli yenilikler yapmaktad\u0131r. Ayr\u0131ca, sat\u0131\u015f sonras\u0131 servis ekibimiz her zaman m\u00fc\u015fterileri desteklemeye haz\u0131rd\u0131r ve kullan\u0131m s\u0131ras\u0131ndaki sorunlar\u0131n derhal ele al\u0131nmas\u0131n\u0131 sa\u011flar.<\/p>\n<p>Xintongtai'yi se\u00e7erek, yaln\u0131zca y\u00fcksek performansl\u0131 g\u00fc\u00e7 \u00e7\u00f6z\u00fcmlerine eri\u015fmekle kalmaz, ayn\u0131 zamanda sistemlerinizin verimli ve istikrarl\u0131 bir \u015fekilde \u00e7al\u0131\u015fmas\u0131n\u0131 sa\u011flayan profesyonel destek ve hizmetin keyfini \u00e7\u0131kar\u0131rs\u0131n\u0131z.<\/p>","protected":false},"excerpt":{"rendered":"<p><strong>Marka DELTA<\/strong><\/p>\n<p><strong>\u00dcr\u00fcn men\u015fei \u00c7\u0130N<\/strong><\/p>\n<p><strong>Teslimat s\u00fcresi15 g\u00fcn i\u00e7inde<\/strong><\/p>\n<p><strong>Tedarik kapasitesi9999<\/strong><\/p>\n<p>650AB-16 C, \u00f6zellikle sunucu sistemleri i\u00e7in tasarlanm\u0131\u015f y\u00fcksek performansl\u0131 650W yedekli bir g\u00fc\u00e7 kayna\u011f\u0131d\u0131r. 185 mm derinli\u011fe sahip bu g\u00fc\u00e7 kayna\u011f\u0131, 12V ve 12V bekleme \u00e7\u0131k\u0131\u015flar\u0131n\u0131 destekler ve \u00e7e\u015fitli \u00e7al\u0131\u015fma ortamlar\u0131nda istikrarl\u0131 performans sa\u011flamak i\u00e7in otomatik de\u011fi\u015fen giri\u015f voltaj\u0131 ve g\u00fc\u00e7 fakt\u00f6r\u00fc d\u00fczeltme \u00f6zelli\u011fine sahiptir.<\/p>","protected":false},"featured_media":1039,"template":"","meta":[],"product_brand":[],"product_cat":[91],"product_tag":[109,104,110,108,101],"class_list":{"0":"post-328","1":"product","2":"type-product","3":"status-publish","4":"has-post-thumbnail","6":"product_cat-server-power-supply","7":"product_tag-1200-watt-server-power-supply","8":"product_tag-2000w-server-power-supply","9":"product_tag-best-server-power-supply","10":"product_tag-power-supply-for-server","11":"product_tag-server-power-supplies","13":"first","14":"instock","15":"shipping-taxable","16":"product-type-simple"},"_links":{"self":[{"href":"https:\/\/sz-xtt.com\/tr\/wp-json\/wp\/v2\/product\/328","targetHints":{"allow":["GET"]}}],"collection":[{"href":"https:\/\/sz-xtt.com\/tr\/wp-json\/wp\/v2\/product"}],"about":[{"href":"https:\/\/sz-xtt.com\/tr\/wp-json\/wp\/v2\/types\/product"}],"wp:featuredmedia":[{"embeddable":true,"href":"https:\/\/sz-xtt.com\/tr\/wp-json\/wp\/v2\/media\/1039"}],"wp:attachment":[{"href":"https:\/\/sz-xtt.com\/tr\/wp-json\/wp\/v2\/media?parent=328"}],"wp:term":[{"taxonomy":"product_brand","embeddable":true,"href":"https:\/\/sz-xtt.com\/tr\/wp-json\/wp\/v2\/product_brand?post=328"},{"taxonomy":"product_cat","embeddable":true,"href":"https:\/\/sz-xtt.com\/tr\/wp-json\/wp\/v2\/product_cat?post=328"},{"taxonomy":"product_tag","embeddable":true,"href":"https:\/\/sz-xtt.com\/tr\/wp-json\/wp\/v2\/product_tag?post=328"}],"curies":[{"name":"wp","href":"https:\/\/api.w.org\/{rel}","templated":true}]}}