{"id":331,"date":"2025-10-15T02:23:06","date_gmt":"2025-10-15T02:23:06","guid":{"rendered":"https:\/\/sz-xtt.com\/product\/ac-148-server-power-supply\/"},"modified":"2025-10-17T01:15:26","modified_gmt":"2025-10-17T01:15:26","slug":"ac-148-server-power-supply","status":"publish","type":"product","link":"https:\/\/sz-xtt.com\/tr\/product\/ac-148-server-power-supply\/","title":{"rendered":"AC 148 sunucu g\u00fc\u00e7 kayna\u011f\u0131"},"content":{"rendered":"<h3>\u00dcr\u00fcne Genel Bak\u0131\u015f<\/h3>\n<p>AC-148 A g\u00fc\u00e7 mod\u00fcl\u00fc, Delta Electronics taraf\u0131ndan piyasaya s\u00fcr\u00fclen ve modern cihazlardaki kararl\u0131l\u0131k ve g\u00fcvenilirlik taleplerini kar\u015f\u0131lamak i\u00e7in tasarlanm\u0131\u015f y\u00fcksek performansl\u0131 bir g\u00fc\u00e7 \u00e7\u00f6z\u00fcm\u00fcd\u00fcr. Bu mod\u00fcl birden fazla \u00e7\u0131k\u0131\u015f voltaj\u0131n\u0131 destekler, ola\u011fan\u00fcst\u00fc enerji verimlili\u011fine sahiptir ve \u00e7e\u015fitli \u00e7al\u0131\u015fma ortamlar\u0131nda g\u00fcvenli \u00e7al\u0131\u015fmay\u0131 sa\u011flamak i\u00e7in kapsaml\u0131 koruma mekanizmalar\u0131 i\u00e7erir.<\/p>\n<h3>Temel \u00d6zellikler ve Karakteristikler<\/h3>\n<p>\u00c7oklu \u00c7\u0131k\u0131\u015f Gerilimleri<br \/>\nAC-148 A g\u00fc\u00e7 mod\u00fcl\u00fc, +3,3V, +5V, +12V, -12V ve +5VSB dahil olmak \u00fczere \u00e7oklu DC \u00e7\u0131k\u0131\u015f voltajlar\u0131n\u0131 entegre eder. Bu \u00e7\u0131k\u0131\u015f voltajlar\u0131, farkl\u0131 cihazlar\u0131n g\u00fc\u00e7 gereksinimlerini kar\u015f\u0131layarak veri merkezleri, a\u011f ekipmanlar\u0131 ve end\u00fcstriyel otomasyon i\u00e7in ideal bir se\u00e7imdir.<\/p>\n<p>Y\u00fcksek Verimlilik ve G\u00fcvenilirlik<br \/>\nBu g\u00fc\u00e7 mod\u00fcl\u00fc, \u00e7e\u015fitli y\u00fck ko\u015fullar\u0131 alt\u0131nda 94%'nin \u00fczerinde d\u00f6n\u00fc\u015ft\u00fcrme verimlili\u011fini koruyarak sistemin enerji tasarruflu \u00e7al\u0131\u015fmas\u0131n\u0131 sa\u011flar. Ayr\u0131ca, AC-148 A dinamik y\u00fck tepkisi \u00f6zelliklerine sahiptir, bu da kararl\u0131 \u00e7\u0131k\u0131\u015f voltaj\u0131n\u0131 korurken y\u00fck de\u011fi\u015fikliklerine h\u0131zl\u0131 bir \u015fekilde adapte olmas\u0131n\u0131 sa\u011flar, b\u00f6ylece zorlu \u00e7al\u0131\u015fma ortamlar\u0131n\u0131n taleplerini kar\u015f\u0131lar.<\/p>\n<p>Kapsaml\u0131 Koruma Mekanizmalar\u0131<br \/>\n\u00dcr\u00fcn g\u00fcvenli\u011fini sa\u011flamak i\u00e7in AC-148 A, A\u015f\u0131r\u0131 Gerilim Korumas\u0131 (OVP), A\u015f\u0131r\u0131 Ak\u0131m Korumas\u0131 (OCP), K\u0131sa Devre Korumas\u0131 ve A\u015f\u0131r\u0131 S\u0131cakl\u0131k Korumas\u0131 gibi \u00e7oklu koruma \u00f6zellikleriyle donat\u0131lm\u0131\u015ft\u0131r. Bu koruyucu i\u015flevler, anormal ko\u015fullar alt\u0131nda cihaz\u0131n hasar g\u00f6rmesini etkili bir \u015fekilde \u00f6nler ve b\u00f6ylece \u00fcr\u00fcn\u00fcn kullan\u0131m \u00f6mr\u00fcn\u00fc uzat\u0131r.<\/p>\n<p>\u00c7evresel Uyumluluk<br \/>\n\u00c7al\u0131\u015fma S\u0131cakl\u0131k Aral\u0131\u011f\u0131<br \/>\nAC-148 A, \u00e7e\u015fitli \u00e7evre ko\u015fullar\u0131 i\u00e7in uygun olan 0 C ila 50 C \u00e7al\u0131\u015fma s\u0131cakl\u0131\u011f\u0131 aral\u0131\u011f\u0131n\u0131 destekleyecek \u015fekilde tasarlanm\u0131\u015ft\u0131r. Ayr\u0131ca, \u00e7al\u0131\u015fma d\u0131\u015f\u0131 s\u0131cakl\u0131k aral\u0131\u011f\u0131 -40 C ila +80 C'ye ula\u015fabilir ve a\u015f\u0131r\u0131 s\u0131cakl\u0131klarda g\u00fcvenilirlik sa\u011flar.<\/p>\n<p>Nem ve Rak\u0131m<br \/>\nBu mod\u00fcl, yo\u011fu\u015fmas\u0131z ortamlarda 5% ila 95% nem aral\u0131\u011f\u0131na dayanabilir ve 5000 metreye kadar y\u00fcksekliklerde sabit kal\u0131r. Bu da onu \u00f6zellikle y\u00fcksek rak\u0131ml\u0131 b\u00f6lgelerdeki ve nemli ortamlardaki uygulamalar i\u00e7in uygun hale getirir.<\/p>\n<p>Uyumluluk ve Kullan\u0131labilirlik<br \/>\nAC-148 A g\u00fc\u00e7 mod\u00fcl\u00fc ROHS standartlar\u0131na uygundur ve \u00e7evresel uyumlulu\u011funu garanti eder. Ayr\u0131ca, mod\u00fcl kullan\u0131c\u0131 kolayl\u0131\u011f\u0131 i\u00e7in tasarlanm\u0131\u015ft\u0131r, kolay ba\u011flanabilir terminaller ve net etiketleme ile kurulum ve bak\u0131m\u0131 daha kolay hale getirir.<\/p>\n<h3>Neden Bizi Se\u00e7melisiniz<\/h3>\n<p>Xintongtai \u015eirketinin Avantajlar\u0131<br \/>\nXTT-148 A g\u00fc\u00e7 mod\u00fcl\u00fcn\u00fcn tedarik\u00e7isi olarak Xintongtai Company, m\u00fc\u015fterilerine y\u00fcksek kaliteli g\u00fc\u00e7 \u00e7\u00f6z\u00fcmleri sunmaya kendini adam\u0131\u015ft\u0131r. Avantajlar\u0131m\u0131z \u015funlar\u0131 i\u00e7erir:<\/p>\n<p>Kapsaml\u0131 End\u00fcstri Deneyimi: Xintongtai, m\u00fc\u015fteri ihtiya\u00e7lar\u0131n\u0131 ve pazar de\u011fi\u015fikliklerini tam olarak anlayarak g\u00fc\u00e7 \u00fcr\u00fcnleri alan\u0131nda y\u0131llar\u0131n deneyimine sahiptir.<br \/>\nKaliteli M\u00fc\u015fteri Hizmetleri: Kullan\u0131m s\u0131ras\u0131nda kar\u015f\u0131la\u015f\u0131lan herhangi bir sorunun derhal \u00e7\u00f6z\u00fclmesini sa\u011flamak i\u00e7in profesyonel teknik destek ve sat\u0131\u015f sonras\u0131 hizmet sunuyoruz.<br \/>\nS\u0131k\u0131 Kalite Kontrol: T\u00fcm \u00fcr\u00fcnlerimiz, her bir g\u00fc\u00e7 mod\u00fcl\u00fcn\u00fcn uluslararas\u0131 standartlar\u0131 kar\u015f\u0131lad\u0131\u011f\u0131ndan ve g\u00fcvenilir performans sa\u011flad\u0131\u011f\u0131ndan emin olmak i\u00e7in titiz kalite testlerinden ge\u00e7mektedir.<br \/>\nEsnek \u00d6zelle\u015ftirme Hizmetleri: Belirli m\u00fc\u015fteri ihtiya\u00e7lar\u0131na g\u00f6re ki\u015fiselle\u015ftirilmi\u015f \u00e7\u00f6z\u00fcmler sunabilir, farkl\u0131 sekt\u00f6rlerin \u00f6zel gereksinimlerini daha iyi kar\u015f\u0131layabiliriz.<br \/>\nXintongtai \u015eirketini se\u00e7mek, yaln\u0131zca verimli bir g\u00fc\u00e7 mod\u00fcl\u00fc edinmek de\u011fil, ayn\u0131 zamanda kalite ve hizmet taahh\u00fcd\u00fcm\u00fcz\u00fc kazanmak anlam\u0131na gelir. Birlikte parlak bir gelecek yaratmak i\u00e7in sizinle ortakl\u0131k kurmay\u0131 d\u00f6rt g\u00f6zle bekliyoruz.<\/p>","protected":false},"excerpt":{"rendered":"<p><strong>Marka DELTA<\/strong><\/p>\n<p><strong>\u00dcr\u00fcn men\u015fei\u00c7\u0130N<\/strong><\/p>\n<p><strong>Teslimat s\u00fcresi15 g\u00fcn i\u00e7inde<\/strong><\/p>\n<p><strong>Tedarik kapasitesi9999<\/strong><\/p>\n<p>AC 148 g\u00fc\u00e7 mod\u00fcl\u00fc, Delta Electronics taraf\u0131ndan piyasaya s\u00fcr\u00fclen ve modern cihazlardaki kararl\u0131l\u0131k ve g\u00fcvenilirlik taleplerini kar\u015f\u0131lamak i\u00e7in tasarlanm\u0131\u015f y\u00fcksek performansl\u0131 bir g\u00fc\u00e7 \u00e7\u00f6z\u00fcm\u00fcd\u00fcr. Bu mod\u00fcl birden fazla \u00e7\u0131k\u0131\u015f voltaj\u0131n\u0131 destekler, ola\u011fan\u00fcst\u00fc enerji verimlili\u011fine sahiptir ve \u00e7e\u015fitli \u00e7al\u0131\u015fma ortamlar\u0131nda g\u00fcvenli \u00e7al\u0131\u015fmay\u0131 sa\u011flamak i\u00e7in kapsaml\u0131 koruma mekanizmalar\u0131 i\u00e7erir.<\/p>","protected":false},"featured_media":1053,"template":"","meta":[],"product_brand":[],"product_cat":[91],"product_tag":[109,115,114,108,111],"class_list":{"0":"post-331","1":"product","2":"type-product","3":"status-publish","4":"has-post-thumbnail","6":"product_cat-server-power-supply","7":"product_tag-1200-watt-server-power-supply","8":"product_tag-2u-server-power-supply","9":"product_tag-dual-power-supply-server","10":"product_tag-power-supply-for-server","11":"product_tag-server-power-supply-unit","13":"first","14":"instock","15":"shipping-taxable","16":"product-type-simple"},"_links":{"self":[{"href":"https:\/\/sz-xtt.com\/tr\/wp-json\/wp\/v2\/product\/331","targetHints":{"allow":["GET"]}}],"collection":[{"href":"https:\/\/sz-xtt.com\/tr\/wp-json\/wp\/v2\/product"}],"about":[{"href":"https:\/\/sz-xtt.com\/tr\/wp-json\/wp\/v2\/types\/product"}],"wp:featuredmedia":[{"embeddable":true,"href":"https:\/\/sz-xtt.com\/tr\/wp-json\/wp\/v2\/media\/1053"}],"wp:attachment":[{"href":"https:\/\/sz-xtt.com\/tr\/wp-json\/wp\/v2\/media?parent=331"}],"wp:term":[{"taxonomy":"product_brand","embeddable":true,"href":"https:\/\/sz-xtt.com\/tr\/wp-json\/wp\/v2\/product_brand?post=331"},{"taxonomy":"product_cat","embeddable":true,"href":"https:\/\/sz-xtt.com\/tr\/wp-json\/wp\/v2\/product_cat?post=331"},{"taxonomy":"product_tag","embeddable":true,"href":"https:\/\/sz-xtt.com\/tr\/wp-json\/wp\/v2\/product_tag?post=331"}],"curies":[{"name":"wp","href":"https:\/\/api.w.org\/{rel}","templated":true}]}}