{"id":338,"date":"2025-10-15T02:23:07","date_gmt":"2025-10-15T02:23:07","guid":{"rendered":"https:\/\/sz-xtt.com\/product\/sfx-sfg-server-power-supply\/"},"modified":"2025-10-16T23:55:04","modified_gmt":"2025-10-16T23:55:04","slug":"sfx-sfg-server-power-supply","status":"publish","type":"product","link":"https:\/\/sz-xtt.com\/tr\/product\/sfx-sfg-server-power-supply\/","title":{"rendered":"SFX SFG sunucu g\u00fc\u00e7 kayna\u011f\u0131"},"content":{"rendered":"<h3>\u00dcr\u00fcn \u00d6zellikleri<\/h3>\n<p>High-Efficiency Design: Achieves up to 90% efficiency with 80PLUS? Gold certification, effectively reducing power consumption.<\/p>\n<p>Quality Fan: Equipped with an 80mm double ball bearing fan, providing quiet and efficient cooling, extending the lifespan of the device.<\/p>\n<p>Comprehensive Protection: Features Short Circuit Protection (SCP), Over Voltage Protection (OVP), and Overload Protection (OPP) for system safety.<\/p>\n<p>Stable Output: DC to DC converter design ensures stable output voltage, adapting to different load conditions.<\/p>\n<p>industrial power supply<\/p>\n<h3>\u00dcr\u00fcn \u00d6zellikleri<\/h3>\n<p>Power: 300 W<\/p>\n<p>Dimensions: 100 125 63.5 mm<\/p>\n<p>Giri\u015f Frekans\u0131: 50 \/ 60 Hz<\/p>\n<p>Verimlilik: 80PLUS? Alt\u0131n<\/p>\n<p>Hat Reg\u00fclasyonu: ? 1% (tipik)<\/p>\n<p>Y\u00fck Reg\u00fclasyonu: ? 5% (tipik)<\/p>\n<p>\u00c7apraz D\u00fczenleme: ? 5% (tipik)<\/p>\n<p>MTBF: &gt; 100.000 saat (25 C ortam s\u0131cakl\u0131\u011f\u0131nda tam y\u00fck)<\/p>\n<p>Power Factor Correction: 99% (typical)<\/p>\n<p>DC \u00c7\u0131k\u0131\u015f\u0131:<\/p>\n<p>+3.3V: 10A<\/p>\n<p>+5V: 14A<\/p>\n<p>+12V: 25A<\/p>\n<p>-12V: 0,3A<\/p>\n<p>+5Vsb: 2A<\/p>\n<p>Total Continuous Power: 300 W<\/p>\n<p>Giri\u015f Tipi: 100 C240 VAC<\/p>\n<h3>Neden Bizi Se\u00e7melisiniz<\/h3>\n<p>\u015eirket Ge\u00e7mi\u015fi: Xintongtai 2007 y\u0131l\u0131nda kurulmu\u015ftur ve zengin end\u00fcstri deneyimi biriktirerek sunucu ve aksesuarlar\u0131n ara\u015ft\u0131rma ve \u00fcretiminde uzmanla\u015fm\u0131\u015ft\u0131r.<\/p>\n<p>Kaliteli \u00dcr\u00fcnler: M\u00fc\u015fterilerin do\u011fru g\u00fc\u00e7 kayna\u011f\u0131 \u00fcnitesini kolayca se\u00e7ebilmelerini sa\u011flamak i\u00e7in ayr\u0131nt\u0131l\u0131 \u00fcr\u00fcn bilgileri sunuyoruz.<\/p>\n<p>M\u00fckemmel Hizmet: M\u00fc\u015fteri hizmetleri ekibimiz profesyonel ve verimlidir, her zaman teknik destek ve sat\u0131\u015f sonras\u0131 hizmet vermeye haz\u0131rd\u0131r.<\/p>\n<p>Stok \u0130\u00e7i Tedarik: H\u0131zl\u0131 sevkiyat i\u00e7in bol miktarda \u00fcr\u00fcn envanteri bulunduruyor ve m\u00fc\u015fteri ihtiya\u00e7lar\u0131n\u0131n zaman\u0131nda kar\u015f\u0131lanmas\u0131n\u0131 sa\u011fl\u0131yoruz.<\/p>","protected":false},"excerpt":{"rendered":"<p><strong>Marka XTT<\/strong><\/p>\n<p><strong>\u00dcr\u00fcn men\u015fei \u00c7\u0130N<\/strong><\/p>\n<p><strong>Teslimat s\u00fcresi15 g\u00fcn i\u00e7inde<\/strong><\/p>\n<p><strong>Tedarik kapasitesi9999<\/strong><\/p>\n<p>Our 300W power supply unit is designed for efficiency and stability, suitable for various computer systems. With its efficient energy conversion and reliable performance, this power supply can meet the needs of everyday use and high-load tasks, ensuring continuous stable operation of the system.<\/p>","protected":false},"featured_media":1013,"template":"","meta":[],"product_brand":[],"product_cat":[91],"product_tag":[128,131,123,129,130],"class_list":{"0":"post-338","1":"product","2":"type-product","3":"status-publish","4":"has-post-thumbnail","6":"product_cat-server-power-supply","7":"product_tag-300w-server-power-supply","8":"product_tag-hp-power-supply-server","9":"product_tag-industrial-power-supply","10":"product_tag-rc-server-power-supply","11":"product_tag-server-dc-power-supply","13":"first","14":"instock","15":"shipping-taxable","16":"product-type-simple"},"_links":{"self":[{"href":"https:\/\/sz-xtt.com\/tr\/wp-json\/wp\/v2\/product\/338","targetHints":{"allow":["GET"]}}],"collection":[{"href":"https:\/\/sz-xtt.com\/tr\/wp-json\/wp\/v2\/product"}],"about":[{"href":"https:\/\/sz-xtt.com\/tr\/wp-json\/wp\/v2\/types\/product"}],"wp:featuredmedia":[{"embeddable":true,"href":"https:\/\/sz-xtt.com\/tr\/wp-json\/wp\/v2\/media\/1013"}],"wp:attachment":[{"href":"https:\/\/sz-xtt.com\/tr\/wp-json\/wp\/v2\/media?parent=338"}],"wp:term":[{"taxonomy":"product_brand","embeddable":true,"href":"https:\/\/sz-xtt.com\/tr\/wp-json\/wp\/v2\/product_brand?post=338"},{"taxonomy":"product_cat","embeddable":true,"href":"https:\/\/sz-xtt.com\/tr\/wp-json\/wp\/v2\/product_cat?post=338"},{"taxonomy":"product_tag","embeddable":true,"href":"https:\/\/sz-xtt.com\/tr\/wp-json\/wp\/v2\/product_tag?post=338"}],"curies":[{"name":"wp","href":"https:\/\/api.w.org\/{rel}","templated":true}]}}