{"id":340,"date":"2025-10-15T02:23:09","date_gmt":"2025-10-15T02:23:09","guid":{"rendered":"https:\/\/sz-xtt.com\/product\/tfx-tgs-server-power-supply\/"},"modified":"2025-10-16T15:03:45","modified_gmt":"2025-10-16T15:03:45","slug":"tfx-tgs-server-power-supply","status":"publish","type":"product","link":"https:\/\/sz-xtt.com\/tr\/product\/tfx-tgs-server-power-supply\/","title":{"rendered":"TFX TGS sunucu g\u00fc\u00e7 kayna\u011f\u0131"},"content":{"rendered":"<h3>\u00dcr\u00fcn \u00d6zellikleri<\/h3>\n<p>ATX Uyumlulu\u011fu: Intel ATX 12 V v2.31 standard\u0131yla uyumludur ve \u00e7o\u011fu anakartla uyumluluk ve kararl\u0131l\u0131k sa\u011flar.<\/p>\n<p>High-Efficiency Design: 80PLUS? Gold certification achieves up to 90% efficiency, significantly reducing power consumption.<\/p>\n<p>Quality Fan: Equipped with an 80mm double ball bearing fan for effective cooling and quiet operation, extending the lifespan of the power supply.<\/p>\n<p>Kapsaml\u0131 Koruma: Sistemin tam g\u00fcvenli\u011fi i\u00e7in K\u0131sa Devre Korumas\u0131 (SCP), A\u015f\u0131r\u0131 Gerilim Korumas\u0131 (OVP) ve A\u015f\u0131r\u0131 Y\u00fck Korumas\u0131 (OPP) \u00f6zelliklerine sahiptir.<\/p>\n<p>industrial power supply<\/p>\n<h3>\u00dcr\u00fcn \u00d6zellikleri<\/h3>\n<p>Power: 300 W<\/p>\n<p>Boyutlar: 140 85 65 mm<\/p>\n<p>Giri\u015f Frekans\u0131: 50 \/ 60 Hz<\/p>\n<p>Verimlilik: 80PLUS? Alt\u0131n<\/p>\n<p>Line Regulation:\u00a0 \u00a01% (typical)<\/p>\n<p>Load Regulation:\u00a0 5% (typical)<\/p>\n<p>Cross Regulation:\u00a0 5% (typical)<\/p>\n<p>MTBF: &gt; 100.000 saat (25 C ortam s\u0131cakl\u0131\u011f\u0131nda tam y\u00fck)<\/p>\n<p>G\u00fc\u00e7 Fakt\u00f6r\u00fc D\u00fczeltmesi: &gt; 95% (tipik)<\/p>\n<p>DC \u00c7\u0131k\u0131\u015f\u0131:<\/p>\n<p>+3.3V: 10A<\/p>\n<p>+5V: 14A<\/p>\n<p>+12V: 25A<\/p>\n<p>-12V: 0,3A<\/p>\n<p>+5Vsb: 2A<\/p>\n<p>Total Continuous Power: 300 W<\/p>\n<p>Giri\u015f Tipi: 100 C240 VAC<\/p>\n<h3>Neden Bizi Se\u00e7melisiniz<\/h3>\n<p>\u015eirket Ge\u00e7mi\u015fi: Xintongtai 2007 y\u0131l\u0131nda kurulmu\u015ftur ve zengin end\u00fcstri deneyimi biriktirerek sunucu ve aksesuarlar\u0131n ara\u015ft\u0131rma ve \u00fcretiminde uzmanla\u015fm\u0131\u015ft\u0131r.<\/p>\n<p>Kaliteli \u00dcr\u00fcnler: M\u00fc\u015fterilerin do\u011fru g\u00fc\u00e7 kayna\u011f\u0131 \u00fcnitesini kolayca se\u00e7ebilmelerini sa\u011flamak i\u00e7in ayr\u0131nt\u0131l\u0131 \u00fcr\u00fcn bilgileri sunuyoruz.<\/p>\n<p>M\u00fckemmel Hizmet: M\u00fc\u015fteri hizmetleri ekibimiz profesyonel ve verimlidir, her zaman teknik destek ve sat\u0131\u015f sonras\u0131 hizmet vermeye haz\u0131rd\u0131r.<\/p>\n<p>Stok \u0130\u00e7i Tedarik: H\u0131zl\u0131 sevkiyat i\u00e7in bol miktarda \u00fcr\u00fcn envanteri bulunduruyor ve m\u00fc\u015fteri ihtiya\u00e7lar\u0131n\u0131n zaman\u0131nda kar\u015f\u0131lanmas\u0131n\u0131 sa\u011fl\u0131yoruz.<\/p>","protected":false},"excerpt":{"rendered":"<p><strong>Marka XTT<\/strong><\/p>\n<p><strong>\u00dcr\u00fcn men\u015fei \u00c7\u0130N<\/strong><\/p>\n<p><strong>Teslimat s\u00fcresi15 g\u00fcn i\u00e7inde<\/strong><\/p>\n<p><strong>Tedarik kapasitesi9999<\/strong><\/p>\n<p>Our 300W power supply unit is compliant with the Intel ATX 12 V v2.31 standard, designed for efficiency and stability, suitable for a variety of computer systems. With its superior efficiency and reliability, this power supply can meet the demands of everyday use and high-load tasks, ensuring stable operation in various environments.<\/p>","protected":false},"featured_media":946,"template":"","meta":[],"product_brand":[],"product_cat":[91],"product_tag":[128,123,101,111,98],"class_list":{"0":"post-340","1":"product","2":"type-product","3":"status-publish","4":"has-post-thumbnail","6":"product_cat-server-power-supply","7":"product_tag-300w-server-power-supply","8":"product_tag-industrial-power-supply","9":"product_tag-server-power-supplies","10":"product_tag-server-power-supply-unit","11":"product_tag-server-rack-power-supply","13":"first","14":"instock","15":"shipping-taxable","16":"product-type-simple"},"_links":{"self":[{"href":"https:\/\/sz-xtt.com\/tr\/wp-json\/wp\/v2\/product\/340","targetHints":{"allow":["GET"]}}],"collection":[{"href":"https:\/\/sz-xtt.com\/tr\/wp-json\/wp\/v2\/product"}],"about":[{"href":"https:\/\/sz-xtt.com\/tr\/wp-json\/wp\/v2\/types\/product"}],"wp:featuredmedia":[{"embeddable":true,"href":"https:\/\/sz-xtt.com\/tr\/wp-json\/wp\/v2\/media\/946"}],"wp:attachment":[{"href":"https:\/\/sz-xtt.com\/tr\/wp-json\/wp\/v2\/media?parent=340"}],"wp:term":[{"taxonomy":"product_brand","embeddable":true,"href":"https:\/\/sz-xtt.com\/tr\/wp-json\/wp\/v2\/product_brand?post=340"},{"taxonomy":"product_cat","embeddable":true,"href":"https:\/\/sz-xtt.com\/tr\/wp-json\/wp\/v2\/product_cat?post=340"},{"taxonomy":"product_tag","embeddable":true,"href":"https:\/\/sz-xtt.com\/tr\/wp-json\/wp\/v2\/product_tag?post=340"}],"curies":[{"name":"wp","href":"https:\/\/api.w.org\/{rel}","templated":true}]}}