{"id":344,"date":"2025-10-15T02:23:09","date_gmt":"2025-10-15T02:23:09","guid":{"rendered":"https:\/\/sz-xtt.com\/product\/ssf-0601-server-power-supply\/"},"modified":"2025-10-16T15:31:01","modified_gmt":"2025-10-16T15:31:01","slug":"ssf-0601-server-power-supply","status":"publish","type":"product","link":"https:\/\/sz-xtt.com\/tr\/product\/ssf-0601-server-power-supply\/","title":{"rendered":"SSF 0601 sunucu g\u00fc\u00e7 kayna\u011f\u0131"},"content":{"rendered":"<h3>\u00dcr\u00fcne Genel Bak\u0131\u015f<\/h3>\n<p>XTT SSF-0601, sabit 12V \u00e7\u0131k\u0131\u015f voltaj\u0131 sa\u011flamak i\u00e7in tasarlanm\u0131\u015f y\u00fcksek verimli bir g\u00fc\u00e7 adapt\u00f6r\u00fcd\u00fcr. Bu \u00fcr\u00fcn, \u00e7e\u015fitli elektronik cihazlar ve uygulamalar i\u00e7in uygun olan m\u00fckemmel performans ve g\u00fcvenilirlik sunar.<\/p>\n<h3>\u00dcr\u00fcn \u00d6zellikleri<\/h3>\n<p>Y\u00fcksek Verimlilik: Verimlilik 87%, etkin enerji kullan\u0131m\u0131 sa\u011flar.<\/p>\n<p>Kompakt Tasar\u0131m: 127 mm (U) x 50,8 mm (G) x 24,1 mm (Y) boyutlar\u0131, \u00e7e\u015fitli kurulum ortamlar\u0131 i\u00e7in uygundur.<\/p>\n<p>Evrensel AC Giri\u015fi: Farkl\u0131 b\u00f6lgelerde kullan\u0131m i\u00e7in uygun olan tam aral\u0131kl\u0131 AC giri\u015fini destekler.<\/p>\n<p>Dahili B S\u0131n\u0131f\u0131 EMI Filtresi: Kararl\u0131 \u00e7al\u0131\u015fma i\u00e7in elektromanyetik paraziti etkili bir \u015fekilde bast\u0131r\u0131r.<\/p>\n<p>Son Derece G\u00fcvenilir Kondansat\u00f6rler: Uzun \u00f6m\u00fcrl\u00fc performans i\u00e7in Japon 105 C al\u00fcminyum elektrolitik kapasit\u00f6rlere sahiptir.<\/p>\n<p>D\u00fc\u015f\u00fck Y\u00fcks\u00fcz G\u00fc\u00e7 T\u00fcketimi: Y\u00fcks\u00fczken 0,5 W, enerji israf\u0131n\u0131 azalt\u0131r.<\/p>\n<p>Tam Reg\u00fcleli \u00c7\u0131k\u0131\u015f: De\u011fi\u015fken y\u00fck ko\u015fullar\u0131nda kararl\u0131 \u00e7\u0131k\u0131\u015f gerilimi sa\u011flar.<\/p>\n<p>Geni\u015f \u00c7al\u0131\u015fma S\u0131cakl\u0131\u011f\u0131 Aral\u0131\u011f\u0131: 0 C50 C ortamlar i\u00e7in uygundur ve \u00e7e\u015fitli uygulamalar\u0131 bar\u0131nd\u0131r\u0131r.<\/p>\n<p>Koruma \u00d6zellikleri<br \/>\nK\u0131sa Devre Korumas\u0131 (SCP): K\u0131sa devrelerden kaynaklanan hasar\u0131 \u00f6nler.<\/p>\n<p>A\u015f\u0131r\u0131 Gerilim Korumas\u0131 (OVP): \u00c7\u0131k\u0131\u015f geriliminin g\u00fcvenli s\u0131n\u0131rlar\u0131 a\u015fmamas\u0131n\u0131 sa\u011flar.<\/p>\n<p>A\u015f\u0131r\u0131 Y\u00fck Korumas\u0131 (OPP): A\u015f\u0131r\u0131 y\u00fckten kaynaklanan ar\u0131zalar\u0131 \u00f6nler.<\/p>\n<p>G\u00fcvenlik Standartlar\u0131<br \/>\nSertifikalar: G\u00fcvenilir \u00e7al\u0131\u015fma i\u00e7in CB, cUL, TUV, CCC, BSMI g\u00fcvenlik standartlar\u0131 ile uyumludur.<\/p>\n<p>EMI\/EMC Uyumlulu\u011fu: Elektromanyetik uyumluluk ve parazit i\u00e7in CE, FCC ve RCM standartlar\u0131n\u0131 kar\u015f\u0131lar.<\/p>\n<h3>Teknik \u00d6zellikler<\/h3>\n<p>Model: XTT SSF-0601-12<\/p>\n<p>Toplam S\u00fcrekli G\u00fc\u00e7: 60 W<\/p>\n<p>\u00c7\u0131k\u0131\u015f Gerilimi: 12 V<\/p>\n<p>\u00c7\u0131k\u0131\u015f Ak\u0131m\u0131: 5 A<\/p>\n<p>Verimlilik: 87%<\/p>\n<h3>Neden Bizi Se\u00e7melisiniz<\/h3>\n<p>\u015eirket Ge\u00e7mi\u015fi: Xintongtai 2007 y\u0131l\u0131nda kurulmu\u015ftur ve zengin end\u00fcstri deneyimi biriktirerek sunucu ve aksesuarlar\u0131n ara\u015ft\u0131rma ve \u00fcretiminde uzmanla\u015fm\u0131\u015ft\u0131r.<\/p>\n<p>Kaliteli \u00dcr\u00fcnler: M\u00fc\u015fterilerin do\u011fru g\u00fc\u00e7 kayna\u011f\u0131 \u00fcnitesini kolayca se\u00e7ebilmelerini sa\u011flamak i\u00e7in ayr\u0131nt\u0131l\u0131 \u00fcr\u00fcn bilgileri sunuyoruz.<\/p>\n<p>M\u00fckemmel Hizmet: M\u00fc\u015fteri hizmetleri ekibimiz profesyonel ve verimlidir, her zaman teknik destek ve sat\u0131\u015f sonras\u0131 hizmet vermeye haz\u0131rd\u0131r.<\/p>\n<p>Stok \u0130\u00e7i Tedarik: H\u0131zl\u0131 sevkiyat i\u00e7in bol miktarda \u00fcr\u00fcn envanteri bulunduruyor ve m\u00fc\u015fteri ihtiya\u00e7lar\u0131n\u0131n zaman\u0131nda kar\u015f\u0131lanmas\u0131n\u0131 sa\u011fl\u0131yoruz.<\/p>","protected":false},"excerpt":{"rendered":"<p><strong>Marka XTT<\/strong><\/p>\n<p><strong>\u00dcr\u00fcn men\u015fei \u00c7\u0130N<\/strong><\/p>\n<p><strong>Teslimat s\u00fcresi15 g\u00fcn i\u00e7inde<\/strong><\/p>\n<p><strong>Tedarik kapasitesi9999<\/strong><\/p>\n<p>Bu AC'den DC'ye a\u00e7\u0131k \u00e7er\u00e7eve g\u00fc\u00e7 kayna\u011f\u0131 serisi, dahili B S\u0131n\u0131f\u0131 EMI filtresine ve a\u015f\u0131r\u0131 voltaj, a\u015f\u0131r\u0131 g\u00fc\u00e7 ve k\u0131sa devre olaylar\u0131na kar\u015f\u0131 \u00f6nemli korumaya sahiptir. Ortalama verimlilik 87 % civar\u0131ndad\u0131r ve son derece g\u00fcvenilir Japon kapasit\u00f6rler g\u00fcvenilirli\u011fi garanti eder. Evrensel AC giri\u015fi ve tam reg\u00fclasyonlu \u00e7\u0131k\u0131\u015f\u0131, bu \u00fcniteyi di\u011ferlerinin yan\u0131 s\u0131ra otomatik vezne makineleri, sat\u0131\u015f noktas\u0131 sistemleri, a\u011f anahtarlar\u0131 veya bilgisayar veri depolama uygulamalar\u0131 i\u00e7in \u00e7ok y\u00f6nl\u00fc bir \u00e7\u00f6z\u00fcm haline getirir.<\/p>","protected":false},"featured_media":994,"template":"","meta":[],"product_brand":[],"product_cat":[91],"product_tag":[112,131,139,101,111],"class_list":{"0":"post-344","1":"product","2":"type-product","3":"status-publish","4":"has-post-thumbnail","6":"product_cat-server-power-supply","7":"product_tag-12v-server-power-supply","8":"product_tag-hp-power-supply-server","9":"product_tag-open-frame-power-supply","10":"product_tag-server-power-supplies","11":"product_tag-server-power-supply-unit","13":"first","14":"instock","15":"shipping-taxable","16":"product-type-simple"},"_links":{"self":[{"href":"https:\/\/sz-xtt.com\/tr\/wp-json\/wp\/v2\/product\/344","targetHints":{"allow":["GET"]}}],"collection":[{"href":"https:\/\/sz-xtt.com\/tr\/wp-json\/wp\/v2\/product"}],"about":[{"href":"https:\/\/sz-xtt.com\/tr\/wp-json\/wp\/v2\/types\/product"}],"wp:featuredmedia":[{"embeddable":true,"href":"https:\/\/sz-xtt.com\/tr\/wp-json\/wp\/v2\/media\/994"}],"wp:attachment":[{"href":"https:\/\/sz-xtt.com\/tr\/wp-json\/wp\/v2\/media?parent=344"}],"wp:term":[{"taxonomy":"product_brand","embeddable":true,"href":"https:\/\/sz-xtt.com\/tr\/wp-json\/wp\/v2\/product_brand?post=344"},{"taxonomy":"product_cat","embeddable":true,"href":"https:\/\/sz-xtt.com\/tr\/wp-json\/wp\/v2\/product_cat?post=344"},{"taxonomy":"product_tag","embeddable":true,"href":"https:\/\/sz-xtt.com\/tr\/wp-json\/wp\/v2\/product_tag?post=344"}],"curies":[{"name":"wp","href":"https:\/\/api.w.org\/{rel}","templated":true}]}}