{"id":345,"date":"2025-10-15T02:23:09","date_gmt":"2025-10-15T02:23:09","guid":{"rendered":"https:\/\/sz-xtt.com\/product\/ssf-1501ps-server-power-supply\/"},"modified":"2025-10-16T15:29:28","modified_gmt":"2025-10-16T15:29:28","slug":"ssf-1501ps-server-power-supply","status":"publish","type":"product","link":"https:\/\/sz-xtt.com\/tr\/product\/ssf-1501ps-server-power-supply\/","title":{"rendered":"SSF 1501PS sunucu g\u00fc\u00e7 kayna\u011f\u0131"},"content":{"rendered":"<h3>\u00dcr\u00fcne Genel Bak\u0131\u015f<\/h3>\n<p>The XTT SSF-1501PS-12 is a high-efficiency power adapter designed to provide stable 12V output voltage. It offers excellent performance and reliability, suitable for various electronic devices and applications.<\/p>\n<h3>\u00dcr\u00fcn \u00d6zellikleri<\/h3>\n<p>High Efficiency: Efficiency range of 85% &#8211; 87% (typical), ensuring effective energy usage.<\/p>\n<p>Compact Design: Dimensions of 127 mm (L) x 76.2 mm (W) x 34.6 mm (H), suitable for various installation environments.<\/p>\n<p>Evrensel AC Giri\u015fi: Farkl\u0131 b\u00f6lgelerde kullan\u0131m i\u00e7in uygun olan tam aral\u0131kl\u0131 AC giri\u015fini destekler.<\/p>\n<p>Dahili B S\u0131n\u0131f\u0131 EMI Filtresi: Kararl\u0131 \u00e7al\u0131\u015fma i\u00e7in elektromanyetik paraziti etkili bir \u015fekilde bast\u0131r\u0131r.<\/p>\n<p>Son Derece G\u00fcvenilir Kondansat\u00f6rler: Uzun \u00f6m\u00fcrl\u00fc performans i\u00e7in Japon 105 C al\u00fcminyum elektrolitik kapasit\u00f6rlere sahiptir.<\/p>\n<p>D\u00fc\u015f\u00fck Y\u00fcks\u00fcz G\u00fc\u00e7 T\u00fcketimi: Y\u00fcks\u00fczken 0,5 W, enerji israf\u0131n\u0131 azalt\u0131r.<\/p>\n<p>Active Power Factor Correction: Improves efficiency and reduces power loss.<\/p>\n<p>Tam Reg\u00fcleli \u00c7\u0131k\u0131\u015f: De\u011fi\u015fken y\u00fck ko\u015fullar\u0131nda kararl\u0131 \u00e7\u0131k\u0131\u015f gerilimi sa\u011flar.<\/p>\n<p>Geni\u015f \u00c7al\u0131\u015fma S\u0131cakl\u0131\u011f\u0131 Aral\u0131\u011f\u0131: 0 C50 C ortamlar i\u00e7in uygundur ve \u00e7e\u015fitli uygulamalar\u0131 bar\u0131nd\u0131r\u0131r.<\/p>\n<p>Effective Cooling: Maximum output of 150 watts with active cooling at 10.5CFM; 90 watts with passive cooling.<\/p>\n<p>Protection FeaturesShort Circuit Protection (SCP): Prevents damage from short circuits.<\/p>\n<p>A\u015f\u0131r\u0131 Gerilim Korumas\u0131 (OVP): \u00c7\u0131k\u0131\u015f geriliminin g\u00fcvenli s\u0131n\u0131rlar\u0131 a\u015fmamas\u0131n\u0131 sa\u011flar.<\/p>\n<p>A\u015f\u0131r\u0131 Y\u00fck Korumas\u0131 (OPP): A\u015f\u0131r\u0131 y\u00fckten kaynaklanan ar\u0131zalar\u0131 \u00f6nler.<\/p>\n<p>G\u00fcvenlik Standartlar\u0131<br \/>\nCertifications: Compliant with CB, cUL, TUV safety standards for reliable operation.<\/p>\n<p>EMC\/EMI Compliance: Meets CE and FCC standards for electromagnetic compatibility and interference.<\/p>\n<h3>Teknik \u00d6zellikler<\/h3>\n<p>Model: XTT SSF-1501PS-12<\/p>\n<p>Total Continuous Power: 150 W<\/p>\n<p>\u00c7\u0131k\u0131\u015f Gerilimi: 12 V<\/p>\n<p>Output Current: 12.5 A<\/p>\n<p>Efficiency: 85%<\/p>\n<h3>Neden Bizi Se\u00e7melisiniz<\/h3>\n<p>\u015eirket Ge\u00e7mi\u015fi: Xintongtai 2007 y\u0131l\u0131nda kurulmu\u015ftur ve zengin end\u00fcstri deneyimi biriktirerek sunucu ve aksesuarlar\u0131n ara\u015ft\u0131rma ve \u00fcretiminde uzmanla\u015fm\u0131\u015ft\u0131r.<\/p>\n<p>Kaliteli \u00dcr\u00fcnler: M\u00fc\u015fterilerin do\u011fru g\u00fc\u00e7 kayna\u011f\u0131 \u00fcnitesini kolayca se\u00e7ebilmelerini sa\u011flamak i\u00e7in ayr\u0131nt\u0131l\u0131 \u00fcr\u00fcn bilgileri sunuyoruz.<\/p>\n<p>M\u00fckemmel Hizmet: M\u00fc\u015fteri hizmetleri ekibimiz profesyonel ve verimlidir, her zaman teknik destek ve sat\u0131\u015f sonras\u0131 hizmet vermeye haz\u0131rd\u0131r.<\/p>\n<p>Stok \u0130\u00e7i Tedarik: H\u0131zl\u0131 sevkiyat i\u00e7in bol miktarda \u00fcr\u00fcn envanteri bulunduruyor ve m\u00fc\u015fteri ihtiya\u00e7lar\u0131n\u0131n zaman\u0131nda kar\u015f\u0131lanmas\u0131n\u0131 sa\u011fl\u0131yoruz.<\/p>","protected":false},"excerpt":{"rendered":"<p><strong>Marka XTT<\/strong><\/p>\n<p><strong>\u00dcr\u00fcn men\u015fei \u00c7\u0130N<\/strong><\/p>\n<p><strong>Teslimat s\u00fcresi15 g\u00fcn i\u00e7inde<\/strong><\/p>\n<p><strong>Tedarik kapasitesi9999<\/strong><\/p>\n<p>this AC to DC open frame power supply series with active power factor correction and no load power consumption of less than 0.5 Watts. The unit s working temperature is rated between 0 C and 50 C and highly reliable Japanese capacitors ensure long-term reliability. These power supplies have built-in Class B EMI filter and they are protected against over voltage, over power and short circuit incidents. Average efficiency is between 85 % and 87 % (depending on the model). Universal AC input and fully regulated output complete the package to make this unit an optimal solution for automated teller machines, POS systems and various network and computer data storage applications.<\/p>","protected":false},"featured_media":991,"template":"","meta":[],"product_brand":[],"product_cat":[91],"product_tag":[112,131,139,101,111],"class_list":{"0":"post-345","1":"product","2":"type-product","3":"status-publish","4":"has-post-thumbnail","6":"product_cat-server-power-supply","7":"product_tag-12v-server-power-supply","8":"product_tag-hp-power-supply-server","9":"product_tag-open-frame-power-supply","10":"product_tag-server-power-supplies","11":"product_tag-server-power-supply-unit","13":"first","14":"instock","15":"shipping-taxable","16":"product-type-simple"},"_links":{"self":[{"href":"https:\/\/sz-xtt.com\/tr\/wp-json\/wp\/v2\/product\/345","targetHints":{"allow":["GET"]}}],"collection":[{"href":"https:\/\/sz-xtt.com\/tr\/wp-json\/wp\/v2\/product"}],"about":[{"href":"https:\/\/sz-xtt.com\/tr\/wp-json\/wp\/v2\/types\/product"}],"wp:featuredmedia":[{"embeddable":true,"href":"https:\/\/sz-xtt.com\/tr\/wp-json\/wp\/v2\/media\/991"}],"wp:attachment":[{"href":"https:\/\/sz-xtt.com\/tr\/wp-json\/wp\/v2\/media?parent=345"}],"wp:term":[{"taxonomy":"product_brand","embeddable":true,"href":"https:\/\/sz-xtt.com\/tr\/wp-json\/wp\/v2\/product_brand?post=345"},{"taxonomy":"product_cat","embeddable":true,"href":"https:\/\/sz-xtt.com\/tr\/wp-json\/wp\/v2\/product_cat?post=345"},{"taxonomy":"product_tag","embeddable":true,"href":"https:\/\/sz-xtt.com\/tr\/wp-json\/wp\/v2\/product_tag?post=345"}],"curies":[{"name":"wp","href":"https:\/\/api.w.org\/{rel}","templated":true}]}}