{"id":350,"date":"2025-10-15T02:23:10","date_gmt":"2025-10-15T02:23:10","guid":{"rendered":"https:\/\/sz-xtt.com\/product\/atx-es2-server-power-supply\/"},"modified":"2025-10-16T14:43:47","modified_gmt":"2025-10-16T14:43:47","slug":"atx-es2-server-power-supply","status":"publish","type":"product","link":"https:\/\/sz-xtt.com\/tr\/product\/atx-es2-server-power-supply\/","title":{"rendered":"ATX ES2 sunucu g\u00fc\u00e7 kayna\u011f\u0131"},"content":{"rendered":"<h3>Genel Bak\u0131\u015f<\/h3>\n<p>ATX Uyumlulu\u011fu: Intel ATX 12V v2.3 standard\u0131 ile uyumludur<\/p>\n<p>Boyutlar: 140 150 86 mm<\/p>\n<p>Fan: 80 mm dual ball-bearing fan<\/p>\n<p>Fan Kontrol\u00fc: 2FC tipi<\/p>\n<p>Koruma \u00d6nlemleri: A\u015f\u0131r\u0131 Gerilim Korumas\u0131 (OVP), A\u015f\u0131r\u0131 Ak\u0131m Korumas\u0131 (OCP)<\/p>\n<p>Ba\u011flant\u0131lar: PCIe<\/p>\n<p>G\u00fcvenlik ve \u00c7evre Uyumlulu\u011fu: cTUVus, TUV, CB, CCC, BSMI<\/p>\n<p>ATX sunucu g\u00fc\u00e7 kayna\u011f\u0131<\/p>\n<p>Teknik \u00d6zellikler<\/p>\n<p>Giri\u015f Frekans\u0131: 50 \/ 60 Hz<\/p>\n<p>Verimlilik: 80PLUS? Bronz<\/p>\n<p>Hat Reg\u00fclasyonu: 1% (tipik)<\/p>\n<p>Y\u00fck Reg\u00fclasyonu: 5% (tipik)<\/p>\n<p>\u00c7apraz D\u00fczenleme: 5% (tipik)<\/p>\n<p>MTBF (Ar\u0131zalar Aras\u0131 Ortalama S\u00fcre): Tam y\u00fckte, 25 C'de &gt; 100.000 saat (DC fan hari\u00e7)<\/p>\n<p>Aktif G\u00fc\u00e7 Fakt\u00f6r\u00fc D\u00fczeltmesi (PFC): 99% (tipik)<\/p>\n<p>DC \u00c7\u0131k\u0131\u015f<\/p>\n<p>+3,3V: 24A<\/p>\n<p>+5V: 24A<\/p>\n<p>+12V1: 24A<\/p>\n<p>+12V2: 24A<\/p>\n<p>-12V: 0,3A<\/p>\n<p>+5VSB: 2,5A<\/p>\n<p>Toplam S\u00fcrekli G\u00fc\u00e7: 600W<\/p>\n<p>Giri\u015f Tipi: 100 C240V AC<\/p>\n<p>Maksimum \u00c7\u0131k\u0131\u015f G\u00fcc\u00fc:<\/p>\n<p>+3,3V ve +5V: 130W (maksimum)<\/p>\n<p>+12V1 ve +12V2: 552W (maksimum)<\/p>\n<p>-12V: 3,6 W<\/p>\n<p>+5VSB: 12,5 W<\/p>\n<h3>Neden Bizi Se\u00e7melisiniz?<\/h3>\n<p>Zengin End\u00fcstri Deneyimi: G\u00fc\u00e7 kayna\u011f\u0131 Ar-Ge'sinde 15 y\u0131l\u0131 a\u015fk\u0131n deneyimimizle, sunucularda, i\u015f istasyonlar\u0131nda ve di\u011fer \u00fcst d\u00fczey pazarlarda yayg\u0131n olarak kullan\u0131lan y\u00fcksek kaliteli, titizlikle test edilmi\u015f \u00fcr\u00fcnler sunuyoruz.<\/p>\n<p>Uluslararas\u0131 Sertifikalar: G\u00fc\u00e7 kayna\u011f\u0131 \u00fcr\u00fcnlerimiz cTUVus, TUV, CB, CCC ve BSMI gibi \u00e7ok say\u0131da uluslararas\u0131 g\u00fcvenlik standard\u0131 taraf\u0131ndan onaylanm\u0131\u015ft\u0131r ve g\u00fcvenlik ve g\u00fcvenilirlik sa\u011flar.<\/p>\n<p>M\u00fckemmel M\u00fc\u015fteri Hizmetleri: H\u0131zl\u0131 teknik destek ve sat\u0131\u015f sonras\u0131 hizmet sunarak m\u00fc\u015fterilerimiz i\u00e7in endi\u015fesiz bir deneyim sa\u011fl\u0131yoruz.<\/p>\n<p>Y\u00fcksek Envanter Seviyeleri: M\u00fc\u015fteri sipari\u015flerini h\u0131zl\u0131 bir \u015fekilde yerine getirmemizi, teslim s\u00fcrelerini k\u0131saltmam\u0131z\u0131 ve proje verimlili\u011fini art\u0131rmam\u0131z\u0131 sa\u011flayan yeterli stok tutuyoruz.<\/p>","protected":false},"excerpt":{"rendered":"<p><strong>Marka XTT<\/strong><\/p>\n<p><strong>Product originChina<\/strong><\/p>\n<p><strong>Teslimat s\u00fcresi15 g\u00fcn i\u00e7inde<\/strong><\/p>\n<p><strong>Tedarik kapasitesi9999<\/strong><\/p>\n<p>This industrial power supply is version 12 V v.2.3 compliant and 80 PLUS? Bronze rated. Its double forward converter circuit, super low noise fan control and great protection features make it a dependable choice for a wide range of systems. This unit is PCIe and SATA cable ready and with its full AC input range. It is a stable, efficient and reliable power supply, ready to be used in any ATX form factor build. The newly released ES2 complies fully to the new safety standard of IEC 62368?1.<\/p>","protected":false},"featured_media":924,"template":"","meta":[],"product_brand":[],"product_cat":[91],"product_tag":[116,117,118,119,120],"class_list":{"0":"post-350","1":"product","2":"type-product","3":"status-publish","4":"has-post-thumbnail","6":"product_cat-server-power-supply","7":"product_tag-atx-server-power-supply","8":"product_tag-intel-server-power-supply","9":"product_tag-server-power-supply-standards","10":"product_tag-server-power-supply-to-atx","11":"product_tag-server-power-supply-types","13":"first","14":"instock","15":"shipping-taxable","16":"product-type-simple"},"_links":{"self":[{"href":"https:\/\/sz-xtt.com\/tr\/wp-json\/wp\/v2\/product\/350","targetHints":{"allow":["GET"]}}],"collection":[{"href":"https:\/\/sz-xtt.com\/tr\/wp-json\/wp\/v2\/product"}],"about":[{"href":"https:\/\/sz-xtt.com\/tr\/wp-json\/wp\/v2\/types\/product"}],"wp:featuredmedia":[{"embeddable":true,"href":"https:\/\/sz-xtt.com\/tr\/wp-json\/wp\/v2\/media\/924"}],"wp:attachment":[{"href":"https:\/\/sz-xtt.com\/tr\/wp-json\/wp\/v2\/media?parent=350"}],"wp:term":[{"taxonomy":"product_brand","embeddable":true,"href":"https:\/\/sz-xtt.com\/tr\/wp-json\/wp\/v2\/product_brand?post=350"},{"taxonomy":"product_cat","embeddable":true,"href":"https:\/\/sz-xtt.com\/tr\/wp-json\/wp\/v2\/product_cat?post=350"},{"taxonomy":"product_tag","embeddable":true,"href":"https:\/\/sz-xtt.com\/tr\/wp-json\/wp\/v2\/product_tag?post=350"}],"curies":[{"name":"wp","href":"https:\/\/api.w.org\/{rel}","templated":true}]}}