{"id":366,"date":"2025-10-15T02:23:11","date_gmt":"2025-10-15T02:23:11","guid":{"rendered":"https:\/\/sz-xtt.com\/product\/648h-t3-server-chassis\/"},"modified":"2025-10-17T02:29:39","modified_gmt":"2025-10-17T02:29:39","slug":"648h-t3-server-chassis","status":"publish","type":"product","link":"https:\/\/sz-xtt.com\/tr\/product\/648h-t3-server-chassis\/","title":{"rendered":"648H-T3 Sunucu Kasas\u0131"},"content":{"rendered":"<h3>\u00dcr\u00fcn \u00d6zellikleri<\/h3>\n<p>48 \u00c7al\u0131\u015f\u0131rken De\u011fi\u015ftirilebilir S\u00fcr\u00fcc\u00fc B\u00f6lmesi: 48 adede kadar \u00e7al\u0131\u015f\u0131rken de\u011fi\u015ftirilebilir s\u00fcr\u00fcc\u00fcy\u00fc destekleyerek depolama kapasitesini ve sistem esnekli\u011fini b\u00fcy\u00fck \u00f6l\u00e7\u00fcde art\u0131r\u0131r ve geni\u015fletme ve bak\u0131m\u0131 kolayla\u015ft\u0131r\u0131r.<\/p>\n<p>High-Performance Backplane Configuration: Features 12*MINI SAS\/SATA 12GB backplanes, offering high-speed data transfer capabilities to meet the demands of high-load computing and data-intensive applications.<\/p>\n<p>Verimli So\u011futma Sistemi: \u00c7al\u0131\u015f\u0131rken de\u011fi\u015ftirilebilir 6 adet 8038 fan i\u00e7erir ve y\u00fcksek y\u00fck ko\u015fullar\u0131nda kararl\u0131 \u00e7al\u0131\u015fma sa\u011flamak i\u00e7in g\u00fc\u00e7l\u00fc so\u011futma sa\u011flayarak cihaz g\u00fcvenilirli\u011fini art\u0131r\u0131r.<\/p>\n<p>Geni\u015f Uyumluluk: Her t\u00fcr anakart ve g\u00fc\u00e7 kayna\u011f\u0131 ile uyumludur, \u00e7e\u015fitli sunucu yap\u0131land\u0131rmalar\u0131na uyum sa\u011flar ve kurulum ve y\u00fckseltmeleri basitle\u015ftirir.<\/p>\n<p>Dayan\u0131kl\u0131 Yap\u0131: Uzun s\u00fcreli kullan\u0131m i\u00e7in m\u00fckemmel yap\u0131sal g\u00fc\u00e7 ve korozyon direnci sunan 1,2MM kal\u0131nl\u0131\u011f\u0131nda galvanizli \u00e7elikten yap\u0131lm\u0131\u015ft\u0131r.<\/p>\n<p>Derinlik \u00d6zellikleri: 650MM derinli\u011fi ile \u00e7o\u011fu sunucu raf\u0131na ve kabin kurulum gereksinimlerine uyar.<\/p>\n<h3>\u00dcr\u00fcn \u00d6zellikleri<\/h3>\n<p>S\u00fcr\u00fcc\u00fc B\u00f6lmeleri: 48 adet \u00e7al\u0131\u015f\u0131rken de\u011fi\u015ftirilebilir b\u00f6lme<\/p>\n<p>Backplane Interface: 12*MINI SAS\/SATA 12GB backplanes<\/p>\n<p>Fan Yap\u0131land\u0131rmas\u0131: 6 adet \u00e7al\u0131\u015f\u0131rken de\u011fi\u015ftirilebilir 8038 fan<\/p>\n<p>Anakart Uyumlulu\u011fu: T\u00fcm anakart tiplerini destekler<\/p>\n<p>G\u00fc\u00e7 Kayna\u011f\u0131 Uyumlulu\u011fu: T\u00fcm g\u00fc\u00e7 kayna\u011f\u0131 t\u00fcrlerini destekler<\/p>\n<p>Malzeme Galvanizli \u00e7elik<\/p>\n<p>Kal\u0131nl\u0131k: 1,2 mm<\/p>\n<p>Derinlik: 650mm<\/p>\n<h3>Neden Bizi Se\u00e7melisiniz?<\/h3>\n<p>Zengin Deneyim: 2007 y\u0131l\u0131nda kurulan Shenzhen Xintongtai Technology Co, Ltd, sunucu ve aksesuar end\u00fcstrisinde geni\u015f deneyime sahiptir ve bizi alan\u0131nda tan\u0131nm\u0131\u015f bir lider haline getirmektedir.<\/p>\n<p>Uzmanla\u015fm\u0131\u015f Odak: Sunucular\u0131n ve ilgili aksesuarlar\u0131n geli\u015ftirilmesi ve sat\u0131\u015f\u0131 konusunda uzmanla\u015farak, \u00e7e\u015fitli kurumsal ihtiya\u00e7lar\u0131 kar\u015f\u0131lamak i\u00e7in \u00f6zel olarak tasarlanm\u0131\u015f y\u00fcksek kaliteli \u00fcr\u00fcnler ve hizmetler sa\u011fl\u0131yoruz.<\/p>\n<p>M\u00fckemmel Hizmet: M\u00fc\u015fterilerimizin \u00fcr\u00fcn\u00fcn ya\u015fam d\u00f6ng\u00fcs\u00fc boyunca tam destek ve hizmet almas\u0131n\u0131 sa\u011flamak i\u00e7in ayr\u0131nt\u0131l\u0131 \u00fcr\u00fcn bilgileri ve kapsaml\u0131 sat\u0131\u015f sonras\u0131 destek sunuyoruz.<\/p>\n<p>Stokta Bulunabilirlik: Bol miktarda stok bulundurarak m\u00fc\u015fteri taleplerine h\u0131zla yan\u0131t verebilir, teslimat s\u00fcrelerini k\u0131saltabilir ve m\u00fc\u015fterilerimizin i\u015fletmelerinin sorunsuz \u00e7al\u0131\u015fmas\u0131n\u0131 sa\u011flayabiliriz.<\/p>","protected":false},"excerpt":{"rendered":"<p><strong>Marka XTT<\/strong><\/p>\n<p><strong>\u00dcr\u00fcn men\u015fei \u00c7\u0130N<\/strong><\/p>\n<p><strong>Teslimat s\u00fcresi15 g\u00fcn i\u00e7inde<\/strong><\/p>\n<p><strong>Tedarik kapasitesi9999<\/strong><\/p>\n<p>This 48-bay server chassis is designed to handle high-capacity storage and efficient data transfer needs. Equipped with 12*MINI SAS\/SATA 12GB backplanes and 6 hot-swappable 8038 fans, it delivers exceptional performance and robust cooling capabilities. The chassis supports all types of motherboards and power supplies and is constructed from 1.2MM thick galvanized steel, ensuring a sturdy and durable structure. With a depth of 650MM, it is suitable for various server racks and installation environments.<\/p>","protected":false},"featured_media":1231,"template":"","meta":[],"product_brand":[],"product_cat":[143],"product_tag":[158,154,156,157,144],"class_list":{"0":"post-366","1":"product","2":"type-product","3":"status-publish","4":"has-post-thumbnail","6":"product_cat-server-chassis","7":"product_tag-24-bay-server-chassis","8":"product_tag-4u-server-chassis","9":"product_tag-atx-server-chassis","10":"product_tag-dell-blade-server-chassis","11":"product_tag-single-chassis","13":"first","14":"instock","15":"shipping-taxable","16":"product-type-simple"},"_links":{"self":[{"href":"https:\/\/sz-xtt.com\/tr\/wp-json\/wp\/v2\/product\/366","targetHints":{"allow":["GET"]}}],"collection":[{"href":"https:\/\/sz-xtt.com\/tr\/wp-json\/wp\/v2\/product"}],"about":[{"href":"https:\/\/sz-xtt.com\/tr\/wp-json\/wp\/v2\/types\/product"}],"wp:featuredmedia":[{"embeddable":true,"href":"https:\/\/sz-xtt.com\/tr\/wp-json\/wp\/v2\/media\/1231"}],"wp:attachment":[{"href":"https:\/\/sz-xtt.com\/tr\/wp-json\/wp\/v2\/media?parent=366"}],"wp:term":[{"taxonomy":"product_brand","embeddable":true,"href":"https:\/\/sz-xtt.com\/tr\/wp-json\/wp\/v2\/product_brand?post=366"},{"taxonomy":"product_cat","embeddable":true,"href":"https:\/\/sz-xtt.com\/tr\/wp-json\/wp\/v2\/product_cat?post=366"},{"taxonomy":"product_tag","embeddable":true,"href":"https:\/\/sz-xtt.com\/tr\/wp-json\/wp\/v2\/product_tag?post=366"}],"curies":[{"name":"wp","href":"https:\/\/api.w.org\/{rel}","templated":true}]}}