{"id":372,"date":"2025-10-15T02:23:13","date_gmt":"2025-10-15T02:23:13","guid":{"rendered":"https:\/\/sz-xtt.com\/product\/104l65-server-chassis\/"},"modified":"2025-10-17T02:16:58","modified_gmt":"2025-10-17T02:16:58","slug":"104l65-sunucu-kasasi","status":"publish","type":"product","link":"https:\/\/sz-xtt.com\/tr\/product\/104l65-sunucu-kasasi\/","title":{"rendered":"104L65 Sunucu Kasas\u0131"},"content":{"rendered":"<h3>\u00dcr\u00fcn \u00d6zellikleri<\/h3>\n<p>Geni\u015f Tasar\u0131m: 1U boyutuna ra\u011fmen, bu kasa 4x 3,5\u2033 HDD, 2x 2,5\u2033 HDD ve 1x Slim CD-ROM'u destekleyerek \u00e7e\u015fitli kurumsal veri ihtiya\u00e7lar\u0131 i\u00e7in esnek depolama se\u00e7enekleri sunar.<\/p>\n<p>Geni\u015f Anakart Uyumlulu\u011fu: 6,7\u2033x6,7\u2033 boyutlar\u0131ndaki anakartlar\u0131 destekleyerek, \u00f6zellikle y\u00fcksek yo\u011funluklu ortamlarda \u00e7e\u015fitli sunucu uygulamalar\u0131 i\u00e7in uygun hale getirir.<\/p>\n<p>Esnek G\u00fc\u00e7 Kayna\u011f\u0131 Se\u00e7enekleri: Hem 1U Flex hem de 1U standart g\u00fc\u00e7 kaynaklar\u0131n\u0131 destekleyerek sistemin ihtiya\u00e7lar\u0131n\u0131 kar\u015f\u0131lamak i\u00e7in esnek g\u00fc\u00e7 yap\u0131land\u0131rmalar\u0131na olanak tan\u0131r.<\/p>\n<p>Verimli So\u011futma: M\u00fckemmel termal y\u00f6netim sa\u011flayan 6x 4025 so\u011futma fan\u0131 ile donat\u0131lm\u0131\u015ft\u0131r ve a\u011f\u0131r i\u015f y\u00fckleri alt\u0131nda bile istikrarl\u0131 sistem \u00e7al\u0131\u015fmas\u0131 sa\u011flar.<\/p>\n<p>Dayan\u0131kl\u0131 Yap\u0131: 1,2 mm kal\u0131nl\u0131\u011f\u0131ndaki SECC ve SGCC malzemelerinden \u00fcretilen bu \u015fasi, zorlu \u00e7al\u0131\u015fma ko\u015fullar\u0131 i\u00e7in m\u00fckemmel korozyon direnciyle g\u00fc\u00e7 ve dayan\u0131kl\u0131l\u0131k i\u00e7in \u00fcretilmi\u015ftir.<\/p>\n<h3>\u00dcr\u00fcn \u00d6zellikleri<\/h3>\n<p>Boyutlar: D650xW430xH44mm (1U)<\/p>\n<p>S\u00fcr\u00fcc\u00fc Yuvalar\u0131: 4x 3,5\u2033 + 2x 2,5\u2033 HDD, 1x \u0130nce CD-ROM<\/p>\n<p>Anakart Deste\u011fi: 6.7\u2033x6.7\u2033<\/p>\n<p>G\u00fc\u00e7 Kayna\u011f\u0131 Deste\u011fi: 1U Flex ve 1U standart g\u00fc\u00e7 kayna\u011f\u0131<\/p>\n<p>So\u011futma Fanlar\u0131: 6x 4025 fan<\/p>\n<p>Malzeme: SECC, SGCC<\/p>\n<p>Kal\u0131nl\u0131k: 1,2 mm<\/p>\n<h3>Neden Bizi Se\u00e7melisiniz?<\/h3>\n<p>Deneyimli End\u00fcstri Lideri: 2007 y\u0131l\u0131nda kurulan Shenzhen Xintongtai Technology Co, Ltd, d\u00fcnya \u00e7ap\u0131ndaki m\u00fc\u015fterilerine yenilik\u00e7i ve g\u00fcvenilir \u00e7\u00f6z\u00fcmler sunarak kendini sunucu ve aksesuar geli\u015ftirmeye adam\u0131\u015ft\u0131r.<\/p>\n<p>Uzmanla\u015fm\u0131\u015f Odak: Sunucu ve aksesuar pazar\u0131nda uzman\u0131z ve \u00e7e\u015fitli sunucu uygulama ihtiya\u00e7lar\u0131n\u0131 kar\u015f\u0131lamak i\u00e7in y\u00fcksek kaliteli \u00fcr\u00fcnler ve kapsaml\u0131 teknik destek sa\u011fl\u0131yoruz.<\/p>\n<p>M\u00fckemmel M\u00fc\u015fteri Hizmetleri: Eksiksiz \u00fcr\u00fcn bilgisi ve ola\u011fan\u00fcst\u00fc sat\u0131\u015f sonras\u0131 destek sunma taahh\u00fcd\u00fcm\u00fcz, m\u00fc\u015fterilerin profesyonel yard\u0131m almas\u0131n\u0131 sa\u011flayarak genel memnuniyeti art\u0131r\u0131r.<\/p>\n<p>Stokta Bulunabilirlik: Elimizdeki bol miktarda stokla, m\u00fc\u015fteri ihtiya\u00e7lar\u0131na h\u0131zl\u0131 bir \u015fekilde yan\u0131t verebilir, teslim s\u00fcrelerini k\u0131saltabilir ve sorunsuz i\u015f operasyonlar\u0131 sa\u011flayabiliriz.<\/p>","protected":false},"excerpt":{"rendered":"<p><strong>Marka XTT<\/strong><\/p>\n<p><strong>\u00dcr\u00fcn men\u015fei \u00c7\u0130N<\/strong><\/p>\n<p><strong>Teslimat s\u00fcresi15 g\u00fcn i\u00e7inde<\/strong><\/p>\n<p><strong>Tedarik kapasitesi9999<\/strong><\/p>\n<p>D650xW430xH44mm boyutlar\u0131ndaki bu 1U sunucu kasas\u0131, 4x 3,5\u2033 HDD, 2x 2,5\u2033 HDD ve 1x Slim CD-ROM bar\u0131nd\u0131ran, hot-swap olmayan yap\u0131land\u0131rmalar\u0131 destekler. Hem 1U Flex hem de 1U standart g\u00fc\u00e7 kaynaklar\u0131n\u0131 destekleyen 6,7\u2033x6,7\u2033 boyutundaki anakartlarla uyumludur. Kasa, verimli termal y\u00f6netim sa\u011flamak i\u00e7in 6x 4025 so\u011futma fan\u0131 ile donat\u0131lm\u0131\u015ft\u0131r ve bu da onu y\u00fcksek performansl\u0131 uygulamalar i\u00e7in ideal hale getirir. 1,2 mm kal\u0131nl\u0131\u011f\u0131nda SECC ve SGCC malzemelerden \u00fcretilen kasa, dayan\u0131kl\u0131l\u0131k ve korozyon direnci sa\u011flayarak zorlu ortamlar i\u00e7in g\u00fcvenilir bir \u00e7\u00f6z\u00fcm sunar.<\/p>","protected":false},"featured_media":1190,"template":"","meta":[],"product_brand":[],"product_cat":[143],"product_tag":[145,159,163,147,165],"class_list":{"0":"post-372","1":"product","2":"type-product","3":"status-publish","4":"has-post-thumbnail","6":"product_cat-server-chassis","7":"product_tag-2u-server-chassis","8":"product_tag-2u-short-depth-server-chassis","9":"product_tag-5u-server-chassis","10":"product_tag-nas-server-chassis","11":"product_tag-non-hot-swappable-chassis","13":"first","14":"instock","15":"shipping-taxable","16":"product-type-simple"},"_links":{"self":[{"href":"https:\/\/sz-xtt.com\/tr\/wp-json\/wp\/v2\/product\/372","targetHints":{"allow":["GET"]}}],"collection":[{"href":"https:\/\/sz-xtt.com\/tr\/wp-json\/wp\/v2\/product"}],"about":[{"href":"https:\/\/sz-xtt.com\/tr\/wp-json\/wp\/v2\/types\/product"}],"wp:featuredmedia":[{"embeddable":true,"href":"https:\/\/sz-xtt.com\/tr\/wp-json\/wp\/v2\/media\/1190"}],"wp:attachment":[{"href":"https:\/\/sz-xtt.com\/tr\/wp-json\/wp\/v2\/media?parent=372"}],"wp:term":[{"taxonomy":"product_brand","embeddable":true,"href":"https:\/\/sz-xtt.com\/tr\/wp-json\/wp\/v2\/product_brand?post=372"},{"taxonomy":"product_cat","embeddable":true,"href":"https:\/\/sz-xtt.com\/tr\/wp-json\/wp\/v2\/product_cat?post=372"},{"taxonomy":"product_tag","embeddable":true,"href":"https:\/\/sz-xtt.com\/tr\/wp-json\/wp\/v2\/product_tag?post=372"}],"curies":[{"name":"wp","href":"https:\/\/api.w.org\/{rel}","templated":true}]}}