{"id":373,"date":"2025-10-15T02:23:13","date_gmt":"2025-10-15T02:23:13","guid":{"rendered":"https:\/\/sz-xtt.com\/product\/208s48-server-chassis\/"},"modified":"2025-10-17T02:18:21","modified_gmt":"2025-10-17T02:18:21","slug":"208s48-server-chassis","status":"publish","type":"product","link":"https:\/\/sz-xtt.com\/tr\/product\/208s48-server-chassis\/","title":{"rendered":"208S48 Sunucu Kasas\u0131"},"content":{"rendered":"<h3>\u00dcr\u00fcn \u00d6zellikleri<\/h3>\n<p>B\u00fcy\u00fck Depolama Kapasitesi: Kasa, y\u00fcksek veri depolama talepleri olan i\u015fletmeler i\u00e7in ideal olan 8x 3,5\u2033 HDD deste\u011fi sa\u011flar.<\/p>\n<p>G\u00fc\u00e7l\u00fc Anakart Uyumlulu\u011fu: 6,7\u2033x6,7\u2033 boyutlar\u0131ndaki anakartlar\u0131 destekleyerek, \u00f6zellikle depolama a\u011f\u0131rl\u0131kl\u0131 ortamlarda \u00e7e\u015fitli sunucu uygulamalar\u0131 i\u00e7in uygun hale getirir.<\/p>\n<p>ATX G\u00fc\u00e7 Kayna\u011f\u0131 Deste\u011fi: ATX g\u00fc\u00e7 kaynaklar\u0131 ile uyumludur ve farkl\u0131 uygulama ihtiya\u00e7lar\u0131 i\u00e7in esnek bir g\u00fc\u00e7 \u00e7\u00f6z\u00fcm\u00fc sunar.<\/p>\n<p>Verimli So\u011futma: S\u00fcrekli ve istikrarl\u0131 \u00e7al\u0131\u015fma i\u00e7in m\u00fckemmel termal y\u00f6netim sa\u011flayan 4x 8025 so\u011futma fan\u0131 ile donat\u0131lm\u0131\u015ft\u0131r.<\/p>\n<p>Dayan\u0131kl\u0131 Yap\u0131: 1,2 mm kal\u0131nl\u0131\u011f\u0131nda SECC ve SGCC malzemelerden \u00fcretilen kasa, uzun \u00f6m\u00fcrl\u00fc olacak \u015fekilde \u00fcretilmi\u015ftir ve zorlu ortamlarda bile g\u00fcvenilir koruma sa\u011flar.<\/p>\n<h3>\u00dcr\u00fcn \u00d6zellikleri<\/h3>\n<p>Boyutlar: D480xW430xH88mm (2U)<\/p>\n<p>S\u00fcr\u00fcc\u00fc Yuvalar\u0131: 8x 3,5\u2033 HDD<\/p>\n<p>Anakart Deste\u011fi: 6.7\u2033x6.7\u2033<\/p>\n<p>G\u00fc\u00e7 Kayna\u011f\u0131 Deste\u011fi: ATX g\u00fc\u00e7 kayna\u011f\u0131<\/p>\n<p>So\u011futma Fanlar\u0131: 4x 8025 fan<\/p>\n<p>Malzeme: SECC, SGCC<\/p>\n<p>Kal\u0131nl\u0131k: 1,2 mm<\/p>\n<h3>Neden Bizi Se\u00e7melisiniz?<\/h3>\n<p>Deneyimli End\u00fcstri Lideri: 2007 y\u0131l\u0131nda kurulan Shenzhen Xintongtai Technology Co, Ltd. yenilik\u00e7i ve g\u00fcvenilir \u00e7\u00f6z\u00fcmler sunan sunucu ve aksesuar geli\u015ftirme konusunda uzmanla\u015fm\u0131\u015ft\u0131r.<\/p>\n<p>Odaklanm\u0131\u015f Uzmanl\u0131k: Sunuculara ve aksesuarlara odaklanarak, en iyi sistem performans\u0131n\u0131 sa\u011flamak i\u00e7in en kaliteli \u00fcr\u00fcnleri ve teknik deste\u011fi sa\u011fl\u0131yoruz.<\/p>\n<p>\u00dcst\u00fcn M\u00fc\u015fteri Hizmetleri: Kapsaml\u0131 \u00fcr\u00fcn bilgilerimiz ve profesyonel sat\u0131\u015f sonras\u0131 deste\u011fimiz, m\u00fc\u015fterilerin t\u00fcm ihtiya\u00e7lar\u0131 i\u00e7in zaman\u0131nda yard\u0131m almalar\u0131n\u0131 sa\u011flar.<\/p>\n<p>Stokta Bulunabilirlik: \u0130yi stoklanm\u0131\u015f bir envanterle, m\u00fc\u015fteri sipari\u015flerini h\u0131zl\u0131 bir \u015fekilde yerine getirebilir, teslim s\u00fcrelerini k\u0131saltabilir ve sorunsuz i\u015f operasyonlar\u0131 sa\u011flayabiliriz.<\/p>","protected":false},"excerpt":{"rendered":"<p><strong>Marka XTT<\/strong><\/p>\n<p><strong>\u00dcr\u00fcn men\u015fei \u00c7\u0130N<\/strong><\/p>\n<p><strong>Teslimat s\u00fcresi15 g\u00fcn i\u00e7inde<\/strong><\/p>\n<p><strong>Tedarik kapasitesi9999<\/strong><\/p>\n<p>D480xW430xH88mm boyutlar\u0131ndaki bu 2U sunucu kasas\u0131, hot-swap olmayan yap\u0131land\u0131rmalar\u0131 destekler ve 8x 3,5\u2033 HDD bar\u0131nd\u0131r\u0131r. Kasa, 6,7\u2033x6,7\u2033 boyutlar\u0131ndaki anakartlarla uyumludur ve ATX g\u00fc\u00e7 kaynaklar\u0131n\u0131 destekler. Kasa, verimli \u0131s\u0131 da\u011f\u0131l\u0131m\u0131 sa\u011flamak i\u00e7in 4x 8025 so\u011futma fan\u0131 ile donat\u0131lm\u0131\u015ft\u0131r ve istikrarl\u0131 ve g\u00fcvenilir sunucu performans\u0131 sa\u011flar. 1,2 mm kal\u0131nl\u0131\u011f\u0131nda SECC ve SGCC malzemelerden \u00fcretilen kasa, m\u00fckemmel dayan\u0131kl\u0131l\u0131k ve korozyon direnci sa\u011flayarak kurumsal d\u00fczeyde sunucu da\u011f\u0131t\u0131mlar\u0131 i\u00e7in sa\u011flam bir se\u00e7imdir.<\/p>","protected":false},"featured_media":1195,"template":"","meta":[],"product_brand":[],"product_cat":[143],"product_tag":[148,149,161,166,165],"class_list":{"0":"post-373","1":"product","2":"type-product","3":"status-publish","4":"has-post-thumbnail","6":"product_cat-server-chassis","7":"product_tag-12-bay-server-chassis","8":"product_tag-3u-server-chassis","9":"product_tag-6u-server-chassis","10":"product_tag-home-server-chassis","11":"product_tag-non-hot-swappable-chassis","13":"first","14":"instock","15":"shipping-taxable","16":"product-type-simple"},"_links":{"self":[{"href":"https:\/\/sz-xtt.com\/tr\/wp-json\/wp\/v2\/product\/373","targetHints":{"allow":["GET"]}}],"collection":[{"href":"https:\/\/sz-xtt.com\/tr\/wp-json\/wp\/v2\/product"}],"about":[{"href":"https:\/\/sz-xtt.com\/tr\/wp-json\/wp\/v2\/types\/product"}],"wp:featuredmedia":[{"embeddable":true,"href":"https:\/\/sz-xtt.com\/tr\/wp-json\/wp\/v2\/media\/1195"}],"wp:attachment":[{"href":"https:\/\/sz-xtt.com\/tr\/wp-json\/wp\/v2\/media?parent=373"}],"wp:term":[{"taxonomy":"product_brand","embeddable":true,"href":"https:\/\/sz-xtt.com\/tr\/wp-json\/wp\/v2\/product_brand?post=373"},{"taxonomy":"product_cat","embeddable":true,"href":"https:\/\/sz-xtt.com\/tr\/wp-json\/wp\/v2\/product_cat?post=373"},{"taxonomy":"product_tag","embeddable":true,"href":"https:\/\/sz-xtt.com\/tr\/wp-json\/wp\/v2\/product_tag?post=373"}],"curies":[{"name":"wp","href":"https:\/\/api.w.org\/{rel}","templated":true}]}}