{"id":378,"date":"2025-10-15T02:23:14","date_gmt":"2025-10-15T02:23:14","guid":{"rendered":"https:\/\/sz-xtt.com\/product\/314l65-server-chassis\/"},"modified":"2025-10-17T02:01:12","modified_gmt":"2025-10-17T02:01:12","slug":"314l65-server-chassis","status":"publish","type":"product","link":"https:\/\/sz-xtt.com\/tr\/product\/314l65-server-chassis\/","title":{"rendered":"314L65 Sunucu Kasas\u0131"},"content":{"rendered":"<h3>\u00dcr\u00fcn \u00d6zellikleri<\/h3>\n<p>G\u00fc\u00e7l\u00fc Depolama Geni\u015fletmesi: Veri yo\u011fun uygulamalar i\u00e7in y\u00fcksek kapasiteli depolama ihtiya\u00e7lar\u0131n\u0131 kar\u015f\u0131layan 14x 3,5\u2033 s\u00fcr\u00fcc\u00fc yuvalar\u0131n\u0131 destekler.<\/p>\n<p>Geni\u015f Anakart Uyumlulu\u011fu: 12\u2033x13\u2033, 12\u2033x10,5\u2033, 12\u2033x9,6\u2033, 9,6\u2033x9,6\u2033 ve 6,7\u2033x6,7\u2033 dahil olmak \u00fczere birden fazla anakart boyutuyla uyumludur ve \u00e7e\u015fitli sunucu uygulama ihtiya\u00e7lar\u0131n\u0131 kar\u015f\u0131lar.<\/p>\n<p>\u00c7ok Y\u00f6nl\u00fc G\u00fc\u00e7 Kayna\u011f\u0131 Se\u00e7enekleri: ATX, 1U veya 2U standart PSU'lar\u0131 ve 1U veya 2U yedekli 1+1 PSU'lar\u0131 destekleyerek esnek g\u00fc\u00e7 yap\u0131land\u0131rmalar\u0131 sunar.<\/p>\n<p>Verimli So\u011futma: 4x 8025 orta fan ve 2x 6025 arka fan ile tasarlanm\u0131\u015ft\u0131r ve y\u00fcksek performansl\u0131 i\u015flemler s\u0131ras\u0131nda optimum so\u011futma performans\u0131 sa\u011flar.<\/p>\n<p>Dayan\u0131kl\u0131 Malzemeler: 1,2 mm kal\u0131nl\u0131\u011f\u0131nda SECC ve SGCC \u00e7elikten yap\u0131lm\u0131\u015ft\u0131r, uzun \u00f6m\u00fcrl\u00fc dayan\u0131kl\u0131l\u0131k ve y\u00fcksek mukavemet sa\u011flar.<\/p>\n<h3>\u00dcr\u00fcn \u00d6zellikleri<\/h3>\n<p>Boyutlar: D650xW430xH44mm (3U)<\/p>\n<p>S\u00fcr\u00fcc\u00fc Yuvalar\u0131: 14x 3,5\u2033 HDD<\/p>\n<p>Anakart Deste\u011fi: 12\u2033x13\u2033, 12\u2033x10.5\u2033, 12\u2033x9.6\u2033, 9.6\u2033x9.6\u2033, 6.7\u2033x6.7\u2033<\/p>\n<p>G\u00fc\u00e7 Kayna\u011f\u0131 Deste\u011fi: ATX PSU\/1U veya 2U standart PSU\/1U veya 2U yedekli 1+1 PSU<\/p>\n<p>So\u011futma Fanlar\u0131: 4x 8025 orta fan, 2x 6025 arka fan<\/p>\n<p>Malzeme: SECC, SGCC<\/p>\n<p>Kal\u0131nl\u0131k: 1,2 mm<\/p>\n<h3>Neden Bizi Se\u00e7melisiniz?<\/h3>\n<p>Y\u0131llar\u0131n End\u00fcstri Deneyimi: Shenzhen Xintongtai Technology Co, Ltd. 2007 y\u0131l\u0131ndan bu yana sunucu \u00e7\u00f6z\u00fcmlerinde uzmanla\u015fm\u0131\u015ft\u0131r ve verimli ve g\u00fcvenilir \u00fcr\u00fcnler sunmaktad\u0131r.<\/p>\n<p>G\u00fcvenilir \u00dcr\u00fcn \u00c7\u00f6z\u00fcmleri: Sunuculara ve aksesuarlara odaklanmam\u0131z, geni\u015f bir uygulama yelpazesinde y\u00fcksek uyumluluk ve g\u00fcvenilirlik sa\u011flar.<\/p>\n<p>Ola\u011fan\u00fcst\u00fc M\u00fc\u015fteri Deste\u011fi: M\u00fc\u015fterilerin zaman\u0131nda teknik destek almalar\u0131n\u0131 sa\u011flamak i\u00e7in ayr\u0131nt\u0131l\u0131 \u00fcr\u00fcn bilgileri ve g\u00fc\u00e7l\u00fc sat\u0131\u015f sonras\u0131 hizmet sunuyoruz.<\/p>\n<p>Stokta Bulunabilirlik: Sipari\u015flerin h\u0131zl\u0131 bir \u015fekilde yerine getirilmesini sa\u011flamak ve teslimat i\u00e7in bekleme s\u00fcrelerini azaltmak i\u00e7in b\u00fcy\u00fck bir envanter tutuyoruz.<\/p>","protected":false},"excerpt":{"rendered":"<p>Marka XTT<\/p>\n<p>\u00dcr\u00fcn men\u015fei \u00c7\u0130N<\/p>\n<p>Teslimat s\u00fcresi15 g\u00fcn i\u00e7inde<\/p>\n<p>Tedarik kapasitesi9999<\/p>\n<p>Bu 3U sunucu kasas\u0131 D650xW430xH44mm boyutlar\u0131ndad\u0131r ve yo\u011fun depolama uygulamalar\u0131 i\u00e7in tasarlanm\u0131\u015ft\u0131r. 14x 3,5\u2033 s\u00fcr\u00fcc\u00fc yuvalar\u0131 ile hot-swap olmayan bir yap\u0131land\u0131rmay\u0131 destekler. Kasa, 12\u2033x13\u2033, 12\u2033x10,5\u2033, 12\u2033x9,6\u2033, 9,6\u2033x9,6\u2033 ve 6,7\u2033x6,7\u2033 gibi boyutlar\u0131 destekleyen geni\u015f bir anakart uyumlulu\u011fu sunar. G\u00fc\u00e7 kayna\u011f\u0131 deste\u011fi ATX, 1U veya 2U standart PSU'lar\u0131 ve 1U veya 2U yedekli 1 + 1 PSU'lar\u0131 i\u00e7erir. So\u011futma i\u00e7in, verimli \u0131s\u0131 da\u011f\u0131l\u0131m\u0131 sa\u011flayan 4x 8025 orta fan ve 2x 6025 arka fan ile donat\u0131lm\u0131\u015ft\u0131r. 1,2 mm kal\u0131nl\u0131\u011f\u0131nda SECC ve SGCC \u00e7elikten \u00fcretilmi\u015ftir, dayan\u0131kl\u0131l\u0131k ve g\u00fc\u00e7 sa\u011flar.<\/p>","protected":false},"featured_media":1146,"template":"","meta":[],"product_brand":[],"product_cat":[143],"product_tag":[153,169,168,165,162],"class_list":{"0":"post-378","1":"product","2":"type-product","3":"status-publish","4":"has-post-thumbnail","6":"product_cat-server-chassis","7":"product_tag-1u-server-chassis","8":"product_tag-8-bay-server-chassis","9":"product_tag-micro-server-chassis","10":"product_tag-non-hot-swappable-chassis","11":"product_tag-rackmount-server-chassis","13":"first","14":"instock","15":"shipping-taxable","16":"product-type-simple"},"_links":{"self":[{"href":"https:\/\/sz-xtt.com\/tr\/wp-json\/wp\/v2\/product\/378","targetHints":{"allow":["GET"]}}],"collection":[{"href":"https:\/\/sz-xtt.com\/tr\/wp-json\/wp\/v2\/product"}],"about":[{"href":"https:\/\/sz-xtt.com\/tr\/wp-json\/wp\/v2\/types\/product"}],"wp:featuredmedia":[{"embeddable":true,"href":"https:\/\/sz-xtt.com\/tr\/wp-json\/wp\/v2\/media\/1146"}],"wp:attachment":[{"href":"https:\/\/sz-xtt.com\/tr\/wp-json\/wp\/v2\/media?parent=378"}],"wp:term":[{"taxonomy":"product_brand","embeddable":true,"href":"https:\/\/sz-xtt.com\/tr\/wp-json\/wp\/v2\/product_brand?post=378"},{"taxonomy":"product_cat","embeddable":true,"href":"https:\/\/sz-xtt.com\/tr\/wp-json\/wp\/v2\/product_cat?post=378"},{"taxonomy":"product_tag","embeddable":true,"href":"https:\/\/sz-xtt.com\/tr\/wp-json\/wp\/v2\/product_tag?post=378"}],"curies":[{"name":"wp","href":"https:\/\/api.w.org\/{rel}","templated":true}]}}