{"id":379,"date":"2025-10-15T02:23:14","date_gmt":"2025-10-15T02:23:14","guid":{"rendered":"https:\/\/sz-xtt.com\/product\/415s48-server-chassis\/"},"modified":"2025-10-17T02:03:02","modified_gmt":"2025-10-17T02:03:02","slug":"415s48-sunucu-kasasi","status":"publish","type":"product","link":"https:\/\/sz-xtt.com\/tr\/product\/415s48-sunucu-kasasi\/","title":{"rendered":"415S48 Sunucu Kasas\u0131"},"content":{"rendered":"<h3>\u00dcr\u00fcn \u00d6zellikleri<\/h3>\n<p>Depolama Geni\u015fletme: 15x 3,5\u2033 s\u00fcr\u00fcc\u00fc yuvalar\u0131n\u0131 destekleyerek b\u00fcy\u00fck \u00f6l\u00e7ekli depolama uygulamalar\u0131 i\u00e7in uygun hale getirir.<\/p>\n<p>Anakart Uyumlulu\u011fu: 6,7\u2033x6,7\u2033 anakartlara uyar ve farkl\u0131 sunucu yap\u0131land\u0131rma ihtiya\u00e7lar\u0131n\u0131 kar\u015f\u0131lar.<\/p>\n<p>G\u00fc\u00e7 Kayna\u011f\u0131 Deste\u011fi: ATX g\u00fc\u00e7 kaynaklar\u0131n\u0131 destekleyerek g\u00fc\u00e7 yap\u0131land\u0131rmalar\u0131nda esneklik sunar.<\/p>\n<p>Verimli So\u011futma: Optimum so\u011futma performans\u0131 sa\u011flayan 4x 8025 orta fan ve 2x 6025 arka fan ile donat\u0131lm\u0131\u015ft\u0131r.<\/p>\n<p>Dayan\u0131kl\u0131 Malzemeler: 1,2 mm kal\u0131nl\u0131\u011f\u0131nda SECC ve SGCC \u00e7elikten yap\u0131lm\u0131\u015ft\u0131r, uzun s\u00fcreli dayan\u0131kl\u0131l\u0131k ve g\u00fc\u00e7 sa\u011flar.<\/p>\n<h3>\u00dcr\u00fcn \u00d6zellikleri<\/h3>\n<p>Boyutlar: D480xW430xH132mm (4U)<\/p>\n<p>S\u00fcr\u00fcc\u00fc Yuvalar\u0131: 15x 3,5\u2033 HDD<\/p>\n<p>Anakart Deste\u011fi: 6.7\u2033x6.7\u2033<\/p>\n<p>G\u00fc\u00e7 Kayna\u011f\u0131 Deste\u011fi: ATX PSU<\/p>\n<p>So\u011futma Fanlar\u0131: 4x 8025 orta fan, 2x 6025 arka fan<\/p>\n<p>Malzeme: SECC, SGCC<\/p>\n<p>Kal\u0131nl\u0131k: 1,2 mm<\/p>\n<h3>Neden Bizi Se\u00e7melisiniz?<\/h3>\n<p>Kapsaml\u0131 End\u00fcstri Deneyimi: Shenzhen Xintongtai Technology Co, Ltd. 2007 y\u0131l\u0131ndan bu yana sunucular ve aksesuarlar konusunda uzmanla\u015farak g\u00fcvenilir ve etkili \u00e7\u00f6z\u00fcmler sunmaktad\u0131r.<\/p>\n<p>Y\u00fcksek Kaliteli \u00dcr\u00fcnler: Sunucu \u00e7\u00f6z\u00fcmlerimiz, \u00e7e\u015fitli uygulamalarda g\u00fc\u00e7l\u00fc uyumluluklar\u0131 ve istikrarl\u0131 performanslar\u0131yla bilinir.<\/p>\n<p>M\u00fckemmel M\u00fc\u015fteri Deste\u011fi: M\u00fc\u015fterilerin zaman\u0131nda yard\u0131m almas\u0131n\u0131 sa\u011flamak i\u00e7in kapsaml\u0131 teknik destek ve sat\u0131\u015f sonras\u0131 hizmet sunuyoruz.<\/p>\n<p>Stokta Bulunabilirlik: Acil m\u00fc\u015fteri ihtiya\u00e7lar\u0131n\u0131 kar\u015f\u0131lamak i\u00e7in sipari\u015fleri h\u0131zl\u0131 bir \u015fekilde yerine getirmemize ve teslimat s\u00fcrelerini azaltmam\u0131za olanak tan\u0131yan b\u00fcy\u00fck bir stok envanterimiz var.<\/p>","protected":false},"excerpt":{"rendered":"<p><strong>Marka XTT<\/strong><\/p>\n<p><strong>\u00dcr\u00fcn men\u015fei\u00c7\u0130N<\/strong><\/p>\n<p><strong>Teslimat s\u00fcresi15 g\u00fcn i\u00e7inde<\/strong><\/p>\n<p><strong>Tedarik kapasitesi9999<\/strong><\/p>\n<p>Bu 4U sunucu kasas\u0131 D480xW430xH132mm boyutlar\u0131ndad\u0131r ve y\u00fcksek kapasiteli depolama ihtiya\u00e7lar\u0131 i\u00e7in idealdir. 15x 3,5\u2033 s\u00fcr\u00fcc\u00fc yuvalar\u0131 ile hot-swap olmayan bir yap\u0131land\u0131rmay\u0131 destekler. Kasa, 6,7\u2033x6,7\u2033 anakartlarla uyumludur ve ATX g\u00fc\u00e7 kaynaklar\u0131n\u0131 destekler. So\u011futma sistemi, verimli \u0131s\u0131 da\u011f\u0131l\u0131m\u0131 sa\u011flamak i\u00e7in 4x 8025 orta fan ve 2x 6025 arka fan i\u00e7erir. 1,2 mm kal\u0131nl\u0131\u011f\u0131nda SECC ve SGCC \u00e7elikten \u00fcretilen kasa, uzun s\u00fcre dayanacak \u015fekilde \u00fcretilmi\u015ftir ve g\u00fc\u00e7l\u00fc bir dayan\u0131kl\u0131l\u0131k sa\u011flar.<\/p>","protected":false},"featured_media":1150,"template":"","meta":[],"product_brand":[],"product_cat":[143],"product_tag":[153,159,169,167,165],"class_list":{"0":"post-379","1":"product","2":"type-product","3":"status-publish","4":"has-post-thumbnail","6":"product_cat-server-chassis","7":"product_tag-1u-server-chassis","8":"product_tag-2u-short-depth-server-chassis","9":"product_tag-8-bay-server-chassis","10":"product_tag-gpu-server-chassis","11":"product_tag-non-hot-swappable-chassis","13":"first","14":"instock","15":"shipping-taxable","16":"product-type-simple"},"_links":{"self":[{"href":"https:\/\/sz-xtt.com\/tr\/wp-json\/wp\/v2\/product\/379","targetHints":{"allow":["GET"]}}],"collection":[{"href":"https:\/\/sz-xtt.com\/tr\/wp-json\/wp\/v2\/product"}],"about":[{"href":"https:\/\/sz-xtt.com\/tr\/wp-json\/wp\/v2\/types\/product"}],"wp:featuredmedia":[{"embeddable":true,"href":"https:\/\/sz-xtt.com\/tr\/wp-json\/wp\/v2\/media\/1150"}],"wp:attachment":[{"href":"https:\/\/sz-xtt.com\/tr\/wp-json\/wp\/v2\/media?parent=379"}],"wp:term":[{"taxonomy":"product_brand","embeddable":true,"href":"https:\/\/sz-xtt.com\/tr\/wp-json\/wp\/v2\/product_brand?post=379"},{"taxonomy":"product_cat","embeddable":true,"href":"https:\/\/sz-xtt.com\/tr\/wp-json\/wp\/v2\/product_cat?post=379"},{"taxonomy":"product_tag","embeddable":true,"href":"https:\/\/sz-xtt.com\/tr\/wp-json\/wp\/v2\/product_tag?post=379"}],"curies":[{"name":"wp","href":"https:\/\/api.w.org\/{rel}","templated":true}]}}