{"id":381,"date":"2025-10-15T02:23:14","date_gmt":"2025-10-15T02:23:14","guid":{"rendered":"https:\/\/sz-xtt.com\/product\/415l65-server-chassis\/"},"modified":"2025-10-17T02:06:03","modified_gmt":"2025-10-17T02:06:03","slug":"415l65-server-chassis","status":"publish","type":"product","link":"https:\/\/sz-xtt.com\/tr\/product\/415l65-server-chassis\/","title":{"rendered":"415L65 Sunucu Kasas\u0131"},"content":{"rendered":"<h3>\u00dcr\u00fcn \u00d6zellikleri<\/h3>\n<p>High Storage Capacity: Supports 14x 3.5&#8243; drive bays, ideal for large data storage requirements.<\/p>\n<p>Versatile Motherboard Compatibility: Fits motherboard sizes of 12&#8243;x13&#8243;, 12&#8243;x10.5&#8243;, 12&#8243;x9.6&#8243;, 9.6&#8243;x9.6&#8243;, and 6.7&#8243;x6.7&#8243;, offering flexible configuration options.<\/p>\n<p>Flexible Power Supply Options: Compatible with ATX power supplies, 1U or 2U standard PSUs, and 1U or 2U redundant 1+1 PSUs, accommodating various power needs.<\/p>\n<p>Efficient Cooling: Equipped with 4x 8025 middle fans and 2x 6025 rear fans for effective cooling performance.<\/p>\n<p>Durable Materials: Constructed with 1.2mm thick SECC and SGCC steel, ensuring durability and stability.<\/p>\n<h3>\u00dcr\u00fcn \u00d6zellikleri<\/h3>\n<p>Dimensions: D650xW430xH44mm (4U)<\/p>\n<p>S\u00fcr\u00fcc\u00fc Yuvalar\u0131: 14x 3,5\u2033 HDD<\/p>\n<p>Anakart Deste\u011fi: 12\u2033x13\u2033, 12\u2033x10.5\u2033, 12\u2033x9.6\u2033, 9.6\u2033x9.6\u2033, 6.7\u2033x6.7\u2033<\/p>\n<p>G\u00fc\u00e7 Kayna\u011f\u0131 Deste\u011fi: ATX PSU\/1U veya 2U standart PSU\/1U veya 2U yedekli 1+1 PSU<\/p>\n<p>So\u011futma Fanlar\u0131: 4x 8025 orta fan, 2x 6025 arka fan<\/p>\n<p>Malzeme: SECC, SGCC<\/p>\n<p>Kal\u0131nl\u0131k: 1,2 mm<\/p>\n<h3>Neden Bizi Se\u00e7melisiniz?<\/h3>\n<p>Kapsaml\u0131 End\u00fcstri Deneyimi: Shenzhen Xintongtai Technology Co, Ltd. 2007 y\u0131l\u0131ndan bu yana sunucular ve aksesuarlar konusunda uzmanla\u015farak g\u00fcvenilir ve etkili \u00e7\u00f6z\u00fcmler sunmaktad\u0131r.<\/p>\n<p>High-Quality Products: Our server products are known for their strong compatibility and stable performance across various applications.<\/p>\n<p>M\u00fckemmel M\u00fc\u015fteri Deste\u011fi: M\u00fc\u015fterilerin zaman\u0131nda yard\u0131m almas\u0131n\u0131 sa\u011flamak i\u00e7in ayr\u0131nt\u0131l\u0131 \u00fcr\u00fcn bilgileri ve kapsaml\u0131 teknik destek sa\u011fl\u0131yoruz.<\/p>\n<p>Stokta Bulunabilirlik: Sipari\u015flerin h\u0131zl\u0131 bir \u015fekilde yerine getirilmesini sa\u011flamak ve teslimat s\u00fcrelerini k\u0131saltarak acil m\u00fc\u015fteri ihtiya\u00e7lar\u0131n\u0131 kar\u015f\u0131lamak i\u00e7in b\u00fcy\u00fck bir envanter bulunduruyoruz.<\/p>","protected":false},"excerpt":{"rendered":"<p><strong>Marka XTT<\/strong><\/p>\n<p><strong>\u00dcr\u00fcn men\u015fei \u00c7\u0130N<\/strong><\/p>\n<p><strong>Teslimat s\u00fcresi15 g\u00fcn i\u00e7inde<\/strong><\/p>\n<p><strong>Tedarik kapasitesi9999<\/strong><\/p>\n<p>This 4U server chassis measures D650xW430xH44mm and is designed for high-capacity storage needs. It supports a non-hot-swap configuration with 14x 3.5&#8243; drive bays, making it suitable for large-scale data storage. The chassis accommodates various motherboard sizes, including 12&#8243;x13&#8243;, 12&#8243;x10.5&#8243;, 12&#8243;x9.6&#8243;, 9.6&#8243;x9.6&#8243;, and 6.7&#8243;x6.7&#8243;. It supports ATX power supplies, 1U or 2U standard PSUs, and 1U or 2U redundant 1+1 PSUs. The cooling system includes 4x 8025 middle fans and 2x 6025 rear fans to ensure efficient heat dissipation. Made from 1.2mm thick SECC and SGCC steel, the chassis is durable and sturdy.<\/p>","protected":false},"featured_media":1160,"template":"","meta":[],"product_brand":[],"product_cat":[143],"product_tag":[153,161,156,168,165],"class_list":{"0":"post-381","1":"product","2":"type-product","3":"status-publish","4":"has-post-thumbnail","6":"product_cat-server-chassis","7":"product_tag-1u-server-chassis","8":"product_tag-6u-server-chassis","9":"product_tag-atx-server-chassis","10":"product_tag-micro-server-chassis","11":"product_tag-non-hot-swappable-chassis","13":"first","14":"instock","15":"shipping-taxable","16":"product-type-simple"},"_links":{"self":[{"href":"https:\/\/sz-xtt.com\/tr\/wp-json\/wp\/v2\/product\/381","targetHints":{"allow":["GET"]}}],"collection":[{"href":"https:\/\/sz-xtt.com\/tr\/wp-json\/wp\/v2\/product"}],"about":[{"href":"https:\/\/sz-xtt.com\/tr\/wp-json\/wp\/v2\/types\/product"}],"wp:featuredmedia":[{"embeddable":true,"href":"https:\/\/sz-xtt.com\/tr\/wp-json\/wp\/v2\/media\/1160"}],"wp:attachment":[{"href":"https:\/\/sz-xtt.com\/tr\/wp-json\/wp\/v2\/media?parent=381"}],"wp:term":[{"taxonomy":"product_brand","embeddable":true,"href":"https:\/\/sz-xtt.com\/tr\/wp-json\/wp\/v2\/product_brand?post=381"},{"taxonomy":"product_cat","embeddable":true,"href":"https:\/\/sz-xtt.com\/tr\/wp-json\/wp\/v2\/product_cat?post=381"},{"taxonomy":"product_tag","embeddable":true,"href":"https:\/\/sz-xtt.com\/tr\/wp-json\/wp\/v2\/product_tag?post=381"}],"curies":[{"name":"wp","href":"https:\/\/api.w.org\/{rel}","templated":true}]}}