{"id":382,"date":"2025-10-15T02:23:14","date_gmt":"2025-10-15T02:23:14","guid":{"rendered":"https:\/\/sz-xtt.com\/product\/101s25-evox-server-chassis\/"},"modified":"2025-10-17T02:07:44","modified_gmt":"2025-10-17T02:07:44","slug":"101s25-evox-server-chassis","status":"publish","type":"product","link":"https:\/\/sz-xtt.com\/tr\/product\/101s25-evox-server-chassis\/","title":{"rendered":"101S25-EVOX Sunucu Kasas\u0131"},"content":{"rendered":"<h3>\u00dcr\u00fcn \u00d6zellikleri<\/h3>\n<p>Kompakt Tasar\u0131m: K\u00fc\u00e7\u00fck boyutu, kompakt sunucu ihtiya\u00e7lar\u0131n\u0131 kar\u015f\u0131layarak s\u0131n\u0131rl\u0131 alana sahip ortamlar i\u00e7in idealdir.<\/p>\n<p>Esnek S\u00fcr\u00fcc\u00fc Deste\u011fi: 1x 3,5\u2033 HDD veya 2x 2,5\u2033 HDD bar\u0131nd\u0131rarak \u00e7ok y\u00f6nl\u00fc depolama se\u00e7enekleri sunar.<\/p>\n<p>Anakart Uyumlulu\u011fu: \u00c7e\u015fitli anakart yap\u0131land\u0131rmalar\u0131n\u0131 destekleyen 6,7 \u2033x6,7 \u2033 anakartlara uyar.<\/p>\n<p>G\u00fc\u00e7 Se\u00e7enekleri: Farkl\u0131 g\u00fc\u00e7 gereksinimlerini kar\u015f\u0131layan 1U esnek g\u00fc\u00e7 kaynaklar\u0131 veya g\u00fc\u00e7 adapt\u00f6rleri ile uyumludur.<\/p>\n<p>\u0130ste\u011fe Ba\u011fl\u0131 So\u011futma: Ek so\u011futma se\u00e7enekleri sa\u011flayan 3x 4025 adede kadar fan tak\u0131labilir.<\/p>\n<p>Durable Materials: Made from 1.2mm thick SECC and SGCC steel, ensuring robust construction and durability.<\/p>\n<h3>\u00dcr\u00fcn \u00d6zellikleri<\/h3>\n<p>Boyutlar: D250xW350xH44mm (1U)<\/p>\n<p>S\u00fcr\u00fcc\u00fc Yuvalar\u0131: 1x 3,5\u2033 veya 2x 2,5\u2033 HDD<\/p>\n<p>Anakart Deste\u011fi: 6.7\u2033x6.7\u2033<\/p>\n<p>G\u00fc\u00e7 Kayna\u011f\u0131 Deste\u011fi: 1U esnek PSU veya g\u00fc\u00e7 adapt\u00f6r\u00fc<\/p>\n<p>So\u011futma Fanlar\u0131: 0-3 x 4025 iste\u011fe ba\u011fl\u0131<\/p>\n<p>Malzeme: SECC, SGCC<\/p>\n<p>Kal\u0131nl\u0131k: 1,2 mm<\/p>\n<h3>Neden Bizi Se\u00e7melisiniz?<\/h3>\n<p>Kapsaml\u0131 End\u00fcstri Deneyimi: Shenzhen Xintongtai Technology Co, Ltd. 2007 y\u0131l\u0131ndan bu yana sunucular ve aksesuarlar konusunda uzmanla\u015farak g\u00fcvenilir ve etkili \u00e7\u00f6z\u00fcmler sunmaktad\u0131r.<\/p>\n<p>Y\u00fcksek Kaliteli \u00dcr\u00fcnler: Sunucu \u00fcr\u00fcnlerimiz, \u00e7e\u015fitli \u00e7evresel ve uygulama ihtiya\u00e7lar\u0131n\u0131 y\u00fcksek kalite ve performansla kar\u015f\u0131lamak \u00fczere tasarlanm\u0131\u015ft\u0131r.<\/p>\n<p>M\u00fckemmel M\u00fc\u015fteri Deste\u011fi: M\u00fc\u015fterilerin zaman\u0131nda yard\u0131m almas\u0131n\u0131 sa\u011flamak i\u00e7in ayr\u0131nt\u0131l\u0131 \u00fcr\u00fcn bilgileri ve kapsaml\u0131 teknik destek sa\u011fl\u0131yoruz.<\/p>\n<p>Stokta Bulunabilirlik: Sipari\u015flerin h\u0131zl\u0131 bir \u015fekilde yerine getirilmesini sa\u011flamak ve teslimat s\u00fcrelerini k\u0131saltarak acil m\u00fc\u015fteri ihtiya\u00e7lar\u0131n\u0131 kar\u015f\u0131lamak i\u00e7in b\u00fcy\u00fck bir envanter bulunduruyoruz.<\/p>","protected":false},"excerpt":{"rendered":"<p><strong>Marka XTT<\/strong><\/p>\n<p><strong>\u00dcr\u00fcn men\u015fei \u00c7\u0130N<\/strong><\/p>\n<p><strong>Teslimat s\u00fcresi15 g\u00fcn i\u00e7inde<\/strong><\/p>\n<p><strong>Tedarik kapasitesi9999<\/strong><\/p>\n<p>This 1U server chassis measures D250xW350xH44mm and is designed for compact servers. It supports a non-hot-swap configuration with the option to install either 1x 3.5&#8243; HDD or 2x 2.5&#8243; HDDs. The chassis is compatible with 6.7&#8243;x6.7&#8243; motherboards and supports 1U flex power supplies or power adapters. Cooling is provided by up to 3 optional 4025 fans, ensuring adequate ventilation. Constructed from 1.2mm thick SECC and SGCC steel, this chassis offers durability and stability.<\/p>","protected":false},"featured_media":1165,"template":"","meta":[],"product_brand":[],"product_cat":[143],"product_tag":[158,152,168,165,155],"class_list":{"0":"post-382","1":"product","2":"type-product","3":"status-publish","4":"has-post-thumbnail","6":"product_cat-server-chassis","7":"product_tag-24-bay-server-chassis","8":"product_tag-best-server-chassis","9":"product_tag-micro-server-chassis","10":"product_tag-non-hot-swappable-chassis","11":"product_tag-server-chassis-4u","13":"first","14":"instock","15":"shipping-taxable","16":"product-type-simple"},"_links":{"self":[{"href":"https:\/\/sz-xtt.com\/tr\/wp-json\/wp\/v2\/product\/382","targetHints":{"allow":["GET"]}}],"collection":[{"href":"https:\/\/sz-xtt.com\/tr\/wp-json\/wp\/v2\/product"}],"about":[{"href":"https:\/\/sz-xtt.com\/tr\/wp-json\/wp\/v2\/types\/product"}],"wp:featuredmedia":[{"embeddable":true,"href":"https:\/\/sz-xtt.com\/tr\/wp-json\/wp\/v2\/media\/1165"}],"wp:attachment":[{"href":"https:\/\/sz-xtt.com\/tr\/wp-json\/wp\/v2\/media?parent=382"}],"wp:term":[{"taxonomy":"product_brand","embeddable":true,"href":"https:\/\/sz-xtt.com\/tr\/wp-json\/wp\/v2\/product_brand?post=382"},{"taxonomy":"product_cat","embeddable":true,"href":"https:\/\/sz-xtt.com\/tr\/wp-json\/wp\/v2\/product_cat?post=382"},{"taxonomy":"product_tag","embeddable":true,"href":"https:\/\/sz-xtt.com\/tr\/wp-json\/wp\/v2\/product_tag?post=382"}],"curies":[{"name":"wp","href":"https:\/\/api.w.org\/{rel}","templated":true}]}}