{"id":383,"date":"2025-10-15T02:23:14","date_gmt":"2025-10-15T02:23:14","guid":{"rendered":"https:\/\/sz-xtt.com\/product\/101s25-server-chassis-with-lock-door\/"},"modified":"2025-12-02T03:22:47","modified_gmt":"2025-12-02T03:22:47","slug":"101s25-server-chassis-with-lock-door","status":"publish","type":"product","link":"https:\/\/sz-xtt.com\/tr\/product\/101s25-server-chassis-with-lock-door\/","title":{"rendered":"101S25 Kilit kap\u0131l\u0131 Sunucu Kasas\u0131"},"content":{"rendered":"<h3>\u00dcr\u00fcn \u00d6zellikleri<\/h3>\n<p>Kompakt Tasar\u0131m: K\u00fc\u00e7\u00fck boyutu, kompakt sunucu ihtiya\u00e7lar\u0131n\u0131 kar\u015f\u0131layarak s\u0131n\u0131rl\u0131 alana sahip ortamlar i\u00e7in idealdir.<\/p>\n<p>Esnek S\u00fcr\u00fcc\u00fc Deste\u011fi: 1x 3,5\u2033 HDD veya 2x 2,5\u2033 HDD bar\u0131nd\u0131rarak \u00e7ok y\u00f6nl\u00fc depolama se\u00e7enekleri sunar.<\/p>\n<p>Anakart Uyumlulu\u011fu: \u00c7e\u015fitli anakart yap\u0131land\u0131rmalar\u0131n\u0131 destekleyen 6,7 \u2033x6,7 \u2033 anakartlara uyar.<\/p>\n<p>G\u00fc\u00e7 Se\u00e7enekleri: Farkl\u0131 g\u00fc\u00e7 gereksinimlerini kar\u015f\u0131layan 1U esnek g\u00fc\u00e7 kaynaklar\u0131 veya g\u00fc\u00e7 adapt\u00f6rleri ile uyumludur.<\/p>\n<p>\u0130ste\u011fe Ba\u011fl\u0131 So\u011futma: Ek so\u011futma se\u00e7enekleri sa\u011flayan 3x 4025 adede kadar fan tak\u0131labilir.<\/p>\n<p>Dayan\u0131kl\u0131 Malzemeler: Sa\u011flam yap\u0131 ve dayan\u0131kl\u0131l\u0131k sa\u011flayan 1,3 mm kal\u0131nl\u0131\u011f\u0131nda SECC ve SGCC \u00e7elikten yap\u0131lm\u0131\u015ft\u0131r.<\/p>\n<h3>\u00dcr\u00fcn \u00d6zellikleri<\/h3>\n<p>Boyutlar: D250xW350xH44mm (1U)<\/p>\n<p>S\u00fcr\u00fcc\u00fc Yuvalar\u0131: 1x 3,5\u2033 veya 2x 2,5\u2033 HDD<\/p>\n<p>Anakart Deste\u011fi: 6.7\u2033x6.7\u2033<\/p>\n<p>G\u00fc\u00e7 Kayna\u011f\u0131 Deste\u011fi: 1U esnek PSU veya g\u00fc\u00e7 adapt\u00f6r\u00fc<\/p>\n<p>So\u011futma Fanlar\u0131: 0-3 x 4025 iste\u011fe ba\u011fl\u0131<\/p>\n<p>Malzeme: SECC, SGCC<\/p>\n<p>Kal\u0131nl\u0131k: 1,3 mm<\/p>\n<h3>Neden Bizi Se\u00e7melisiniz?<\/h3>\n<p>Kapsaml\u0131 End\u00fcstri Deneyimi: Shenzhen Xintongtai Technology Co, Ltd. 2007 y\u0131l\u0131ndan bu yana sunucular ve aksesuarlar konusunda uzmanla\u015farak g\u00fcvenilir ve etkili \u00e7\u00f6z\u00fcmler sunmaktad\u0131r.<\/p>\n<p>Y\u00fcksek Kaliteli \u00dcr\u00fcnler: Sunucu \u00fcr\u00fcnlerimiz, \u00e7e\u015fitli \u00e7evresel ve uygulama ihtiya\u00e7lar\u0131n\u0131 y\u00fcksek kalite ve performansla kar\u015f\u0131lamak \u00fczere tasarlanm\u0131\u015ft\u0131r.<\/p>\n<p>M\u00fckemmel M\u00fc\u015fteri Deste\u011fi: M\u00fc\u015fterilerin zaman\u0131nda yard\u0131m almas\u0131n\u0131 sa\u011flamak i\u00e7in ayr\u0131nt\u0131l\u0131 \u00fcr\u00fcn bilgileri ve kapsaml\u0131 teknik destek sa\u011fl\u0131yoruz.<\/p>\n<p>Stokta Bulunabilirlik: Sipari\u015flerin h\u0131zl\u0131 bir \u015fekilde yerine getirilmesini sa\u011flamak ve teslimat s\u00fcrelerini k\u0131saltarak acil m\u00fc\u015fteri ihtiya\u00e7lar\u0131n\u0131 kar\u015f\u0131lamak i\u00e7in b\u00fcy\u00fck bir envanter bulunduruyoruz.<\/p>","protected":false},"excerpt":{"rendered":"<p><strong>Marka XTT<\/strong><\/p>\n<p><strong>\u00dcr\u00fcn men\u015fei \u00c7\u0130N<\/strong><\/p>\n<p><strong>Teslimat s\u00fcresi15 g\u00fcn i\u00e7inde<\/strong><\/p>\n<p><strong>Tedarik kapasitesi9999<\/strong><\/p>\n<p>Bu 1U sunucu kasas\u0131 D250xW350xH44mm \u00f6l\u00e7\u00fclerindedir ve kompakt sunucular i\u00e7in tasarlanm\u0131\u015ft\u0131r. Bu kasa, 1x 3,5\u2033 HDD veya 2x 2,5\u2033 HDD takma se\u00e7ene\u011fi ile hot-swap olmayan bir yap\u0131land\u0131rmay\u0131 destekler. Kasa, 6,7\u2033x6,7\u2033 anakartlarla uyumludur ve 1U esnek g\u00fc\u00e7 kaynaklar\u0131n\u0131 veya g\u00fc\u00e7 adapt\u00f6rlerini destekler. So\u011futma, 3 adede kadar iste\u011fe ba\u011fl\u0131 4025 fan ile sa\u011flan\u0131r. 1,3 mm kal\u0131nl\u0131\u011f\u0131nda SECC ve SGCC \u00e7elikten \u00fcretilen bu kasa, dayan\u0131kl\u0131l\u0131k ve sa\u011flaml\u0131k sunar.<\/p>\n<p>wE-posta G\u00f6nder<br \/>\nXTT101S25 Kilit kap\u0131l\u0131 Sunucu Kasas\u0131<\/p>","protected":false},"featured_media":1170,"template":"","meta":[],"product_brand":[],"product_cat":[143],"product_tag":[149,169,167,165,162],"class_list":{"0":"post-383","1":"product","2":"type-product","3":"status-publish","4":"has-post-thumbnail","6":"product_cat-server-chassis","7":"product_tag-3u-server-chassis","8":"product_tag-8-bay-server-chassis","9":"product_tag-gpu-server-chassis","10":"product_tag-non-hot-swappable-chassis","11":"product_tag-rackmount-server-chassis","13":"first","14":"instock","15":"featured","16":"shipping-taxable","17":"product-type-simple"},"_links":{"self":[{"href":"https:\/\/sz-xtt.com\/tr\/wp-json\/wp\/v2\/product\/383","targetHints":{"allow":["GET"]}}],"collection":[{"href":"https:\/\/sz-xtt.com\/tr\/wp-json\/wp\/v2\/product"}],"about":[{"href":"https:\/\/sz-xtt.com\/tr\/wp-json\/wp\/v2\/types\/product"}],"wp:featuredmedia":[{"embeddable":true,"href":"https:\/\/sz-xtt.com\/tr\/wp-json\/wp\/v2\/media\/1170"}],"wp:attachment":[{"href":"https:\/\/sz-xtt.com\/tr\/wp-json\/wp\/v2\/media?parent=383"}],"wp:term":[{"taxonomy":"product_brand","embeddable":true,"href":"https:\/\/sz-xtt.com\/tr\/wp-json\/wp\/v2\/product_brand?post=383"},{"taxonomy":"product_cat","embeddable":true,"href":"https:\/\/sz-xtt.com\/tr\/wp-json\/wp\/v2\/product_cat?post=383"},{"taxonomy":"product_tag","embeddable":true,"href":"https:\/\/sz-xtt.com\/tr\/wp-json\/wp\/v2\/product_tag?post=383"}],"curies":[{"name":"wp","href":"https:\/\/api.w.org\/{rel}","templated":true}]}}