{"id":389,"date":"2025-10-15T02:23:15","date_gmt":"2025-10-15T02:23:15","guid":{"rendered":"https:\/\/sz-xtt.com\/product\/465-36-server-chassis\/"},"modified":"2025-12-02T03:22:02","modified_gmt":"2025-12-02T03:22:02","slug":"465-36-server-chassis","status":"publish","type":"product","link":"https:\/\/sz-xtt.com\/tr\/product\/465-36-server-chassis\/","title":{"rendered":"465-36 Sunucu Kasas\u0131"},"content":{"rendered":"<h3>\u00dcr\u00fcn \u00d6zellikleri<\/h3>\n<p>High-Quality Material<br \/>\nConstructed from imported SGCC galvanized steel, featuring fingerprint resistance, corrosion resistance, and heat resistance, ensuring durability and long-term stability.<br \/>\nEfficient Cooling System<br \/>\nThe well-designed airflow channel effectively dissipates heat generated inside the chassis, maintaining stable server performance, suitable for critical applications.<br \/>\nFlexible Expansion Capability<br \/>\nThe S465-36 chassis supports flexible expansion for various hard drives and peripherals, meeting the increasing storage demands.<\/p>\n<h3>\u00dcr\u00fcn \u00d6zellikleri<\/h3>\n<p>Size: Compatible with standard 3.5 HDD<\/p>\n<p>Packaging: Double-layer box (inner and outer), dimensions L810W590H310MM<\/p>\n<p>Protection Measures: Equipped with pearl cotton (EPE) to effectively prevent collisions and vibrations during transportation, extending the equipment&#8217;s lifespan.<\/p>\n<h3>Neden Bizi Se\u00e7melisiniz<\/h3>\n<p>\u015eirket Ge\u00e7mi\u015fi<br \/>\nXintongtai Technology Co., Ltd. was established in 2007, focusing on the research, development, and production of servers and accessories, with extensive industry experience.<br \/>\nComprehensive Product Information<br \/>\nWe provide detailed product information, ensuring customers have access to complete data for informed decision-making.<br \/>\nM\u00fckemmel M\u00fc\u015fteri Hizmetleri<br \/>\nY\u00fcksek kaliteli m\u00fc\u015fteri hizmetlerine olan ba\u011fl\u0131l\u0131\u011f\u0131m\u0131z, her m\u00fc\u015fterinin sat\u0131n alma ve kullan\u0131m deneyimi boyunca zaman\u0131nda destek almas\u0131n\u0131 sa\u011flar.<br \/>\nStok \u0130\u00e7i Tedarik<br \/>\n\u00dcr\u00fcnlerimiz genellikle stoklar\u0131m\u0131zda mevcuttur, bu da m\u00fc\u015fteri ihtiya\u00e7lar\u0131n\u0131 h\u0131zl\u0131 bir \u015fekilde kar\u015f\u0131lamam\u0131za ve teslimat s\u00fcrelerini k\u0131saltmam\u0131za olanak tan\u0131r.<\/p>","protected":false},"excerpt":{"rendered":"<p><strong>Marka XTT<\/strong><\/p>\n<p><strong>\u00dcr\u00fcn men\u015fei \u00c7\u0130N<\/strong><\/p>\n<p><strong>Teslimat s\u00fcresi15 g\u00fcn i\u00e7inde<\/strong><\/p>\n<p><strong>Tedarik kapasitesi9999<\/strong><\/p>\n<p>The XTT465-36 hot-swap chassis is designed for professional system integrators and PC technicians, suitable for various fields including data storage, security monitoring, and FTP\/Web\/Mail services. This chassis combines high performance with reliability, ensuring stable operation in various application scenarios.<\/p>","protected":false},"featured_media":1121,"template":"","meta":[],"product_brand":[],"product_cat":[143],"product_tag":[153,149,171,147,162],"class_list":{"0":"post-389","1":"product","2":"type-product","3":"status-publish","4":"has-post-thumbnail","6":"product_cat-server-chassis","7":"product_tag-1u-server-chassis","8":"product_tag-3u-server-chassis","9":"product_tag-hot-swap-server-chassis","10":"product_tag-nas-server-chassis","11":"product_tag-rackmount-server-chassis","13":"first","14":"instock","15":"featured","16":"shipping-taxable","17":"product-type-simple"},"_links":{"self":[{"href":"https:\/\/sz-xtt.com\/tr\/wp-json\/wp\/v2\/product\/389","targetHints":{"allow":["GET"]}}],"collection":[{"href":"https:\/\/sz-xtt.com\/tr\/wp-json\/wp\/v2\/product"}],"about":[{"href":"https:\/\/sz-xtt.com\/tr\/wp-json\/wp\/v2\/types\/product"}],"wp:featuredmedia":[{"embeddable":true,"href":"https:\/\/sz-xtt.com\/tr\/wp-json\/wp\/v2\/media\/1121"}],"wp:attachment":[{"href":"https:\/\/sz-xtt.com\/tr\/wp-json\/wp\/v2\/media?parent=389"}],"wp:term":[{"taxonomy":"product_brand","embeddable":true,"href":"https:\/\/sz-xtt.com\/tr\/wp-json\/wp\/v2\/product_brand?post=389"},{"taxonomy":"product_cat","embeddable":true,"href":"https:\/\/sz-xtt.com\/tr\/wp-json\/wp\/v2\/product_cat?post=389"},{"taxonomy":"product_tag","embeddable":true,"href":"https:\/\/sz-xtt.com\/tr\/wp-json\/wp\/v2\/product_tag?post=389"}],"curies":[{"name":"wp","href":"https:\/\/api.w.org\/{rel}","templated":true}]}}