{"id":390,"date":"2025-10-15T02:23:15","date_gmt":"2025-10-15T02:23:15","guid":{"rendered":"https:\/\/sz-xtt.com\/product\/7184-server-chassis\/"},"modified":"2025-10-17T01:47:30","modified_gmt":"2025-10-17T01:47:30","slug":"7184-server-chassis","status":"publish","type":"product","link":"https:\/\/sz-xtt.com\/tr\/product\/7184-server-chassis\/","title":{"rendered":"7184 Sunucu Kasas\u0131"},"content":{"rendered":"<h3>\u00dcr\u00fcn \u00d6zellikleri<\/h3>\n<p>High-Quality Material<br \/>\nMade from environmentally friendly 1.0mm SGCC galvanized steel, it features fingerprint resistance and corrosion resistance, ensuring durability and long-term stability.<br \/>\nFlexible Installation Options<br \/>\nThe IPC7184 supports both horizontal and vertical installations, adapting to different spatial needs and allowing users to choose based on actual conditions.<br \/>\nVerimli So\u011futma Tasar\u0131m\u0131<br \/>\nEquipped with multiple fan slots, it effectively dissipates internal heat, ensuring stable operation of the equipment.<\/p>\n<h3>\u00dcr\u00fcn \u00d6zellikleri<\/h3>\n<p>Dimensions: L330 W330 H180 mm<\/p>\n<p>Net Weight: &#8211; KG<\/p>\n<p>Hard Drive Slots: 1 x 3.5&#8243; compatible with 2.5&#8243; hard drive slot<\/p>\n<p>Fan Slots: 2 front-mounted 9 cm fan slots<\/p>\n<p>Motherboard Support: Standard 12&#8243; 9.6&#8243; and below sizes<\/p>\n<p>I\/O Expansion: 7 full-height PCI\/PCIE expansion slots<\/p>\n<p>External Interfaces: 2 x USB 2.0 on the front, 8 x DB9 mounting holes, 1 x DB37 mounting hole on the rear panel<\/p>\n<h3>Neden Bizi Se\u00e7melisiniz<\/h3>\n<p>\u015eirket Ge\u00e7mi\u015fi<br \/>\nXintongtai Technology Co., Ltd. was established in 2007, focusing on the research, development, and production of servers and accessories, with extensive industry experience.<br \/>\nComprehensive Product Information<br \/>\nWe provide detailed product information, ensuring customers have access to complete data for informed decision-making.<br \/>\nM\u00fckemmel M\u00fc\u015fteri Hizmetleri<br \/>\nY\u00fcksek kaliteli m\u00fc\u015fteri hizmetlerine olan ba\u011fl\u0131l\u0131\u011f\u0131m\u0131z, her m\u00fc\u015fterinin sat\u0131n alma ve kullan\u0131m deneyimi boyunca zaman\u0131nda destek almas\u0131n\u0131 sa\u011flar.<br \/>\nStok \u0130\u00e7i Tedarik<br \/>\n\u00dcr\u00fcnlerimiz genellikle stoklar\u0131m\u0131zda mevcuttur, bu da m\u00fc\u015fteri ihtiya\u00e7lar\u0131n\u0131 h\u0131zl\u0131 bir \u015fekilde kar\u015f\u0131lamam\u0131za ve teslimat s\u00fcrelerini k\u0131saltmam\u0131za olanak tan\u0131r.<\/p>","protected":false},"excerpt":{"rendered":"<p><strong>Marka XTT<\/strong><\/p>\n<p><strong>\u00dcr\u00fcn men\u015fei \u00c7\u0130N<\/strong><\/p>\n<p><strong>Teslimat s\u00fcresi15 g\u00fcn i\u00e7inde<\/strong><\/p>\n<p><strong>Tedarik kapasitesi9999<\/strong><\/p>\n<p>The XTT7184 is a seven-slot reinforced wall-mounted chassis designed for industrial control, intelligent transportation, mechanical automation, and other fields. This chassis combines high performance with reliability, making it suitable for various environments and capable of meeting stringent usage requirements.<\/p>","protected":false},"featured_media":1122,"template":"","meta":[],"product_brand":[],"product_cat":[143],"product_tag":[149,171,162,160],"class_list":{"0":"post-390","1":"product","2":"type-product","3":"status-publish","4":"has-post-thumbnail","6":"product_cat-server-chassis","7":"product_tag-3u-server-chassis","8":"product_tag-hot-swap-server-chassis","9":"product_tag-rackmount-server-chassis","10":"product_tag-server-rackmount-chassis","12":"first","13":"instock","14":"shipping-taxable","15":"product-type-simple"},"_links":{"self":[{"href":"https:\/\/sz-xtt.com\/tr\/wp-json\/wp\/v2\/product\/390","targetHints":{"allow":["GET"]}}],"collection":[{"href":"https:\/\/sz-xtt.com\/tr\/wp-json\/wp\/v2\/product"}],"about":[{"href":"https:\/\/sz-xtt.com\/tr\/wp-json\/wp\/v2\/types\/product"}],"wp:featuredmedia":[{"embeddable":true,"href":"https:\/\/sz-xtt.com\/tr\/wp-json\/wp\/v2\/media\/1122"}],"wp:attachment":[{"href":"https:\/\/sz-xtt.com\/tr\/wp-json\/wp\/v2\/media?parent=390"}],"wp:term":[{"taxonomy":"product_brand","embeddable":true,"href":"https:\/\/sz-xtt.com\/tr\/wp-json\/wp\/v2\/product_brand?post=390"},{"taxonomy":"product_cat","embeddable":true,"href":"https:\/\/sz-xtt.com\/tr\/wp-json\/wp\/v2\/product_cat?post=390"},{"taxonomy":"product_tag","embeddable":true,"href":"https:\/\/sz-xtt.com\/tr\/wp-json\/wp\/v2\/product_tag?post=390"}],"curies":[{"name":"wp","href":"https:\/\/api.w.org\/{rel}","templated":true}]}}