{"id":391,"date":"2025-10-15T02:23:15","date_gmt":"2025-10-15T02:23:15","guid":{"rendered":"https:\/\/sz-xtt.com\/product\/4508e-server-chassis\/"},"modified":"2025-10-17T01:53:45","modified_gmt":"2025-10-17T01:53:45","slug":"4508e-server-chassis","status":"publish","type":"product","link":"https:\/\/sz-xtt.com\/tr\/product\/4508e-server-chassis\/","title":{"rendered":"4508E Sunucu Kasas\u0131"},"content":{"rendered":"<h3>\u00dcr\u00fcn \u00d6zellikleri<\/h3>\n<p>High-Strength Materials<br \/>\nMade from 1.2mm SPCC and 1.0mm SGCC materials, ensuring durability and stability in harsh environments.<br \/>\nFlexible Installation Options<br \/>\nSupports multiple installation methods to adapt to different usage environments, allowing users to choose based on their needs.<br \/>\nVerimli So\u011futma Tasar\u0131m\u0131<br \/>\nEquipped with multiple fan slots to effectively dissipate internal heat, ensuring stable operation of the equipment.<\/p>\n<h3>\u00dcr\u00fcn \u00d6zellikleri<\/h3>\n<p>Dimensions: Depth 450mm Width 430mm Height 177mm (with ears)<\/p>\n<p>Net Weight: 11.4 kg<\/p>\n<p>Fan Configuration: Includes 1 x 12025S fan and 2 x 8025S fans<\/p>\n<p>Hard Drive Support: Accommodates various hard drive configurations<\/p>\n<p>I\/O Interfaces: Front USB interfaces, supporting multiple expansion needs<\/p>\n<p>Power Supply Support: Compatible with standard ATX power supplies<\/p>\n<h3>Neden Bizi Se\u00e7melisiniz<\/h3>\n<p>\u015eirket Ge\u00e7mi\u015fi<br \/>\nXintongtai Technology Co., Ltd. was established in 2007, focusing on the research, development, and production of servers and accessories, with extensive industry experience.<br \/>\nComprehensive Product Information<br \/>\nM\u00fc\u015fterilerin bilin\u00e7li karar vermeleri i\u00e7in eksiksiz verilere eri\u015febilmelerini sa\u011flamak amac\u0131yla ayr\u0131nt\u0131l\u0131 \u00fcr\u00fcn bilgileri sa\u011fl\u0131yoruz.<br \/>\nM\u00fckemmel M\u00fc\u015fteri Hizmetleri<br \/>\nY\u00fcksek kaliteli m\u00fc\u015fteri hizmetlerine olan ba\u011fl\u0131l\u0131\u011f\u0131m\u0131z, her m\u00fc\u015fterinin sat\u0131n alma ve kullan\u0131m deneyimi boyunca zaman\u0131nda destek almas\u0131n\u0131 sa\u011flar.<br \/>\nStok \u0130\u00e7i Tedarik<br \/>\n\u00dcr\u00fcnlerimiz genellikle stoklar\u0131m\u0131zda mevcuttur, bu da m\u00fc\u015fteri ihtiya\u00e7lar\u0131n\u0131 h\u0131zl\u0131 bir \u015fekilde kar\u015f\u0131lamam\u0131za ve teslimat s\u00fcrelerini k\u0131saltmam\u0131za olanak tan\u0131r.<\/p>","protected":false},"excerpt":{"rendered":"<p><strong>Marka XTT<\/strong><\/p>\n<p><strong>\u00dcr\u00fcn men\u015fei \u00c7\u0130N<\/strong><\/p>\n<p><strong>Teslimat s\u00fcresi15 g\u00fcn i\u00e7inde<\/strong><\/p>\n<p><strong>Tedarik kapasitesi9999<\/strong><\/p>\n<p>The XTT4508E industrial chassis is a standard 4U height chassis designed for industrial applications. With its robust structure and excellent cooling performance, it is ideal for various industrial control and monitoring systems.<\/p>","protected":false},"featured_media":1124,"template":"","meta":[],"product_brand":[],"product_cat":[143],"product_tag":[145,156,171,147,160],"class_list":{"0":"post-391","1":"product","2":"type-product","3":"status-publish","4":"has-post-thumbnail","6":"product_cat-server-chassis","7":"product_tag-2u-server-chassis","8":"product_tag-atx-server-chassis","9":"product_tag-hot-swap-server-chassis","10":"product_tag-nas-server-chassis","11":"product_tag-server-rackmount-chassis","13":"first","14":"instock","15":"shipping-taxable","16":"product-type-simple"},"_links":{"self":[{"href":"https:\/\/sz-xtt.com\/tr\/wp-json\/wp\/v2\/product\/391","targetHints":{"allow":["GET"]}}],"collection":[{"href":"https:\/\/sz-xtt.com\/tr\/wp-json\/wp\/v2\/product"}],"about":[{"href":"https:\/\/sz-xtt.com\/tr\/wp-json\/wp\/v2\/types\/product"}],"wp:featuredmedia":[{"embeddable":true,"href":"https:\/\/sz-xtt.com\/tr\/wp-json\/wp\/v2\/media\/1124"}],"wp:attachment":[{"href":"https:\/\/sz-xtt.com\/tr\/wp-json\/wp\/v2\/media?parent=391"}],"wp:term":[{"taxonomy":"product_brand","embeddable":true,"href":"https:\/\/sz-xtt.com\/tr\/wp-json\/wp\/v2\/product_brand?post=391"},{"taxonomy":"product_cat","embeddable":true,"href":"https:\/\/sz-xtt.com\/tr\/wp-json\/wp\/v2\/product_cat?post=391"},{"taxonomy":"product_tag","embeddable":true,"href":"https:\/\/sz-xtt.com\/tr\/wp-json\/wp\/v2\/product_tag?post=391"}],"curies":[{"name":"wp","href":"https:\/\/api.w.org\/{rel}","templated":true}]}}