{"id":392,"date":"2025-10-15T02:23:15","date_gmt":"2025-10-15T02:23:15","guid":{"rendered":"https:\/\/sz-xtt.com\/product\/470-server-chassis\/"},"modified":"2025-10-17T01:55:02","modified_gmt":"2025-10-17T01:55:02","slug":"470-server-chassis","status":"publish","type":"product","link":"https:\/\/sz-xtt.com\/tr\/product\/470-server-chassis\/","title":{"rendered":"470 Sunucu Kasas\u0131"},"content":{"rendered":"<h3>\u00dcr\u00fcn \u00d6zellikleri<\/h3>\n<p>High-Strength Materials<br \/>\nMade from environmentally friendly SGCC and SPCC materials, it features fingerprint resistance and corrosion resistance, ensuring durability.<br \/>\nFlexible Hard Drive Configuration<br \/>\nSupports multiple hard drive configurations, accommodating up to 3 x 3.5-inch hard drives and 1 x 2.5-inch SSD to meet diverse storage needs.<br \/>\nVerimli So\u011futma Tasar\u0131m\u0131<br \/>\nEquipped with one 12025B fan slot and supports additional fan expansion, ensuring stable operation under high loads.<\/p>\n<h3>\u00dcr\u00fcn \u00d6zellikleri<\/h3>\n<p>Dimensions: Depth 471.4mm Width 430mm Height 176mm<\/p>\n<p>Net Weight: &#8211; KG<\/p>\n<p>Fan Configuration: 1 x 12025B fan<\/p>\n<p>Hard Drive Slots: 1 x 3.5&#8243; HDD (compatible with 2.5&#8243; HDD\/SSD)<\/p>\n<p>I\/O Expansion: 7 full-height PCI\/PCIE expansion slots<\/p>\n<p>External Interfaces: 2 x USB 2.0<\/p>\n<p>Power Supply Support: ATX standard power supply<\/p>\n<h3>Neden Bizi Se\u00e7melisiniz<\/h3>\n<p>\u015eirket Ge\u00e7mi\u015fi<br \/>\nXintongtai Technology Co., Ltd. was established in 2007, focusing on the research, development, and production of servers and accessories, with extensive industry experience.<br \/>\nComprehensive Product Information<br \/>\nM\u00fc\u015fterilerin bilin\u00e7li karar vermeleri i\u00e7in eksiksiz verilere eri\u015febilmelerini sa\u011flamak amac\u0131yla ayr\u0131nt\u0131l\u0131 \u00fcr\u00fcn bilgileri sa\u011fl\u0131yoruz.<br \/>\nM\u00fckemmel M\u00fc\u015fteri Hizmetleri<br \/>\nY\u00fcksek kaliteli m\u00fc\u015fteri hizmetlerine olan ba\u011fl\u0131l\u0131\u011f\u0131m\u0131z, her m\u00fc\u015fterinin sat\u0131n alma ve kullan\u0131m deneyimi boyunca zaman\u0131nda destek almas\u0131n\u0131 sa\u011flar.<br \/>\nStok \u0130\u00e7i Tedarik<br \/>\n\u00dcr\u00fcnlerimiz genellikle stoklar\u0131m\u0131zda mevcuttur, bu da m\u00fc\u015fteri ihtiya\u00e7lar\u0131n\u0131 h\u0131zl\u0131 bir \u015fekilde kar\u015f\u0131lamam\u0131za ve teslimat s\u00fcrelerini k\u0131saltmam\u0131za olanak tan\u0131r.<\/p>","protected":false},"excerpt":{"rendered":"<p><strong>Marka XTT<\/strong><\/p>\n<p><strong>\u00dcr\u00fcn men\u015fei \u00c7\u0130N<\/strong><\/p>\n<p><strong>Teslimat s\u00fcresi15 g\u00fcn i\u00e7inde<\/strong><\/p>\n<p><strong>Tedarik kapasitesi9999<\/strong><\/p>\n<p>The XTT470 industrial chassis is a standard 4U height chassis designed for industrial applications. It features a robust structure and excellent cooling performance, making it ideal for cloud storage, cloud computing, big data, and security monitoring.<\/p>\n<p>&nbsp;<\/p>","protected":false},"featured_media":1127,"template":"","meta":[],"product_brand":[],"product_cat":[143],"product_tag":[158,154,152,171,162],"class_list":{"0":"post-392","1":"product","2":"type-product","3":"status-publish","4":"has-post-thumbnail","6":"product_cat-server-chassis","7":"product_tag-24-bay-server-chassis","8":"product_tag-4u-server-chassis","9":"product_tag-best-server-chassis","10":"product_tag-hot-swap-server-chassis","11":"product_tag-rackmount-server-chassis","13":"first","14":"instock","15":"shipping-taxable","16":"product-type-simple"},"_links":{"self":[{"href":"https:\/\/sz-xtt.com\/tr\/wp-json\/wp\/v2\/product\/392","targetHints":{"allow":["GET"]}}],"collection":[{"href":"https:\/\/sz-xtt.com\/tr\/wp-json\/wp\/v2\/product"}],"about":[{"href":"https:\/\/sz-xtt.com\/tr\/wp-json\/wp\/v2\/types\/product"}],"wp:featuredmedia":[{"embeddable":true,"href":"https:\/\/sz-xtt.com\/tr\/wp-json\/wp\/v2\/media\/1127"}],"wp:attachment":[{"href":"https:\/\/sz-xtt.com\/tr\/wp-json\/wp\/v2\/media?parent=392"}],"wp:term":[{"taxonomy":"product_brand","embeddable":true,"href":"https:\/\/sz-xtt.com\/tr\/wp-json\/wp\/v2\/product_brand?post=392"},{"taxonomy":"product_cat","embeddable":true,"href":"https:\/\/sz-xtt.com\/tr\/wp-json\/wp\/v2\/product_cat?post=392"},{"taxonomy":"product_tag","embeddable":true,"href":"https:\/\/sz-xtt.com\/tr\/wp-json\/wp\/v2\/product_tag?post=392"}],"curies":[{"name":"wp","href":"https:\/\/api.w.org\/{rel}","templated":true}]}}