{"id":396,"date":"2025-10-15T02:23:16","date_gmt":"2025-10-15T02:23:16","guid":{"rendered":"https:\/\/sz-xtt.com\/product\/2seep-server-motherboard\/"},"modified":"2025-10-16T12:06:31","modified_gmt":"2025-10-16T12:06:31","slug":"2seep-server-motherboard","status":"publish","type":"product","link":"https:\/\/sz-xtt.com\/tr\/product\/2seep-server-motherboard\/","title":{"rendered":"2SEEP Sunucu Anakart\u0131"},"content":{"rendered":"<h3>G\u00fc\u00e7l\u00fc Performans<\/h3>\n<p>&nbsp;<\/p>\n<p>400 W TDP'ye kadar 1 AMD EPYC 9004 serisi i\u015flemciyi destekler ve ola\u011fan\u00fcst\u00fc bilgi i\u015flem g\u00fcc\u00fc sunar.<\/p>\n<p>4800MHz'e kadar frekanslara sahip 12 DDR5 bellek yuvas\u0131n\u0131 destekler ve \u00f6nceki nesillere k\u0131yasla bellek bant geni\u015fli\u011finde 50% art\u0131\u015f sa\u011flar.<\/p>\n<p>Esnek Yap\u0131land\u0131rma ve G\u00fc\u00e7l\u00fc Geni\u015fletilebilirlik<\/p>\n<p>Zengin depolama aray\u00fczleri: 12 yerle\u015fik SATA 3.0 ba\u011flant\u0131 noktas\u0131, 4 NVMe ba\u011flant\u0131 noktas\u0131 ve 1 M.2 ba\u011flant\u0131 noktas\u0131n\u0131 destekleyerek esnek depolama yap\u0131land\u0131rmalar\u0131 sunar.<\/p>\n<p>Y\u00fcksek h\u0131zl\u0131 \u00e7evresel ba\u011flant\u0131lar\u0131 destekleyen 5 standart PCIe 5.0 geni\u015fletme yuvas\u0131 ile donat\u0131lm\u0131\u015ft\u0131r.<\/p>\n<p>Yerle\u015fik \u00e7ift gigabit Ethernet aray\u00fcz\u00fc, istikrarl\u0131 a\u011f ba\u011flant\u0131s\u0131 sa\u011flar.<\/p>\n<p>\u0130stikrarl\u0131 ve G\u00fcvenilir Ak\u0131ll\u0131 Y\u00f6netim<\/p>\n<p>Temel sistem bile\u015fenleri, bak\u0131m verimlili\u011fini ve sistem kullan\u0131labilirli\u011fini art\u0131ran, aletsiz \u00e7\u0131karma \u00f6zelli\u011fine sahip yedeklilik ve \u00e7al\u0131\u015f\u0131rken de\u011fi\u015ftirilebilir \u00f6zelliklerle tasarlanm\u0131\u015ft\u0131r.<\/p>\n<p>Entegre ak\u0131ll\u0131 y\u00f6netim \u00e7ipi IPMI 2.0, Redfish ve SNMP gibi \u00e7oklu y\u00f6netim protokollerini destekler.<\/p>\n<p>Uzaktan KVM, sanal ortam, temel bile\u015fen durumu izleme ve anormal alarmlar\u0131 destekleyerek ak\u0131ll\u0131 y\u00f6netim ve istikrarl\u0131 sistem \u00e7al\u0131\u015fmas\u0131 sa\u011flar.<\/p>\n<h3>Neden Bizi Se\u00e7melisiniz<\/h3>\n<p>Kapsaml\u0131 End\u00fcstri Deneyimi: Shenzhen Xintongtai Technology Co, Ltd, 2007 y\u0131l\u0131nda kurulmu\u015f olup, derin teknik uzmanl\u0131\u011fa sahip sunucular ve aksesuarlar konusunda uzmanla\u015fm\u0131\u015ft\u0131r.<\/p>\n<p>Y\u00fcksek Kaliteli \u00dcr\u00fcn Bilgileri: M\u00fc\u015fterilerin \u00fcr\u00fcn \u00f6zelliklerini tam olarak anlamalar\u0131n\u0131 sa\u011flamak i\u00e7in kapsaml\u0131 ve do\u011fru \u00fcr\u00fcn bilgileri sa\u011fl\u0131yoruz.<\/p>\n<p>M\u00fckemmel Hizmet Kalitesi: Profesyonel m\u00fc\u015fteri hizmetleri ekibimiz, tam teknik destek sunarak m\u00fc\u015fteri ihtiya\u00e7lar\u0131na h\u0131zl\u0131 bir \u015fekilde yan\u0131t verir.<\/p>\n<p>Stok Durumu: H\u0131zl\u0131 teslimat sa\u011flamak ve m\u00fc\u015fteri bekleme s\u00fcrelerini en aza indirmek i\u00e7in b\u00fcy\u00fck bir envanter tutuyoruz.<\/p>","protected":false},"excerpt":{"rendered":"<p><strong>Marka XTT<\/strong><\/p>\n<p><strong>\u00dcr\u00fcn men\u015fei \u00c7\u0130N<\/strong><\/p>\n<p><strong>Teslimat s\u00fcresi15 g\u00fcn i\u00e7inde<\/strong><\/p>\n<p><strong>Tedarik kapasitesi9999<\/strong><\/p>\n<p>XTT2SEEP tek soketli ATX standart anakart, 4. nesil AMD EPYC i\u015flemci \u00fczerine in\u015fa edilmi\u015ftir ve ola\u011fan\u00fcst\u00fc bilgi i\u015flem performans\u0131, zengin bir dizi I\/O aray\u00fcz\u00fc ve ola\u011fan\u00fcst\u00fc maliyet verimlili\u011fi sunar. Bulut bili\u015fim, sanalla\u015ft\u0131rma, da\u011f\u0131t\u0131lm\u0131\u015f depolama ve hiper birle\u015fik altyap\u0131 gibi uygulamalar i\u00e7in idealdir.<\/p>","protected":false},"featured_media":700,"template":"","meta":[],"product_brand":[],"product_cat":[172],"product_tag":[177,178,179,182,181],"class_list":{"0":"post-396","1":"product","2":"type-product","3":"status-publish","4":"has-post-thumbnail","6":"product_cat-server-motherboard","7":"product_tag-1u-server-motherboard","8":"product_tag-am4-server-motherboard","9":"product_tag-intel-server-motherboard","10":"product_tag-server-computer-motherboard","11":"product_tag-server-motherboards","13":"first","14":"instock","15":"shipping-taxable","16":"product-type-simple"},"_links":{"self":[{"href":"https:\/\/sz-xtt.com\/tr\/wp-json\/wp\/v2\/product\/396","targetHints":{"allow":["GET"]}}],"collection":[{"href":"https:\/\/sz-xtt.com\/tr\/wp-json\/wp\/v2\/product"}],"about":[{"href":"https:\/\/sz-xtt.com\/tr\/wp-json\/wp\/v2\/types\/product"}],"wp:featuredmedia":[{"embeddable":true,"href":"https:\/\/sz-xtt.com\/tr\/wp-json\/wp\/v2\/media\/700"}],"wp:attachment":[{"href":"https:\/\/sz-xtt.com\/tr\/wp-json\/wp\/v2\/media?parent=396"}],"wp:term":[{"taxonomy":"product_brand","embeddable":true,"href":"https:\/\/sz-xtt.com\/tr\/wp-json\/wp\/v2\/product_brand?post=396"},{"taxonomy":"product_cat","embeddable":true,"href":"https:\/\/sz-xtt.com\/tr\/wp-json\/wp\/v2\/product_cat?post=396"},{"taxonomy":"product_tag","embeddable":true,"href":"https:\/\/sz-xtt.com\/tr\/wp-json\/wp\/v2\/product_tag?post=396"}],"curies":[{"name":"wp","href":"https:\/\/api.w.org\/{rel}","templated":true}]}}