{"id":397,"date":"2025-10-15T02:23:16","date_gmt":"2025-10-15T02:23:16","guid":{"rendered":"https:\/\/sz-xtt.com\/product\/3de-server-motherboard\/"},"modified":"2025-10-16T07:50:20","modified_gmt":"2025-10-16T07:50:20","slug":"3de-server-motherboard","status":"publish","type":"product","link":"https:\/\/sz-xtt.com\/tr\/product\/3de-server-motherboard\/","title":{"rendered":"3DE Sunucu Anakart\u0131"},"content":{"rendered":"<h3>G\u00fc\u00e7l\u00fc Performans<\/h3>\n<p>Supports up to two 4th or 5th generation Intel? Xeon? Scalable processors with a maximum TDP of 385W, delivering robust computing power.<\/p>\n<p>Supports 16 DDR5 memory modules with a maximum frequency of 5600MHz, increasing memory bandwidth by 75%.<\/p>\n<p>Flexible Configuration &amp; High Expandability<\/p>\n<p>Rich storage interfaces with support for 10 onboard SATA 3.0, 6 NVMe, and 2 M.2 slots.<\/p>\n<p>Equipped with 6 standard PCIe 5.0 expansion slots.<\/p>\n<p>Onboard dual Gigabit Ethernet.<\/p>\n<p>Ak\u0131ll\u0131 Y\u00f6netim ile \u0130stikrarl\u0131 ve G\u00fcvenilir<\/p>\n<p>High-spec components ensure long-term stable system operation.<\/p>\n<p>Integrated intelligent management chip provides an open management platform supporting multiple management protocols, including IPMI2.0, Redfish, and SNMP.<\/p>\n<p>Features remote KVM, virtual media, key component monitoring, and fault alert management functionalities.<\/p>\n<p>&nbsp;<\/p>\n<h3>Neden Bizi Se\u00e7melisiniz<\/h3>\n<p>Kapsaml\u0131 End\u00fcstri Deneyimi: Shenzhen Xintongtai Technology Co, Ltd, 2007 y\u0131l\u0131nda kurulmu\u015f olup, derin teknik uzmanl\u0131\u011fa sahip sunucular ve aksesuarlar konusunda uzmanla\u015fm\u0131\u015ft\u0131r.<\/p>\n<p>Y\u00fcksek Kaliteli \u00dcr\u00fcn Bilgileri: M\u00fc\u015fterilerin \u00fcr\u00fcn \u00f6zelliklerini tam olarak anlamalar\u0131n\u0131 sa\u011flamak i\u00e7in kapsaml\u0131 ve do\u011fru \u00fcr\u00fcn bilgileri sa\u011fl\u0131yoruz.<\/p>\n<p>M\u00fckemmel Hizmet Kalitesi: Profesyonel m\u00fc\u015fteri hizmetleri ekibimiz, tam teknik destek sunarak m\u00fc\u015fteri ihtiya\u00e7lar\u0131na h\u0131zl\u0131 bir \u015fekilde yan\u0131t verir.<\/p>\n<p>Stok Durumu: H\u0131zl\u0131 teslimat sa\u011flamak ve m\u00fc\u015fteri bekleme s\u00fcrelerini en aza indirmek i\u00e7in b\u00fcy\u00fck bir envanter tutuyoruz.<\/p>","protected":false},"excerpt":{"rendered":"<p><strong>Marka XTT<\/strong><\/p>\n<p><strong>\u00dcr\u00fcn men\u015fei \u00c7\u0130N<\/strong><\/p>\n<p><strong>Teslimat s\u00fcresi15 g\u00fcn i\u00e7inde<\/strong><\/p>\n<p><strong>Tedarik kapasitesi9999<\/strong><\/p>\n<p>XTT3DE Dual-Socket E-ATX Standard Motherboard<br \/>\nBuilt on the 4th or 5th generation Intel? Xeon? Scalable processors, the XTT3DE motherboard delivers exceptional computing performance, a rich array of I\/O interfaces, and excellent cost-efficiency. It is ideally suited for applications such as cloud computing, virtualization, distributed storage, and hyper-converged infrastructure.<\/p>","protected":false},"featured_media":690,"template":"","meta":[],"product_brand":[],"product_cat":[172],"product_tag":[177,175,179,182,181],"class_list":{"0":"post-397","1":"product","2":"type-product","3":"status-publish","4":"has-post-thumbnail","6":"product_cat-server-motherboard","7":"product_tag-1u-server-motherboard","8":"product_tag-atx-server-motherboard","9":"product_tag-intel-server-motherboard","10":"product_tag-server-computer-motherboard","11":"product_tag-server-motherboards","13":"first","14":"instock","15":"shipping-taxable","16":"product-type-simple"},"_links":{"self":[{"href":"https:\/\/sz-xtt.com\/tr\/wp-json\/wp\/v2\/product\/397","targetHints":{"allow":["GET"]}}],"collection":[{"href":"https:\/\/sz-xtt.com\/tr\/wp-json\/wp\/v2\/product"}],"about":[{"href":"https:\/\/sz-xtt.com\/tr\/wp-json\/wp\/v2\/types\/product"}],"wp:featuredmedia":[{"embeddable":true,"href":"https:\/\/sz-xtt.com\/tr\/wp-json\/wp\/v2\/media\/690"}],"wp:attachment":[{"href":"https:\/\/sz-xtt.com\/tr\/wp-json\/wp\/v2\/media?parent=397"}],"wp:term":[{"taxonomy":"product_brand","embeddable":true,"href":"https:\/\/sz-xtt.com\/tr\/wp-json\/wp\/v2\/product_brand?post=397"},{"taxonomy":"product_cat","embeddable":true,"href":"https:\/\/sz-xtt.com\/tr\/wp-json\/wp\/v2\/product_cat?post=397"},{"taxonomy":"product_tag","embeddable":true,"href":"https:\/\/sz-xtt.com\/tr\/wp-json\/wp\/v2\/product_tag?post=397"}],"curies":[{"name":"wp","href":"https:\/\/api.w.org\/{rel}","templated":true}]}}