{"id":399,"date":"2025-10-15T02:23:18","date_gmt":"2025-10-15T02:23:18","guid":{"rendered":"https:\/\/sz-xtt.com\/product\/173pac-mc-rugged-computer\/"},"modified":"2025-12-02T03:20:51","modified_gmt":"2025-12-02T03:20:51","slug":"173pac-mc-rugged-computer","status":"publish","type":"product","link":"https:\/\/sz-xtt.com\/tr\/product\/173pac-mc-rugged-computer\/","title":{"rendered":"173PAC-MC Dayan\u0131kl\u0131 Bilgisayar"},"content":{"rendered":"<h3>\u00dcr\u00fcn \u00d6zellikleri<\/h3>\n<p>Y\u00fcksek \u00c7\u00f6z\u00fcn\u00fcrl\u00fckl\u00fc Ekran<br \/>\nEquipped with a 17.3-inch LCD screen with a resolution of 1920*1080, providing a clear visual experience.<br \/>\nG\u00fc\u00e7l\u00fc \u0130\u015fleme Yetene\u011fi<br \/>\nPowered by the domestically produced Feiteng D2000 processor with 8 cores and a frequency range of 2.0~2.3GHz, ensuring smooth system operation.<br \/>\nRich Interface Configuration<br \/>\nOffers up to 7 serial ports and 6 USB 3.0 ports to meet various device connectivity needs.<\/p>\n<h3>\u00dcr\u00fcn \u00d6zellikleri<\/h3>\n<p>Display: 17.3-inch LCD screen, resolution 1920*1080<\/p>\n<p>CPU: Domestic Feiteng D2000, 8 cores, frequency 2.0~2.3GHz<\/p>\n<p>Memory: 16GB DDR4 2666, expandable up to 32GB<\/p>\n<p>Storage: Industrial-grade SSD, capacity optional<\/p>\n<p>LAN: 2 x Realtek RTL8111H network interfaces<\/p>\n<p>Power Supply: 300W industrial power supply<\/p>\n<p>Chassis Size: 450mm x 350mm x 240mm, weight &lt; 20KG<\/p>\n<h3>Neden Bizi Se\u00e7melisiniz<\/h3>\n<p>\u015eirket Ge\u00e7mi\u015fi<br \/>\nXintongtai Technology Co., Ltd. was established in 2007, focusing on the research, development, and production of servers and accessories, with extensive industry experience.<br \/>\nProfesyonel \u00dcr\u00fcn Bilgileri<br \/>\nM\u00fc\u015fterilerin bilin\u00e7li karar vermeleri i\u00e7in eksiksiz verilere eri\u015febilmelerini sa\u011flamak amac\u0131yla ayr\u0131nt\u0131l\u0131 \u00fcr\u00fcn bilgileri sa\u011fl\u0131yoruz.<br \/>\nM\u00fckemmel M\u00fc\u015fteri Hizmetleri<br \/>\nY\u00fcksek kaliteli m\u00fc\u015fteri hizmetlerine olan ba\u011fl\u0131l\u0131\u011f\u0131m\u0131z, her m\u00fc\u015fterinin sat\u0131n alma ve kullan\u0131m deneyimi boyunca zaman\u0131nda destek almas\u0131n\u0131 sa\u011flar.<br \/>\nStok \u0130\u00e7i Tedarik<br \/>\n\u00dcr\u00fcnlerimiz genellikle stoklar\u0131m\u0131zda mevcuttur, bu da m\u00fc\u015fteri ihtiya\u00e7lar\u0131n\u0131 h\u0131zl\u0131 bir \u015fekilde kar\u015f\u0131lamam\u0131za ve teslimat s\u00fcrelerini k\u0131saltmam\u0131za olanak tan\u0131r.<\/p>","protected":false},"excerpt":{"rendered":"<p><strong>Marka XTT<\/strong><\/p>\n<p><strong>\u00dcr\u00fcn men\u015fei \u00c7\u0130N<\/strong><\/p>\n<p><strong>Teslimat s\u00fcresi15 g\u00fcn i\u00e7inde<\/strong><\/p>\n<p><strong>Tedarik kapasitesi9999<\/strong><\/p>\n<p>This portable learning system is designed for industrial education and online learning environments, featuring a 17.3-inch LCD screen and high-performance processor to support simultaneous access for up to 24 users. Its powerful hardware configuration ensures excellent performance in various industrial applications.<\/p>","protected":false},"featured_media":653,"template":"","meta":[],"product_brand":[],"product_cat":[183],"product_tag":[185,186,184,187],"class_list":{"0":"post-399","1":"product","2":"type-product","3":"status-publish","4":"has-post-thumbnail","6":"product_cat-rugged-computer","7":"product_tag-best-rugged-computer","8":"product_tag-rugged-computer-case","9":"product_tag-rugged-laptop-computers","10":"product_tag-rugged-military-computer","12":"first","13":"instock","14":"featured","15":"shipping-taxable","16":"product-type-simple"},"_links":{"self":[{"href":"https:\/\/sz-xtt.com\/tr\/wp-json\/wp\/v2\/product\/399","targetHints":{"allow":["GET"]}}],"collection":[{"href":"https:\/\/sz-xtt.com\/tr\/wp-json\/wp\/v2\/product"}],"about":[{"href":"https:\/\/sz-xtt.com\/tr\/wp-json\/wp\/v2\/types\/product"}],"wp:featuredmedia":[{"embeddable":true,"href":"https:\/\/sz-xtt.com\/tr\/wp-json\/wp\/v2\/media\/653"}],"wp:attachment":[{"href":"https:\/\/sz-xtt.com\/tr\/wp-json\/wp\/v2\/media?parent=399"}],"wp:term":[{"taxonomy":"product_brand","embeddable":true,"href":"https:\/\/sz-xtt.com\/tr\/wp-json\/wp\/v2\/product_brand?post=399"},{"taxonomy":"product_cat","embeddable":true,"href":"https:\/\/sz-xtt.com\/tr\/wp-json\/wp\/v2\/product_cat?post=399"},{"taxonomy":"product_tag","embeddable":true,"href":"https:\/\/sz-xtt.com\/tr\/wp-json\/wp\/v2\/product_tag?post=399"}],"curies":[{"name":"wp","href":"https:\/\/api.w.org\/{rel}","templated":true}]}}