{"id":400,"date":"2025-10-15T02:23:18","date_gmt":"2025-10-15T02:23:18","guid":{"rendered":"https:\/\/sz-xtt.com\/product\/156pla-dl-rugged-computer\/"},"modified":"2025-10-16T03:50:57","modified_gmt":"2025-10-16T03:50:57","slug":"156pla-dl-saglam-bi%cc%87lgi%cc%87sayar","status":"publish","type":"product","link":"https:\/\/sz-xtt.com\/tr\/product\/156pla-dl-saglam-bi%cc%87lgi%cc%87sayar\/","title":{"rendered":"156PLA-DL Dayan\u0131kl\u0131 Bilgisayar"},"content":{"rendered":"<h3>\u00dcr\u00fcn \u00d6zellikleri<\/h3>\n<p>Y\u00fcksek \u00c7\u00f6z\u00fcn\u00fcrl\u00fckl\u00fc Ekran<br \/>\n1920*1080 \u00e7\u00f6z\u00fcn\u00fcrl\u00fc\u011fe ve 300cd\/m2'ye kadar parlakl\u0131\u011fa sahip 15,6 in\u00e7 LED HD LCD, net bir g\u00f6rsel deneyim sa\u011flar.<br \/>\nG\u00fc\u00e7l\u00fc \u0130\u015fleme Yetene\u011fi<br \/>\n\u00c7e\u015fitli bilgi i\u015flem ihtiya\u00e7lar\u0131n\u0131 kar\u015f\u0131lamak i\u00e7in 64 GB'a kadar belle\u011fi destekleyen Intel Core 12 i5\/i7 i\u015flemcilerle donat\u0131lm\u0131\u015ft\u0131r.<br \/>\nDayan\u0131kl\u0131 Tasar\u0131m<br \/>\n\u015easi, y\u00fcksek mukavemetli al\u00fcminyum ala\u015f\u0131mdan yap\u0131lm\u0131\u015ft\u0131r ve zorlu \u00e7al\u0131\u015fma ortamlar\u0131na uyum sa\u011flayan IP54 koruma derecesine sahiptir.<\/p>\n<h3>\u00dcr\u00fcn \u00d6zellikleri<\/h3>\n<p>\u0130\u015flemci: Intel Core 12 i5\/i7 (12500H\/12700H)<\/p>\n<p>Bellek: 2 x SO-DIMM DDR4 2400\/2666\/3200, maksimum 64GB destek<\/p>\n<p>Depolama: 2 x M.2 2280 NVMe, 1 x SATA3.0 (kapasite iste\u011fe ba\u011fl\u0131)<\/p>\n<p>Ekran: NVIDIA RTX 3050, 6GB GDDR5 \u00f6zel bellek<\/p>\n<p>A\u011f: Intel i226-v 2.5G Gigabit a\u011f kart\u0131, iste\u011fe ba\u011fl\u0131 \u00e7ift a\u011f<\/p>\n<p>Pil: 12000mAh y\u00fcksek performansl\u0131 pil tak\u0131m\u0131, teorik dayan\u0131kl\u0131l\u0131k &lt;4 saat<\/p>\n<p>\u015easi Boyutu: 400mm x 280mm x 70mm, a\u011f\u0131rl\u0131k 6,7 KG<\/p>\n<p>Su ve Toz Korumas\u0131: IP54 (iste\u011fe ba\u011fl\u0131 IP65)<\/p>\n<h3>Neden Bizi Se\u00e7melisiniz<\/h3>\n<p>\u015eirket Ge\u00e7mi\u015fi<br \/>\nXintongtai Technology Co, Ltd 2007 y\u0131l\u0131nda, kapsaml\u0131 end\u00fcstri deneyimi ile sunucu ve aksesuarlar\u0131n ara\u015ft\u0131rma, geli\u015ftirme ve \u00fcretimine odaklanarak kurulmu\u015ftur.<br \/>\nProfesyonel \u00dcr\u00fcn Bilgileri<br \/>\nM\u00fc\u015fterilerin bilin\u00e7li karar vermeleri i\u00e7in eksiksiz verilere eri\u015febilmelerini sa\u011flamak amac\u0131yla ayr\u0131nt\u0131l\u0131 \u00fcr\u00fcn bilgileri sa\u011fl\u0131yoruz.<br \/>\nM\u00fckemmel M\u00fc\u015fteri Hizmetleri<br \/>\nY\u00fcksek kaliteli m\u00fc\u015fteri hizmetlerine olan ba\u011fl\u0131l\u0131\u011f\u0131m\u0131z, her m\u00fc\u015fterinin sat\u0131n alma ve kullan\u0131m deneyimi boyunca zaman\u0131nda destek almas\u0131n\u0131 sa\u011flar.<br \/>\nStok \u0130\u00e7i Tedarik<br \/>\n\u00dcr\u00fcnlerimiz genellikle stoklar\u0131m\u0131zda mevcuttur, bu da m\u00fc\u015fteri ihtiya\u00e7lar\u0131n\u0131 h\u0131zl\u0131 bir \u015fekilde kar\u015f\u0131lamam\u0131za ve teslimat s\u00fcrelerini k\u0131saltmam\u0131za olanak tan\u0131r.<\/p>","protected":false},"excerpt":{"rendered":"<p><strong>Marka XTT<\/strong><\/p>\n<p><strong>\u00dcr\u00fcn men\u015fei \u00c7\u0130N<\/strong><\/p>\n<p><strong>Teslimat s\u00fcresi15 g\u00fcn i\u00e7inde<\/strong><\/p>\n<p><strong>Tedarik kapasitesi9999<\/strong><\/p>\n<p>Bu \u00fcr\u00fcn, end\u00fcstriyel ve e\u011fitim uygulamalar\u0131 i\u00e7in tasarlanm\u0131\u015f y\u00fcksek performansl\u0131 bir ta\u015f\u0131nabilir bilgisayard\u0131r. En yeni Intel Core 12 i\u015flemciler ve NVIDIA RTX 3050 grafik kart\u0131 ile donat\u0131lm\u0131\u015f olup m\u00fckemmel grafik i\u015fleme ve hesaplama g\u00fcc\u00fc sa\u011flar. Sa\u011flam kasas\u0131 ve koruyucu \u00f6zellikleri onu \u00e7e\u015fitli zorlu ortamlar i\u00e7in uygun hale getirir.<\/p>","protected":false},"featured_media":659,"template":"","meta":[],"product_brand":[],"product_cat":[183],"product_tag":[190,188,184,189],"class_list":{"0":"post-400","1":"product","2":"type-product","3":"status-publish","4":"has-post-thumbnail","6":"product_cat-rugged-computer","7":"product_tag-industrial-rugged-computer","8":"product_tag-rugged-computer-laptop","9":"product_tag-rugged-laptop-computers","10":"product_tag-rugged-panel-computer","12":"first","13":"instock","14":"shipping-taxable","15":"product-type-simple"},"_links":{"self":[{"href":"https:\/\/sz-xtt.com\/tr\/wp-json\/wp\/v2\/product\/400","targetHints":{"allow":["GET"]}}],"collection":[{"href":"https:\/\/sz-xtt.com\/tr\/wp-json\/wp\/v2\/product"}],"about":[{"href":"https:\/\/sz-xtt.com\/tr\/wp-json\/wp\/v2\/types\/product"}],"wp:featuredmedia":[{"embeddable":true,"href":"https:\/\/sz-xtt.com\/tr\/wp-json\/wp\/v2\/media\/659"}],"wp:attachment":[{"href":"https:\/\/sz-xtt.com\/tr\/wp-json\/wp\/v2\/media?parent=400"}],"wp:term":[{"taxonomy":"product_brand","embeddable":true,"href":"https:\/\/sz-xtt.com\/tr\/wp-json\/wp\/v2\/product_brand?post=400"},{"taxonomy":"product_cat","embeddable":true,"href":"https:\/\/sz-xtt.com\/tr\/wp-json\/wp\/v2\/product_cat?post=400"},{"taxonomy":"product_tag","embeddable":true,"href":"https:\/\/sz-xtt.com\/tr\/wp-json\/wp\/v2\/product_tag?post=400"}],"curies":[{"name":"wp","href":"https:\/\/api.w.org\/{rel}","templated":true}]}}